{"id":14641,"date":"2025-06-01T22:36:07","date_gmt":"2025-06-01T22:36:07","guid":{"rendered":"https:\/\/tipicino.ch\/apfelspare\/?post_type=product&#038;p=14641"},"modified":"2026-03-10T23:06:41","modified_gmt":"2026-03-10T23:06:41","slug":"ecran-complet-imac-24-a2873-a2874-2023-jaune","status":"publish","type":"product","link":"https:\/\/tipicino.ch\/apfelspare\/fr\/prodotto\/display-completo-imac-24-a2873-a2874-2023-yellow\/","title":{"rendered":"\u00c9cran complet pour iMac 24\u2033 A2873 - A2874 (Late 2023) Yellow"},"content":{"rendered":"<div class=\"aps-pdp\">\n<section class=\"aps-card\">\n<header class=\"aps-card__head\">\n<h2 class=\"aps-h\">\u00c9cran complet pour iMac 24\" A2873 - A2874 (Late 2023) - Yellow<\/h2>\n<p class=\"aps-sub\">Module d\u2019\u00e9cran Retina 4.5K int\u00e9gral avec finition couleur jaune pour les mod\u00e8les M3.<\/p>\n<\/header>\n<p>\n      Ce remplacement est con\u00e7u sp\u00e9cifiquement pour la s\u00e9rie iMac 24 pouces sortie fin 2023 avec la puce M3. En tant que module complet, il comprend le panneau LCD Retina, la vitre avant et le r\u00e9tro\u00e9clairage LED, tous int\u00e9gr\u00e9s dans le corps avec l'embl\u00e9matique menton jaune. Il s'agit de la solution id\u00e9ale pour r\u00e9parer les \u00e9crans dont le verre a tourn\u00e9, les pixels d\u00e9fectueux ou les probl\u00e8mes de mise sous tension, afin de restaurer l'\u00e9clat des couleurs et la r\u00e9solution ultra-d\u00e9finie d'origine de l'appareil.\n    <\/p>\n<p class=\"aps-note\">\n      <span class=\"aps-note__ico\">!<\/span><br \/>\n      <span class=\"aps-note__txt\"><strong>Avertissement de compatibilit\u00e9 :<\/strong> Nous vous conseillons de v\u00e9rifier la r\u00e9f\u00e9rence de votre iMac avant de passer votre commande afin de vous assurer qu'il s'agit de la bonne pi\u00e8ce pour votre appareil, en particulier en ce qui concerne la correspondance des couleurs de l'\u00e9tui.<\/span>\n    <\/p>\n<\/section>\n<section class=\"aps-card\">\n<header class=\"aps-card__head\">\n<h2 class=\"aps-h\">Mod\u00e8les compatibles<\/h2>\n<p class=\"aps-sub\">V\u00e9rifiez l'identifiant du mod\u00e8le dans les informations sur le syst\u00e8me ou au bas de la base.<\/p>\n<\/header>\n<ul class=\"aps-check\">\n<li><strong>iMac 24\" A2873 (Late 2023)<\/strong> <span class=\"aps-badge\">Mac15.5<\/span><\/li>\n<li><strong>iMac 24\" A2874 (Late 2023)<\/strong> <span class=\"aps-badge\">Mac15.4<\/span><\/li>\n<\/ul>\n<\/section>\n<section class=\"aps-card\">\n<header class=\"aps-card__head\">\n<h2 class=\"aps-h\">Caract\u00e9ristiques techniques<\/h2>\n<p class=\"aps-sub\">Sp\u00e9cifications techniques du groupe \u00e9cran complet.<\/p>\n<\/header>\n<div class=\"aps-specgrid\">\n<div class=\"aps-spec\">\n<div><span>Type<\/span><strong>Display Assembly complet<\/strong><\/div>\n<\/div>\n<div class=\"aps-spec\">\n<div><span>R\u00e9solution<\/span><strong>4.5K (4480\u00d72520)<\/strong><\/div>\n<\/div>\n<div class=\"aps-spec\">\n<div><span>Couleur du menton<\/span><strong>Yellow (Jaune)<\/strong><\/div>\n<\/div>\n<div class=\"aps-spec\">\n<div><span>\u00c9tat<\/span><strong>Neuf<\/strong><\/div>\n<\/div><\/div>\n<\/section>\n<section class=\"aps-card aps-callout aps-callout--warn\">\n<header class=\"aps-card__head\">\n<h2 class=\"aps-h\">Installation et avertissements<\/h2>\n<p class=\"aps-sub\">Notes importantes pour une r\u00e9paration s\u00fbre.<\/p>\n<\/header>\n<p>\n      Le remplacement de l\u2019\u00e9cran sur les iMac 24 pouces est une op\u00e9ration d\u00e9licate. L\u2019\u00e9cran est fix\u00e9 au ch\u00e2ssis \u00e0 l\u2019aide d\u2019adh\u00e9sifs sp\u00e9cifiques qui doivent \u00eatre retir\u00e9s avec soin \u00e0 l\u2019aide d\u2019outils adapt\u00e9s afin d\u2019\u00e9viter d\u2019\u00e9br\u00e9cher le verre ou d\u2019endommager les connecteurs vid\u00e9o internes. Lors du montage, il est essentiel que le ch\u00e2ssis soit parfaitement nettoy\u00e9 de tout r\u00e9sidu de colle ancienne afin de garantir une adh\u00e9rence s\u00fbre et durable. Si vous n\u2019\u00eates pas \u00e0 l\u2019aise avec ce type d\u2019intervention, il est recommand\u00e9 de faire appel \u00e0 un technicien sp\u00e9cialis\u00e9.\n    <\/p>\n<\/section>\n<section class=\"aps-card aps-callout aps-callout--info\">\n<header class=\"aps-card__head\">\n<h2 class=\"aps-h\">Des doutes sur la compatibilit\u00e9 de la pi\u00e8ce ?<\/h2>\n<p class=\"aps-sub\">Contactez-nous pour obtenir de l\u2019aide dans le choix du composant de remplacement adapt\u00e9 \u00e0 votre appareil.<\/p>\n<\/header>\n<div class=\"aps-cta\">\n      <a class=\"aps-btn\" href=\"mailto:info@apfelspare.ch\">info@apfelspare.ch<\/a><br \/>\n      <span class=\"aps-cta__hint\">Envoyez-nous le num\u00e9ro de s\u00e9rie de votre iMac : nous v\u00e9rifierons rapidement la compatibilit\u00e9.<\/span>\n    <\/div>\n<\/section>\n<\/div>","protected":false},"excerpt":{"rendered":"<p>\u00c9cran complet avec r\u00e9tro\u00e9clairage LED et vitre avant pour iMac 24\u2033 2023, jaune. Convient pour remplacer un panneau endommag\u00e9<\/p>","protected":false},"featured_media":14642,"comment_status":"closed","ping_status":"closed","template":"","meta":{"_acf_changed":false,"_et_pb_use_builder":"","_et_pb_old_content":"","_et_gb_content_width":""},"product_brand":[],"product_cat":[179,137,136,22],"product_tag":[],"class_list":{"0":"post-14641","1":"product","2":"type-product","3":"status-publish","4":"has-post-thumbnail","6":"product_cat-display","7":"product_cat-imac-24-2023-a2874","8":"product_cat-imac-24-2023-a2873","9":"product_cat-category-imac","11":"first","12":"onbackorder","13":"shipping-taxable","14":"purchasable","15":"product-type-simple"},"acf":[],"yoast_head":"<!-- This site is optimized with the Yoast SEO plugin v27.4 - https:\/\/yoast.com\/product\/yoast-seo-wordpress\/ -->\n<title>Display completo Yellow per iMac 24&quot; A2873 A2874 (Late 2023)<\/title>\n<meta name=\"description\" content=\"Display Yellow per iMac 24&quot; A2873 A2874 (Late 2023), ricambio completo con pannello LED e vetro. Spedizioni in tutta la Svizzera\" \/>\n<meta name=\"robots\" content=\"index, follow, max-snippet:-1, max-image-preview:large, max-video-preview:-1\" \/>\n<link rel=\"canonical\" href=\"https:\/\/tipicino.ch\/apfelspare\/fr\/produit\/ecran-complet-imac-24-a2873-a2874-2023-jaune\/\" \/>\n<meta property=\"og:locale\" content=\"fr_FR\" \/>\n<meta property=\"og:type\" content=\"article\" \/>\n<meta property=\"og:title\" content=\"Display completo Yellow per iMac 24&quot; A2873 A2874 (Late 2023)\" \/>\n<meta property=\"og:description\" content=\"Display Yellow per iMac 24&quot; A2873 A2874 (Late 2023), ricambio completo con pannello LED e vetro. Spedizioni in tutta la Svizzera\" \/>\n<meta property=\"og:url\" content=\"https:\/\/tipicino.ch\/apfelspare\/fr\/produit\/ecran-complet-imac-24-a2873-a2874-2023-jaune\/\" \/>\n<meta property=\"og:site_name\" content=\"Ricambi MacBook Pro, MacBook Air e iMac in Svizzera \u2013 Display, Tastiere, Batterie, Trackpad\" \/>\n<meta property=\"article:modified_time\" content=\"2026-03-10T23:06:41+00:00\" \/>\n<meta property=\"og:image\" content=\"https:\/\/tipicino.ch\/apfelspare\/wp-content\/uploads\/2025\/06\/display-imac-24-a2873-a2874-yellow.png\" \/>\n\t<meta property=\"og:image:width\" content=\"1000\" \/>\n\t<meta property=\"og:image:height\" content=\"1000\" \/>\n\t<meta property=\"og:image:type\" content=\"image\/png\" \/>\n<meta name=\"twitter:card\" content=\"summary_large_image\" \/>\n<meta name=\"twitter:label1\" content=\"Dur\u00e9e de lecture estim\u00e9e\" \/>\n\t<meta name=\"twitter:data1\" content=\"1 minute\" \/>\n<!-- \/ Yoast SEO plugin. -->","yoast_head_json":{"title":"\u00c9cran complet Yellow pour iMac 24\" A2873 A2874 (Late 2023)","description":"\u00c9cran Yellow pour iMac 24\" A2873 A2874 (Late 2023), remplacement complet avec panneau LED et vitre. Exp\u00e9dition dans toute la Suisse","robots":{"index":"index","follow":"follow","max-snippet":"max-snippet:-1","max-image-preview":"max-image-preview:large","max-video-preview":"max-video-preview:-1"},"canonical":"https:\/\/tipicino.ch\/apfelspare\/fr\/produit\/ecran-complet-imac-24-a2873-a2874-2023-jaune\/","og_locale":"fr_FR","og_type":"article","og_title":"Display completo Yellow per iMac 24\" A2873 A2874 (Late 2023)","og_description":"Display Yellow per iMac 24\" A2873 A2874 (Late 2023), ricambio completo con pannello LED e vetro. Spedizioni in tutta la Svizzera","og_url":"https:\/\/tipicino.ch\/apfelspare\/fr\/produit\/ecran-complet-imac-24-a2873-a2874-2023-jaune\/","og_site_name":"Ricambi MacBook Pro, MacBook Air e iMac in Svizzera \u2013 Display, Tastiere, Batterie, Trackpad","article_modified_time":"2026-03-10T23:06:41+00:00","og_image":[{"width":1000,"height":1000,"url":"https:\/\/tipicino.ch\/apfelspare\/wp-content\/uploads\/2025\/06\/display-imac-24-a2873-a2874-yellow.png","type":"image\/png"}],"twitter_card":"summary_large_image","twitter_misc":{"Dur\u00e9e de lecture estim\u00e9e":"1 minute"},"schema":{"@context":"https:\/\/schema.org","@graph":[{"@type":"WebPage","@id":"https:\/\/tipicino.ch\/apfelspare\/fr\/prodotto\/display-completo-imac-24-a2873-a2874-2023-yellow\/","url":"https:\/\/tipicino.ch\/apfelspare\/fr\/prodotto\/display-completo-imac-24-a2873-a2874-2023-yellow\/","name":"\u00c9cran complet Yellow pour iMac 24\" A2873 A2874 (Late 2023)","isPartOf":{"@id":"https:\/\/tipicino.ch\/apfelspare\/fr\/#website"},"primaryImageOfPage":{"@id":"https:\/\/tipicino.ch\/apfelspare\/fr\/prodotto\/display-completo-imac-24-a2873-a2874-2023-yellow\/#primaryimage"},"image":{"@id":"https:\/\/tipicino.ch\/apfelspare\/fr\/prodotto\/display-completo-imac-24-a2873-a2874-2023-yellow\/#primaryimage"},"thumbnailUrl":"https:\/\/tipicino.ch\/apfelspare\/wp-content\/uploads\/2025\/06\/display-imac-24-a2873-a2874-yellow.png","datePublished":"2025-06-01T22:36:07+00:00","dateModified":"2026-03-10T23:06:41+00:00","description":"\u00c9cran Yellow pour iMac 24\" A2873 A2874 (Late 2023), remplacement complet avec panneau LED et vitre. Exp\u00e9dition dans toute la Suisse","breadcrumb":{"@id":"https:\/\/tipicino.ch\/apfelspare\/fr\/prodotto\/display-completo-imac-24-a2873-a2874-2023-yellow\/#breadcrumb"},"inLanguage":"fr-CH","potentialAction":[{"@type":"ReadAction","target":["https:\/\/tipicino.ch\/apfelspare\/fr\/prodotto\/display-completo-imac-24-a2873-a2874-2023-yellow\/"]}]},{"@type":"ImageObject","inLanguage":"fr-CH","@id":"https:\/\/tipicino.ch\/apfelspare\/fr\/prodotto\/display-completo-imac-24-a2873-a2874-2023-yellow\/#primaryimage","url":"https:\/\/tipicino.ch\/apfelspare\/wp-content\/uploads\/2025\/06\/display-imac-24-a2873-a2874-yellow.png","contentUrl":"https:\/\/tipicino.ch\/apfelspare\/wp-content\/uploads\/2025\/06\/display-imac-24-a2873-a2874-yellow.png","width":1000,"height":1000,"caption":"Display completo Yellow per iMac 24\" A2873 - A2874 (2023)"},{"@type":"BreadcrumbList","@id":"https:\/\/tipicino.ch\/apfelspare\/fr\/prodotto\/display-completo-imac-24-a2873-a2874-2023-yellow\/#breadcrumb","itemListElement":[{"@type":"ListItem","position":1,"name":"Home","item":"https:\/\/tipicino.ch\/apfelspare\/fr\/"},{"@type":"ListItem","position":2,"name":"Shop","item":"https:\/\/tipicino.ch\/apfelspare\/fr\/shop\/"},{"@type":"ListItem","position":3,"name":"Display completo per iMac 24&#8243; A2873 &#8211; A2874 (Late 2023) Yellow"}]},{"@type":"WebSite","@id":"https:\/\/tipicino.ch\/apfelspare\/fr\/#website","url":"https:\/\/tipicino.ch\/apfelspare\/fr\/","name":"Pi\u00e8ces d\u00e9tach\u00e9es MacBook Pro, MacBook Air et iMac en Suisse \u2013 \u00c9crans, Claviers, Batteries, Trackpads","description":"","publisher":{"@id":"https:\/\/tipicino.ch\/apfelspare\/fr\/#organization"},"potentialAction":[{"@type":"SearchAction","target":{"@type":"EntryPoint","urlTemplate":"https:\/\/tipicino.ch\/apfelspare\/fr\/?s={search_term_string}"},"query-input":{"@type":"PropertyValueSpecification","valueRequired":true,"valueName":"search_term_string"}}],"inLanguage":"fr-CH"},{"@type":"Organization","@id":"https:\/\/tipicino.ch\/apfelspare\/fr\/#organization","name":"tipicino.ch\/apfelspare","url":"https:\/\/tipicino.ch\/apfelspare\/fr\/","logo":{"@type":"ImageObject","inLanguage":"fr-CH","@id":"https:\/\/tipicino.ch\/apfelspare\/fr\/#\/schema\/logo\/image\/","url":"https:\/\/tipicino.ch\/apfelspare\/wp-content\/uploads\/2025\/08\/cropped-FAVICON-tipicino.ch\/apfelspare_.png","contentUrl":"https:\/\/tipicino.ch\/apfelspare\/wp-content\/uploads\/2025\/08\/cropped-FAVICON-tipicino.ch\/apfelspare_.png","width":512,"height":512,"caption":"tipicino.ch\/apfelspare"},"image":{"@id":"https:\/\/tipicino.ch\/apfelspare\/fr\/#\/schema\/logo\/image\/"}}]}},"_links":{"self":[{"href":"https:\/\/tipicino.ch\/apfelspare\/fr\/wp-json\/wp\/v2\/product\/14641","targetHints":{"allow":["GET"]}}],"collection":[{"href":"https:\/\/tipicino.ch\/apfelspare\/fr\/wp-json\/wp\/v2\/product"}],"about":[{"href":"https:\/\/tipicino.ch\/apfelspare\/fr\/wp-json\/wp\/v2\/types\/product"}],"replies":[{"embeddable":true,"href":"https:\/\/tipicino.ch\/apfelspare\/fr\/wp-json\/wp\/v2\/comments?post=14641"}],"wp:featuredmedia":[{"embeddable":true,"href":"https:\/\/tipicino.ch\/apfelspare\/fr\/wp-json\/wp\/v2\/media\/14642"}],"wp:attachment":[{"href":"https:\/\/tipicino.ch\/apfelspare\/fr\/wp-json\/wp\/v2\/media?parent=14641"}],"wp:term":[{"taxonomy":"product_brand","embeddable":true,"href":"https:\/\/tipicino.ch\/apfelspare\/fr\/wp-json\/wp\/v2\/product_brand?post=14641"},{"taxonomy":"product_cat","embeddable":true,"href":"https:\/\/tipicino.ch\/apfelspare\/fr\/wp-json\/wp\/v2\/product_cat?post=14641"},{"taxonomy":"product_tag","embeddable":true,"href":"https:\/\/tipicino.ch\/apfelspare\/fr\/wp-json\/wp\/v2\/product_tag?post=14641"}],"curies":[{"name":"wp","href":"https:\/\/api.w.org\/{rel}","templated":true}]}}