{"id":14926,"date":"2025-06-09T11:54:30","date_gmt":"2025-06-09T11:54:30","guid":{"rendered":"https:\/\/tipicino.ch\/apfelspare\/?post_type=product&#038;p=14926"},"modified":"2026-04-18T10:58:04","modified_gmt":"2026-04-18T10:58:04","slug":"ventilateur-cpu-imac-21-5-a1311-fin-2009-fin-2011-occasion","status":"publish","type":"product","link":"https:\/\/tipicino.ch\/apfelspare\/fr\/prodotto\/ventola-cpu-imac-21-5-a1311-late-2009-late-2011-usata\/","title":{"rendered":"Ventilateur CPU pour iMac 21.5\u2033 A1311 (Late 2009 - Late 2011) - RECONDITIONN\u00c9"},"content":{"rendered":"<div class=\"aps-pdp\">\n<section class=\"aps-card\">\n<header class=\"aps-card__head\">\n<h2 class=\"aps-h\">Ventilateur de refroidissement CPU pour iMac 21.5\" A1311 (2009-2011)<\/h2>\n<p class=\"aps-sub\">Module thermique de rechange d\u00e9di\u00e9 \u00e0 la dissipation de la chaleur du processeur central.<\/p>\n<\/header>\n<p>\n      Le c\u0153ur du syst\u00e8me de refroidissement d'un iMac r\u00e9side dans sa capacit\u00e9 \u00e0 \u00e9vacuer rapidement la chaleur g\u00e9n\u00e9r\u00e9e par le CPU. Ce ventilateur sp\u00e9cifique \u00e0 la s\u00e9rie A1311 est con\u00e7u pour fonctionner en parfaite synchronisation avec les capteurs de la carte logique, r\u00e9gulant le flux d'air en fonction de la charge de travail. Chaque unit\u00e9 RECONDITIONN\u00c9E a \u00e9t\u00e9 soumise \u00e0 des tests rigoureux pour garantir son silence et son efficacit\u00e9 m\u00e9canique, repr\u00e9sentant la solution id\u00e9ale pour \u00e9liminer les bruits g\u00eanants caus\u00e9s par l'usure des roulements ou pour r\u00e9soudre les probl\u00e8mes de surchauffe qui pourraient compromettre la dur\u00e9e de vie du processeur.\n    <\/p>\n<div class=\"aps-note aps-note--warn\">\n      <span class=\"aps-note__ico\">!<\/span><br \/>\n      <span class=\"aps-note__txt\"><strong>AVIS DE COMPATIBILIT\u00c9 :<\/strong> Ce ventilateur est compatible exclusivement avec les iMac 21.5\u2033 de la s\u00e9rie A1311 (mod\u00e8les \u00e0 bo\u00eetier \u00e9pais et unit\u00e9 optique). Il n'est pas interchangeable avec les ventilateurs HDD ou ODD du m\u00eame mod\u00e8le. V\u00e9rifiez l'identifiant de votre appareil (par ex. iMac12,1) avant de proc\u00e9der \u00e0 l'achat.<\/span>\n    <\/div>\n<\/section>\n<section class=\"aps-card\">\n<header class=\"aps-card__head\">\n<h2 class=\"aps-h\">Mod\u00e8les compatibles<\/h2>\n<p class=\"aps-sub\">Liste d\u00e9taill\u00e9e des versions d'iMac 21.5\u2033 compatibles avec ce module de ventilation CPU :<\/p>\n<\/header>\n<ul class=\"aps-check\">\n<li><strong>iMac 21.5\" A1311 (Fin 2009)<\/strong> <span class=\"aps-badge\">iMac10.1<\/span><\/li>\n<li><strong>iMac 21.5\" A1311 (mi-2010)<\/strong> <span class=\"aps-badge\">iMac11.2<\/span><\/li>\n<li><strong>iMac 21.5\" A1311 (mi-2011)<\/strong> <span class=\"aps-badge\">iMac12.1<\/span><\/li>\n<li><strong>iMac 21.5\" A1311 (Fin 2011)<\/strong> <span class=\"aps-badge\">iMac12.1<\/span><\/li>\n<\/ul>\n<\/section>\n<section class=\"aps-card\">\n<header class=\"aps-card__head\">\n<h2 class=\"aps-h\">Caract\u00e9ristiques techniques<\/h2>\n<p class=\"aps-sub\">D\u00e9tails du module de ventilation et \u00e9tat du composant.<\/p>\n<\/header>\n<div class=\"aps-specgrid\">\n<div class=\"aps-spec\">\n<div><span>Type<\/span><strong>Ventilateur CPU (Processeur)<\/strong><\/div>\n<\/div>\n<div class=\"aps-spec\">\n<div><span>Position<\/span><strong>Interne (d\u00e9di\u00e9e \u00e0 la zone centrale)<\/strong><\/div>\n<\/div>\n<div class=\"aps-spec\">\n<div><span>\u00c9tat<\/span><strong>Reconditionn\u00e9 (test\u00e9 et fonctionnel)<\/strong><\/div>\n<\/div>\n<div class=\"aps-spec\">\n<div><span>Compatibilit\u00e9<\/span><strong>Exclusif avec les mod\u00e8les A1311 indiqu\u00e9s<\/strong><\/div>\n<\/div><\/div>\n<\/section>\n<section class=\"aps-card aps-callout aps-callout--warn\">\n<header class=\"aps-card__head\">\n<h2 class=\"aps-h\">Installation et avertissements<\/h2>\n<p class=\"aps-sub\">Technische Hinweise f\u00fcr einen sicheren Austausch von Hardware-Komponenten.<\/p>\n<\/header>\n<p>\n      L'installation du ventilateur CPU n\u00e9cessite le d\u00e9montage de la vitre frontale \u00e0 l'aide de ventouses et le retrait cons\u00e9cutif de la dalle LCD. Il est primordial de porter une attention extr\u00eame aux c\u00e2bles de signal de l'\u00e9cran lors de l'ouverture afin de ne pas endommager les connecteurs d\u00e9licats de la carte m\u00e8re. L'intervention d'un technicien qualifi\u00e9 est vivement recommand\u00e9e pour garantir un remplacement s\u00e9curis\u00e9 et pour s'assurer que les capteurs thermiques soient repositionn\u00e9s correctement, \u00e9vitant ainsi des erreurs de lecture qui pourraient faire tourner les ventilateurs \u00e0 plein r\u00e9gime.\n    <\/p>\n<\/section>\n<section class=\"aps-card aps-callout aps-callout--info\">\n<header class=\"aps-card__head\">\n<h2 class=\"aps-h\">Des doutes sur la compatibilit\u00e9 de la pi\u00e8ce ?<\/h2>\n<p class=\"aps-sub\">Contactez-nous pour obtenir de l\u2019aide dans le choix du composant de remplacement adapt\u00e9 \u00e0 votre appareil.<\/p>\n<\/header>\n<div class=\"aps-cta\">\n      <a class=\"aps-btn\" href=\"mailto:info@apfelspare.ch\">info@apfelspare.ch<\/a><br \/>\n      <span class=\"aps-cta__hint\">Envoyez-nous le num\u00e9ro de s\u00e9rie de votre iMac : nous v\u00e9rifierons rapidement la compatibilit\u00e9 du composant.<\/span>\n    <\/div>\n<\/section>\n<\/div>","protected":false},"excerpt":{"rendered":"<p>Ventilateur CPU pour iMac 21.5\u2033 A1311 (Late 2009 - Late 2011). Pi\u00e8ce de rechange test\u00e9e et enti\u00e8rement fonctionnelle<br \/>\n<br \/><em>PI\u00c8CE DE RECHANGE reconditionn\u00e9, TEST\u00c9E ET PLEINEMENT FONCTIONNELLE<\/em><\/p>","protected":false},"featured_media":14927,"comment_status":"closed","ping_status":"closed","template":"","meta":{"_acf_changed":false,"_et_pb_use_builder":"","_et_pb_old_content":"","_et_gb_content_width":""},"product_brand":[],"product_cat":[182,22,19,161,160,159,158],"product_tag":[],"class_list":{"0":"post-14926","1":"product","2":"type-product","3":"status-publish","4":"has-post-thumbnail","6":"product_cat-ventole-dissipatori","7":"product_cat-category-imac","8":"product_cat-parti-ricambio-seconda-mano","9":"product_cat-imac-21-5-late-2011-a1311","10":"product_cat-imac-21-5-mid-2011-a1311","11":"product_cat-imac-21-5-mid-2010-a1311","12":"product_cat-imac-21-5-late-2009-a1311","14":"first","15":"instock","16":"shipping-taxable","17":"purchasable","18":"product-type-simple"},"acf":[],"yoast_head":"<!-- This site is optimized with the Yoast SEO plugin v27.4 - https:\/\/yoast.com\/product\/yoast-seo-wordpress\/ -->\n<title>Ventola CPU iMac 21.5&quot; A1311 (Late 2009 \u2013 Late 2011) - RICONDIZIONATA<\/title>\n<meta name=\"description\" content=\"Ventola CPU ricondizionata per iMac 21.5&quot; A1311 (Late 2009 \u2013 Late 2011), perfetta per risolvere problemi di raffreddamento. Spedizione in Svizzera\" \/>\n<meta name=\"robots\" content=\"index, follow, max-snippet:-1, max-image-preview:large, max-video-preview:-1\" \/>\n<link rel=\"canonical\" href=\"https:\/\/tipicino.ch\/apfelspare\/fr\/produit\/ventilateur-cpu-imac-21-5-a1311-fin-2009-fin-2011-occasion\/\" \/>\n<meta property=\"og:locale\" content=\"fr_FR\" \/>\n<meta property=\"og:type\" content=\"article\" \/>\n<meta property=\"og:title\" content=\"Ventola CPU iMac 21.5&quot; A1311 (Late 2009 \u2013 Late 2011) - RICONDIZIONATA\" \/>\n<meta property=\"og:description\" content=\"Ventola CPU ricondizionata per iMac 21.5&quot; A1311 (Late 2009 \u2013 Late 2011), perfetta per risolvere problemi di raffreddamento. Spedizione in Svizzera\" \/>\n<meta property=\"og:url\" content=\"https:\/\/tipicino.ch\/apfelspare\/fr\/produit\/ventilateur-cpu-imac-21-5-a1311-fin-2009-fin-2011-occasion\/\" \/>\n<meta property=\"og:site_name\" content=\"Ricambi MacBook Pro, MacBook Air e iMac in Svizzera \u2013 Display, Tastiere, Batterie, Trackpad\" \/>\n<meta property=\"article:modified_time\" content=\"2026-04-18T10:58:04+00:00\" \/>\n<meta property=\"og:image\" content=\"https:\/\/tipicino.ch\/apfelspare\/wp-content\/uploads\/2025\/06\/ventola-cpu-usata-imac-21-a1311.jpg\" \/>\n\t<meta property=\"og:image:width\" content=\"720\" \/>\n\t<meta property=\"og:image:height\" content=\"960\" \/>\n\t<meta property=\"og:image:type\" content=\"image\/jpeg\" \/>\n<meta name=\"twitter:card\" content=\"summary_large_image\" \/>\n<meta name=\"twitter:label1\" content=\"Dur\u00e9e de lecture estim\u00e9e\" \/>\n\t<meta name=\"twitter:data1\" content=\"3 minutes\" \/>\n<!-- \/ Yoast SEO plugin. -->","yoast_head_json":{"title":"Ventilateur CPU pour iMac 21.5\" A1311 (Late 2009 \u2013 Late 2011) \u2013 RECONDITIONN\u00c9","description":"Ventilateur CPU reconditionn\u00e9 pour iMac 21.5\" A1311 (Late 2009 \u2013 Late 2011), parfait pour r\u00e9soudre les probl\u00e8mes de refroidissement. Exp\u00e9dition en Suisse","robots":{"index":"index","follow":"follow","max-snippet":"max-snippet:-1","max-image-preview":"max-image-preview:large","max-video-preview":"max-video-preview:-1"},"canonical":"https:\/\/tipicino.ch\/apfelspare\/fr\/produit\/ventilateur-cpu-imac-21-5-a1311-fin-2009-fin-2011-occasion\/","og_locale":"fr_FR","og_type":"article","og_title":"Ventola CPU iMac 21.5\" A1311 (Late 2009 \u2013 Late 2011) - RICONDIZIONATA","og_description":"Ventola CPU ricondizionata per iMac 21.5\" A1311 (Late 2009 \u2013 Late 2011), perfetta per risolvere problemi di raffreddamento. Spedizione in Svizzera","og_url":"https:\/\/tipicino.ch\/apfelspare\/fr\/produit\/ventilateur-cpu-imac-21-5-a1311-fin-2009-fin-2011-occasion\/","og_site_name":"Ricambi MacBook Pro, MacBook Air e iMac in Svizzera \u2013 Display, Tastiere, Batterie, Trackpad","article_modified_time":"2026-04-18T10:58:04+00:00","og_image":[{"width":720,"height":960,"url":"https:\/\/tipicino.ch\/apfelspare\/wp-content\/uploads\/2025\/06\/ventola-cpu-usata-imac-21-a1311.jpg","type":"image\/jpeg"}],"twitter_card":"summary_large_image","twitter_misc":{"Dur\u00e9e de lecture estim\u00e9e":"3 minutes"},"schema":{"@context":"https:\/\/schema.org","@graph":[{"@type":"WebPage","@id":"https:\/\/tipicino.ch\/apfelspare\/fr\/prodotto\/ventola-cpu-imac-21-5-a1311-late-2009-late-2011-usata\/","url":"https:\/\/tipicino.ch\/apfelspare\/fr\/prodotto\/ventola-cpu-imac-21-5-a1311-late-2009-late-2011-usata\/","name":"Ventilateur CPU pour iMac 21.5\" A1311 (Late 2009 \u2013 Late 2011) \u2013 RECONDITIONN\u00c9","isPartOf":{"@id":"https:\/\/tipicino.ch\/apfelspare\/fr\/#website"},"primaryImageOfPage":{"@id":"https:\/\/tipicino.ch\/apfelspare\/fr\/prodotto\/ventola-cpu-imac-21-5-a1311-late-2009-late-2011-usata\/#primaryimage"},"image":{"@id":"https:\/\/tipicino.ch\/apfelspare\/fr\/prodotto\/ventola-cpu-imac-21-5-a1311-late-2009-late-2011-usata\/#primaryimage"},"thumbnailUrl":"https:\/\/tipicino.ch\/apfelspare\/wp-content\/uploads\/2025\/06\/ventola-cpu-usata-imac-21-a1311.jpg","datePublished":"2025-06-09T11:54:30+00:00","dateModified":"2026-04-18T10:58:04+00:00","description":"Ventilateur CPU reconditionn\u00e9 pour iMac 21.5\" A1311 (Late 2009 \u2013 Late 2011), parfait pour r\u00e9soudre les probl\u00e8mes de refroidissement. Exp\u00e9dition en Suisse","breadcrumb":{"@id":"https:\/\/tipicino.ch\/apfelspare\/fr\/prodotto\/ventola-cpu-imac-21-5-a1311-late-2009-late-2011-usata\/#breadcrumb"},"inLanguage":"fr-CH","potentialAction":[{"@type":"ReadAction","target":["https:\/\/tipicino.ch\/apfelspare\/fr\/prodotto\/ventola-cpu-imac-21-5-a1311-late-2009-late-2011-usata\/"]}]},{"@type":"ImageObject","inLanguage":"fr-CH","@id":"https:\/\/tipicino.ch\/apfelspare\/fr\/prodotto\/ventola-cpu-imac-21-5-a1311-late-2009-late-2011-usata\/#primaryimage","url":"https:\/\/tipicino.ch\/apfelspare\/wp-content\/uploads\/2025\/06\/ventola-cpu-usata-imac-21-a1311.jpg","contentUrl":"https:\/\/tipicino.ch\/apfelspare\/wp-content\/uploads\/2025\/06\/ventola-cpu-usata-imac-21-a1311.jpg","width":720,"height":960,"caption":"Ventola CPU usata iMac 21.5\" A1311 (Late 2009 \u2013 Late 2011)"},{"@type":"BreadcrumbList","@id":"https:\/\/tipicino.ch\/apfelspare\/fr\/prodotto\/ventola-cpu-imac-21-5-a1311-late-2009-late-2011-usata\/#breadcrumb","itemListElement":[{"@type":"ListItem","position":1,"name":"Home","item":"https:\/\/tipicino.ch\/apfelspare\/fr\/"},{"@type":"ListItem","position":2,"name":"Shop","item":"https:\/\/tipicino.ch\/apfelspare\/fr\/shop\/"},{"@type":"ListItem","position":3,"name":"Ventola CPU per iMac 21.5&#8243; A1311 (Late 2009 \u2013 Late 2011) &#8211; RICONDIZIONATO"}]},{"@type":"WebSite","@id":"https:\/\/tipicino.ch\/apfelspare\/fr\/#website","url":"https:\/\/tipicino.ch\/apfelspare\/fr\/","name":"Pi\u00e8ces d\u00e9tach\u00e9es MacBook Pro, MacBook Air et iMac en Suisse \u2013 \u00c9crans, Claviers, Batteries, Trackpads","description":"","publisher":{"@id":"https:\/\/tipicino.ch\/apfelspare\/fr\/#organization"},"potentialAction":[{"@type":"SearchAction","target":{"@type":"EntryPoint","urlTemplate":"https:\/\/tipicino.ch\/apfelspare\/fr\/?s={search_term_string}"},"query-input":{"@type":"PropertyValueSpecification","valueRequired":true,"valueName":"search_term_string"}}],"inLanguage":"fr-CH"},{"@type":"Organization","@id":"https:\/\/tipicino.ch\/apfelspare\/fr\/#organization","name":"tipicino.ch\/apfelspare","url":"https:\/\/tipicino.ch\/apfelspare\/fr\/","logo":{"@type":"ImageObject","inLanguage":"fr-CH","@id":"https:\/\/tipicino.ch\/apfelspare\/fr\/#\/schema\/logo\/image\/","url":"https:\/\/tipicino.ch\/apfelspare\/wp-content\/uploads\/2025\/08\/cropped-FAVICON-tipicino.ch\/apfelspare_.png","contentUrl":"https:\/\/tipicino.ch\/apfelspare\/wp-content\/uploads\/2025\/08\/cropped-FAVICON-tipicino.ch\/apfelspare_.png","width":512,"height":512,"caption":"tipicino.ch\/apfelspare"},"image":{"@id":"https:\/\/tipicino.ch\/apfelspare\/fr\/#\/schema\/logo\/image\/"}}]}},"_links":{"self":[{"href":"https:\/\/tipicino.ch\/apfelspare\/fr\/wp-json\/wp\/v2\/product\/14926","targetHints":{"allow":["GET"]}}],"collection":[{"href":"https:\/\/tipicino.ch\/apfelspare\/fr\/wp-json\/wp\/v2\/product"}],"about":[{"href":"https:\/\/tipicino.ch\/apfelspare\/fr\/wp-json\/wp\/v2\/types\/product"}],"replies":[{"embeddable":true,"href":"https:\/\/tipicino.ch\/apfelspare\/fr\/wp-json\/wp\/v2\/comments?post=14926"}],"wp:featuredmedia":[{"embeddable":true,"href":"https:\/\/tipicino.ch\/apfelspare\/fr\/wp-json\/wp\/v2\/media\/14927"}],"wp:attachment":[{"href":"https:\/\/tipicino.ch\/apfelspare\/fr\/wp-json\/wp\/v2\/media?parent=14926"}],"wp:term":[{"taxonomy":"product_brand","embeddable":true,"href":"https:\/\/tipicino.ch\/apfelspare\/fr\/wp-json\/wp\/v2\/product_brand?post=14926"},{"taxonomy":"product_cat","embeddable":true,"href":"https:\/\/tipicino.ch\/apfelspare\/fr\/wp-json\/wp\/v2\/product_cat?post=14926"},{"taxonomy":"product_tag","embeddable":true,"href":"https:\/\/tipicino.ch\/apfelspare\/fr\/wp-json\/wp\/v2\/product_tag?post=14926"}],"curies":[{"name":"wp","href":"https:\/\/api.w.org\/{rel}","templated":true}]}}