{"id":15311,"date":"2025-06-16T15:40:54","date_gmt":"2025-06-16T15:40:54","guid":{"rendered":"https:\/\/tipicino.ch\/apfelspare\/?post_type=product&#038;p=15311"},"modified":"2026-02-17T23:26:31","modified_gmt":"2026-02-17T23:26:31","slug":"left-speaker-macbook-pro-14-a2442-a2779-a2918-a2992-late-2021-late-2023","status":"publish","type":"product","link":"https:\/\/tipicino.ch\/apfelspare\/fr\/prodotto\/altoparlante-sinistro-macbook-pro-14-a2442-a2779-a2918-a2992-late-2021-late-2023\/","title":{"rendered":"Haut-parleur gauche pour MacBook Pro 14\u2033 A2442 A2779 A2918 A2992 (Late 2021 - Late 2023)"},"content":{"rendered":"<div class=\"aps-pdp\">\n<section class=\"aps-card\">\n<header class=\"aps-card__head\">\n<h2 class=\"aps-h\">Haut-parleur gauche pour MacBook Pro 14\" A2442 A2779 A2918 A2992 (2021-2023)<\/h2>\n<p class=\"aps-sub\">Module sonore gauche avec autocollant pour MacBook Pro 14 pouces avec puce Apple Silicon.<\/p>\n<\/header>\n<p>\n      Cette pi\u00e8ce est utilis\u00e9e pour remplacer le haut-parleur gauche du MacBook Pro 14\u2033 avec des puces M1, M2 ou M3. Si vous entendez que l'audio est gr\u00e9sillant, d\u00e9form\u00e9 ou qu'aucun son ne sort du c\u00f4t\u00e9 gauche, le probl\u00e8me peut \u00eatre d\u00fb \u00e0 ce composant qui peut avoir \u00e9t\u00e9 endommag\u00e9 au fil du temps. En rempla\u00e7ant le haut-parleur par cette nouvelle pi\u00e8ce, vous pourrez r\u00e9soudre le probl\u00e8me et retrouver un son clair.\n    <\/p>\n<div class=\"aps-note aps-note--warn\">\n      <span class=\"aps-note__ico\">!<\/span><br \/>\n      <span class=\"aps-note__txt\"><strong>AVIS DE COMPATIBILIT\u00c9 :<\/strong> Ce haut-parleur est sp\u00e9cialement con\u00e7u pour le MacBook Pro 14\u2033 redessin\u00e9 de 2021. Assurez-vous que votre mod\u00e8le est l'un des A2442, A2779, A2918 ou A2992 en v\u00e9rifiant l'inscription au dos du Mac.<\/span>\n    <\/div>\n<\/section>\n<section class=\"aps-card\">\n<header class=\"aps-card__head\">\n<h2 class=\"aps-h\">Mod\u00e8les compatibles<\/h2>\n<p class=\"aps-sub\">Liste des mod\u00e8les MacBook Pro 14\u2033 compatibles.<\/p>\n<\/header>\n<ul class=\"aps-check\">\n<li><strong>MacBook Pro 14\" A2992 (Late 2023)<\/strong> <span class=\"aps-badge\">Mac15.10<\/span> <span class=\"aps-badge\">Mac15.8<\/span> <span class=\"aps-badge\">Mac15.6<\/span><\/li>\n<li><strong>MacBook Pro 14\" A2918 (Late 2023)<\/strong> <span class=\"aps-badge\">Mac15.3<\/span><\/li>\n<li><strong>MacBook Pro 14\" A2779 (Early 2023)<\/strong> <span class=\"aps-badge\">Mac14.9<\/span> <span class=\"aps-badge\">Mac14.5<\/span><\/li>\n<li><strong>MacBook Pro 14\" A2442 (Late 2021)<\/strong> <span class=\"aps-badge\">MacBookPro18.4<\/span> <span class=\"aps-badge\">MacBookPro18.3<\/span><\/li>\n<\/ul>\n<\/section>\n<section class=\"aps-card\">\n<header class=\"aps-card__head\">\n<h2 class=\"aps-h\">Caract\u00e9ristiques techniques<\/h2>\n<p class=\"aps-sub\">D\u00e9tails du composant audio.<\/p>\n<\/header>\n<div class=\"aps-specgrid\">\n<div class=\"aps-spec\">\n<div><span>Type de composant<\/span><strong>Haut-parleur interne<\/strong><\/div>\n<\/div>\n<div class=\"aps-spec\">\n<div><span>C\u00f4t\u00e9<\/span><strong>Gauche (le c\u00f4t\u00e9 est \u00e0 consid\u00e9rer lorsque le Mac est ouvert et d\u00e9mont\u00e9, avec la batterie orient\u00e9e vers vous)<\/strong><\/div>\n<\/div>\n<div class=\"aps-spec\">\n<div><span>\u00c9tat<\/span><strong>Neuf<\/strong><\/div>\n<\/div>\n<div class=\"aps-spec\">\n<div><span>Adh\u00e9sif<\/span><strong>Inclus<\/strong><\/div>\n<\/div><\/div>\n<\/section>\n<section class=\"aps-card aps-callout aps-callout--warn\">\n<header class=\"aps-card__head\">\n<h2 class=\"aps-h\">Installation et avertissements<\/h2>\n<p class=\"aps-sub\">Conseils de montage.<\/p>\n<\/header>\n<p>\n      Pour monter ce haut-parleur, vous devez ouvrir le MacBook et d\u00e9monter certaines pi\u00e8ces internes. Il s'agit d'une op\u00e9ration d\u00e9licate. N'oubliez pas de d\u00e9brancher la batterie avant de toucher \u00e0 la carte m\u00e8re. Si vous n'avez pas les bons outils ou si vous n'\u00eates pas s\u00fbr de vous, nous vous recommandons de faire appel \u00e0 un technicien.\n    <\/p>\n<\/section>\n<section class=\"aps-card aps-callout aps-callout--info\">\n<header class=\"aps-card__head\">\n<h2 class=\"aps-h\">Vous avez un doute quant au bon choix du composant de remplacement ?<\/h2>\n<p class=\"aps-sub\">Contactez-nous pour obtenir de l\u2019aide dans le choix du composant de remplacement adapt\u00e9 \u00e0 votre appareil.<\/p>\n<\/header>\n<div class=\"aps-cta\">\n      <a class=\"aps-btn\" href=\"mailto:info@apfelspare.ch\">info@apfelspare.ch<\/a><br \/>\n      <span class=\"aps-cta__hint\">Envoyez-nous le num\u00e9ro de s\u00e9rie de votre MacBook Pro : nous v\u00e9rifierons rapidement la compatibilit\u00e9.<\/span>\n    <\/div>\n<\/section>\n<\/div>","protected":false},"excerpt":{"rendered":"<p>Haut-parleur gauche pour MacBook Pro 14\u2033 A2442, A2779, A2918 et A2992. Neuf remplacement avec autocollant inclus.<br \/>\n<strong><em>Le c\u00f4t\u00e9 est indiqu\u00e9 en regardant le Mac ouvert avec la batterie vers vous.<\/em><\/strong><\/p>","protected":false},"featured_media":15312,"comment_status":"closed","ping_status":"closed","template":"","meta":{"_acf_changed":false,"_et_pb_use_builder":"","_et_pb_old_content":"","_et_gb_content_width":""},"product_brand":[],"product_cat":[183,63,62,65,68,17],"product_tag":[],"class_list":{"0":"post-15311","1":"product","2":"type-product","3":"status-publish","4":"has-post-thumbnail","6":"product_cat-altoparlanti","7":"product_cat-macbook-pro-14-late-2023-a2918","8":"product_cat-macbook-pro-14-late-2023-a2992","9":"product_cat-macbook-pro-14-early-2023-a2779-2","10":"product_cat-macbook-pro-14-late-2021-a2442","11":"product_cat-category-macbook-pro","13":"first","14":"instock","15":"shipping-taxable","16":"purchasable","17":"product-type-simple"},"acf":[],"yoast_head":"<!-- This site is optimized with the Yoast SEO plugin v27.4 - https:\/\/yoast.com\/product\/yoast-seo-wordpress\/ -->\n<title>Altoparlante sinistro per MacBook Pro 14&quot; A2442 A2779 A2918 A2992 (Late 2021 \u2013 Late 2023)<\/title>\n<meta name=\"description\" content=\"Altoparlante sinistro per MacBook Pro 14&quot; A2442 A2779 A2918 A2992 (Late 2021 \u2013 Late 2023)\" \/>\n<meta name=\"robots\" content=\"index, follow, max-snippet:-1, max-image-preview:large, max-video-preview:-1\" \/>\n<link rel=\"canonical\" href=\"https:\/\/tipicino.ch\/apfelspare\/fr\/produit\/left-speaker-macbook-pro-14-a2442-a2779-a2918-a2992-late-2021-late-2023\/\" \/>\n<meta property=\"og:locale\" content=\"fr_FR\" \/>\n<meta property=\"og:type\" content=\"article\" \/>\n<meta property=\"og:title\" content=\"Altoparlante sinistro per MacBook Pro 14&quot; A2442 A2779 A2918 A2992 (Late 2021 \u2013 Late 2023)\" \/>\n<meta property=\"og:description\" content=\"Altoparlante sinistro per MacBook Pro 14&quot; A2442 A2779 A2918 A2992 (Late 2021 \u2013 Late 2023)\" \/>\n<meta property=\"og:url\" content=\"https:\/\/tipicino.ch\/apfelspare\/fr\/produit\/left-speaker-macbook-pro-14-a2442-a2779-a2918-a2992-late-2021-late-2023\/\" \/>\n<meta property=\"og:site_name\" content=\"Ricambi MacBook Pro, MacBook Air e iMac in Svizzera \u2013 Display, Tastiere, Batterie, Trackpad\" \/>\n<meta property=\"article:modified_time\" content=\"2026-02-17T23:26:31+00:00\" \/>\n<meta property=\"og:image\" content=\"https:\/\/tipicino.ch\/apfelspare\/wp-content\/uploads\/2025\/06\/altoparlante-sinistro-macbook-pro-14-a2442-a2779.png\" \/>\n\t<meta property=\"og:image:width\" content=\"1000\" \/>\n\t<meta property=\"og:image:height\" content=\"1000\" \/>\n\t<meta property=\"og:image:type\" content=\"image\/png\" \/>\n<meta name=\"twitter:card\" content=\"summary_large_image\" \/>\n<meta name=\"twitter:label1\" content=\"Dur\u00e9e de lecture estim\u00e9e\" \/>\n\t<meta name=\"twitter:data1\" content=\"2 minutes\" \/>\n<!-- \/ Yoast SEO plugin. -->","yoast_head_json":{"title":"Haut-parleur gauche pour MacBook Pro 14\" A2442 A2779 A2918 A2992 (Late 2021 - Late 2023)","description":"Haut-parleur gauche pour MacBook Pro 14\" A2442 A2779 A2918 A2992 (Late 2021 - Late 2023)","robots":{"index":"index","follow":"follow","max-snippet":"max-snippet:-1","max-image-preview":"max-image-preview:large","max-video-preview":"max-video-preview:-1"},"canonical":"https:\/\/tipicino.ch\/apfelspare\/fr\/produit\/left-speaker-macbook-pro-14-a2442-a2779-a2918-a2992-late-2021-late-2023\/","og_locale":"fr_FR","og_type":"article","og_title":"Altoparlante sinistro per MacBook Pro 14\" A2442 A2779 A2918 A2992 (Late 2021 \u2013 Late 2023)","og_description":"Altoparlante sinistro per MacBook Pro 14\" A2442 A2779 A2918 A2992 (Late 2021 \u2013 Late 2023)","og_url":"https:\/\/tipicino.ch\/apfelspare\/fr\/produit\/left-speaker-macbook-pro-14-a2442-a2779-a2918-a2992-late-2021-late-2023\/","og_site_name":"Ricambi MacBook Pro, MacBook Air e iMac in Svizzera \u2013 Display, Tastiere, Batterie, Trackpad","article_modified_time":"2026-02-17T23:26:31+00:00","og_image":[{"width":1000,"height":1000,"url":"https:\/\/tipicino.ch\/apfelspare\/wp-content\/uploads\/2025\/06\/altoparlante-sinistro-macbook-pro-14-a2442-a2779.png","type":"image\/png"}],"twitter_card":"summary_large_image","twitter_misc":{"Dur\u00e9e de lecture estim\u00e9e":"2 minutes"},"schema":{"@context":"https:\/\/schema.org","@graph":[{"@type":"WebPage","@id":"https:\/\/tipicino.ch\/apfelspare\/fr\/prodotto\/altoparlante-sinistro-macbook-pro-14-a2442-a2779-a2918-a2992-late-2021-late-2023\/","url":"https:\/\/tipicino.ch\/apfelspare\/fr\/prodotto\/altoparlante-sinistro-macbook-pro-14-a2442-a2779-a2918-a2992-late-2021-late-2023\/","name":"Haut-parleur gauche pour MacBook Pro 14\" A2442 A2779 A2918 A2992 (Late 2021 - Late 2023)","isPartOf":{"@id":"https:\/\/tipicino.ch\/apfelspare\/fr\/#website"},"primaryImageOfPage":{"@id":"https:\/\/tipicino.ch\/apfelspare\/fr\/prodotto\/altoparlante-sinistro-macbook-pro-14-a2442-a2779-a2918-a2992-late-2021-late-2023\/#primaryimage"},"image":{"@id":"https:\/\/tipicino.ch\/apfelspare\/fr\/prodotto\/altoparlante-sinistro-macbook-pro-14-a2442-a2779-a2918-a2992-late-2021-late-2023\/#primaryimage"},"thumbnailUrl":"https:\/\/tipicino.ch\/apfelspare\/wp-content\/uploads\/2025\/06\/altoparlante-sinistro-macbook-pro-14-a2442-a2779.png","datePublished":"2025-06-16T15:40:54+00:00","dateModified":"2026-02-17T23:26:31+00:00","description":"Haut-parleur gauche pour MacBook Pro 14\" A2442 A2779 A2918 A2992 (Late 2021 - Late 2023)","breadcrumb":{"@id":"https:\/\/tipicino.ch\/apfelspare\/fr\/prodotto\/altoparlante-sinistro-macbook-pro-14-a2442-a2779-a2918-a2992-late-2021-late-2023\/#breadcrumb"},"inLanguage":"fr-CH","potentialAction":[{"@type":"ReadAction","target":["https:\/\/tipicino.ch\/apfelspare\/fr\/prodotto\/altoparlante-sinistro-macbook-pro-14-a2442-a2779-a2918-a2992-late-2021-late-2023\/"]}]},{"@type":"ImageObject","inLanguage":"fr-CH","@id":"https:\/\/tipicino.ch\/apfelspare\/fr\/prodotto\/altoparlante-sinistro-macbook-pro-14-a2442-a2779-a2918-a2992-late-2021-late-2023\/#primaryimage","url":"https:\/\/tipicino.ch\/apfelspare\/wp-content\/uploads\/2025\/06\/altoparlante-sinistro-macbook-pro-14-a2442-a2779.png","contentUrl":"https:\/\/tipicino.ch\/apfelspare\/wp-content\/uploads\/2025\/06\/altoparlante-sinistro-macbook-pro-14-a2442-a2779.png","width":1000,"height":1000,"caption":"Altoparlante sinistro per MacBook Pro 14\" A2442 A2779 A2918 A2992"},{"@type":"BreadcrumbList","@id":"https:\/\/tipicino.ch\/apfelspare\/fr\/prodotto\/altoparlante-sinistro-macbook-pro-14-a2442-a2779-a2918-a2992-late-2021-late-2023\/#breadcrumb","itemListElement":[{"@type":"ListItem","position":1,"name":"Home","item":"https:\/\/tipicino.ch\/apfelspare\/fr\/"},{"@type":"ListItem","position":2,"name":"Shop","item":"https:\/\/tipicino.ch\/apfelspare\/fr\/shop\/"},{"@type":"ListItem","position":3,"name":"Altoparlante sinistro per MacBook Pro 14&#8243; A2442 A2779 A2918 A2992 (Late 2021 \u2013 Late 2023)"}]},{"@type":"WebSite","@id":"https:\/\/tipicino.ch\/apfelspare\/fr\/#website","url":"https:\/\/tipicino.ch\/apfelspare\/fr\/","name":"Pi\u00e8ces d\u00e9tach\u00e9es MacBook Pro, MacBook Air et iMac en Suisse \u2013 \u00c9crans, Claviers, Batteries, Trackpads","description":"","publisher":{"@id":"https:\/\/tipicino.ch\/apfelspare\/fr\/#organization"},"potentialAction":[{"@type":"SearchAction","target":{"@type":"EntryPoint","urlTemplate":"https:\/\/tipicino.ch\/apfelspare\/fr\/?s={search_term_string}"},"query-input":{"@type":"PropertyValueSpecification","valueRequired":true,"valueName":"search_term_string"}}],"inLanguage":"fr-CH"},{"@type":"Organization","@id":"https:\/\/tipicino.ch\/apfelspare\/fr\/#organization","name":"tipicino.ch\/apfelspare","url":"https:\/\/tipicino.ch\/apfelspare\/fr\/","logo":{"@type":"ImageObject","inLanguage":"fr-CH","@id":"https:\/\/tipicino.ch\/apfelspare\/fr\/#\/schema\/logo\/image\/","url":"https:\/\/tipicino.ch\/apfelspare\/wp-content\/uploads\/2025\/08\/cropped-FAVICON-tipicino.ch\/apfelspare_.png","contentUrl":"https:\/\/tipicino.ch\/apfelspare\/wp-content\/uploads\/2025\/08\/cropped-FAVICON-tipicino.ch\/apfelspare_.png","width":512,"height":512,"caption":"tipicino.ch\/apfelspare"},"image":{"@id":"https:\/\/tipicino.ch\/apfelspare\/fr\/#\/schema\/logo\/image\/"}}]}},"_links":{"self":[{"href":"https:\/\/tipicino.ch\/apfelspare\/fr\/wp-json\/wp\/v2\/product\/15311","targetHints":{"allow":["GET"]}}],"collection":[{"href":"https:\/\/tipicino.ch\/apfelspare\/fr\/wp-json\/wp\/v2\/product"}],"about":[{"href":"https:\/\/tipicino.ch\/apfelspare\/fr\/wp-json\/wp\/v2\/types\/product"}],"replies":[{"embeddable":true,"href":"https:\/\/tipicino.ch\/apfelspare\/fr\/wp-json\/wp\/v2\/comments?post=15311"}],"wp:featuredmedia":[{"embeddable":true,"href":"https:\/\/tipicino.ch\/apfelspare\/fr\/wp-json\/wp\/v2\/media\/15312"}],"wp:attachment":[{"href":"https:\/\/tipicino.ch\/apfelspare\/fr\/wp-json\/wp\/v2\/media?parent=15311"}],"wp:term":[{"taxonomy":"product_brand","embeddable":true,"href":"https:\/\/tipicino.ch\/apfelspare\/fr\/wp-json\/wp\/v2\/product_brand?post=15311"},{"taxonomy":"product_cat","embeddable":true,"href":"https:\/\/tipicino.ch\/apfelspare\/fr\/wp-json\/wp\/v2\/product_cat?post=15311"},{"taxonomy":"product_tag","embeddable":true,"href":"https:\/\/tipicino.ch\/apfelspare\/fr\/wp-json\/wp\/v2\/product_tag?post=15311"}],"curies":[{"name":"wp","href":"https:\/\/api.w.org\/{rel}","templated":true}]}}