{"id":15343,"date":"2025-06-17T07:46:32","date_gmt":"2025-06-17T07:46:32","guid":{"rendered":"https:\/\/tipicino.ch\/apfelspare\/?post_type=product&#038;p=15343"},"modified":"2026-04-21T14:18:05","modified_gmt":"2026-04-21T14:18:05","slug":"haut-parleur-gauche-macbook-pro-15-a1398-mid-2012-mid-2015","status":"publish","type":"product","link":"https:\/\/tipicino.ch\/apfelspare\/fr\/prodotto\/altoparlante-sinistro-macbook-pro-15-a1398-mid-2012-mid-2015\/","title":{"rendered":"Haut-parleur gauche pour MacBook Pro 15\u2033 A1398 (Mid 2012 - Mid 2015)"},"content":{"rendered":"<div class=\"aps-pdp\">\n<section class=\"aps-card\">\n<header class=\"aps-card__head\">\n<h2 class=\"aps-h\">Haut-parleur gauche pour MacBook Pro 15\" A1398 (2012-2015)<\/h2>\n<p class=\"aps-sub\">Module audio c\u00f4t\u00e9 gauche pour MacBook Pro 15 pouces Retina.<\/p>\n<\/header>\n<p>\n      Le son de votre MacBook Pro 15\u2033 Retina \u00e9met-il des sons d\u00e9form\u00e9s ou est-il devenu compl\u00e8tement muet du c\u00f4t\u00e9 gauche ? Ce dysfonctionnement peut \u00eatre caus\u00e9 par le haut-parleur d\u2019origine qui, avec le temps, a tendance \u00e0 s\u2019user. En rempla\u00e7ant la pi\u00e8ce par cette nouvelle pi\u00e8ce de rechange, vous pouvez r\u00e9soudre les probl\u00e8mes de gr\u00e9sillements et de vibrations g\u00eanantes, et profiter \u00e0 nouveau de la musique et des films avec une qualit\u00e9 sonore claire et nette, comme lorsque le Mac \u00e9tait neuf.\n    <\/p>\n<div class=\"aps-note aps-note--warn\">\n      <span class=\"aps-note__ico\">!<\/span><br \/>\n      <span class=\"aps-note__txt\"><strong>AVIS DE COMPATIBILIT\u00c9 :<\/strong> Ce composant est sp\u00e9cifique au mod\u00e8le Retina A1398. Nous vous sugg\u00e9rons de v\u00e9rifier attentivement le code \u00ab A1398 \u00bb grav\u00e9 au dos du bo\u00eetier, car les mod\u00e8les ant\u00e9rieurs ou ult\u00e9rieurs utilisent des composants avec des formes et des fixations diff\u00e9rentes.<\/span>\n    <\/div>\n<\/section>\n<section class=\"aps-card\">\n<header class=\"aps-card__head\">\n<h2 class=\"aps-h\">Mod\u00e8les compatibles<\/h2>\n<p class=\"aps-sub\">Liste des versions MacBook Pro 15\u2033 Retina compatibles.<\/p>\n<\/header>\n<ul class=\"aps-check\">\n<li><strong>MacBook Pro 15\u2033 A1398 (Mid 2015)<\/strong> \u2013 <span class=\"aps-badge\">MacBookPro11.5<\/span> <span class=\"aps-badge\">MacBookPro11.4<\/span><\/li>\n<li><strong>MacBook Pro 15\u2033 A1398 (Mid 2014)<\/strong> \u2013 <span class=\"aps-badge\">MacBookPro11.3<\/span> <span class=\"aps-badge\">MacBookPro11.2<\/span><\/li>\n<li><strong>MacBook Pro 15\u2033 A1398 (Late 2013)<\/strong> \u2013 <span class=\"aps-badge\">MacBookPro11.3<\/span> <span class=\"aps-badge\">MacBookPro11.2<\/span><\/li>\n<li><strong>MacBook Pro 15\u2033 A1398 (Early 2013)<\/strong> \u2013 <span class=\"aps-badge\">MacBookPro10.1<\/span><\/li>\n<li><strong>MacBook Pro 15\u2033 A1398 (Mid 2012)<\/strong> \u2013 <span class=\"aps-badge\">MacBookPro10.1<\/span><\/li>\n<\/ul>\n<\/section>\n<section class=\"aps-card\">\n<header class=\"aps-card__head\">\n<h2 class=\"aps-h\">Caract\u00e9ristiques techniques<\/h2>\n<p class=\"aps-sub\">Sp\u00e9cifications de la pi\u00e8ce de rechange audio.<\/p>\n<\/header>\n<div class=\"aps-specgrid\">\n<div class=\"aps-spec\">\n<div><span>Type de composant<\/span><strong>Haut-parleur interne<\/strong><\/div>\n<\/div>\n<div class=\"aps-spec\">\n<div><span>C\u00f4t\u00e9<\/span><strong>Gauche (le c\u00f4t\u00e9 est \u00e0 consid\u00e9rer lorsque le Mac est ouvert et d\u00e9mont\u00e9, avec la batterie orient\u00e9e vers vous)<\/strong><\/div>\n<\/div>\n<div class=\"aps-spec\">\n<div><span>\u00c9tat<\/span><strong>Neuf<\/strong><\/div>\n<\/div><\/div>\n<\/section>\n<section class=\"aps-card aps-callout aps-callout--warn\">\n<header class=\"aps-card__head\">\n<h2 class=\"aps-h\">Installation et avertissements<\/h2>\n<p class=\"aps-sub\">Conseils de montage.<\/p>\n<\/header>\n<p>\n      Pour remplacer le haut-parleur gauche, il est n\u00e9cessaire de retirer le couvercle inf\u00e9rieur du MacBook. L\u2019op\u00e9ration demande de la pr\u00e9cision, car il faut intervenir \u00e0 proximit\u00e9 de composants d\u00e9licats tels que les nappes et le ventilateur. Pensez toujours \u00e0 d\u00e9connecter la batterie comme premi\u00e8re \u00e9tape afin de travailler en toute s\u00e9curit\u00e9. Si vous n\u2019avez pas beaucoup d\u2019exp\u00e9rience avec les r\u00e9parations mat\u00e9rielles, nous vous conseillons de demander l\u2019assistance d\u2019un technicien exp\u00e9riment\u00e9 afin d\u2019\u00e9viter tout dommage accidentel.\n    <\/p>\n<\/section>\n<section class=\"aps-card aps-callout aps-callout--info\">\n<header class=\"aps-card__head\">\n<h2 class=\"aps-h\">Vous avez un doute quant au bon choix du composant de remplacement ?<\/h2>\n<p class=\"aps-sub\">Contactez-nous pour obtenir de l\u2019aide dans le choix du composant de remplacement adapt\u00e9 \u00e0 votre appareil.<\/p>\n<\/header>\n<div class=\"aps-cta\">\n      <a class=\"aps-btn\" href=\"mailto:info@apfelspare.ch\">info@apfelspare.ch<\/a><br \/>\n      <span class=\"aps-cta__hint\">Envoyez-nous le num\u00e9ro de s\u00e9rie de votre MacBook Pro : nous v\u00e9rifierons la compatibilit\u00e9 dans les plus brefs d\u00e9lais.<\/span>\n    <\/div>\n<\/section>\n<\/div>","protected":false},"excerpt":{"rendered":"<p>Haut-parleur lat\u00e9ral gauche pour MacBook Pro 15\u2033 A1398 (Mid 2012 - Mid 2015). Neuf remplacement<\/p>","protected":false},"featured_media":15345,"comment_status":"closed","ping_status":"closed","template":"","meta":{"_acf_changed":false,"_et_pb_use_builder":"","_et_pb_old_content":"","_et_gb_content_width":""},"product_brand":[],"product_cat":[183,17,87,86,85,84,83],"product_tag":[],"class_list":{"0":"post-15343","1":"product","2":"type-product","3":"status-publish","4":"has-post-thumbnail","6":"product_cat-altoparlanti","7":"product_cat-category-macbook-pro","8":"product_cat-macbook-pro-15-mid-2015-a1398","9":"product_cat-macbook-pro-15-mid-2014-a1398","10":"product_cat-macbook-pro-15-late-2013-a1398","11":"product_cat-macbook-pro-15-early-2013-a1398","12":"product_cat-macbook-pro-15-mid-2012-a1398","13":"product_shipping_class-14-giorni","15":"first","16":"onbackorder","17":"shipping-taxable","18":"purchasable","19":"product-type-simple"},"acf":[],"yoast_head":"<!-- This site is optimized with the Yoast SEO plugin v27.4 - https:\/\/yoast.com\/product\/yoast-seo-wordpress\/ -->\n<title>Altoparlante sinistro per MacBook Pro 15&quot; A1398 (Mid 2012 \u2013 Mid 2015)<\/title>\n<meta name=\"description\" content=\"Altoparlante sinistro per MacBook Pro 15&quot; A1398 Mid 2012 \u2013 Mid 2015. Ricambio nuovo compatibile con tutti i modelli Retina A1398\" \/>\n<meta name=\"robots\" content=\"index, follow, max-snippet:-1, max-image-preview:large, max-video-preview:-1\" \/>\n<link rel=\"canonical\" href=\"https:\/\/tipicino.ch\/apfelspare\/fr\/produit\/haut-parleur-gauche-macbook-pro-15-a1398-mid-2012-mid-2015\/\" \/>\n<meta property=\"og:locale\" content=\"fr_FR\" \/>\n<meta property=\"og:type\" content=\"article\" \/>\n<meta property=\"og:title\" content=\"Altoparlante sinistro per MacBook Pro 15&quot; A1398 (Mid 2012 \u2013 Mid 2015)\" \/>\n<meta property=\"og:description\" content=\"Altoparlante sinistro per MacBook Pro 15&quot; A1398 Mid 2012 \u2013 Mid 2015. Ricambio nuovo compatibile con tutti i modelli Retina A1398\" \/>\n<meta property=\"og:url\" content=\"https:\/\/tipicino.ch\/apfelspare\/fr\/produit\/haut-parleur-gauche-macbook-pro-15-a1398-mid-2012-mid-2015\/\" \/>\n<meta property=\"og:site_name\" content=\"Ricambi MacBook Pro, MacBook Air e iMac in Svizzera \u2013 Display, Tastiere, Batterie, Trackpad\" \/>\n<meta property=\"article:modified_time\" content=\"2026-04-21T14:18:05+00:00\" \/>\n<meta property=\"og:image\" content=\"https:\/\/tipicino.ch\/apfelspare\/wp-content\/uploads\/2025\/06\/altoparlante-sinistro-macbook-pro-15-a1398.png\" \/>\n\t<meta property=\"og:image:width\" content=\"1000\" \/>\n\t<meta property=\"og:image:height\" content=\"1000\" \/>\n\t<meta property=\"og:image:type\" content=\"image\/png\" \/>\n<meta name=\"twitter:card\" content=\"summary_large_image\" \/>\n<meta name=\"twitter:label1\" content=\"Dur\u00e9e de lecture estim\u00e9e\" \/>\n\t<meta name=\"twitter:data1\" content=\"2 minutes\" \/>\n<!-- \/ Yoast SEO plugin. -->","yoast_head_json":{"title":"Haut-parleur gauche pour MacBook Pro 15\" A1398 (Mid 2012 - Mid 2015)","description":"Haut-parleur gauche pour MacBook Pro 15\" A1398 Mid 2012 - Mid 2015. Neuf remplacement compatible avec tous les mod\u00e8les A1398 Retina","robots":{"index":"index","follow":"follow","max-snippet":"max-snippet:-1","max-image-preview":"max-image-preview:large","max-video-preview":"max-video-preview:-1"},"canonical":"https:\/\/tipicino.ch\/apfelspare\/fr\/produit\/haut-parleur-gauche-macbook-pro-15-a1398-mid-2012-mid-2015\/","og_locale":"fr_FR","og_type":"article","og_title":"Altoparlante sinistro per MacBook Pro 15\" A1398 (Mid 2012 \u2013 Mid 2015)","og_description":"Altoparlante sinistro per MacBook Pro 15\" A1398 Mid 2012 \u2013 Mid 2015. Ricambio nuovo compatibile con tutti i modelli Retina A1398","og_url":"https:\/\/tipicino.ch\/apfelspare\/fr\/produit\/haut-parleur-gauche-macbook-pro-15-a1398-mid-2012-mid-2015\/","og_site_name":"Ricambi MacBook Pro, MacBook Air e iMac in Svizzera \u2013 Display, Tastiere, Batterie, Trackpad","article_modified_time":"2026-04-21T14:18:05+00:00","og_image":[{"width":1000,"height":1000,"url":"https:\/\/tipicino.ch\/apfelspare\/wp-content\/uploads\/2025\/06\/altoparlante-sinistro-macbook-pro-15-a1398.png","type":"image\/png"}],"twitter_card":"summary_large_image","twitter_misc":{"Dur\u00e9e de lecture estim\u00e9e":"2 minutes"},"schema":{"@context":"https:\/\/schema.org","@graph":[{"@type":"WebPage","@id":"https:\/\/tipicino.ch\/apfelspare\/fr\/prodotto\/altoparlante-sinistro-macbook-pro-15-a1398-mid-2012-mid-2015\/","url":"https:\/\/tipicino.ch\/apfelspare\/fr\/prodotto\/altoparlante-sinistro-macbook-pro-15-a1398-mid-2012-mid-2015\/","name":"Haut-parleur gauche pour MacBook Pro 15\" A1398 (Mid 2012 - Mid 2015)","isPartOf":{"@id":"https:\/\/tipicino.ch\/apfelspare\/fr\/#website"},"primaryImageOfPage":{"@id":"https:\/\/tipicino.ch\/apfelspare\/fr\/prodotto\/altoparlante-sinistro-macbook-pro-15-a1398-mid-2012-mid-2015\/#primaryimage"},"image":{"@id":"https:\/\/tipicino.ch\/apfelspare\/fr\/prodotto\/altoparlante-sinistro-macbook-pro-15-a1398-mid-2012-mid-2015\/#primaryimage"},"thumbnailUrl":"https:\/\/tipicino.ch\/apfelspare\/wp-content\/uploads\/2025\/06\/altoparlante-sinistro-macbook-pro-15-a1398.png","datePublished":"2025-06-17T07:46:32+00:00","dateModified":"2026-04-21T14:18:05+00:00","description":"Haut-parleur gauche pour MacBook Pro 15\" A1398 Mid 2012 - Mid 2015. Neuf remplacement compatible avec tous les mod\u00e8les A1398 Retina","breadcrumb":{"@id":"https:\/\/tipicino.ch\/apfelspare\/fr\/prodotto\/altoparlante-sinistro-macbook-pro-15-a1398-mid-2012-mid-2015\/#breadcrumb"},"inLanguage":"fr-CH","potentialAction":[{"@type":"ReadAction","target":["https:\/\/tipicino.ch\/apfelspare\/fr\/prodotto\/altoparlante-sinistro-macbook-pro-15-a1398-mid-2012-mid-2015\/"]}]},{"@type":"ImageObject","inLanguage":"fr-CH","@id":"https:\/\/tipicino.ch\/apfelspare\/fr\/prodotto\/altoparlante-sinistro-macbook-pro-15-a1398-mid-2012-mid-2015\/#primaryimage","url":"https:\/\/tipicino.ch\/apfelspare\/wp-content\/uploads\/2025\/06\/altoparlante-sinistro-macbook-pro-15-a1398.png","contentUrl":"https:\/\/tipicino.ch\/apfelspare\/wp-content\/uploads\/2025\/06\/altoparlante-sinistro-macbook-pro-15-a1398.png","width":1000,"height":1000,"caption":"Altoparlante sinistro per MacBook Pro 15\" A1398"},{"@type":"BreadcrumbList","@id":"https:\/\/tipicino.ch\/apfelspare\/fr\/prodotto\/altoparlante-sinistro-macbook-pro-15-a1398-mid-2012-mid-2015\/#breadcrumb","itemListElement":[{"@type":"ListItem","position":1,"name":"Home","item":"https:\/\/tipicino.ch\/apfelspare\/fr\/"},{"@type":"ListItem","position":2,"name":"Shop","item":"https:\/\/tipicino.ch\/apfelspare\/fr\/shop\/"},{"@type":"ListItem","position":3,"name":"Altoparlante sinistro per MacBook Pro 15&#8243; A1398 (Mid 2012 \u2013 Mid 2015)"}]},{"@type":"WebSite","@id":"https:\/\/tipicino.ch\/apfelspare\/fr\/#website","url":"https:\/\/tipicino.ch\/apfelspare\/fr\/","name":"Pi\u00e8ces d\u00e9tach\u00e9es MacBook Pro, MacBook Air et iMac en Suisse \u2013 \u00c9crans, Claviers, Batteries, Trackpads","description":"","publisher":{"@id":"https:\/\/tipicino.ch\/apfelspare\/fr\/#organization"},"potentialAction":[{"@type":"SearchAction","target":{"@type":"EntryPoint","urlTemplate":"https:\/\/tipicino.ch\/apfelspare\/fr\/?s={search_term_string}"},"query-input":{"@type":"PropertyValueSpecification","valueRequired":true,"valueName":"search_term_string"}}],"inLanguage":"fr-CH"},{"@type":"Organization","@id":"https:\/\/tipicino.ch\/apfelspare\/fr\/#organization","name":"tipicino.ch\/apfelspare","url":"https:\/\/tipicino.ch\/apfelspare\/fr\/","logo":{"@type":"ImageObject","inLanguage":"fr-CH","@id":"https:\/\/tipicino.ch\/apfelspare\/fr\/#\/schema\/logo\/image\/","url":"https:\/\/tipicino.ch\/apfelspare\/wp-content\/uploads\/2025\/08\/cropped-FAVICON-tipicino.ch\/apfelspare_.png","contentUrl":"https:\/\/tipicino.ch\/apfelspare\/wp-content\/uploads\/2025\/08\/cropped-FAVICON-tipicino.ch\/apfelspare_.png","width":512,"height":512,"caption":"tipicino.ch\/apfelspare"},"image":{"@id":"https:\/\/tipicino.ch\/apfelspare\/fr\/#\/schema\/logo\/image\/"}}]}},"_links":{"self":[{"href":"https:\/\/tipicino.ch\/apfelspare\/fr\/wp-json\/wp\/v2\/product\/15343","targetHints":{"allow":["GET"]}}],"collection":[{"href":"https:\/\/tipicino.ch\/apfelspare\/fr\/wp-json\/wp\/v2\/product"}],"about":[{"href":"https:\/\/tipicino.ch\/apfelspare\/fr\/wp-json\/wp\/v2\/types\/product"}],"replies":[{"embeddable":true,"href":"https:\/\/tipicino.ch\/apfelspare\/fr\/wp-json\/wp\/v2\/comments?post=15343"}],"wp:featuredmedia":[{"embeddable":true,"href":"https:\/\/tipicino.ch\/apfelspare\/fr\/wp-json\/wp\/v2\/media\/15345"}],"wp:attachment":[{"href":"https:\/\/tipicino.ch\/apfelspare\/fr\/wp-json\/wp\/v2\/media?parent=15343"}],"wp:term":[{"taxonomy":"product_brand","embeddable":true,"href":"https:\/\/tipicino.ch\/apfelspare\/fr\/wp-json\/wp\/v2\/product_brand?post=15343"},{"taxonomy":"product_cat","embeddable":true,"href":"https:\/\/tipicino.ch\/apfelspare\/fr\/wp-json\/wp\/v2\/product_cat?post=15343"},{"taxonomy":"product_tag","embeddable":true,"href":"https:\/\/tipicino.ch\/apfelspare\/fr\/wp-json\/wp\/v2\/product_tag?post=15343"}],"curies":[{"name":"wp","href":"https:\/\/api.w.org\/{rel}","templated":true}]}}