{"id":15372,"date":"2025-06-17T14:09:26","date_gmt":"2025-06-17T14:09:26","guid":{"rendered":"https:\/\/tipicino.ch\/apfelspare\/?post_type=product&#038;p=15372"},"modified":"2026-02-18T12:19:27","modified_gmt":"2026-02-18T12:19:27","slug":"haut-parleur-gauche-macbook-pro-17-a1297-debut-2009-mi-2009-occasion","status":"publish","type":"product","link":"https:\/\/tipicino.ch\/apfelspare\/fr\/prodotto\/altoparlante-sinistro-macbook-pro-17-a1297-early-2009-mid-2009-usato\/","title":{"rendered":"Haut-parleur gauche pour MacBook Pro 17\u2033 A1297 (Early 2009 - Mid 2009) - RECONDITIONN\u00c9"},"content":{"rendered":"<div class=\"aps-pdp\">\n<section class=\"aps-card\">\n<header class=\"aps-card__head\">\n<h2 class=\"aps-h\">Haut-parleur gauche pour MacBook Pro 17\" A1297 (2009) - RECONDITIONN\u00c9<\/h2>\n<p class=\"aps-sub\">Module sonore original pour MacBook Pro 17 pouces Unibody.<\/p>\n<\/header>\n<p>\n      Le son de votre MacBook Pro 17\u2033 2009 a perdu sa puissance habituelle ou vous entendez des gr\u00e9sillements g\u00eanants du c\u00f4t\u00e9 gauche ? Ce probl\u00e8me peut \u00eatre d\u00fb \u00e0 l'usure de la membrane du haut-parleur d'origine apr\u00e8s des ann\u00e9es d'utilisation. Comme il s'agit d'une pi\u00e8ce d'origine reconditionn\u00e9, nous l'avons test\u00e9e avec soin pour nous assurer qu'elle peut encore offrir un son \u00e9quilibr\u00e9 et propre. En rempla\u00e7ant la pi\u00e8ce us\u00e9e, vous pourrez \u00e0 nouveau profiter des films et de la musique avec la qualit\u00e9 que m\u00e9rite un \u00e9cran aussi grand.\n    <\/p>\n<div class=\"aps-note aps-note--warn\">\n      <span class=\"aps-note__ico\">!<\/span><br \/>\n      <span class=\"aps-note__txt\"><strong>AVIS DE COMPATIBILIT\u00c9 :<\/strong> Ce composant est sp\u00e9cifique \u00e0 la s\u00e9rie A1297 fabriqu\u00e9e en 2009. Nous vous conseillons de v\u00e9rifier la r\u00e9f\u00e9rence grav\u00e9e sous votre Mac : les mod\u00e8les fabriqu\u00e9s \u00e0 partir de 2010 peuvent utiliser des haut-parleurs avec des connecteurs ou des formes diff\u00e9rentes.<\/span>\n    <\/div>\n<\/section>\n<section class=\"aps-card\">\n<header class=\"aps-card__head\">\n<h2 class=\"aps-h\">Mod\u00e8les pris en charge<\/h2>\n<p class=\"aps-sub\">MacBook Pro 17\u2033 versions compatibles avec ce remplacement.<\/p>\n<\/header>\n<ul class=\"aps-check\">\n<li><strong>MacBook Pro 17\u2033 A1297 (Mid 2009)<\/strong> <span class=\"aps-badge\">MacBookPro5.2<\/span><\/li>\n<li><strong>MacBook Pro 17\u2033 A1297 (Early 2009)<\/strong> <span class=\"aps-badge\">MacBookPro5.2<\/span><\/li>\n<\/ul>\n<\/section>\n<section class=\"aps-card\">\n<header class=\"aps-card__head\">\n<h2 class=\"aps-h\">Sp\u00e9cifications techniques<\/h2>\n<p class=\"aps-sub\">Sp\u00e9cifications de la pi\u00e8ce de rechange audio.<\/p>\n<\/header>\n<div class=\"aps-specgrid\">\n<div class=\"aps-spec\">\n<div><span>Type de composant<\/span><strong>Haut-parleur interne<\/strong><\/div>\n<\/div>\n<div class=\"aps-spec\">\n<div><span>C\u00f4t\u00e9<\/span><strong>Gauche (le c\u00f4t\u00e9 est \u00e0 consid\u00e9rer lorsque le Mac est ouvert et d\u00e9mont\u00e9, avec la batterie orient\u00e9e vers vous)<\/strong><\/div>\n<\/div>\n<div class=\"aps-spec\">\n<div><span>\u00c9tat<\/span><strong>D\u2019reconditionn\u00e9 et test\u00e9e<\/strong><\/div>\n<\/div><\/div>\n<\/section>\n<section class=\"aps-card aps-callout aps-callout--warn\">\n<header class=\"aps-card__head\">\n<h2 class=\"aps-h\">Installation et avertissements<\/h2>\n<p class=\"aps-sub\">Conseils de montage.<\/p>\n<\/header>\n<p>\n      Pour remplacer ce haut-parleur, il faut retirer le couvercle inf\u00e9rieur du Mac. Bien que l'espace interne de ce mod\u00e8le soit important, les connecteurs de la carte logique sont d\u00e9licats et risquent d'\u00eatre endommag\u00e9s s'ils sont manipul\u00e9s avec trop de force. N'oubliez pas de d\u00e9brancher la batterie avant toute chose. Si vous n'\u00eates pas familier avec le d\u00e9montage de pi\u00e8ces \u00e9lectroniques, nous vous sugg\u00e9rons de demander l'aide d'un technicien exp\u00e9riment\u00e9 afin de garantir un assemblage sans faille.\n    <\/p>\n<\/section>\n<section class=\"aps-card aps-callout aps-callout--info\">\n<header class=\"aps-card__head\">\n<h2 class=\"aps-h\">Vous avez un doute quant au bon choix du composant de remplacement ?<\/h2>\n<p class=\"aps-sub\">Contactez-nous pour obtenir de l\u2019aide dans le choix du composant de remplacement adapt\u00e9 \u00e0 votre appareil.<\/p>\n<\/header>\n<div class=\"aps-cta\">\n      <a class=\"aps-btn\" href=\"mailto:info@apfelspare.ch\">info@apfelspare.ch<\/a><br \/>\n      <span class=\"aps-cta__hint\">Envoyez-nous le num\u00e9ro de s\u00e9rie de votre MacBook Pro : nous v\u00e9rifierons rapidement la compatibilit\u00e9 exacte.<\/span>\n    <\/div>\n<\/section>\n<\/div>","protected":false},"excerpt":{"rendered":"<p>Haut-parleur gauche reconditionn\u00e9 pour MacBook Pro 17\u2033 A1297 (Early 2009 - Mid 2009)<\/p>","protected":false},"featured_media":15374,"comment_status":"closed","ping_status":"closed","template":"","meta":{"_acf_changed":false,"_et_pb_use_builder":"","_et_pb_old_content":"","_et_gb_content_width":""},"product_brand":[],"product_cat":[183,17,19,106,105],"product_tag":[],"class_list":{"0":"post-15372","1":"product","2":"type-product","3":"status-publish","4":"has-post-thumbnail","6":"product_cat-altoparlanti","7":"product_cat-category-macbook-pro","8":"product_cat-parti-ricambio-seconda-mano","9":"product_cat-macbook-pro-17-mid-2009-a1297","10":"product_cat-macbook-pro-17-early-2009-a1297","12":"first","13":"onbackorder","14":"shipping-taxable","15":"purchasable","16":"product-type-simple"},"acf":[],"yoast_head":"<!-- This site is optimized with the Yoast SEO plugin v27.4 - https:\/\/yoast.com\/product\/yoast-seo-wordpress\/ -->\n<title>Altoparlante sinistro per MacBook Pro 17&quot; A1297 (Early 2009 \u2013 Mid 2009) \u2013 RICONDIZIONATO<\/title>\n<meta name=\"description\" content=\"Altoparlante sinistro usato per MacBook Pro 17&quot; A1297 (Early 2009 \u2013 Mid 2009). Ricambio testato.\" \/>\n<meta name=\"robots\" content=\"index, follow, max-snippet:-1, max-image-preview:large, max-video-preview:-1\" \/>\n<link rel=\"canonical\" href=\"https:\/\/tipicino.ch\/apfelspare\/fr\/produit\/haut-parleur-gauche-macbook-pro-17-a1297-debut-2009-mi-2009-occasion\/\" \/>\n<meta property=\"og:locale\" content=\"fr_FR\" \/>\n<meta property=\"og:type\" content=\"article\" \/>\n<meta property=\"og:title\" content=\"Altoparlante sinistro per MacBook Pro 17&quot; A1297 (Early 2009 \u2013 Mid 2009) \u2013 RICONDIZIONATO\" \/>\n<meta property=\"og:description\" content=\"Altoparlante sinistro usato per MacBook Pro 17&quot; A1297 (Early 2009 \u2013 Mid 2009). Ricambio testato.\" \/>\n<meta property=\"og:url\" content=\"https:\/\/tipicino.ch\/apfelspare\/fr\/produit\/haut-parleur-gauche-macbook-pro-17-a1297-debut-2009-mi-2009-occasion\/\" \/>\n<meta property=\"og:site_name\" content=\"Ricambi MacBook Pro, MacBook Air e iMac in Svizzera \u2013 Display, Tastiere, Batterie, Trackpad\" \/>\n<meta property=\"article:modified_time\" content=\"2026-02-18T12:19:27+00:00\" \/>\n<meta property=\"og:image\" content=\"https:\/\/tipicino.ch\/apfelspare\/wp-content\/uploads\/2025\/06\/altoparlante-sinistro-macbook-pro-17-a1297-usato.png\" \/>\n\t<meta property=\"og:image:width\" content=\"1000\" \/>\n\t<meta property=\"og:image:height\" content=\"1000\" \/>\n\t<meta property=\"og:image:type\" content=\"image\/png\" \/>\n<meta name=\"twitter:card\" content=\"summary_large_image\" \/>\n<meta name=\"twitter:label1\" content=\"Dur\u00e9e de lecture estim\u00e9e\" \/>\n\t<meta name=\"twitter:data1\" content=\"1 minute\" \/>\n<!-- \/ Yoast SEO plugin. -->","yoast_head_json":{"title":"Haut-parleur gauche pour MacBook Pro 17\" A1297 (Early 2009 - Mid 2009) - RECONDITIONN\u00c9","description":"Haut-parleur gauche usag\u00e9 pour MacBook Pro 17\" A1297 (Early 2009 - Mid 2009). Remplacement test\u00e9.","robots":{"index":"index","follow":"follow","max-snippet":"max-snippet:-1","max-image-preview":"max-image-preview:large","max-video-preview":"max-video-preview:-1"},"canonical":"https:\/\/tipicino.ch\/apfelspare\/fr\/produit\/haut-parleur-gauche-macbook-pro-17-a1297-debut-2009-mi-2009-occasion\/","og_locale":"fr_FR","og_type":"article","og_title":"Altoparlante sinistro per MacBook Pro 17\" A1297 (Early 2009 \u2013 Mid 2009) \u2013 RICONDIZIONATO","og_description":"Altoparlante sinistro usato per MacBook Pro 17\" A1297 (Early 2009 \u2013 Mid 2009). Ricambio testato.","og_url":"https:\/\/tipicino.ch\/apfelspare\/fr\/produit\/haut-parleur-gauche-macbook-pro-17-a1297-debut-2009-mi-2009-occasion\/","og_site_name":"Ricambi MacBook Pro, MacBook Air e iMac in Svizzera \u2013 Display, Tastiere, Batterie, Trackpad","article_modified_time":"2026-02-18T12:19:27+00:00","og_image":[{"width":1000,"height":1000,"url":"https:\/\/tipicino.ch\/apfelspare\/wp-content\/uploads\/2025\/06\/altoparlante-sinistro-macbook-pro-17-a1297-usato.png","type":"image\/png"}],"twitter_card":"summary_large_image","twitter_misc":{"Dur\u00e9e de lecture estim\u00e9e":"1 minute"},"schema":{"@context":"https:\/\/schema.org","@graph":[{"@type":"WebPage","@id":"https:\/\/tipicino.ch\/apfelspare\/fr\/prodotto\/altoparlante-sinistro-macbook-pro-17-a1297-early-2009-mid-2009-usato\/","url":"https:\/\/tipicino.ch\/apfelspare\/fr\/prodotto\/altoparlante-sinistro-macbook-pro-17-a1297-early-2009-mid-2009-usato\/","name":"Haut-parleur gauche pour MacBook Pro 17\" A1297 (Early 2009 - Mid 2009) - RECONDITIONN\u00c9","isPartOf":{"@id":"https:\/\/tipicino.ch\/apfelspare\/fr\/#website"},"primaryImageOfPage":{"@id":"https:\/\/tipicino.ch\/apfelspare\/fr\/prodotto\/altoparlante-sinistro-macbook-pro-17-a1297-early-2009-mid-2009-usato\/#primaryimage"},"image":{"@id":"https:\/\/tipicino.ch\/apfelspare\/fr\/prodotto\/altoparlante-sinistro-macbook-pro-17-a1297-early-2009-mid-2009-usato\/#primaryimage"},"thumbnailUrl":"https:\/\/tipicino.ch\/apfelspare\/wp-content\/uploads\/2025\/06\/altoparlante-sinistro-macbook-pro-17-a1297-usato.png","datePublished":"2025-06-17T14:09:26+00:00","dateModified":"2026-02-18T12:19:27+00:00","description":"Haut-parleur gauche usag\u00e9 pour MacBook Pro 17\" A1297 (Early 2009 - Mid 2009). Remplacement test\u00e9.","breadcrumb":{"@id":"https:\/\/tipicino.ch\/apfelspare\/fr\/prodotto\/altoparlante-sinistro-macbook-pro-17-a1297-early-2009-mid-2009-usato\/#breadcrumb"},"inLanguage":"fr-CH","potentialAction":[{"@type":"ReadAction","target":["https:\/\/tipicino.ch\/apfelspare\/fr\/prodotto\/altoparlante-sinistro-macbook-pro-17-a1297-early-2009-mid-2009-usato\/"]}]},{"@type":"ImageObject","inLanguage":"fr-CH","@id":"https:\/\/tipicino.ch\/apfelspare\/fr\/prodotto\/altoparlante-sinistro-macbook-pro-17-a1297-early-2009-mid-2009-usato\/#primaryimage","url":"https:\/\/tipicino.ch\/apfelspare\/wp-content\/uploads\/2025\/06\/altoparlante-sinistro-macbook-pro-17-a1297-usato.png","contentUrl":"https:\/\/tipicino.ch\/apfelspare\/wp-content\/uploads\/2025\/06\/altoparlante-sinistro-macbook-pro-17-a1297-usato.png","width":1000,"height":1000,"caption":"Altoparlante sinistro usato per MacBook Pro 17\" A1297 (2009-2010-2011)"},{"@type":"BreadcrumbList","@id":"https:\/\/tipicino.ch\/apfelspare\/fr\/prodotto\/altoparlante-sinistro-macbook-pro-17-a1297-early-2009-mid-2009-usato\/#breadcrumb","itemListElement":[{"@type":"ListItem","position":1,"name":"Home","item":"https:\/\/tipicino.ch\/apfelspare\/fr\/"},{"@type":"ListItem","position":2,"name":"Shop","item":"https:\/\/tipicino.ch\/apfelspare\/fr\/shop\/"},{"@type":"ListItem","position":3,"name":"Altoparlante sinistro per MacBook Pro 17&#8243; A1297 (Early 2009 \u2013 Mid 2009) \u2013 RICONDIZIONATO"}]},{"@type":"WebSite","@id":"https:\/\/tipicino.ch\/apfelspare\/fr\/#website","url":"https:\/\/tipicino.ch\/apfelspare\/fr\/","name":"Pi\u00e8ces d\u00e9tach\u00e9es MacBook Pro, MacBook Air et iMac en Suisse \u2013 \u00c9crans, Claviers, Batteries, Trackpads","description":"","publisher":{"@id":"https:\/\/tipicino.ch\/apfelspare\/fr\/#organization"},"potentialAction":[{"@type":"SearchAction","target":{"@type":"EntryPoint","urlTemplate":"https:\/\/tipicino.ch\/apfelspare\/fr\/?s={search_term_string}"},"query-input":{"@type":"PropertyValueSpecification","valueRequired":true,"valueName":"search_term_string"}}],"inLanguage":"fr-CH"},{"@type":"Organization","@id":"https:\/\/tipicino.ch\/apfelspare\/fr\/#organization","name":"tipicino.ch\/apfelspare","url":"https:\/\/tipicino.ch\/apfelspare\/fr\/","logo":{"@type":"ImageObject","inLanguage":"fr-CH","@id":"https:\/\/tipicino.ch\/apfelspare\/fr\/#\/schema\/logo\/image\/","url":"https:\/\/tipicino.ch\/apfelspare\/wp-content\/uploads\/2025\/08\/cropped-FAVICON-tipicino.ch\/apfelspare_.png","contentUrl":"https:\/\/tipicino.ch\/apfelspare\/wp-content\/uploads\/2025\/08\/cropped-FAVICON-tipicino.ch\/apfelspare_.png","width":512,"height":512,"caption":"tipicino.ch\/apfelspare"},"image":{"@id":"https:\/\/tipicino.ch\/apfelspare\/fr\/#\/schema\/logo\/image\/"}}]}},"_links":{"self":[{"href":"https:\/\/tipicino.ch\/apfelspare\/fr\/wp-json\/wp\/v2\/product\/15372","targetHints":{"allow":["GET"]}}],"collection":[{"href":"https:\/\/tipicino.ch\/apfelspare\/fr\/wp-json\/wp\/v2\/product"}],"about":[{"href":"https:\/\/tipicino.ch\/apfelspare\/fr\/wp-json\/wp\/v2\/types\/product"}],"replies":[{"embeddable":true,"href":"https:\/\/tipicino.ch\/apfelspare\/fr\/wp-json\/wp\/v2\/comments?post=15372"}],"wp:featuredmedia":[{"embeddable":true,"href":"https:\/\/tipicino.ch\/apfelspare\/fr\/wp-json\/wp\/v2\/media\/15374"}],"wp:attachment":[{"href":"https:\/\/tipicino.ch\/apfelspare\/fr\/wp-json\/wp\/v2\/media?parent=15372"}],"wp:term":[{"taxonomy":"product_brand","embeddable":true,"href":"https:\/\/tipicino.ch\/apfelspare\/fr\/wp-json\/wp\/v2\/product_brand?post=15372"},{"taxonomy":"product_cat","embeddable":true,"href":"https:\/\/tipicino.ch\/apfelspare\/fr\/wp-json\/wp\/v2\/product_cat?post=15372"},{"taxonomy":"product_tag","embeddable":true,"href":"https:\/\/tipicino.ch\/apfelspare\/fr\/wp-json\/wp\/v2\/product_tag?post=15372"}],"curies":[{"name":"wp","href":"https:\/\/api.w.org\/{rel}","templated":true}]}}