{"id":15376,"date":"2025-06-17T14:13:33","date_gmt":"2025-06-17T14:13:33","guid":{"rendered":"https:\/\/tipicino.ch\/apfelspare\/?post_type=product&#038;p=15376"},"modified":"2026-02-18T12:17:53","modified_gmt":"2026-02-18T12:17:53","slug":"haut-parleur-gauche-pour-macbook-pro-17-a1297-2011-occasion","status":"publish","type":"product","link":"https:\/\/tipicino.ch\/apfelspare\/fr\/prodotto\/altoparlante-sinistro-per-macbook-pro-17-a1297-2011-usato\/","title":{"rendered":"Haut-parleur gauche pour MacBook Pro 17\u2033 A1297 (Early 2011 - Late 2011) - RECONDITIONN\u00c9"},"content":{"rendered":"<div class=\"aps-pdp\">\n<section class=\"aps-card\">\n<header class=\"aps-card__head\">\n<h2 class=\"aps-h\">Haut-parleur gauche pour MacBook Pro 17\" A1297 (2011) - RECONDITIONN\u00c9<\/h2>\n<p class=\"aps-sub\">Module sonore original pour MacBook Pro 17 pouces Unibody.<\/p>\n<\/header>\n<p>\n      Le son de votre MacBook Pro 17\u2033 a perdu sa brillance habituelle ou vous subissez des distorsions g\u00eanantes du c\u00f4t\u00e9 gauche ? Ce probl\u00e8me peut \u00eatre caus\u00e9 par le haut-parleur d'origine qui, apr\u00e8s des ann\u00e9es de bons et loyaux services, a perdu de son efficacit\u00e9. Comme il s'agit d'une pi\u00e8ce d'origine reconditionn\u00e9, nous l'avons test\u00e9e rigoureusement pour nous assurer qu'elle peut encore offrir un son propre et clair. En rempla\u00e7ant ce composant us\u00e9, vous pourrez enfin profiter \u00e0 nouveau des films et de la musique avec le volume et la qualit\u00e9 que m\u00e9rite un \u00e9cran aussi grand.\n    <\/p>\n<div class=\"aps-note aps-note--warn\">\n      <span class=\"aps-note__ico\">!<\/span><br \/>\n      <span class=\"aps-note__txt\"><strong>AVIS DE COMPATIBILIT\u00c9 :<\/strong> Ce haut-parleur est sp\u00e9cifique aux versions fabriqu\u00e9es en 2011. Nous vous conseillons de v\u00e9rifier attentivement le num\u00e9ro de s\u00e9rie ou le code \u201cA1297\u201d sur le dessous de l'ordinateur, car les mod\u00e8les 2009 et 2010 peuvent utiliser des connecteurs diff\u00e9rents.<\/span>\n    <\/div>\n<\/section>\n<section class=\"aps-card\">\n<header class=\"aps-card__head\">\n<h2 class=\"aps-h\">Mod\u00e8les compatibles<\/h2>\n<p class=\"aps-sub\">MacBook Pro 17\u2033 versions compatibles avec ce remplacement.<\/p>\n<\/header>\n<ul class=\"aps-check\">\n<li><strong>MacBook Pro 17\u2033 A1297 (Late 2011)<\/strong> <span class=\"aps-badge\">MacBookPro8.3<\/span><\/li>\n<li><strong>MacBook Pro 17\u2033 A1297 (Early 2011)<\/strong> <span class=\"aps-badge\">MacBookPro8.3<\/span><\/li>\n<\/ul>\n<\/section>\n<section class=\"aps-card\">\n<header class=\"aps-card__head\">\n<h2 class=\"aps-h\">Caract\u00e9ristiques techniques<\/h2>\n<p class=\"aps-sub\">Sp\u00e9cifications de la pi\u00e8ce de rechange audio.<\/p>\n<\/header>\n<div class=\"aps-specgrid\">\n<div class=\"aps-spec\">\n<div><span>Type de composant<\/span><strong>Haut-parleur interne<\/strong><\/div>\n<\/div>\n<div class=\"aps-spec\">\n<div><span>C\u00f4t\u00e9<\/span><strong>Gauche (le c\u00f4t\u00e9 est \u00e0 consid\u00e9rer lorsque le Mac est ouvert et d\u00e9mont\u00e9, avec la batterie orient\u00e9e vers vous)<\/strong><\/div>\n<\/div>\n<div class=\"aps-spec\">\n<div><span>\u00c9tat<\/span><strong>D\u2019reconditionn\u00e9 et test\u00e9e<\/strong><\/div>\n<\/div><\/div>\n<\/section>\n<section class=\"aps-card aps-callout aps-callout--warn\">\n<header class=\"aps-card__head\">\n<h2 class=\"aps-h\">Installation et avertissements<\/h2>\n<p class=\"aps-sub\">Conseils de montage.<\/p>\n<\/header>\n<p>\n      Pour remplacer ce haut-parleur, il faut retirer le couvercle inf\u00e9rieur du Mac. Bien qu'il y ait beaucoup d'espace \u00e0 l'int\u00e9rieur, les connecteurs de la carte logique sont d\u00e9licats et risquent d'\u00eatre endommag\u00e9s s'ils sont manipul\u00e9s avec trop de force. N'oubliez pas de d\u00e9brancher la batterie avant de commencer. Si vous ne vous sentez pas en confiance pour effectuer la r\u00e9paration vous-m\u00eame, nous vous conseillons de demander l'aide d'un technicien exp\u00e9riment\u00e9 afin de garantir un ajustement parfait.\n    <\/p>\n<\/section>\n<section class=\"aps-card aps-callout aps-callout--info\">\n<header class=\"aps-card__head\">\n<h2 class=\"aps-h\">Vous avez un doute quant au bon choix du composant de remplacement ?<\/h2>\n<p class=\"aps-sub\">Contactez-nous pour obtenir de l\u2019aide dans le choix du composant de remplacement adapt\u00e9 \u00e0 votre appareil.<\/p>\n<\/header>\n<div class=\"aps-cta\">\n      <a class=\"aps-btn\" href=\"mailto:info@apfelspare.ch\">info@apfelspare.ch<\/a><br \/>\n      <span class=\"aps-cta__hint\">Envoyez-nous le num\u00e9ro de s\u00e9rie de votre Mac et nous v\u00e9rifierons rapidement la compatibilit\u00e9 exacte.<\/span>\n    <\/div>\n<\/section>\n<\/div>","protected":false},"excerpt":{"rendered":"<p>Haut-parleur gauche reconditionn\u00e9 pour MacBook Pro 17\u2033 A1297 (Early 2011 - Late 2011)<\/p>","protected":false},"featured_media":15374,"comment_status":"closed","ping_status":"closed","template":"","meta":{"_acf_changed":false,"_et_pb_use_builder":"","_et_pb_old_content":"","_et_gb_content_width":""},"product_brand":[],"product_cat":[183,17,19,109,108],"product_tag":[],"class_list":{"0":"post-15376","1":"product","2":"type-product","3":"status-publish","4":"has-post-thumbnail","6":"product_cat-altoparlanti","7":"product_cat-category-macbook-pro","8":"product_cat-parti-ricambio-seconda-mano","9":"product_cat-macbook-pro-17-late-2011-a1297","10":"product_cat-macbook-pro-17-early-2011-a1297","12":"first","13":"onbackorder","14":"shipping-taxable","15":"purchasable","16":"product-type-simple"},"acf":[],"yoast_head":"<!-- This site is optimized with the Yoast SEO plugin v27.4 - https:\/\/yoast.com\/product\/yoast-seo-wordpress\/ -->\n<title>Altoparlante sinistro per MacBook Pro 17&quot; A1297 (Early 2011 \u2013 Late 2011) \u2013 RICONDIZIONATO<\/title>\n<meta name=\"description\" content=\"Altoparlante sinistro usato per MacBook Pro 17&quot; A1297 (Early 2011 \u2013 Late 2011). Ricambio testato.\" \/>\n<meta name=\"robots\" content=\"index, follow, max-snippet:-1, max-image-preview:large, max-video-preview:-1\" \/>\n<link rel=\"canonical\" href=\"https:\/\/tipicino.ch\/apfelspare\/fr\/produit\/haut-parleur-gauche-pour-macbook-pro-17-a1297-2011-occasion\/\" \/>\n<meta property=\"og:locale\" content=\"fr_FR\" \/>\n<meta property=\"og:type\" content=\"article\" \/>\n<meta property=\"og:title\" content=\"Altoparlante sinistro per MacBook Pro 17&quot; A1297 (Early 2011 \u2013 Late 2011) \u2013 RICONDIZIONATO\" \/>\n<meta property=\"og:description\" content=\"Altoparlante sinistro usato per MacBook Pro 17&quot; A1297 (Early 2011 \u2013 Late 2011). Ricambio testato.\" \/>\n<meta property=\"og:url\" content=\"https:\/\/tipicino.ch\/apfelspare\/fr\/produit\/haut-parleur-gauche-pour-macbook-pro-17-a1297-2011-occasion\/\" \/>\n<meta property=\"og:site_name\" content=\"Ricambi MacBook Pro, MacBook Air e iMac in Svizzera \u2013 Display, Tastiere, Batterie, Trackpad\" \/>\n<meta property=\"article:modified_time\" content=\"2026-02-18T12:17:53+00:00\" \/>\n<meta property=\"og:image\" content=\"https:\/\/tipicino.ch\/apfelspare\/wp-content\/uploads\/2025\/06\/altoparlante-sinistro-macbook-pro-17-a1297-usato.png\" \/>\n\t<meta property=\"og:image:width\" content=\"1000\" \/>\n\t<meta property=\"og:image:height\" content=\"1000\" \/>\n\t<meta property=\"og:image:type\" content=\"image\/png\" \/>\n<meta name=\"twitter:card\" content=\"summary_large_image\" \/>\n<meta name=\"twitter:label1\" content=\"Dur\u00e9e de lecture estim\u00e9e\" \/>\n\t<meta name=\"twitter:data1\" content=\"1 minute\" \/>\n<!-- \/ Yoast SEO plugin. -->","yoast_head_json":{"title":"Haut-parleur gauche pour MacBook Pro 17\" A1297 (Early 2011 - Late 2011) - RECONDITIONN\u00c9","description":"Haut-parleur gauche usag\u00e9 pour MacBook Pro 17\" A1297 (Early 2011 - Late 2011). Remplacement test\u00e9.","robots":{"index":"index","follow":"follow","max-snippet":"max-snippet:-1","max-image-preview":"max-image-preview:large","max-video-preview":"max-video-preview:-1"},"canonical":"https:\/\/tipicino.ch\/apfelspare\/fr\/produit\/haut-parleur-gauche-pour-macbook-pro-17-a1297-2011-occasion\/","og_locale":"fr_FR","og_type":"article","og_title":"Altoparlante sinistro per MacBook Pro 17\" A1297 (Early 2011 \u2013 Late 2011) \u2013 RICONDIZIONATO","og_description":"Altoparlante sinistro usato per MacBook Pro 17\" A1297 (Early 2011 \u2013 Late 2011). Ricambio testato.","og_url":"https:\/\/tipicino.ch\/apfelspare\/fr\/produit\/haut-parleur-gauche-pour-macbook-pro-17-a1297-2011-occasion\/","og_site_name":"Ricambi MacBook Pro, MacBook Air e iMac in Svizzera \u2013 Display, Tastiere, Batterie, Trackpad","article_modified_time":"2026-02-18T12:17:53+00:00","og_image":[{"width":1000,"height":1000,"url":"https:\/\/tipicino.ch\/apfelspare\/wp-content\/uploads\/2025\/06\/altoparlante-sinistro-macbook-pro-17-a1297-usato.png","type":"image\/png"}],"twitter_card":"summary_large_image","twitter_misc":{"Dur\u00e9e de lecture estim\u00e9e":"1 minute"},"schema":{"@context":"https:\/\/schema.org","@graph":[{"@type":"WebPage","@id":"https:\/\/tipicino.ch\/apfelspare\/fr\/prodotto\/altoparlante-sinistro-per-macbook-pro-17-a1297-2011-usato\/","url":"https:\/\/tipicino.ch\/apfelspare\/fr\/prodotto\/altoparlante-sinistro-per-macbook-pro-17-a1297-2011-usato\/","name":"Haut-parleur gauche pour MacBook Pro 17\" A1297 (Early 2011 - Late 2011) - RECONDITIONN\u00c9","isPartOf":{"@id":"https:\/\/tipicino.ch\/apfelspare\/fr\/#website"},"primaryImageOfPage":{"@id":"https:\/\/tipicino.ch\/apfelspare\/fr\/prodotto\/altoparlante-sinistro-per-macbook-pro-17-a1297-2011-usato\/#primaryimage"},"image":{"@id":"https:\/\/tipicino.ch\/apfelspare\/fr\/prodotto\/altoparlante-sinistro-per-macbook-pro-17-a1297-2011-usato\/#primaryimage"},"thumbnailUrl":"https:\/\/tipicino.ch\/apfelspare\/wp-content\/uploads\/2025\/06\/altoparlante-sinistro-macbook-pro-17-a1297-usato.png","datePublished":"2025-06-17T14:13:33+00:00","dateModified":"2026-02-18T12:17:53+00:00","description":"Haut-parleur gauche usag\u00e9 pour MacBook Pro 17\" A1297 (Early 2011 - Late 2011). Remplacement test\u00e9.","breadcrumb":{"@id":"https:\/\/tipicino.ch\/apfelspare\/fr\/prodotto\/altoparlante-sinistro-per-macbook-pro-17-a1297-2011-usato\/#breadcrumb"},"inLanguage":"fr-CH","potentialAction":[{"@type":"ReadAction","target":["https:\/\/tipicino.ch\/apfelspare\/fr\/prodotto\/altoparlante-sinistro-per-macbook-pro-17-a1297-2011-usato\/"]}]},{"@type":"ImageObject","inLanguage":"fr-CH","@id":"https:\/\/tipicino.ch\/apfelspare\/fr\/prodotto\/altoparlante-sinistro-per-macbook-pro-17-a1297-2011-usato\/#primaryimage","url":"https:\/\/tipicino.ch\/apfelspare\/wp-content\/uploads\/2025\/06\/altoparlante-sinistro-macbook-pro-17-a1297-usato.png","contentUrl":"https:\/\/tipicino.ch\/apfelspare\/wp-content\/uploads\/2025\/06\/altoparlante-sinistro-macbook-pro-17-a1297-usato.png","width":1000,"height":1000,"caption":"Altoparlante sinistro usato per MacBook Pro 17\" A1297 (2009-2010-2011)"},{"@type":"BreadcrumbList","@id":"https:\/\/tipicino.ch\/apfelspare\/fr\/prodotto\/altoparlante-sinistro-per-macbook-pro-17-a1297-2011-usato\/#breadcrumb","itemListElement":[{"@type":"ListItem","position":1,"name":"Home","item":"https:\/\/tipicino.ch\/apfelspare\/fr\/"},{"@type":"ListItem","position":2,"name":"Shop","item":"https:\/\/tipicino.ch\/apfelspare\/fr\/shop\/"},{"@type":"ListItem","position":3,"name":"Altoparlante sinistro per MacBook Pro 17&#8243; A1297 (Early 2011 \u2013 Late 2011) \u2013 RICONDIZIONATO"}]},{"@type":"WebSite","@id":"https:\/\/tipicino.ch\/apfelspare\/fr\/#website","url":"https:\/\/tipicino.ch\/apfelspare\/fr\/","name":"Pi\u00e8ces d\u00e9tach\u00e9es MacBook Pro, MacBook Air et iMac en Suisse \u2013 \u00c9crans, Claviers, Batteries, Trackpads","description":"","publisher":{"@id":"https:\/\/tipicino.ch\/apfelspare\/fr\/#organization"},"potentialAction":[{"@type":"SearchAction","target":{"@type":"EntryPoint","urlTemplate":"https:\/\/tipicino.ch\/apfelspare\/fr\/?s={search_term_string}"},"query-input":{"@type":"PropertyValueSpecification","valueRequired":true,"valueName":"search_term_string"}}],"inLanguage":"fr-CH"},{"@type":"Organization","@id":"https:\/\/tipicino.ch\/apfelspare\/fr\/#organization","name":"tipicino.ch\/apfelspare","url":"https:\/\/tipicino.ch\/apfelspare\/fr\/","logo":{"@type":"ImageObject","inLanguage":"fr-CH","@id":"https:\/\/tipicino.ch\/apfelspare\/fr\/#\/schema\/logo\/image\/","url":"https:\/\/tipicino.ch\/apfelspare\/wp-content\/uploads\/2025\/08\/cropped-FAVICON-tipicino.ch\/apfelspare_.png","contentUrl":"https:\/\/tipicino.ch\/apfelspare\/wp-content\/uploads\/2025\/08\/cropped-FAVICON-tipicino.ch\/apfelspare_.png","width":512,"height":512,"caption":"tipicino.ch\/apfelspare"},"image":{"@id":"https:\/\/tipicino.ch\/apfelspare\/fr\/#\/schema\/logo\/image\/"}}]}},"_links":{"self":[{"href":"https:\/\/tipicino.ch\/apfelspare\/fr\/wp-json\/wp\/v2\/product\/15376","targetHints":{"allow":["GET"]}}],"collection":[{"href":"https:\/\/tipicino.ch\/apfelspare\/fr\/wp-json\/wp\/v2\/product"}],"about":[{"href":"https:\/\/tipicino.ch\/apfelspare\/fr\/wp-json\/wp\/v2\/types\/product"}],"replies":[{"embeddable":true,"href":"https:\/\/tipicino.ch\/apfelspare\/fr\/wp-json\/wp\/v2\/comments?post=15376"}],"wp:featuredmedia":[{"embeddable":true,"href":"https:\/\/tipicino.ch\/apfelspare\/fr\/wp-json\/wp\/v2\/media\/15374"}],"wp:attachment":[{"href":"https:\/\/tipicino.ch\/apfelspare\/fr\/wp-json\/wp\/v2\/media?parent=15376"}],"wp:term":[{"taxonomy":"product_brand","embeddable":true,"href":"https:\/\/tipicino.ch\/apfelspare\/fr\/wp-json\/wp\/v2\/product_brand?post=15376"},{"taxonomy":"product_cat","embeddable":true,"href":"https:\/\/tipicino.ch\/apfelspare\/fr\/wp-json\/wp\/v2\/product_cat?post=15376"},{"taxonomy":"product_tag","embeddable":true,"href":"https:\/\/tipicino.ch\/apfelspare\/fr\/wp-json\/wp\/v2\/product_tag?post=15376"}],"curies":[{"name":"wp","href":"https:\/\/api.w.org\/{rel}","templated":true}]}}