{"id":15380,"date":"2025-06-17T14:26:27","date_gmt":"2025-06-17T14:26:27","guid":{"rendered":"https:\/\/tipicino.ch\/apfelspare\/?post_type=product&#038;p=15380"},"modified":"2026-02-18T12:15:34","modified_gmt":"2026-02-18T12:15:34","slug":"haut-parleur-droit-pour-macbook-pro-17-a1297-mid-2010-doccasion","status":"publish","type":"product","link":"https:\/\/tipicino.ch\/apfelspare\/fr\/prodotto\/altoparlante-destro-per-macbook-pro-17-a1297-mid-2010-usato\/","title":{"rendered":"Haut-parleur droit pour MacBook Pro 17\u2033 A1297 (Mid 2010) - RECONDITIONN\u00c9"},"content":{"rendered":"<div class=\"aps-pdp\">\n<section class=\"aps-card\">\n<header class=\"aps-card__head\">\n<h2 class=\"aps-h\">Haut-parleur droit pour MacBook Pro 17\" A1297 (Mid 2010) - RECONDITIONN\u00c9<\/h2>\n<p class=\"aps-sub\">Module sonore original c\u00f4t\u00e9 droit pour MacBook Pro 17 pouces Unibody.<\/p>\n<\/header>\n<p>\n      Le son de votre MacBook Pro 17\u2033 est d\u00e9form\u00e9 ou compl\u00e8tement absent du c\u00f4t\u00e9 droit ? Ce dysfonctionnement peut \u00eatre d\u00fb au fait que le haut-parleur d'origine a atteint la fin de son cycle de vie. Comme il s'agit d'une pi\u00e8ce de rechange d'origine RECONDITIONN\u00c9, le composant a \u00e9t\u00e9 minutieusement test\u00e9 pour garantir des performances sonores optimales. En installant cette pi\u00e8ce, vous pourrez r\u00e9soudre les probl\u00e8mes de gr\u00e9sillement et profiter \u00e0 nouveau des films et de la musique avec un son propre.\n    <\/p>\n<div class=\"aps-note aps-note--warn\">\n      <span class=\"aps-note__ico\">!<\/span><br \/>\n      <span class=\"aps-note__txt\"><strong>NOTE IMPORTANTE :<\/strong> Ce remplacement n'inclut pas le microphone interne. Si votre microphone est \u00e9galement d\u00e9fectueux, nous vous sugg\u00e9rons de l'acheter s\u00e9par\u00e9ment dans notre boutique.<\/span>\n    <\/div>\n<\/section>\n<section class=\"aps-card\">\n<header class=\"aps-card__head\">\n<h2 class=\"aps-h\">Mod\u00e8les pris en charge<\/h2>\n<p class=\"aps-sub\">MacBook Pro 17\u2033 version compatible avec ce remplacement.<\/p>\n<\/header>\n<ul class=\"aps-check\">\n<li><strong>MacBook Pro 17\u2033 A1297 (Mid 2010)<\/strong> <span class=\"aps-badge\">MacBookPro6.1<\/span><\/li>\n<\/ul>\n<\/section>\n<section class=\"aps-card\">\n<header class=\"aps-card__head\">\n<h2 class=\"aps-h\">Sp\u00e9cifications techniques<\/h2>\n<p class=\"aps-sub\">Sp\u00e9cifications des composants audio.<\/p>\n<\/header>\n<div class=\"aps-specgrid\">\n<div class=\"aps-spec\">\n<div><span>Type de composant<\/span><strong>Haut-parleur interne<\/strong><\/div>\n<\/div>\n<div class=\"aps-spec\">\n<div><span>C\u00f4t\u00e9<\/span><strong>Droit (le c\u00f4t\u00e9 est \u00e0 consid\u00e9rer lorsque le Mac est ouvert et d\u00e9mont\u00e9, avec la batterie orient\u00e9e vers vous)<\/strong><\/div>\n<\/div>\n<div class=\"aps-spec\">\n<div><span>\u00c9tat<\/span><strong>D\u2019reconditionn\u00e9 et test\u00e9e<\/strong><\/div>\n<\/div>\n<div class=\"aps-spec\">\n<div><span>Microphone<\/span><strong>Non inclus<\/strong><\/div>\n<\/div><\/div>\n<\/section>\n<section class=\"aps-card aps-callout aps-callout--warn\">\n<header class=\"aps-card__head\">\n<h2 class=\"aps-h\">Installation et avertissements<\/h2>\n<p class=\"aps-sub\">Conseils de montage.<\/p>\n<\/header>\n<p>\n      Pour remplacer le haut-parleur, il est n\u00e9cessaire de retirer le couvercle inf\u00e9rieur du Mac. L'op\u00e9ration demande de la pr\u00e9cision car il faut agir \u00e0 proximit\u00e9 de composants sensibles. N'oubliez pas de d\u00e9brancher la batterie, premi\u00e8re \u00e9tape indispensable pour travailler en toute s\u00e9curit\u00e9. Si vous n'\u00eates pas familier avec le d\u00e9montage de pi\u00e8ces \u00e9lectroniques, nous vous recommandons de demander l'aide d'un technicien exp\u00e9riment\u00e9 afin d'\u00e9viter tout dommage accidentel.\n    <\/p>\n<\/section>\n<section class=\"aps-card aps-callout aps-callout--info\">\n<header class=\"aps-card__head\">\n<h2 class=\"aps-h\">Vous avez un doute quant au bon choix du composant de remplacement ?<\/h2>\n<p class=\"aps-sub\">Contactez-nous pour obtenir de l\u2019aide dans le choix du composant de remplacement adapt\u00e9 \u00e0 votre appareil.<\/p>\n<\/header>\n<div class=\"aps-cta\">\n      <a class=\"aps-btn\" href=\"mailto:info@apfelspare.ch\">info@apfelspare.ch<\/a><br \/>\n      <span class=\"aps-cta__hint\">Envoyez-nous le num\u00e9ro de s\u00e9rie de votre MacBook Pro et nous v\u00e9rifierons la compatibilit\u00e9 exacte d\u00e8s que possible.<\/span>\n    <\/div>\n<\/section>\n<\/div>","protected":false},"excerpt":{"rendered":"<p>Haut-parleur droit reconditionn\u00e9 pour MacBook Pro 17\u2033 A1297 (Mid 2010)<\/p>","protected":false},"featured_media":15382,"comment_status":"closed","ping_status":"closed","template":"","meta":{"_acf_changed":false,"_et_pb_use_builder":"","_et_pb_old_content":"","_et_gb_content_width":""},"product_brand":[],"product_cat":[183,17,19,107],"product_tag":[],"class_list":{"0":"post-15380","1":"product","2":"type-product","3":"status-publish","4":"has-post-thumbnail","6":"product_cat-altoparlanti","7":"product_cat-category-macbook-pro","8":"product_cat-parti-ricambio-seconda-mano","9":"product_cat-macbook-pro-17-mid-2010-a1297","11":"first","12":"onbackorder","13":"shipping-taxable","14":"purchasable","15":"product-type-simple"},"acf":[],"yoast_head":"<!-- This site is optimized with the Yoast SEO plugin v27.4 - https:\/\/yoast.com\/product\/yoast-seo-wordpress\/ -->\n<title>Altoparlante destro per MacBook Pro 17&quot; A1297 (Mid 2010) \u2013 RICONDIZIONATO<\/title>\n<meta name=\"description\" content=\"Altoparlante destro usato per MacBook Pro 17&quot; A1297 (Mid 2010). Ricambio testato.\" \/>\n<meta name=\"robots\" content=\"index, follow, max-snippet:-1, max-image-preview:large, max-video-preview:-1\" \/>\n<link rel=\"canonical\" href=\"https:\/\/tipicino.ch\/apfelspare\/fr\/produit\/haut-parleur-droit-pour-macbook-pro-17-a1297-mid-2010-doccasion\/\" \/>\n<meta property=\"og:locale\" content=\"fr_FR\" \/>\n<meta property=\"og:type\" content=\"article\" \/>\n<meta property=\"og:title\" content=\"Altoparlante destro per MacBook Pro 17&quot; A1297 (Mid 2010) \u2013 RICONDIZIONATO\" \/>\n<meta property=\"og:description\" content=\"Altoparlante destro usato per MacBook Pro 17&quot; A1297 (Mid 2010). Ricambio testato.\" \/>\n<meta property=\"og:url\" content=\"https:\/\/tipicino.ch\/apfelspare\/fr\/produit\/haut-parleur-droit-pour-macbook-pro-17-a1297-mid-2010-doccasion\/\" \/>\n<meta property=\"og:site_name\" content=\"Ricambi MacBook Pro, MacBook Air e iMac in Svizzera \u2013 Display, Tastiere, Batterie, Trackpad\" \/>\n<meta property=\"article:modified_time\" content=\"2026-02-18T12:15:34+00:00\" \/>\n<meta property=\"og:image\" content=\"https:\/\/tipicino.ch\/apfelspare\/wp-content\/uploads\/2025\/06\/Altoparlante-destro-usato-per-MacBook-Pro-1722-A1297-2009-2010.png\" \/>\n\t<meta property=\"og:image:width\" content=\"1000\" \/>\n\t<meta property=\"og:image:height\" content=\"1000\" \/>\n\t<meta property=\"og:image:type\" content=\"image\/png\" \/>\n<meta name=\"twitter:card\" content=\"summary_large_image\" \/>\n<meta name=\"twitter:label1\" content=\"Dur\u00e9e de lecture estim\u00e9e\" \/>\n\t<meta name=\"twitter:data1\" content=\"1 minute\" \/>\n<!-- \/ Yoast SEO plugin. -->","yoast_head_json":{"title":"Haut-parleur droit pour MacBook Pro 17\" A1297 (Mid 2010) - RECONDITIONN\u00c9","description":"Haut-parleur droit usag\u00e9 pour MacBook Pro 17\" A1297 (Mid 2010). Remplacement test\u00e9.","robots":{"index":"index","follow":"follow","max-snippet":"max-snippet:-1","max-image-preview":"max-image-preview:large","max-video-preview":"max-video-preview:-1"},"canonical":"https:\/\/tipicino.ch\/apfelspare\/fr\/produit\/haut-parleur-droit-pour-macbook-pro-17-a1297-mid-2010-doccasion\/","og_locale":"fr_FR","og_type":"article","og_title":"Altoparlante destro per MacBook Pro 17\" A1297 (Mid 2010) \u2013 RICONDIZIONATO","og_description":"Altoparlante destro usato per MacBook Pro 17\" A1297 (Mid 2010). Ricambio testato.","og_url":"https:\/\/tipicino.ch\/apfelspare\/fr\/produit\/haut-parleur-droit-pour-macbook-pro-17-a1297-mid-2010-doccasion\/","og_site_name":"Ricambi MacBook Pro, MacBook Air e iMac in Svizzera \u2013 Display, Tastiere, Batterie, Trackpad","article_modified_time":"2026-02-18T12:15:34+00:00","og_image":[{"width":1000,"height":1000,"url":"https:\/\/tipicino.ch\/apfelspare\/wp-content\/uploads\/2025\/06\/Altoparlante-destro-usato-per-MacBook-Pro-1722-A1297-2009-2010.png","type":"image\/png"}],"twitter_card":"summary_large_image","twitter_misc":{"Dur\u00e9e de lecture estim\u00e9e":"1 minute"},"schema":{"@context":"https:\/\/schema.org","@graph":[{"@type":"WebPage","@id":"https:\/\/tipicino.ch\/apfelspare\/fr\/prodotto\/altoparlante-destro-per-macbook-pro-17-a1297-mid-2010-usato\/","url":"https:\/\/tipicino.ch\/apfelspare\/fr\/prodotto\/altoparlante-destro-per-macbook-pro-17-a1297-mid-2010-usato\/","name":"Haut-parleur droit pour MacBook Pro 17\" A1297 (Mid 2010) - RECONDITIONN\u00c9","isPartOf":{"@id":"https:\/\/tipicino.ch\/apfelspare\/fr\/#website"},"primaryImageOfPage":{"@id":"https:\/\/tipicino.ch\/apfelspare\/fr\/prodotto\/altoparlante-destro-per-macbook-pro-17-a1297-mid-2010-usato\/#primaryimage"},"image":{"@id":"https:\/\/tipicino.ch\/apfelspare\/fr\/prodotto\/altoparlante-destro-per-macbook-pro-17-a1297-mid-2010-usato\/#primaryimage"},"thumbnailUrl":"https:\/\/tipicino.ch\/apfelspare\/wp-content\/uploads\/2025\/06\/Altoparlante-destro-usato-per-MacBook-Pro-1722-A1297-2009-2010.png","datePublished":"2025-06-17T14:26:27+00:00","dateModified":"2026-02-18T12:15:34+00:00","description":"Haut-parleur droit usag\u00e9 pour MacBook Pro 17\" A1297 (Mid 2010). Remplacement test\u00e9.","breadcrumb":{"@id":"https:\/\/tipicino.ch\/apfelspare\/fr\/prodotto\/altoparlante-destro-per-macbook-pro-17-a1297-mid-2010-usato\/#breadcrumb"},"inLanguage":"fr-CH","potentialAction":[{"@type":"ReadAction","target":["https:\/\/tipicino.ch\/apfelspare\/fr\/prodotto\/altoparlante-destro-per-macbook-pro-17-a1297-mid-2010-usato\/"]}]},{"@type":"ImageObject","inLanguage":"fr-CH","@id":"https:\/\/tipicino.ch\/apfelspare\/fr\/prodotto\/altoparlante-destro-per-macbook-pro-17-a1297-mid-2010-usato\/#primaryimage","url":"https:\/\/tipicino.ch\/apfelspare\/wp-content\/uploads\/2025\/06\/Altoparlante-destro-usato-per-MacBook-Pro-1722-A1297-2009-2010.png","contentUrl":"https:\/\/tipicino.ch\/apfelspare\/wp-content\/uploads\/2025\/06\/Altoparlante-destro-usato-per-MacBook-Pro-1722-A1297-2009-2010.png","width":1000,"height":1000,"caption":"Altoparlante destro usato per MacBook Pro 17\" A1297 (2009-2010)"},{"@type":"BreadcrumbList","@id":"https:\/\/tipicino.ch\/apfelspare\/fr\/prodotto\/altoparlante-destro-per-macbook-pro-17-a1297-mid-2010-usato\/#breadcrumb","itemListElement":[{"@type":"ListItem","position":1,"name":"Home","item":"https:\/\/tipicino.ch\/apfelspare\/fr\/"},{"@type":"ListItem","position":2,"name":"Shop","item":"https:\/\/tipicino.ch\/apfelspare\/fr\/shop\/"},{"@type":"ListItem","position":3,"name":"Altoparlante destro per MacBook Pro 17&#8243; A1297 (Mid 2010) \u2013 RICONDIZIONATO"}]},{"@type":"WebSite","@id":"https:\/\/tipicino.ch\/apfelspare\/fr\/#website","url":"https:\/\/tipicino.ch\/apfelspare\/fr\/","name":"Pi\u00e8ces d\u00e9tach\u00e9es MacBook Pro, MacBook Air et iMac en Suisse \u2013 \u00c9crans, Claviers, Batteries, Trackpads","description":"","publisher":{"@id":"https:\/\/tipicino.ch\/apfelspare\/fr\/#organization"},"potentialAction":[{"@type":"SearchAction","target":{"@type":"EntryPoint","urlTemplate":"https:\/\/tipicino.ch\/apfelspare\/fr\/?s={search_term_string}"},"query-input":{"@type":"PropertyValueSpecification","valueRequired":true,"valueName":"search_term_string"}}],"inLanguage":"fr-CH"},{"@type":"Organization","@id":"https:\/\/tipicino.ch\/apfelspare\/fr\/#organization","name":"tipicino.ch\/apfelspare","url":"https:\/\/tipicino.ch\/apfelspare\/fr\/","logo":{"@type":"ImageObject","inLanguage":"fr-CH","@id":"https:\/\/tipicino.ch\/apfelspare\/fr\/#\/schema\/logo\/image\/","url":"https:\/\/tipicino.ch\/apfelspare\/wp-content\/uploads\/2025\/08\/cropped-FAVICON-tipicino.ch\/apfelspare_.png","contentUrl":"https:\/\/tipicino.ch\/apfelspare\/wp-content\/uploads\/2025\/08\/cropped-FAVICON-tipicino.ch\/apfelspare_.png","width":512,"height":512,"caption":"tipicino.ch\/apfelspare"},"image":{"@id":"https:\/\/tipicino.ch\/apfelspare\/fr\/#\/schema\/logo\/image\/"}}]}},"_links":{"self":[{"href":"https:\/\/tipicino.ch\/apfelspare\/fr\/wp-json\/wp\/v2\/product\/15380","targetHints":{"allow":["GET"]}}],"collection":[{"href":"https:\/\/tipicino.ch\/apfelspare\/fr\/wp-json\/wp\/v2\/product"}],"about":[{"href":"https:\/\/tipicino.ch\/apfelspare\/fr\/wp-json\/wp\/v2\/types\/product"}],"replies":[{"embeddable":true,"href":"https:\/\/tipicino.ch\/apfelspare\/fr\/wp-json\/wp\/v2\/comments?post=15380"}],"wp:featuredmedia":[{"embeddable":true,"href":"https:\/\/tipicino.ch\/apfelspare\/fr\/wp-json\/wp\/v2\/media\/15382"}],"wp:attachment":[{"href":"https:\/\/tipicino.ch\/apfelspare\/fr\/wp-json\/wp\/v2\/media?parent=15380"}],"wp:term":[{"taxonomy":"product_brand","embeddable":true,"href":"https:\/\/tipicino.ch\/apfelspare\/fr\/wp-json\/wp\/v2\/product_brand?post=15380"},{"taxonomy":"product_cat","embeddable":true,"href":"https:\/\/tipicino.ch\/apfelspare\/fr\/wp-json\/wp\/v2\/product_cat?post=15380"},{"taxonomy":"product_tag","embeddable":true,"href":"https:\/\/tipicino.ch\/apfelspare\/fr\/wp-json\/wp\/v2\/product_tag?post=15380"}],"curies":[{"name":"wp","href":"https:\/\/api.w.org\/{rel}","templated":true}]}}