{"id":15383,"date":"2025-06-17T14:35:48","date_gmt":"2025-06-17T14:35:48","guid":{"rendered":"https:\/\/tipicino.ch\/apfelspare\/?post_type=product&#038;p=15383"},"modified":"2026-02-18T12:14:48","modified_gmt":"2026-02-18T12:14:48","slug":"enceinte-droite-macbook-pro-17-a1297-debut-fin-2011-occasion","status":"publish","type":"product","link":"https:\/\/tipicino.ch\/apfelspare\/fr\/prodotto\/altoparlante-destro-macbook-pro-17-a1297-early-late-2011-usato\/","title":{"rendered":"Haut-parleur droit pour MacBook Pro 17\u2033 A1297 (Early 2011 - Late 2011) - RECONDITIONN\u00c9"},"content":{"rendered":"<div class=\"aps-pdp\">\n<section class=\"aps-card\">\n<header class=\"aps-card__head\">\n<h2 class=\"aps-h\">Haut-parleur droit pour MacBook Pro 17\" A1297 (2011) - RECONDITIONN\u00c9<\/h2>\n<p class=\"aps-sub\">Module sonore original c\u00f4t\u00e9 droit pour MacBook Pro 17 pouces Unibody.<\/p>\n<\/header>\n<p>\n      Le son de votre MacBook Pro 17\u2033 a commenc\u00e9 \u00e0 croasser ou \u00e0 s'\u00e9teindre compl\u00e8tement du c\u00f4t\u00e9 droit ? Ce probl\u00e8me peut \u00eatre caus\u00e9 par le haut-parleur d'origine qui a perdu de son efficacit\u00e9 avec le temps. Comme il s'agit d'une pi\u00e8ce d'origine reconditionn\u00e9, nous l'avons test\u00e9e avec soin pour nous assurer qu'elle fonctionne correctement. En rempla\u00e7ant la pi\u00e8ce us\u00e9e, vous pourrez \u00e0 nouveau \u00e9couter de la musique et des vid\u00e9os avec un son clair et profond, comme avant.\n    <\/p>\n<div class=\"aps-note aps-note--warn\">\n      <span class=\"aps-note__ico\">!<\/span><br \/>\n      <span class=\"aps-note__txt\"><strong>AVIS DE COMPATIBILIT\u00c9 :<\/strong> Ce composant est sp\u00e9cifique \u00e0 la s\u00e9rie 2011 A1297. Veuillez v\u00e9rifier le num\u00e9ro de pi\u00e8ce grav\u00e9 sur le dessous de votre Mac. Les mod\u00e8les fabriqu\u00e9s entre 2009 et 2010 peuvent utiliser des haut-parleurs avec des supports l\u00e9g\u00e8rement diff\u00e9rents.<\/span>\n    <\/div>\n<\/section>\n<section class=\"aps-card\">\n<header class=\"aps-card__head\">\n<h2 class=\"aps-h\">Mod\u00e8les pris en charge<\/h2>\n<p class=\"aps-sub\">Liste des versions de MacBook Pro 17\u2033 compatibles avec cette enceinte.<\/p>\n<\/header>\n<ul class=\"aps-check\">\n<li><strong>MacBook Pro 17\u2033 A1297 (Late 2011)<\/strong> <span class=\"aps-badge\">MacBookPro8.3<\/span><\/li>\n<li><strong>MacBook Pro 17\u2033 A1297 (Early 2011)<\/strong> <span class=\"aps-badge\">MacBookPro8.3<\/span><\/li>\n<\/ul>\n<\/section>\n<section class=\"aps-card\">\n<header class=\"aps-card__head\">\n<h2 class=\"aps-h\">Sp\u00e9cifications techniques<\/h2>\n<p class=\"aps-sub\">Sp\u00e9cifications de la pi\u00e8ce de rechange audio.<\/p>\n<\/header>\n<div class=\"aps-specgrid\">\n<div class=\"aps-spec\">\n<div><span>Type de composant<\/span><strong>Haut-parleur interne<\/strong><\/div>\n<\/div>\n<div class=\"aps-spec\">\n<div><span>C\u00f4t\u00e9<\/span><strong>Droit (le c\u00f4t\u00e9 est \u00e0 consid\u00e9rer lorsque le Mac est ouvert et d\u00e9mont\u00e9, avec la batterie orient\u00e9e vers vous)<\/strong><\/div>\n<\/div>\n<div class=\"aps-spec\">\n<div><span>\u00c9tat<\/span><strong>D\u2019reconditionn\u00e9 et test\u00e9e<\/strong><\/div>\n<\/div><\/div>\n<\/section>\n<section class=\"aps-card aps-callout aps-callout--warn\">\n<header class=\"aps-card__head\">\n<h2 class=\"aps-h\">Installation et avertissements<\/h2>\n<p class=\"aps-sub\">Notes pour un montage correct.<\/p>\n<\/header>\n<p>\n      Pour monter le nouveau haut-parleur, il faut ouvrir le bo\u00eetier inf\u00e9rieur du Mac. C'est une op\u00e9ration qui demande un peu de patience car vous allez devoir agir \u00e0 proximit\u00e9 de pi\u00e8ces tr\u00e8s sensibles. Pensez toujours \u00e0 d\u00e9brancher la batterie avant de commencer \u00e0 toucher les composants internes. Si vous ne vous sentez pas capable de r\u00e9aliser cette op\u00e9ration vous-m\u00eame, nous vous conseillons de demander l'aide d'un technicien exp\u00e9riment\u00e9 afin d'\u00e9viter tout dommage accidentel.\n    <\/p>\n<\/section>\n<section class=\"aps-card aps-callout aps-callout--info\">\n<header class=\"aps-card__head\">\n<h2 class=\"aps-h\">Vous avez un doute quant au bon choix du composant de remplacement ?<\/h2>\n<p class=\"aps-sub\">Contactez-nous pour obtenir de l\u2019aide dans le choix du composant de remplacement adapt\u00e9 \u00e0 votre appareil.<\/p>\n<\/header>\n<div class=\"aps-cta\">\n      <a class=\"aps-btn\" href=\"mailto:info@apfelspare.ch\">info@apfelspare.ch<\/a><br \/>\n      <span class=\"aps-cta__hint\">Envoyez-nous le num\u00e9ro de s\u00e9rie de votre MacBook Pro : nous v\u00e9rifierons rapidement la compatibilit\u00e9 exacte.<\/span>\n    <\/div>\n<\/section>\n<\/div>","protected":false},"excerpt":{"rendered":"<p>Haut-parleur droit reconditionn\u00e9 pour MacBook Pro 17\u2033 A1297 (Early 2011 - Late 2011)<\/p>","protected":false},"featured_media":15384,"comment_status":"closed","ping_status":"closed","template":"","meta":{"_acf_changed":false,"_et_pb_use_builder":"","_et_pb_old_content":"","_et_gb_content_width":""},"product_brand":[],"product_cat":[183,17,19,109,108],"product_tag":[],"class_list":{"0":"post-15383","1":"product","2":"type-product","3":"status-publish","4":"has-post-thumbnail","6":"product_cat-altoparlanti","7":"product_cat-category-macbook-pro","8":"product_cat-parti-ricambio-seconda-mano","9":"product_cat-macbook-pro-17-late-2011-a1297","10":"product_cat-macbook-pro-17-early-2011-a1297","12":"first","13":"onbackorder","14":"shipping-taxable","15":"purchasable","16":"product-type-simple"},"acf":[],"yoast_head":"<!-- This site is optimized with the Yoast SEO plugin v27.4 - https:\/\/yoast.com\/product\/yoast-seo-wordpress\/ -->\n<title>Altoparlante destro per MacBook Pro 17&quot; A1297 (Early 2011 \u2013 Late 2011) \u2013 RICONDIZIONATO<\/title>\n<meta name=\"description\" content=\"Altoparlante destro usato per MacBook Pro 17&quot; A1297 (Early 2011 \u2013 Late 2011). Ricambio testato.\" \/>\n<meta name=\"robots\" content=\"index, follow, max-snippet:-1, max-image-preview:large, max-video-preview:-1\" \/>\n<link rel=\"canonical\" href=\"https:\/\/tipicino.ch\/apfelspare\/fr\/produit\/enceinte-droite-macbook-pro-17-a1297-debut-fin-2011-occasion\/\" \/>\n<meta property=\"og:locale\" content=\"fr_FR\" \/>\n<meta property=\"og:type\" content=\"article\" \/>\n<meta property=\"og:title\" content=\"Altoparlante destro per MacBook Pro 17&quot; A1297 (Early 2011 \u2013 Late 2011) \u2013 RICONDIZIONATO\" \/>\n<meta property=\"og:description\" content=\"Altoparlante destro usato per MacBook Pro 17&quot; A1297 (Early 2011 \u2013 Late 2011). Ricambio testato.\" \/>\n<meta property=\"og:url\" content=\"https:\/\/tipicino.ch\/apfelspare\/fr\/produit\/enceinte-droite-macbook-pro-17-a1297-debut-fin-2011-occasion\/\" \/>\n<meta property=\"og:site_name\" content=\"Ricambi MacBook Pro, MacBook Air e iMac in Svizzera \u2013 Display, Tastiere, Batterie, Trackpad\" \/>\n<meta property=\"article:modified_time\" content=\"2026-02-18T12:14:48+00:00\" \/>\n<meta property=\"og:image\" content=\"https:\/\/tipicino.ch\/apfelspare\/wp-content\/uploads\/2025\/06\/altoparlante-destro-macbook-pro-17-a1297-early-late-2011-usato.png\" \/>\n\t<meta property=\"og:image:width\" content=\"1000\" \/>\n\t<meta property=\"og:image:height\" content=\"1000\" \/>\n\t<meta property=\"og:image:type\" content=\"image\/png\" \/>\n<meta name=\"twitter:card\" content=\"summary_large_image\" \/>\n<meta name=\"twitter:label1\" content=\"Dur\u00e9e de lecture estim\u00e9e\" \/>\n\t<meta name=\"twitter:data1\" content=\"1 minute\" \/>\n<!-- \/ Yoast SEO plugin. -->","yoast_head_json":{"title":"Haut-parleur droit pour MacBook Pro 17\" A1297 (Early 2011 - Late 2011) - RECONDITIONN\u00c9","description":"Haut-parleur droit usag\u00e9 pour MacBook Pro 17\" A1297 (Early 2011 - Late 2011). Remplacement test\u00e9.","robots":{"index":"index","follow":"follow","max-snippet":"max-snippet:-1","max-image-preview":"max-image-preview:large","max-video-preview":"max-video-preview:-1"},"canonical":"https:\/\/tipicino.ch\/apfelspare\/fr\/produit\/enceinte-droite-macbook-pro-17-a1297-debut-fin-2011-occasion\/","og_locale":"fr_FR","og_type":"article","og_title":"Altoparlante destro per MacBook Pro 17\" A1297 (Early 2011 \u2013 Late 2011) \u2013 RICONDIZIONATO","og_description":"Altoparlante destro usato per MacBook Pro 17\" A1297 (Early 2011 \u2013 Late 2011). Ricambio testato.","og_url":"https:\/\/tipicino.ch\/apfelspare\/fr\/produit\/enceinte-droite-macbook-pro-17-a1297-debut-fin-2011-occasion\/","og_site_name":"Ricambi MacBook Pro, MacBook Air e iMac in Svizzera \u2013 Display, Tastiere, Batterie, Trackpad","article_modified_time":"2026-02-18T12:14:48+00:00","og_image":[{"width":1000,"height":1000,"url":"https:\/\/tipicino.ch\/apfelspare\/wp-content\/uploads\/2025\/06\/altoparlante-destro-macbook-pro-17-a1297-early-late-2011-usato.png","type":"image\/png"}],"twitter_card":"summary_large_image","twitter_misc":{"Dur\u00e9e de lecture estim\u00e9e":"1 minute"},"schema":{"@context":"https:\/\/schema.org","@graph":[{"@type":"WebPage","@id":"https:\/\/tipicino.ch\/apfelspare\/fr\/prodotto\/altoparlante-destro-macbook-pro-17-a1297-early-late-2011-usato\/","url":"https:\/\/tipicino.ch\/apfelspare\/fr\/prodotto\/altoparlante-destro-macbook-pro-17-a1297-early-late-2011-usato\/","name":"Haut-parleur droit pour MacBook Pro 17\" A1297 (Early 2011 - Late 2011) - RECONDITIONN\u00c9","isPartOf":{"@id":"https:\/\/tipicino.ch\/apfelspare\/fr\/#website"},"primaryImageOfPage":{"@id":"https:\/\/tipicino.ch\/apfelspare\/fr\/prodotto\/altoparlante-destro-macbook-pro-17-a1297-early-late-2011-usato\/#primaryimage"},"image":{"@id":"https:\/\/tipicino.ch\/apfelspare\/fr\/prodotto\/altoparlante-destro-macbook-pro-17-a1297-early-late-2011-usato\/#primaryimage"},"thumbnailUrl":"https:\/\/tipicino.ch\/apfelspare\/wp-content\/uploads\/2025\/06\/altoparlante-destro-macbook-pro-17-a1297-early-late-2011-usato.png","datePublished":"2025-06-17T14:35:48+00:00","dateModified":"2026-02-18T12:14:48+00:00","description":"Haut-parleur droit usag\u00e9 pour MacBook Pro 17\" A1297 (Early 2011 - Late 2011). Remplacement test\u00e9.","breadcrumb":{"@id":"https:\/\/tipicino.ch\/apfelspare\/fr\/prodotto\/altoparlante-destro-macbook-pro-17-a1297-early-late-2011-usato\/#breadcrumb"},"inLanguage":"fr-CH","potentialAction":[{"@type":"ReadAction","target":["https:\/\/tipicino.ch\/apfelspare\/fr\/prodotto\/altoparlante-destro-macbook-pro-17-a1297-early-late-2011-usato\/"]}]},{"@type":"ImageObject","inLanguage":"fr-CH","@id":"https:\/\/tipicino.ch\/apfelspare\/fr\/prodotto\/altoparlante-destro-macbook-pro-17-a1297-early-late-2011-usato\/#primaryimage","url":"https:\/\/tipicino.ch\/apfelspare\/wp-content\/uploads\/2025\/06\/altoparlante-destro-macbook-pro-17-a1297-early-late-2011-usato.png","contentUrl":"https:\/\/tipicino.ch\/apfelspare\/wp-content\/uploads\/2025\/06\/altoparlante-destro-macbook-pro-17-a1297-early-late-2011-usato.png","width":1000,"height":1000,"caption":"Altoparlante destro per MacBook Pro 17\" A1297 (Early 2011 \u2013 Late 2011) \u2013 usato"},{"@type":"BreadcrumbList","@id":"https:\/\/tipicino.ch\/apfelspare\/fr\/prodotto\/altoparlante-destro-macbook-pro-17-a1297-early-late-2011-usato\/#breadcrumb","itemListElement":[{"@type":"ListItem","position":1,"name":"Home","item":"https:\/\/tipicino.ch\/apfelspare\/fr\/"},{"@type":"ListItem","position":2,"name":"Shop","item":"https:\/\/tipicino.ch\/apfelspare\/fr\/shop\/"},{"@type":"ListItem","position":3,"name":"Altoparlante destro per MacBook Pro 17&#8243; A1297 (Early 2011 \u2013 Late 2011) \u2013 RICONDIZIONATO"}]},{"@type":"WebSite","@id":"https:\/\/tipicino.ch\/apfelspare\/fr\/#website","url":"https:\/\/tipicino.ch\/apfelspare\/fr\/","name":"Pi\u00e8ces d\u00e9tach\u00e9es MacBook Pro, MacBook Air et iMac en Suisse \u2013 \u00c9crans, Claviers, Batteries, Trackpads","description":"","publisher":{"@id":"https:\/\/tipicino.ch\/apfelspare\/fr\/#organization"},"potentialAction":[{"@type":"SearchAction","target":{"@type":"EntryPoint","urlTemplate":"https:\/\/tipicino.ch\/apfelspare\/fr\/?s={search_term_string}"},"query-input":{"@type":"PropertyValueSpecification","valueRequired":true,"valueName":"search_term_string"}}],"inLanguage":"fr-CH"},{"@type":"Organization","@id":"https:\/\/tipicino.ch\/apfelspare\/fr\/#organization","name":"tipicino.ch\/apfelspare","url":"https:\/\/tipicino.ch\/apfelspare\/fr\/","logo":{"@type":"ImageObject","inLanguage":"fr-CH","@id":"https:\/\/tipicino.ch\/apfelspare\/fr\/#\/schema\/logo\/image\/","url":"https:\/\/tipicino.ch\/apfelspare\/wp-content\/uploads\/2025\/08\/cropped-FAVICON-tipicino.ch\/apfelspare_.png","contentUrl":"https:\/\/tipicino.ch\/apfelspare\/wp-content\/uploads\/2025\/08\/cropped-FAVICON-tipicino.ch\/apfelspare_.png","width":512,"height":512,"caption":"tipicino.ch\/apfelspare"},"image":{"@id":"https:\/\/tipicino.ch\/apfelspare\/fr\/#\/schema\/logo\/image\/"}}]}},"_links":{"self":[{"href":"https:\/\/tipicino.ch\/apfelspare\/fr\/wp-json\/wp\/v2\/product\/15383","targetHints":{"allow":["GET"]}}],"collection":[{"href":"https:\/\/tipicino.ch\/apfelspare\/fr\/wp-json\/wp\/v2\/product"}],"about":[{"href":"https:\/\/tipicino.ch\/apfelspare\/fr\/wp-json\/wp\/v2\/types\/product"}],"replies":[{"embeddable":true,"href":"https:\/\/tipicino.ch\/apfelspare\/fr\/wp-json\/wp\/v2\/comments?post=15383"}],"wp:featuredmedia":[{"embeddable":true,"href":"https:\/\/tipicino.ch\/apfelspare\/fr\/wp-json\/wp\/v2\/media\/15384"}],"wp:attachment":[{"href":"https:\/\/tipicino.ch\/apfelspare\/fr\/wp-json\/wp\/v2\/media?parent=15383"}],"wp:term":[{"taxonomy":"product_brand","embeddable":true,"href":"https:\/\/tipicino.ch\/apfelspare\/fr\/wp-json\/wp\/v2\/product_brand?post=15383"},{"taxonomy":"product_cat","embeddable":true,"href":"https:\/\/tipicino.ch\/apfelspare\/fr\/wp-json\/wp\/v2\/product_cat?post=15383"},{"taxonomy":"product_tag","embeddable":true,"href":"https:\/\/tipicino.ch\/apfelspare\/fr\/wp-json\/wp\/v2\/product_tag?post=15383"}],"curies":[{"name":"wp","href":"https:\/\/api.w.org\/{rel}","templated":true}]}}