{"id":15403,"date":"2025-06-17T20:54:03","date_gmt":"2025-06-17T20:54:03","guid":{"rendered":"https:\/\/tipicino.ch\/apfelspare\/?post_type=product&#038;p=15403"},"modified":"2026-03-13T13:55:20","modified_gmt":"2026-03-13T13:55:20","slug":"haut-parleur-droit-macbook-air-13-a2337-late-2020","status":"publish","type":"product","link":"https:\/\/tipicino.ch\/apfelspare\/fr\/prodotto\/altoparlante-destro-macbook-air-13-a2337-late-2020\/","title":{"rendered":"Haut-parleur droit pour MacBook Air 13\u2033 A2337 (Late 2020)"},"content":{"rendered":"<div class=\"aps-pdp\">\n<section class=\"aps-card\">\n<header class=\"aps-card__head\">\n<h2 class=\"aps-h\">Haut-parleur droit pour MacBook Air 13\" A2337 (Late 2020) M1<\/h2>\n<p class=\"aps-sub\">Module de son interne de remplacement pour MacBook Air 13 pouces avec Apple Silicon.<\/p>\n<\/header>\n<p>\n      Le son de votre MacBook Air M1 a cess\u00e9 d'\u00eatre cristallin ? Si le son provenant du c\u00f4t\u00e9 droit est d\u00e9form\u00e9, gr\u00e9sillant ou compl\u00e8tement absent, le probl\u00e8me peut \u00eatre d\u00fb \u00e0 l'usure de la fine membrane situ\u00e9e \u00e0 l'int\u00e9rieur du haut-parleur. Cette nouvelle pi\u00e8ce de rechange r\u00e9tablira la qualit\u00e9 sonore d'origine de l'appareil, en garantissant un son \u00e9quilibr\u00e9 et propre. La pi\u00e8ce comprend d\u00e9j\u00e0 un adh\u00e9sif de fixation pour assurer un montage stable et sans vibration.\n    <\/p>\n<div class=\"aps-note aps-note--warn\">\n      <span class=\"aps-note__ico\">!<\/span><br \/>\n      <span class=\"aps-note__txt\"><strong>AVIS DE COMPATIBILIT\u00c9 :<\/strong> Ce haut-parleur est con\u00e7u sp\u00e9cifiquement pour le A2337 avec puce M1. Bien qu'esth\u00e9tiquement similaires aux mod\u00e8les pr\u00e9c\u00e9dents, les connecteurs et la forme sont diff\u00e9rents. Nous vous conseillons de v\u00e9rifier le code \u201cA2337\u201d grav\u00e9 sous votre MacBook avant l'achat.<\/span>\n    <\/div>\n<\/section>\n<section class=\"aps-card\">\n<header class=\"aps-card__head\">\n<h2 class=\"aps-h\">Mod\u00e8les compatibles<\/h2>\n<p class=\"aps-sub\">MacBook Air 13\u2033 Retina version compatible avec ce remplacement.<\/p>\n<\/header>\n<ul class=\"aps-check\">\n<li><strong>MacBook Air 13\" A2337 (Late 2020)<\/strong> <span class=\"aps-badge\">MacBookAir10.1<\/span><\/li>\n<\/ul>\n<\/section>\n<section class=\"aps-card\">\n<header class=\"aps-card__head\">\n<h2 class=\"aps-h\">Caract\u00e9ristiques techniques<\/h2>\n<p class=\"aps-sub\">D\u00e9tails du composant audio.<\/p>\n<\/header>\n<div class=\"aps-specgrid\">\n<div class=\"aps-spec\">\n<div><span>Type de composant<\/span><strong>Haut-parleur interne<\/strong><\/div>\n<\/div>\n<div class=\"aps-spec\">\n<div><span>C\u00f4t\u00e9<\/span><strong>Droit (le c\u00f4t\u00e9 est \u00e0 consid\u00e9rer lorsque le Mac est ouvert et d\u00e9mont\u00e9, avec la batterie orient\u00e9e vers vous)<\/strong><\/div>\n<\/div>\n<div class=\"aps-spec\">\n<div><span>\u00c9tat<\/span><strong>Neuf<\/strong><\/div>\n<\/div>\n<div class=\"aps-spec\">\n<div><span>Adh\u00e9sif de fixation<\/span><strong>Inclus<\/strong><\/div>\n<\/div><\/div>\n<\/section>\n<section class=\"aps-card aps-callout aps-callout--warn\">\n<header class=\"aps-card__head\">\n<h2 class=\"aps-h\">Installation et avertissements<\/h2>\n<p class=\"aps-sub\">Conseils pour une r\u00e9paration en toute s\u00e9curit\u00e9.<\/p>\n<\/header>\n<p>\n      Pour remplacer le haut-parleur droit, il est n\u00e9cessaire de retirer le couvercle arri\u00e8re du MacBook. S'agissant d'un mod\u00e8le M1, les composants internes sont tr\u00e8s compacts et les connecteurs sont extr\u00eamement d\u00e9licats. Il est obligatoire de d\u00e9connecter la batterie dans un premier temps pour travailler en toute s\u00e9curit\u00e9. Si vous n'\u00eates pas familier avec le d\u00e9montage de ces petites pi\u00e8ces \u00e9lectroniques, nous vous conseillons de demander l'aide d'un technicien exp\u00e9riment\u00e9 afin de ne pas risquer d'endommager la carte m\u00e8re.\n    <\/p>\n<\/section>\n<section class=\"aps-card aps-callout aps-callout--info\">\n<header class=\"aps-card__head\">\n<h2 class=\"aps-h\">Vous avez un doute quant au bon choix du composant de remplacement ?<\/h2>\n<p class=\"aps-sub\">Contactez-nous pour obtenir de l\u2019aide dans le choix du composant de remplacement adapt\u00e9 \u00e0 votre appareil.<\/p>\n<\/header>\n<div class=\"aps-cta\">\n      <a class=\"aps-btn\" href=\"mailto:info@apfelspare.ch\">info@apfelspare.ch<\/a><br \/>\n      <span class=\"aps-cta__hint\">Envoyez-nous le num\u00e9ro de s\u00e9rie de votre MacBook Air et nous v\u00e9rifierons rapidement la compatibilit\u00e9.<\/span>\n    <\/div>\n<\/section>\n<\/div>","protected":false},"excerpt":{"rendered":"<p>Haut-parleur droit pour MacBook Air 13\u2033 A2337 (Late 2020). Remplacement de qualit\u00e9 avec adh\u00e9sif inclus, pr\u00eat \u00e0 installer<\/p>","protected":false},"featured_media":15404,"comment_status":"closed","ping_status":"closed","template":"","meta":{"_acf_changed":false,"_et_pb_use_builder":"","_et_pb_old_content":"","_et_gb_content_width":""},"product_brand":[],"product_cat":[114,183,20],"product_tag":[],"class_list":{"0":"post-15403","1":"product","2":"type-product","3":"status-publish","4":"has-post-thumbnail","6":"product_cat-macbook-air-13-late-2020-a2337","7":"product_cat-altoparlanti","8":"product_cat-category-macbook-air","9":"product_shipping_class-1-2-disponibili","11":"first","12":"instock","13":"shipping-taxable","14":"purchasable","15":"product-type-simple"},"acf":[],"yoast_head":"<!-- This site is optimized with the Yoast SEO plugin v27.4 - https:\/\/yoast.com\/product\/yoast-seo-wordpress\/ -->\n<title>Altoparlante destro per MacBook Air 13&quot; A2337 (Late 2020)<\/title>\n<meta name=\"description\" content=\"Altoparlante destro per MacBook Air 13&quot; A2337, ideale per problemi audio. Ricambio testato, con adesivo incluso, pronto all\u2019installazione\" \/>\n<meta name=\"robots\" content=\"index, follow, max-snippet:-1, max-image-preview:large, max-video-preview:-1\" \/>\n<link rel=\"canonical\" href=\"https:\/\/tipicino.ch\/apfelspare\/fr\/produit\/haut-parleur-droit-macbook-air-13-a2337-late-2020\/\" \/>\n<meta property=\"og:locale\" content=\"fr_FR\" \/>\n<meta property=\"og:type\" content=\"article\" \/>\n<meta property=\"og:title\" content=\"Altoparlante destro per MacBook Air 13&quot; A2337 (Late 2020)\" \/>\n<meta property=\"og:description\" content=\"Altoparlante destro per MacBook Air 13&quot; A2337, ideale per problemi audio. Ricambio testato, con adesivo incluso, pronto all\u2019installazione\" \/>\n<meta property=\"og:url\" content=\"https:\/\/tipicino.ch\/apfelspare\/fr\/produit\/haut-parleur-droit-macbook-air-13-a2337-late-2020\/\" \/>\n<meta property=\"og:site_name\" content=\"Ricambi MacBook Pro, MacBook Air e iMac in Svizzera \u2013 Display, Tastiere, Batterie, Trackpad\" \/>\n<meta property=\"article:modified_time\" content=\"2026-03-13T13:55:20+00:00\" \/>\n<meta property=\"og:image\" content=\"https:\/\/tipicino.ch\/apfelspare\/wp-content\/uploads\/2025\/06\/altoparlante-destro-macbook-air-13-a2337.png\" \/>\n\t<meta property=\"og:image:width\" content=\"1000\" \/>\n\t<meta property=\"og:image:height\" content=\"1000\" \/>\n\t<meta property=\"og:image:type\" content=\"image\/png\" \/>\n<meta name=\"twitter:card\" content=\"summary_large_image\" \/>\n<meta name=\"twitter:label1\" content=\"Dur\u00e9e de lecture estim\u00e9e\" \/>\n\t<meta name=\"twitter:data1\" content=\"2 minutes\" \/>\n<!-- \/ Yoast SEO plugin. -->","yoast_head_json":{"title":"Haut-parleur droit pour MacBook Air 13\" A2337 (Late 2020)","description":"Haut-parleur droit pour MacBook Air 13\" A2337, id\u00e9al pour les probl\u00e8mes audio. Remplacement test\u00e9, autocollant inclus, pr\u00eat \u00e0 \u00eatre install\u00e9.","robots":{"index":"index","follow":"follow","max-snippet":"max-snippet:-1","max-image-preview":"max-image-preview:large","max-video-preview":"max-video-preview:-1"},"canonical":"https:\/\/tipicino.ch\/apfelspare\/fr\/produit\/haut-parleur-droit-macbook-air-13-a2337-late-2020\/","og_locale":"fr_FR","og_type":"article","og_title":"Altoparlante destro per MacBook Air 13\" A2337 (Late 2020)","og_description":"Altoparlante destro per MacBook Air 13\" A2337, ideale per problemi audio. Ricambio testato, con adesivo incluso, pronto all\u2019installazione","og_url":"https:\/\/tipicino.ch\/apfelspare\/fr\/produit\/haut-parleur-droit-macbook-air-13-a2337-late-2020\/","og_site_name":"Ricambi MacBook Pro, MacBook Air e iMac in Svizzera \u2013 Display, Tastiere, Batterie, Trackpad","article_modified_time":"2026-03-13T13:55:20+00:00","og_image":[{"width":1000,"height":1000,"url":"https:\/\/tipicino.ch\/apfelspare\/wp-content\/uploads\/2025\/06\/altoparlante-destro-macbook-air-13-a2337.png","type":"image\/png"}],"twitter_card":"summary_large_image","twitter_misc":{"Dur\u00e9e de lecture estim\u00e9e":"2 minutes"},"schema":{"@context":"https:\/\/schema.org","@graph":[{"@type":"WebPage","@id":"https:\/\/tipicino.ch\/apfelspare\/fr\/prodotto\/altoparlante-destro-macbook-air-13-a2337-late-2020\/","url":"https:\/\/tipicino.ch\/apfelspare\/fr\/prodotto\/altoparlante-destro-macbook-air-13-a2337-late-2020\/","name":"Haut-parleur droit pour MacBook Air 13\" A2337 (Late 2020)","isPartOf":{"@id":"https:\/\/tipicino.ch\/apfelspare\/fr\/#website"},"primaryImageOfPage":{"@id":"https:\/\/tipicino.ch\/apfelspare\/fr\/prodotto\/altoparlante-destro-macbook-air-13-a2337-late-2020\/#primaryimage"},"image":{"@id":"https:\/\/tipicino.ch\/apfelspare\/fr\/prodotto\/altoparlante-destro-macbook-air-13-a2337-late-2020\/#primaryimage"},"thumbnailUrl":"https:\/\/tipicino.ch\/apfelspare\/wp-content\/uploads\/2025\/06\/altoparlante-destro-macbook-air-13-a2337.png","datePublished":"2025-06-17T20:54:03+00:00","dateModified":"2026-03-13T13:55:20+00:00","description":"Haut-parleur droit pour MacBook Air 13\" A2337, id\u00e9al pour les probl\u00e8mes audio. Remplacement test\u00e9, autocollant inclus, pr\u00eat \u00e0 \u00eatre install\u00e9.","breadcrumb":{"@id":"https:\/\/tipicino.ch\/apfelspare\/fr\/prodotto\/altoparlante-destro-macbook-air-13-a2337-late-2020\/#breadcrumb"},"inLanguage":"fr-CH","potentialAction":[{"@type":"ReadAction","target":["https:\/\/tipicino.ch\/apfelspare\/fr\/prodotto\/altoparlante-destro-macbook-air-13-a2337-late-2020\/"]}]},{"@type":"ImageObject","inLanguage":"fr-CH","@id":"https:\/\/tipicino.ch\/apfelspare\/fr\/prodotto\/altoparlante-destro-macbook-air-13-a2337-late-2020\/#primaryimage","url":"https:\/\/tipicino.ch\/apfelspare\/wp-content\/uploads\/2025\/06\/altoparlante-destro-macbook-air-13-a2337.png","contentUrl":"https:\/\/tipicino.ch\/apfelspare\/wp-content\/uploads\/2025\/06\/altoparlante-destro-macbook-air-13-a2337.png","width":1000,"height":1000,"caption":"Altoparlante destro per MacBook Air 13\" A2337 (Late 2020)"},{"@type":"BreadcrumbList","@id":"https:\/\/tipicino.ch\/apfelspare\/fr\/prodotto\/altoparlante-destro-macbook-air-13-a2337-late-2020\/#breadcrumb","itemListElement":[{"@type":"ListItem","position":1,"name":"Home","item":"https:\/\/tipicino.ch\/apfelspare\/fr\/"},{"@type":"ListItem","position":2,"name":"Shop","item":"https:\/\/tipicino.ch\/apfelspare\/fr\/shop\/"},{"@type":"ListItem","position":3,"name":"Altoparlante destro per MacBook Air 13&#8243; A2337 (Late 2020)"}]},{"@type":"WebSite","@id":"https:\/\/tipicino.ch\/apfelspare\/fr\/#website","url":"https:\/\/tipicino.ch\/apfelspare\/fr\/","name":"Pi\u00e8ces d\u00e9tach\u00e9es MacBook Pro, MacBook Air et iMac en Suisse \u2013 \u00c9crans, Claviers, Batteries, Trackpads","description":"","publisher":{"@id":"https:\/\/tipicino.ch\/apfelspare\/fr\/#organization"},"potentialAction":[{"@type":"SearchAction","target":{"@type":"EntryPoint","urlTemplate":"https:\/\/tipicino.ch\/apfelspare\/fr\/?s={search_term_string}"},"query-input":{"@type":"PropertyValueSpecification","valueRequired":true,"valueName":"search_term_string"}}],"inLanguage":"fr-CH"},{"@type":"Organization","@id":"https:\/\/tipicino.ch\/apfelspare\/fr\/#organization","name":"tipicino.ch\/apfelspare","url":"https:\/\/tipicino.ch\/apfelspare\/fr\/","logo":{"@type":"ImageObject","inLanguage":"fr-CH","@id":"https:\/\/tipicino.ch\/apfelspare\/fr\/#\/schema\/logo\/image\/","url":"https:\/\/tipicino.ch\/apfelspare\/wp-content\/uploads\/2025\/08\/cropped-FAVICON-tipicino.ch\/apfelspare_.png","contentUrl":"https:\/\/tipicino.ch\/apfelspare\/wp-content\/uploads\/2025\/08\/cropped-FAVICON-tipicino.ch\/apfelspare_.png","width":512,"height":512,"caption":"tipicino.ch\/apfelspare"},"image":{"@id":"https:\/\/tipicino.ch\/apfelspare\/fr\/#\/schema\/logo\/image\/"}}]}},"_links":{"self":[{"href":"https:\/\/tipicino.ch\/apfelspare\/fr\/wp-json\/wp\/v2\/product\/15403","targetHints":{"allow":["GET"]}}],"collection":[{"href":"https:\/\/tipicino.ch\/apfelspare\/fr\/wp-json\/wp\/v2\/product"}],"about":[{"href":"https:\/\/tipicino.ch\/apfelspare\/fr\/wp-json\/wp\/v2\/types\/product"}],"replies":[{"embeddable":true,"href":"https:\/\/tipicino.ch\/apfelspare\/fr\/wp-json\/wp\/v2\/comments?post=15403"}],"wp:featuredmedia":[{"embeddable":true,"href":"https:\/\/tipicino.ch\/apfelspare\/fr\/wp-json\/wp\/v2\/media\/15404"}],"wp:attachment":[{"href":"https:\/\/tipicino.ch\/apfelspare\/fr\/wp-json\/wp\/v2\/media?parent=15403"}],"wp:term":[{"taxonomy":"product_brand","embeddable":true,"href":"https:\/\/tipicino.ch\/apfelspare\/fr\/wp-json\/wp\/v2\/product_brand?post=15403"},{"taxonomy":"product_cat","embeddable":true,"href":"https:\/\/tipicino.ch\/apfelspare\/fr\/wp-json\/wp\/v2\/product_cat?post=15403"},{"taxonomy":"product_tag","embeddable":true,"href":"https:\/\/tipicino.ch\/apfelspare\/fr\/wp-json\/wp\/v2\/product_tag?post=15403"}],"curies":[{"name":"wp","href":"https:\/\/api.w.org\/{rel}","templated":true}]}}