{"id":15407,"date":"2025-06-17T21:06:55","date_gmt":"2025-06-17T21:06:55","guid":{"rendered":"https:\/\/tipicino.ch\/apfelspare\/?post_type=product&#038;p=15407"},"modified":"2026-03-13T14:20:15","modified_gmt":"2026-03-13T14:20:15","slug":"haut-parleur-droit-pour-macbook-air-13-a2179-early-2020","status":"publish","type":"product","link":"https:\/\/tipicino.ch\/apfelspare\/fr\/prodotto\/altoparlante-destro-per-macbook-air-13-a2179-early-2020\/","title":{"rendered":"Haut-parleur droit pour MacBook Air 13\u2033 A2179 (Early 2020)"},"content":{"rendered":"<div class=\"aps-pdp\">\n<section class=\"aps-card\">\n<header class=\"aps-card__head\">\n<h2 class=\"aps-h\">Haut-parleur droit pour MacBook Air 13\" A2179 (Early 2020)<\/h2>\n<p class=\"aps-sub\">Module de son interne c\u00f4t\u00e9 droit pour MacBook Air Retina 13 pouces.<\/p>\n<\/header>\n<p>\n      Le son de votre MacBook Air 13\u2033 a commenc\u00e9 \u00e0 gr\u00e9siller ou \u00e0 \u00eatre d\u00e9form\u00e9 du c\u00f4t\u00e9 droit ? Ce dysfonctionnement pourrait \u00eatre d\u00fb \u00e0 l'usure de la membrane du haut-parleur d'origine. Comme il s'agit d'une pi\u00e8ce tr\u00e8s fine, la poussi\u00e8re ou de petits d\u00e9bris pourraient compromettre sa qualit\u00e9 au fil du temps. En rempla\u00e7ant la pi\u00e8ce par cette nouvelle pi\u00e8ce de rechange, vous pourrez r\u00e9soudre les probl\u00e8mes de son et recommencer \u00e0 \u00e9couter de la musique et des films avec un son clair. Le composant comprend d\u00e9j\u00e0 l'adh\u00e9sif n\u00e9cessaire pour assurer une fixation stable et sans bourdonnement.\n    <\/p>\n<div class=\"aps-note aps-note--warn\">\n      <span class=\"aps-note__ico\">!<\/span><br \/>\n      <span class=\"aps-note__txt\"><strong>AVIS DE COMPATIBILIT\u00c9 :<\/strong> Ce haut-parleur est sp\u00e9cialement con\u00e7u pour le mod\u00e8le A2179 (Early 2020 avec Magic Keyboard). Il n'est pas compatible avec les mod\u00e8les ant\u00e9rieurs (A1932) ou ult\u00e9rieurs dot\u00e9s de la puce Apple Silicon (A2337). Veuillez v\u00e9rifier le code \u201cA2179\u201d grav\u00e9 sous l'ordinateur.<\/span>\n    <\/div>\n<\/section>\n<section class=\"aps-card\">\n<header class=\"aps-card__head\">\n<h2 class=\"aps-h\">Mod\u00e8les compatibles<\/h2>\n<p class=\"aps-sub\">Liste des versions compatibles du MacBook Air 13\u2033 Retina.<\/p>\n<\/header>\n<ul class=\"aps-check\">\n<li><strong>MacBook Air 13\" A2179 (Early 2020)<\/strong> <span class=\"aps-badge\">MacBookAir9.1<\/span><\/li>\n<\/ul>\n<\/section>\n<section class=\"aps-card\">\n<header class=\"aps-card__head\">\n<h2 class=\"aps-h\">Caract\u00e9ristiques techniques<\/h2>\n<p class=\"aps-sub\">Sp\u00e9cifications de la pi\u00e8ce de rechange audio.<\/p>\n<\/header>\n<div class=\"aps-specgrid\">\n<div class=\"aps-spec\">\n<div><span>Type de composant<\/span><strong>Haut-parleur interne<\/strong><\/div>\n<\/div>\n<div class=\"aps-spec\">\n<div><span>C\u00f4t\u00e9<\/span><strong>Droit (le c\u00f4t\u00e9 est \u00e0 consid\u00e9rer lorsque le Mac est ouvert et d\u00e9mont\u00e9, avec la batterie orient\u00e9e vers vous)<\/strong><\/div>\n<\/div>\n<div class=\"aps-spec\">\n<div><span>\u00c9tat<\/span><strong>Neuf<\/strong><\/div>\n<\/div>\n<div class=\"aps-spec\">\n<div><span>Adh\u00e9sif de fixation<\/span><strong>Inclus<\/strong><\/div>\n<\/div><\/div>\n<\/section>\n<section class=\"aps-card aps-callout aps-callout--warn\">\n<header class=\"aps-card__head\">\n<h2 class=\"aps-h\">Installation et avertissements<\/h2>\n<p class=\"aps-sub\">Conseils de montage.<\/p>\n<\/header>\n<p>\n      Pour remplacer le haut-parleur droit, il faut retirer le couvercle arri\u00e8re du MacBook. L'op\u00e9ration demande de la pr\u00e9cision car les connecteurs internes sont tr\u00e8s petits et d\u00e9licats. Il est essentiel de penser \u00e0 d\u00e9brancher la batterie, premi\u00e8re \u00e9tape obligatoire pour travailler en toute s\u00e9curit\u00e9. Si vous n'\u00eates pas familier avec le d\u00e9montage de pi\u00e8ces \u00e9lectroniques, nous vous recommandons de vous faire assister par un technicien exp\u00e9riment\u00e9 afin de ne pas risquer d'endommager la carte m\u00e8re.\n    <\/p>\n<\/section>\n<section class=\"aps-card aps-callout aps-callout--info\">\n<header class=\"aps-card__head\">\n<h2 class=\"aps-h\">Vous avez un doute quant au bon choix du composant de remplacement ?<\/h2>\n<p class=\"aps-sub\">Contactez-nous pour obtenir de l\u2019aide dans le choix du composant de remplacement adapt\u00e9 \u00e0 votre appareil.<\/p>\n<\/header>\n<div class=\"aps-cta\">\n      <a class=\"aps-btn\" href=\"mailto:info@apfelspare.ch\">info@apfelspare.ch<\/a><br \/>\n      <span class=\"aps-cta__hint\">Envoyez-nous le num\u00e9ro de s\u00e9rie de votre MacBook Air et nous v\u00e9rifierons rapidement la compatibilit\u00e9.<\/span>\n    <\/div>\n<\/section>\n<\/div>","protected":false},"excerpt":{"rendered":"<p>Haut-parleur droit pour MacBook Air 13\u2033 A2179 (Early 2020). Remplacement de qualit\u00e9, avec adh\u00e9sif inclus, pr\u00eat \u00e0 \u00eatre install\u00e9.<\/p>","protected":false},"featured_media":15408,"comment_status":"closed","ping_status":"closed","template":"","meta":{"_acf_changed":false,"_et_pb_use_builder":"","_et_pb_old_content":"","_et_gb_content_width":""},"product_brand":[],"product_cat":[115,183,20],"product_tag":[],"class_list":{"0":"post-15407","1":"product","2":"type-product","3":"status-publish","4":"has-post-thumbnail","6":"product_cat-macbook-air-13-early-2020-a2179","7":"product_cat-altoparlanti","8":"product_cat-category-macbook-air","10":"first","11":"onbackorder","12":"shipping-taxable","13":"purchasable","14":"product-type-simple"},"acf":[],"yoast_head":"<!-- This site is optimized with the Yoast SEO plugin v27.4 - https:\/\/yoast.com\/product\/yoast-seo-wordpress\/ -->\n<title>Altoparlante destro per MacBook Air 13&quot; A2179 (Early 2020)<\/title>\n<meta name=\"description\" content=\"Altoparlante destro per MacBook Air 13&quot; A2179, ideale per problemi audio. Ricambio testato, con adesivo incluso, pronto all\u2019installazione\" \/>\n<meta name=\"robots\" content=\"index, follow, max-snippet:-1, max-image-preview:large, max-video-preview:-1\" \/>\n<link rel=\"canonical\" href=\"https:\/\/tipicino.ch\/apfelspare\/fr\/produit\/haut-parleur-droit-pour-macbook-air-13-a2179-early-2020\/\" \/>\n<meta property=\"og:locale\" content=\"fr_FR\" \/>\n<meta property=\"og:type\" content=\"article\" \/>\n<meta property=\"og:title\" content=\"Altoparlante destro per MacBook Air 13&quot; A2179 (Early 2020)\" \/>\n<meta property=\"og:description\" content=\"Altoparlante destro per MacBook Air 13&quot; A2179, ideale per problemi audio. Ricambio testato, con adesivo incluso, pronto all\u2019installazione\" \/>\n<meta property=\"og:url\" content=\"https:\/\/tipicino.ch\/apfelspare\/fr\/produit\/haut-parleur-droit-pour-macbook-air-13-a2179-early-2020\/\" \/>\n<meta property=\"og:site_name\" content=\"Ricambi MacBook Pro, MacBook Air e iMac in Svizzera \u2013 Display, Tastiere, Batterie, Trackpad\" \/>\n<meta property=\"article:modified_time\" content=\"2026-03-13T14:20:15+00:00\" \/>\n<meta property=\"og:image\" content=\"https:\/\/tipicino.ch\/apfelspare\/wp-content\/uploads\/2025\/06\/altoparlante-destro-macbook-air-13-a2179.png\" \/>\n\t<meta property=\"og:image:width\" content=\"1000\" \/>\n\t<meta property=\"og:image:height\" content=\"1000\" \/>\n\t<meta property=\"og:image:type\" content=\"image\/png\" \/>\n<meta name=\"twitter:card\" content=\"summary_large_image\" \/>\n<meta name=\"twitter:label1\" content=\"Dur\u00e9e de lecture estim\u00e9e\" \/>\n\t<meta name=\"twitter:data1\" content=\"2 minutes\" \/>\n<!-- \/ Yoast SEO plugin. -->","yoast_head_json":{"title":"Haut-parleur droit pour MacBook Air 13\" A2179 (Early 2020)","description":"Haut-parleur droit pour MacBook Air 13\" A2179, id\u00e9al pour les probl\u00e8mes audio. Remplacement test\u00e9, autocollant inclus, pr\u00eat \u00e0 \u00eatre install\u00e9.","robots":{"index":"index","follow":"follow","max-snippet":"max-snippet:-1","max-image-preview":"max-image-preview:large","max-video-preview":"max-video-preview:-1"},"canonical":"https:\/\/tipicino.ch\/apfelspare\/fr\/produit\/haut-parleur-droit-pour-macbook-air-13-a2179-early-2020\/","og_locale":"fr_FR","og_type":"article","og_title":"Altoparlante destro per MacBook Air 13\" A2179 (Early 2020)","og_description":"Altoparlante destro per MacBook Air 13\" A2179, ideale per problemi audio. Ricambio testato, con adesivo incluso, pronto all\u2019installazione","og_url":"https:\/\/tipicino.ch\/apfelspare\/fr\/produit\/haut-parleur-droit-pour-macbook-air-13-a2179-early-2020\/","og_site_name":"Ricambi MacBook Pro, MacBook Air e iMac in Svizzera \u2013 Display, Tastiere, Batterie, Trackpad","article_modified_time":"2026-03-13T14:20:15+00:00","og_image":[{"width":1000,"height":1000,"url":"https:\/\/tipicino.ch\/apfelspare\/wp-content\/uploads\/2025\/06\/altoparlante-destro-macbook-air-13-a2179.png","type":"image\/png"}],"twitter_card":"summary_large_image","twitter_misc":{"Dur\u00e9e de lecture estim\u00e9e":"2 minutes"},"schema":{"@context":"https:\/\/schema.org","@graph":[{"@type":"WebPage","@id":"https:\/\/tipicino.ch\/apfelspare\/fr\/prodotto\/altoparlante-destro-per-macbook-air-13-a2179-early-2020\/","url":"https:\/\/tipicino.ch\/apfelspare\/fr\/prodotto\/altoparlante-destro-per-macbook-air-13-a2179-early-2020\/","name":"Haut-parleur droit pour MacBook Air 13\" A2179 (Early 2020)","isPartOf":{"@id":"https:\/\/tipicino.ch\/apfelspare\/fr\/#website"},"primaryImageOfPage":{"@id":"https:\/\/tipicino.ch\/apfelspare\/fr\/prodotto\/altoparlante-destro-per-macbook-air-13-a2179-early-2020\/#primaryimage"},"image":{"@id":"https:\/\/tipicino.ch\/apfelspare\/fr\/prodotto\/altoparlante-destro-per-macbook-air-13-a2179-early-2020\/#primaryimage"},"thumbnailUrl":"https:\/\/tipicino.ch\/apfelspare\/wp-content\/uploads\/2025\/06\/altoparlante-destro-macbook-air-13-a2179.png","datePublished":"2025-06-17T21:06:55+00:00","dateModified":"2026-03-13T14:20:15+00:00","description":"Haut-parleur droit pour MacBook Air 13\" A2179, id\u00e9al pour les probl\u00e8mes audio. Remplacement test\u00e9, autocollant inclus, pr\u00eat \u00e0 \u00eatre install\u00e9.","breadcrumb":{"@id":"https:\/\/tipicino.ch\/apfelspare\/fr\/prodotto\/altoparlante-destro-per-macbook-air-13-a2179-early-2020\/#breadcrumb"},"inLanguage":"fr-CH","potentialAction":[{"@type":"ReadAction","target":["https:\/\/tipicino.ch\/apfelspare\/fr\/prodotto\/altoparlante-destro-per-macbook-air-13-a2179-early-2020\/"]}]},{"@type":"ImageObject","inLanguage":"fr-CH","@id":"https:\/\/tipicino.ch\/apfelspare\/fr\/prodotto\/altoparlante-destro-per-macbook-air-13-a2179-early-2020\/#primaryimage","url":"https:\/\/tipicino.ch\/apfelspare\/wp-content\/uploads\/2025\/06\/altoparlante-destro-macbook-air-13-a2179.png","contentUrl":"https:\/\/tipicino.ch\/apfelspare\/wp-content\/uploads\/2025\/06\/altoparlante-destro-macbook-air-13-a2179.png","width":1000,"height":1000,"caption":"Altoparlante destro per MacBook Air 13\" A2179 (Early 2020)"},{"@type":"BreadcrumbList","@id":"https:\/\/tipicino.ch\/apfelspare\/fr\/prodotto\/altoparlante-destro-per-macbook-air-13-a2179-early-2020\/#breadcrumb","itemListElement":[{"@type":"ListItem","position":1,"name":"Home","item":"https:\/\/tipicino.ch\/apfelspare\/fr\/"},{"@type":"ListItem","position":2,"name":"Shop","item":"https:\/\/tipicino.ch\/apfelspare\/fr\/shop\/"},{"@type":"ListItem","position":3,"name":"Altoparlante destro per MacBook Air 13&#8243; A2179 (Early 2020)"}]},{"@type":"WebSite","@id":"https:\/\/tipicino.ch\/apfelspare\/fr\/#website","url":"https:\/\/tipicino.ch\/apfelspare\/fr\/","name":"Pi\u00e8ces d\u00e9tach\u00e9es MacBook Pro, MacBook Air et iMac en Suisse \u2013 \u00c9crans, Claviers, Batteries, Trackpads","description":"","publisher":{"@id":"https:\/\/tipicino.ch\/apfelspare\/fr\/#organization"},"potentialAction":[{"@type":"SearchAction","target":{"@type":"EntryPoint","urlTemplate":"https:\/\/tipicino.ch\/apfelspare\/fr\/?s={search_term_string}"},"query-input":{"@type":"PropertyValueSpecification","valueRequired":true,"valueName":"search_term_string"}}],"inLanguage":"fr-CH"},{"@type":"Organization","@id":"https:\/\/tipicino.ch\/apfelspare\/fr\/#organization","name":"tipicino.ch\/apfelspare","url":"https:\/\/tipicino.ch\/apfelspare\/fr\/","logo":{"@type":"ImageObject","inLanguage":"fr-CH","@id":"https:\/\/tipicino.ch\/apfelspare\/fr\/#\/schema\/logo\/image\/","url":"https:\/\/tipicino.ch\/apfelspare\/wp-content\/uploads\/2025\/08\/cropped-FAVICON-tipicino.ch\/apfelspare_.png","contentUrl":"https:\/\/tipicino.ch\/apfelspare\/wp-content\/uploads\/2025\/08\/cropped-FAVICON-tipicino.ch\/apfelspare_.png","width":512,"height":512,"caption":"tipicino.ch\/apfelspare"},"image":{"@id":"https:\/\/tipicino.ch\/apfelspare\/fr\/#\/schema\/logo\/image\/"}}]}},"_links":{"self":[{"href":"https:\/\/tipicino.ch\/apfelspare\/fr\/wp-json\/wp\/v2\/product\/15407","targetHints":{"allow":["GET"]}}],"collection":[{"href":"https:\/\/tipicino.ch\/apfelspare\/fr\/wp-json\/wp\/v2\/product"}],"about":[{"href":"https:\/\/tipicino.ch\/apfelspare\/fr\/wp-json\/wp\/v2\/types\/product"}],"replies":[{"embeddable":true,"href":"https:\/\/tipicino.ch\/apfelspare\/fr\/wp-json\/wp\/v2\/comments?post=15407"}],"wp:featuredmedia":[{"embeddable":true,"href":"https:\/\/tipicino.ch\/apfelspare\/fr\/wp-json\/wp\/v2\/media\/15408"}],"wp:attachment":[{"href":"https:\/\/tipicino.ch\/apfelspare\/fr\/wp-json\/wp\/v2\/media?parent=15407"}],"wp:term":[{"taxonomy":"product_brand","embeddable":true,"href":"https:\/\/tipicino.ch\/apfelspare\/fr\/wp-json\/wp\/v2\/product_brand?post=15407"},{"taxonomy":"product_cat","embeddable":true,"href":"https:\/\/tipicino.ch\/apfelspare\/fr\/wp-json\/wp\/v2\/product_cat?post=15407"},{"taxonomy":"product_tag","embeddable":true,"href":"https:\/\/tipicino.ch\/apfelspare\/fr\/wp-json\/wp\/v2\/product_tag?post=15407"}],"curies":[{"name":"wp","href":"https:\/\/api.w.org\/{rel}","templated":true}]}}