{"id":15416,"date":"2025-06-17T22:24:02","date_gmt":"2025-06-17T22:24:02","guid":{"rendered":"https:\/\/tipicino.ch\/apfelspare\/?post_type=product&#038;p=15416"},"modified":"2026-03-13T15:54:10","modified_gmt":"2026-03-13T15:54:10","slug":"haut-parleur-gauche-macbook-air-13-a1369-a1466-late-2010-mid-2017","status":"publish","type":"product","link":"https:\/\/tipicino.ch\/apfelspare\/fr\/prodotto\/altoparlante-sinistro-macbook-air-13-a1369-a1466-late-2010-mid-2017\/","title":{"rendered":"Haut-parleur gauche pour MacBook Air 13\u2033 A1369 A1466 (Late 2010 - Mid 2017)"},"content":{"rendered":"<div class=\"aps-pdp\">\n<section class=\"aps-card\">\n<header class=\"aps-card__head\">\n<h2 class=\"aps-h\">Haut-parleur gauche pour MacBook Air 13\" A1369 A1466 (2010-2017)<\/h2>\n<p class=\"aps-sub\">Module sonore interne sur le c\u00f4t\u00e9 gauche pour restaurer le son de votre MacBook Air.<\/p>\n<\/header>\n<p>\n      Le son de votre MacBook Air 13\u2033 a commenc\u00e9 \u00e0 croasser ou \u00e0 se d\u00e9s\u00e9quilibrer du c\u00f4t\u00e9 gauche ? Cela peut \u00eatre d\u00fb \u00e0 l'usure naturelle de la membrane du haut-parleur d'origine. Comme il s'agit d'un ordinateur tr\u00e8s fin, m\u00eame de petites accumulations de poussi\u00e8re ou d'humidit\u00e9 peuvent endommager le composant au fil du temps. En rempla\u00e7ant la pi\u00e8ce us\u00e9e par cette pi\u00e8ce de rechange remise \u00e0 neuf, vous pourrez retrouver un son propre et cristallin, comme lorsque votre Mac \u00e9tait neuf.\n    <\/p>\n<div class=\"aps-note aps-note--warn\">\n      <span class=\"aps-note__ico\">!<\/span><br \/>\n      <span class=\"aps-note__txt\"><strong>AVIS DE COMPATIBILIT\u00c9 :<\/strong> Ce haut-parleur est compatible avec toutes les versions 13 pouces fabriqu\u00e9es de 2010 \u00e0 2017. Nous vous conseillons de v\u00e9rifier le num\u00e9ro de mod\u00e8le (A1369 ou A1466) grav\u00e9 sur le dessous de votre ordinateur avant l'achat.<\/span>\n    <\/div>\n<\/section>\n<section class=\"aps-card\">\n<header class=\"aps-card__head\">\n<h2 class=\"aps-h\">Mod\u00e8les compatibles<\/h2>\n<p class=\"aps-sub\">Liste des versions de MacBook Air 13\u2033 compatibles.<\/p>\n<\/header>\n<ul class=\"aps-check\">\n<li><strong>MacBook Air 13\u2033 A1466 (Mid 2017)<\/strong> <span class=\"aps-badge\">MacBookAir7.2<\/span><\/li>\n<li><strong>MacBook Air 13\u2033 A1466 (Early 2015)<\/strong> <span class=\"aps-badge\">MacBookAir7.2<\/span><\/li>\n<li><strong>MacBook Air 13\u2033 A1466 (Early 2014)<\/strong> <span class=\"aps-badge\">MacBookAir6.2<\/span><\/li>\n<li><strong>MacBook Air 13\u2033 A1466 (Mid 2013)<\/strong> <span class=\"aps-badge\">MacBookAir6.2<\/span><\/li>\n<li><strong>MacBook Air 13\u2033 A1466 (Mid 2012)<\/strong> <span class=\"aps-badge\">MacBookAir5.2<\/span><\/li>\n<li><strong>MacBook Air 13\u2033 A1369 (Mid 2011)<\/strong> <span class=\"aps-badge\">MacBookAir4.2<\/span><\/li>\n<li><strong>MacBook Air 13\u2033 A1369 (Mid 2010)<\/strong> <span class=\"aps-badge\">MacBookAir3.2<\/span><\/li>\n<\/ul>\n<\/section>\n<section class=\"aps-card\">\n<header class=\"aps-card__head\">\n<h2 class=\"aps-h\">Caract\u00e9ristiques techniques<\/h2>\n<p class=\"aps-sub\">Sp\u00e9cifications de la pi\u00e8ce de rechange audio.<\/p>\n<\/header>\n<div class=\"aps-specgrid\">\n<div class=\"aps-spec\">\n<div><span>Type de composant<\/span><strong>Haut-parleur interne<\/strong><\/div>\n<\/div>\n<div class=\"aps-spec\">\n<div><span>\u00c9tat<\/span><strong>Reconditionn\u00e9<\/strong><\/div>\n<\/div>\n<div class=\"aps-spec\">\n<div><span>C\u00f4t\u00e9<\/span><strong>Gauche (le c\u00f4t\u00e9 est \u00e0 consid\u00e9rer lorsque le Mac est ouvert et d\u00e9mont\u00e9, avec la batterie orient\u00e9e vers vous)<\/strong><\/div>\n<\/div><\/div>\n<\/section>\n<section class=\"aps-card aps-callout aps-callout--warn\">\n<header class=\"aps-card__head\">\n<h2 class=\"aps-h\">Installation et avertissements<\/h2>\n<p class=\"aps-sub\">Conseils pour un montage en toute s\u00e9curit\u00e9.<\/p>\n<\/header>\n<p>\n      Pour remplacer ce composant, vous devez d\u00e9visser le fond du MacBook et d\u00e9connecter la batterie. Une fois cette op\u00e9ration effectu\u00e9e, vous pouvez retirer l'ancien haut-parleur et ins\u00e9rer celui qui a \u00e9t\u00e9 remis \u00e0 neuf. Nous vous conseillons de faire tr\u00e8s attention aux petits connecteurs de la carte m\u00e8re, car ils sont tr\u00e8s fragiles et peuvent \u00eatre endommag\u00e9s s'ils sont manipul\u00e9s avec trop de force. Si vous ne vous sentez pas capable de le faire vous-m\u00eame, vous pouvez demander l'aide d'un technicien exp\u00e9riment\u00e9 pour garantir un travail parfait.\n    <\/p>\n<\/section>\n<section class=\"aps-card aps-callout aps-callout--info\">\n<header class=\"aps-card__head\">\n<h2 class=\"aps-h\">Vous avez un doute quant au bon choix du composant de remplacement ?<\/h2>\n<p class=\"aps-sub\">Contactez-nous pour obtenir de l\u2019aide dans le choix du composant de remplacement adapt\u00e9 \u00e0 votre appareil.<\/p>\n<\/header>\n<div class=\"aps-cta\">\n      <a class=\"aps-btn\" href=\"mailto:info@apfelspare.ch\">info@apfelspare.ch<\/a><br \/>\n      <span class=\"aps-cta__hint\">Envoyez-nous le num\u00e9ro de s\u00e9rie de votre Mac et nous v\u00e9rifierons rapidement la compatibilit\u00e9 exacte.<\/span>\n    <\/div>\n<\/section>\n<\/div>","protected":false},"excerpt":{"rendered":"<p>Haut-parleur gauche pour MacBook Air 13\u2033 A1369 A1466 (Late 2010 - Mid 2017). Remplacement de qualit\u00e9, pr\u00eat \u00e0 \u00eatre install\u00e9<\/p>","protected":false},"featured_media":15417,"comment_status":"closed","ping_status":"closed","template":"","meta":{"_acf_changed":false,"_et_pb_use_builder":"","_et_pb_old_content":"","_et_gb_content_width":""},"product_brand":[],"product_cat":[183,122,121,120,119,20,118,128,19,127],"product_tag":[],"class_list":{"0":"post-15416","1":"product","2":"type-product","3":"status-publish","4":"has-post-thumbnail","6":"product_cat-altoparlanti","7":"product_cat-macbook-air-13-mid-2017-a1466","8":"product_cat-macbook-air-13-early-2015-a1466","9":"product_cat-macbook-air-13-early-2014-a1466","10":"product_cat-macbook-air-13-mid-2013-a1466","11":"product_cat-category-macbook-air","12":"product_cat-macbook-air-13-mid-2012-a1466","13":"product_cat-macbook-air-13-mid-2011-a1369","14":"product_cat-parti-ricambio-seconda-mano","15":"product_cat-macbook-air-13-late-2010-a1369","16":"product_shipping_class-1-2-disponibili","18":"first","19":"instock","20":"shipping-taxable","21":"purchasable","22":"product-type-simple"},"acf":[],"yoast_head":"<!-- This site is optimized with the Yoast SEO plugin v27.4 - https:\/\/yoast.com\/product\/yoast-seo-wordpress\/ -->\n<title>Altoparlante sinistro per MacBook Air 13&quot; A1369 A1466 (Late 2010 \u2013 Mid 2017)<\/title>\n<meta name=\"description\" content=\"Altoparlante sinistro per MacBook Air 13&quot; A1369 A1466, ideale per problemi audio. Ricambio testato e pronto all\u2019installazione\" \/>\n<meta name=\"robots\" content=\"index, follow, max-snippet:-1, max-image-preview:large, max-video-preview:-1\" \/>\n<link rel=\"canonical\" href=\"https:\/\/tipicino.ch\/apfelspare\/fr\/produit\/haut-parleur-gauche-macbook-air-13-a1369-a1466-late-2010-mid-2017\/\" \/>\n<meta property=\"og:locale\" content=\"fr_FR\" \/>\n<meta property=\"og:type\" content=\"article\" \/>\n<meta property=\"og:title\" content=\"Altoparlante sinistro per MacBook Air 13&quot; A1369 A1466 (Late 2010 \u2013 Mid 2017)\" \/>\n<meta property=\"og:description\" content=\"Altoparlante sinistro per MacBook Air 13&quot; A1369 A1466, ideale per problemi audio. Ricambio testato e pronto all\u2019installazione\" \/>\n<meta property=\"og:url\" content=\"https:\/\/tipicino.ch\/apfelspare\/fr\/produit\/haut-parleur-gauche-macbook-air-13-a1369-a1466-late-2010-mid-2017\/\" \/>\n<meta property=\"og:site_name\" content=\"Ricambi MacBook Pro, MacBook Air e iMac in Svizzera \u2013 Display, Tastiere, Batterie, Trackpad\" \/>\n<meta property=\"article:modified_time\" content=\"2026-03-13T15:54:10+00:00\" \/>\n<meta property=\"og:image\" content=\"https:\/\/tipicino.ch\/apfelspare\/wp-content\/uploads\/2025\/06\/altoparlante-sinistro-macbook-air-13-a1369-a1466.png\" \/>\n\t<meta property=\"og:image:width\" content=\"1000\" \/>\n\t<meta property=\"og:image:height\" content=\"1000\" \/>\n\t<meta property=\"og:image:type\" content=\"image\/png\" \/>\n<meta name=\"twitter:card\" content=\"summary_large_image\" \/>\n<meta name=\"twitter:label1\" content=\"Dur\u00e9e de lecture estim\u00e9e\" \/>\n\t<meta name=\"twitter:data1\" content=\"2 minutes\" \/>\n<!-- \/ Yoast SEO plugin. -->","yoast_head_json":{"title":"Haut-parleur gauche pour MacBook Air 13\" A1369 A1466 (Late 2010 - Mid 2017)","description":"Haut-parleur gauche pour MacBook Air 13\" A1369 A1466, id\u00e9al pour les probl\u00e8mes audio. Remplacement test\u00e9 et pr\u00eat \u00e0 \u00eatre install\u00e9","robots":{"index":"index","follow":"follow","max-snippet":"max-snippet:-1","max-image-preview":"max-image-preview:large","max-video-preview":"max-video-preview:-1"},"canonical":"https:\/\/tipicino.ch\/apfelspare\/fr\/produit\/haut-parleur-gauche-macbook-air-13-a1369-a1466-late-2010-mid-2017\/","og_locale":"fr_FR","og_type":"article","og_title":"Altoparlante sinistro per MacBook Air 13\" A1369 A1466 (Late 2010 \u2013 Mid 2017)","og_description":"Altoparlante sinistro per MacBook Air 13\" A1369 A1466, ideale per problemi audio. Ricambio testato e pronto all\u2019installazione","og_url":"https:\/\/tipicino.ch\/apfelspare\/fr\/produit\/haut-parleur-gauche-macbook-air-13-a1369-a1466-late-2010-mid-2017\/","og_site_name":"Ricambi MacBook Pro, MacBook Air e iMac in Svizzera \u2013 Display, Tastiere, Batterie, Trackpad","article_modified_time":"2026-03-13T15:54:10+00:00","og_image":[{"width":1000,"height":1000,"url":"https:\/\/tipicino.ch\/apfelspare\/wp-content\/uploads\/2025\/06\/altoparlante-sinistro-macbook-air-13-a1369-a1466.png","type":"image\/png"}],"twitter_card":"summary_large_image","twitter_misc":{"Dur\u00e9e de lecture estim\u00e9e":"2 minutes"},"schema":{"@context":"https:\/\/schema.org","@graph":[{"@type":"WebPage","@id":"https:\/\/tipicino.ch\/apfelspare\/fr\/prodotto\/altoparlante-sinistro-macbook-air-13-a1369-a1466-late-2010-mid-2017\/","url":"https:\/\/tipicino.ch\/apfelspare\/fr\/prodotto\/altoparlante-sinistro-macbook-air-13-a1369-a1466-late-2010-mid-2017\/","name":"Haut-parleur gauche pour MacBook Air 13\" A1369 A1466 (Late 2010 - Mid 2017)","isPartOf":{"@id":"https:\/\/tipicino.ch\/apfelspare\/fr\/#website"},"primaryImageOfPage":{"@id":"https:\/\/tipicino.ch\/apfelspare\/fr\/prodotto\/altoparlante-sinistro-macbook-air-13-a1369-a1466-late-2010-mid-2017\/#primaryimage"},"image":{"@id":"https:\/\/tipicino.ch\/apfelspare\/fr\/prodotto\/altoparlante-sinistro-macbook-air-13-a1369-a1466-late-2010-mid-2017\/#primaryimage"},"thumbnailUrl":"https:\/\/tipicino.ch\/apfelspare\/wp-content\/uploads\/2025\/06\/altoparlante-sinistro-macbook-air-13-a1369-a1466.png","datePublished":"2025-06-17T22:24:02+00:00","dateModified":"2026-03-13T15:54:10+00:00","description":"Haut-parleur gauche pour MacBook Air 13\" A1369 A1466, id\u00e9al pour les probl\u00e8mes audio. Remplacement test\u00e9 et pr\u00eat \u00e0 \u00eatre install\u00e9","breadcrumb":{"@id":"https:\/\/tipicino.ch\/apfelspare\/fr\/prodotto\/altoparlante-sinistro-macbook-air-13-a1369-a1466-late-2010-mid-2017\/#breadcrumb"},"inLanguage":"fr-CH","potentialAction":[{"@type":"ReadAction","target":["https:\/\/tipicino.ch\/apfelspare\/fr\/prodotto\/altoparlante-sinistro-macbook-air-13-a1369-a1466-late-2010-mid-2017\/"]}]},{"@type":"ImageObject","inLanguage":"fr-CH","@id":"https:\/\/tipicino.ch\/apfelspare\/fr\/prodotto\/altoparlante-sinistro-macbook-air-13-a1369-a1466-late-2010-mid-2017\/#primaryimage","url":"https:\/\/tipicino.ch\/apfelspare\/wp-content\/uploads\/2025\/06\/altoparlante-sinistro-macbook-air-13-a1369-a1466.png","contentUrl":"https:\/\/tipicino.ch\/apfelspare\/wp-content\/uploads\/2025\/06\/altoparlante-sinistro-macbook-air-13-a1369-a1466.png","width":1000,"height":1000,"caption":"Altoparlante sinistro per MacBook Air 13\" A1369 A1466 (Mid 2011 \u2013 Mid 2017)"},{"@type":"BreadcrumbList","@id":"https:\/\/tipicino.ch\/apfelspare\/fr\/prodotto\/altoparlante-sinistro-macbook-air-13-a1369-a1466-late-2010-mid-2017\/#breadcrumb","itemListElement":[{"@type":"ListItem","position":1,"name":"Home","item":"https:\/\/tipicino.ch\/apfelspare\/fr\/"},{"@type":"ListItem","position":2,"name":"Shop","item":"https:\/\/tipicino.ch\/apfelspare\/fr\/shop\/"},{"@type":"ListItem","position":3,"name":"Altoparlante sinistro per MacBook Air 13&#8243; A1369 A1466 (Late 2010 \u2013 Mid 2017)"}]},{"@type":"WebSite","@id":"https:\/\/tipicino.ch\/apfelspare\/fr\/#website","url":"https:\/\/tipicino.ch\/apfelspare\/fr\/","name":"Pi\u00e8ces d\u00e9tach\u00e9es MacBook Pro, MacBook Air et iMac en Suisse \u2013 \u00c9crans, Claviers, Batteries, Trackpads","description":"","publisher":{"@id":"https:\/\/tipicino.ch\/apfelspare\/fr\/#organization"},"potentialAction":[{"@type":"SearchAction","target":{"@type":"EntryPoint","urlTemplate":"https:\/\/tipicino.ch\/apfelspare\/fr\/?s={search_term_string}"},"query-input":{"@type":"PropertyValueSpecification","valueRequired":true,"valueName":"search_term_string"}}],"inLanguage":"fr-CH"},{"@type":"Organization","@id":"https:\/\/tipicino.ch\/apfelspare\/fr\/#organization","name":"tipicino.ch\/apfelspare","url":"https:\/\/tipicino.ch\/apfelspare\/fr\/","logo":{"@type":"ImageObject","inLanguage":"fr-CH","@id":"https:\/\/tipicino.ch\/apfelspare\/fr\/#\/schema\/logo\/image\/","url":"https:\/\/tipicino.ch\/apfelspare\/wp-content\/uploads\/2025\/08\/cropped-FAVICON-tipicino.ch\/apfelspare_.png","contentUrl":"https:\/\/tipicino.ch\/apfelspare\/wp-content\/uploads\/2025\/08\/cropped-FAVICON-tipicino.ch\/apfelspare_.png","width":512,"height":512,"caption":"tipicino.ch\/apfelspare"},"image":{"@id":"https:\/\/tipicino.ch\/apfelspare\/fr\/#\/schema\/logo\/image\/"}}]}},"_links":{"self":[{"href":"https:\/\/tipicino.ch\/apfelspare\/fr\/wp-json\/wp\/v2\/product\/15416","targetHints":{"allow":["GET"]}}],"collection":[{"href":"https:\/\/tipicino.ch\/apfelspare\/fr\/wp-json\/wp\/v2\/product"}],"about":[{"href":"https:\/\/tipicino.ch\/apfelspare\/fr\/wp-json\/wp\/v2\/types\/product"}],"replies":[{"embeddable":true,"href":"https:\/\/tipicino.ch\/apfelspare\/fr\/wp-json\/wp\/v2\/comments?post=15416"}],"wp:featuredmedia":[{"embeddable":true,"href":"https:\/\/tipicino.ch\/apfelspare\/fr\/wp-json\/wp\/v2\/media\/15417"}],"wp:attachment":[{"href":"https:\/\/tipicino.ch\/apfelspare\/fr\/wp-json\/wp\/v2\/media?parent=15416"}],"wp:term":[{"taxonomy":"product_brand","embeddable":true,"href":"https:\/\/tipicino.ch\/apfelspare\/fr\/wp-json\/wp\/v2\/product_brand?post=15416"},{"taxonomy":"product_cat","embeddable":true,"href":"https:\/\/tipicino.ch\/apfelspare\/fr\/wp-json\/wp\/v2\/product_cat?post=15416"},{"taxonomy":"product_tag","embeddable":true,"href":"https:\/\/tipicino.ch\/apfelspare\/fr\/wp-json\/wp\/v2\/product_tag?post=15416"}],"curies":[{"name":"wp","href":"https:\/\/api.w.org\/{rel}","templated":true}]}}