{"id":15442,"date":"2025-06-18T19:37:37","date_gmt":"2025-06-18T19:37:37","guid":{"rendered":"https:\/\/tipicino.ch\/apfelspare\/?post_type=product&#038;p=15442"},"modified":"2026-02-18T12:41:22","modified_gmt":"2026-02-18T12:41:22","slug":"microphone-macbook-pro-16-a2485-a2780-a2991-fin-2021-fin-2023","status":"publish","type":"product","link":"https:\/\/tipicino.ch\/apfelspare\/fr\/prodotto\/microfono-macbook-pro-16-a2485-a2780-a2991-late-2021-late-2023\/","title":{"rendered":"Microphone pour MacBook Pro 16\u2033 A2485 A2780 A2991 (Late 2021 - Late 2023)"},"content":{"rendered":"<div class=\"aps-pdp\">\n<section class=\"aps-card\">\n<header class=\"aps-card__head\">\n<h2 class=\"aps-h\">Microphone pour MacBook Pro 16\u2033 A2485 A2780 A2991 (2021-2023)<\/h2>\n<p class=\"aps-sub\">Composant de remplacement interne pour restaurer les fonctions audio professionnelles.<\/p>\n<\/header>\n<p>\n      Le syst\u00e8me de microphone de votre MacBook Pro 16\u2033 ne capte plus correctement votre voix ? Si les personnes qui vous \u00e9coutent en r\u00e9union entendent des sons \u00e9touff\u00e9s, des bruits de fond ou si Siri ne r\u00e9pond plus, le probl\u00e8me peut \u00eatre caus\u00e9 par un d\u00e9faut de ce module. La poussi\u00e8re ou l'humidit\u00e9 accumul\u00e9es au fil du temps ont pu endommager les capteurs. En rempla\u00e7ant la pi\u00e8ce par cette nouvelle pi\u00e8ce de rechange, vous pouvez retrouver la qualit\u00e9 d'enregistrement cristalline typique des mod\u00e8les Apple Silicon.\n    <\/p>\n<div class=\"aps-note aps-note--warn\">\n      <span class=\"aps-note__ico\">!<\/span><br \/>\n      <span class=\"aps-note__txt\"><strong>AVIS DE COMPATIBILIT\u00c9 :<\/strong> Cette pi\u00e8ce est sp\u00e9cifique au design des mod\u00e8les 16 pouces avec encoche. Nous vous conseillons de v\u00e9rifier la r\u00e9f\u00e9rence grav\u00e9e sur le fond de votre MacBook (A2485, A2780 ou A2991) pour vous assurer qu'il s'agit bien de la bonne pi\u00e8ce.<\/span>\n    <\/div>\n<\/section>\n<section class=\"aps-card\">\n<header class=\"aps-card__head\">\n<h2 class=\"aps-h\">Mod\u00e8les compatibles<\/h2>\n<p class=\"aps-sub\">Liste des versions de MacBook Pro 16\u2033 compatibles avec ce microphone.<\/p>\n<\/header>\n<ul class=\"aps-check\">\n<li><strong>MacBook Pro 16\u2033 A2991 (Late 2023)<\/strong> <span class=\"aps-badge\">Mac15.11<\/span><\/li>\n<li><strong>MacBook Pro 16\u2033 A2991 (Late 2023)<\/strong> <span class=\"aps-badge\">Mac15.9<\/span><\/li>\n<li><strong>MacBook Pro 16\u2033 A2991 (Late 2023)<\/strong> <span class=\"aps-badge\">Mac15.7<\/span><\/li>\n<li><strong>MacBook Pro 16\u2033 A2780 (Early 2023)<\/strong> <span class=\"aps-badge\">Mac14.10<\/span><\/li>\n<li><strong>MacBook Pro 16\u2033 A2780 (Early 2023)<\/strong> <span class=\"aps-badge\">Mac14.6<\/span><\/li>\n<li><strong>MacBook Pro 16\u2033 A2485 (Late 2021)<\/strong> <span class=\"aps-badge\">MacBookPro18.2<\/span><\/li>\n<li><strong>MacBook Pro 16\u2033 A2485 (Late 2021)<\/strong> <span class=\"aps-badge\">MacBookPro18.1<\/span><\/li>\n<\/ul>\n<\/section>\n<section class=\"aps-card\">\n<header class=\"aps-card__head\">\n<h2 class=\"aps-h\">Caract\u00e9ristiques techniques<\/h2>\n<p class=\"aps-sub\">Sp\u00e9cifications du module de remplacement.<\/p>\n<\/header>\n<div class=\"aps-specgrid\">\n<div class=\"aps-spec\">\n<div><span>Type de pi\u00e8ce<\/span><strong>Microphone interne<\/strong><\/div>\n<\/div>\n<div class=\"aps-spec\">\n<div><span>\u00c9tat<\/span><strong>Neuf<\/strong><\/div>\n<\/div><\/div>\n<\/section>\n<section class=\"aps-card aps-callout aps-callout--warn\">\n<header class=\"aps-card__head\">\n<h2 class=\"aps-h\">Installation et avertissements<\/h2>\n<p class=\"aps-sub\">Conseils pour un montage en toute s\u00e9curit\u00e9.<\/p>\n<\/header>\n<p>\n      Pour remplacer le microphone, il faut retirer le bo\u00eetier inf\u00e9rieur du MacBook. Les composants internes de ces mod\u00e8les \u00e9tant tr\u00e8s denses et reli\u00e9s par des c\u00e2bles plats extr\u00eamement fragiles, nous vous conseillons de proc\u00e9der tr\u00e8s calmement. Il faut imp\u00e9rativement penser \u00e0 d\u00e9brancher la batterie avant de commencer \u00e0 toucher \u00e0 la carte m\u00e8re. Si vous n'\u00eates pas tr\u00e8s familier avec les r\u00e9parations \u00e9lectroniques, l'aide d'un technicien exp\u00e9riment\u00e9 peut s'av\u00e9rer utile pour \u00e9viter tout dommage accidentel.\n    <\/p>\n<\/section>\n<section class=\"aps-card aps-callout aps-callout--info\">\n<header class=\"aps-card__head\">\n<h2 class=\"aps-h\">Vous avez un doute quant au bon choix du composant de remplacement ?<\/h2>\n<p class=\"aps-sub\">Contactez-nous pour obtenir de l\u2019aide dans le choix du composant de remplacement adapt\u00e9 \u00e0 votre appareil.<\/p>\n<\/header>\n<div class=\"aps-cta\">\n      <a class=\"aps-btn\" href=\"mailto:info@apfelspare.ch\">info@apfelspare.ch<\/a><br \/>\n      <span class=\"aps-cta__hint\">Envoyez-nous le num\u00e9ro de s\u00e9rie de votre MacBook Pro et nous v\u00e9rifierons rapidement la compatibilit\u00e9.<\/span>\n    <\/div>\n<\/section>\n<\/div>","protected":false},"excerpt":{"rendered":"<p>Microphone pour MacBook Pro 16\u2033 A2485 A2780 A2991 (Late 2021 - Late 2023). Remplacement de qualit\u00e9, pr\u00eat \u00e0 \u00eatre install\u00e9<\/p>","protected":false},"featured_media":15443,"comment_status":"closed","ping_status":"closed","template":"","meta":{"_acf_changed":false,"_et_pb_use_builder":"","_et_pb_old_content":"","_et_gb_content_width":""},"product_brand":[],"product_cat":[183,61,187,64,67,17],"product_tag":[],"class_list":{"0":"post-15442","1":"product","2":"type-product","3":"status-publish","4":"has-post-thumbnail","6":"product_cat-altoparlanti","7":"product_cat-macbook-pro-16-late-2023-a2991","8":"product_cat-cavi-connettori","9":"product_cat-macbook-pro-16-early-2023-a2780","10":"product_cat-macbook-pro-16-late-2021-a2485","11":"product_cat-category-macbook-pro","12":"product_shipping_class-1-2-disponibili","14":"first","15":"instock","16":"shipping-taxable","17":"purchasable","18":"product-type-simple"},"acf":[],"yoast_head":"<!-- This site is optimized with the Yoast SEO plugin v27.4 - https:\/\/yoast.com\/product\/yoast-seo-wordpress\/ -->\n<title>Microfono per MacBook Pro 16&quot; A2485 A2780 A2991 (Late 2021 \u2013 Late 2023)<\/title>\n<meta name=\"description\" content=\"Microfono per MacBook Pro 16&quot; A2485 A2780 A2991, ideale per problemi di registrazione o comandi vocali. Ricambio testato e pronto all\u2019installazione\" \/>\n<meta name=\"robots\" content=\"index, follow, max-snippet:-1, max-image-preview:large, max-video-preview:-1\" \/>\n<link rel=\"canonical\" href=\"https:\/\/tipicino.ch\/apfelspare\/fr\/produit\/microphone-macbook-pro-16-a2485-a2780-a2991-fin-2021-fin-2023\/\" \/>\n<meta property=\"og:locale\" content=\"fr_FR\" \/>\n<meta property=\"og:type\" content=\"article\" \/>\n<meta property=\"og:title\" content=\"Microfono per MacBook Pro 16&quot; A2485 A2780 A2991 (Late 2021 \u2013 Late 2023)\" \/>\n<meta property=\"og:description\" content=\"Microfono per MacBook Pro 16&quot; A2485 A2780 A2991, ideale per problemi di registrazione o comandi vocali. Ricambio testato e pronto all\u2019installazione\" \/>\n<meta property=\"og:url\" content=\"https:\/\/tipicino.ch\/apfelspare\/fr\/produit\/microphone-macbook-pro-16-a2485-a2780-a2991-fin-2021-fin-2023\/\" \/>\n<meta property=\"og:site_name\" content=\"Ricambi MacBook Pro, MacBook Air e iMac in Svizzera \u2013 Display, Tastiere, Batterie, Trackpad\" \/>\n<meta property=\"article:modified_time\" content=\"2026-02-18T12:41:22+00:00\" \/>\n<meta property=\"og:image\" content=\"https:\/\/tipicino.ch\/apfelspare\/wp-content\/uploads\/2025\/06\/microfono-macbook-pro-16-a2485-a2780-a2991.png\" \/>\n\t<meta property=\"og:image:width\" content=\"1000\" \/>\n\t<meta property=\"og:image:height\" content=\"1000\" \/>\n\t<meta property=\"og:image:type\" content=\"image\/png\" \/>\n<meta name=\"twitter:card\" content=\"summary_large_image\" \/>\n<meta name=\"twitter:label1\" content=\"Dur\u00e9e de lecture estim\u00e9e\" \/>\n\t<meta name=\"twitter:data1\" content=\"2 minutes\" \/>\n<!-- \/ Yoast SEO plugin. -->","yoast_head_json":{"title":"Microphone pour MacBook Pro 16\" A2485 A2780 A2991 (Late 2021 - Late 2023)","description":"Microphone pour MacBook Pro 16\" A2485 A2780 A2991, id\u00e9al pour enregistrer les probl\u00e8mes ou les commandes vocales. Remplacement test\u00e9 et pr\u00eat \u00e0 \u00eatre install\u00e9","robots":{"index":"index","follow":"follow","max-snippet":"max-snippet:-1","max-image-preview":"max-image-preview:large","max-video-preview":"max-video-preview:-1"},"canonical":"https:\/\/tipicino.ch\/apfelspare\/fr\/produit\/microphone-macbook-pro-16-a2485-a2780-a2991-fin-2021-fin-2023\/","og_locale":"fr_FR","og_type":"article","og_title":"Microfono per MacBook Pro 16\" A2485 A2780 A2991 (Late 2021 \u2013 Late 2023)","og_description":"Microfono per MacBook Pro 16\" A2485 A2780 A2991, ideale per problemi di registrazione o comandi vocali. Ricambio testato e pronto all\u2019installazione","og_url":"https:\/\/tipicino.ch\/apfelspare\/fr\/produit\/microphone-macbook-pro-16-a2485-a2780-a2991-fin-2021-fin-2023\/","og_site_name":"Ricambi MacBook Pro, MacBook Air e iMac in Svizzera \u2013 Display, Tastiere, Batterie, Trackpad","article_modified_time":"2026-02-18T12:41:22+00:00","og_image":[{"width":1000,"height":1000,"url":"https:\/\/tipicino.ch\/apfelspare\/wp-content\/uploads\/2025\/06\/microfono-macbook-pro-16-a2485-a2780-a2991.png","type":"image\/png"}],"twitter_card":"summary_large_image","twitter_misc":{"Dur\u00e9e de lecture estim\u00e9e":"2 minutes"},"schema":{"@context":"https:\/\/schema.org","@graph":[{"@type":"WebPage","@id":"https:\/\/tipicino.ch\/apfelspare\/fr\/prodotto\/microfono-macbook-pro-16-a2485-a2780-a2991-late-2021-late-2023\/","url":"https:\/\/tipicino.ch\/apfelspare\/fr\/prodotto\/microfono-macbook-pro-16-a2485-a2780-a2991-late-2021-late-2023\/","name":"Microphone pour MacBook Pro 16\" A2485 A2780 A2991 (Late 2021 - Late 2023)","isPartOf":{"@id":"https:\/\/tipicino.ch\/apfelspare\/fr\/#website"},"primaryImageOfPage":{"@id":"https:\/\/tipicino.ch\/apfelspare\/fr\/prodotto\/microfono-macbook-pro-16-a2485-a2780-a2991-late-2021-late-2023\/#primaryimage"},"image":{"@id":"https:\/\/tipicino.ch\/apfelspare\/fr\/prodotto\/microfono-macbook-pro-16-a2485-a2780-a2991-late-2021-late-2023\/#primaryimage"},"thumbnailUrl":"https:\/\/tipicino.ch\/apfelspare\/wp-content\/uploads\/2025\/06\/microfono-macbook-pro-16-a2485-a2780-a2991.png","datePublished":"2025-06-18T19:37:37+00:00","dateModified":"2026-02-18T12:41:22+00:00","description":"Microphone pour MacBook Pro 16\" A2485 A2780 A2991, id\u00e9al pour enregistrer les probl\u00e8mes ou les commandes vocales. Remplacement test\u00e9 et pr\u00eat \u00e0 \u00eatre install\u00e9","breadcrumb":{"@id":"https:\/\/tipicino.ch\/apfelspare\/fr\/prodotto\/microfono-macbook-pro-16-a2485-a2780-a2991-late-2021-late-2023\/#breadcrumb"},"inLanguage":"fr-CH","potentialAction":[{"@type":"ReadAction","target":["https:\/\/tipicino.ch\/apfelspare\/fr\/prodotto\/microfono-macbook-pro-16-a2485-a2780-a2991-late-2021-late-2023\/"]}]},{"@type":"ImageObject","inLanguage":"fr-CH","@id":"https:\/\/tipicino.ch\/apfelspare\/fr\/prodotto\/microfono-macbook-pro-16-a2485-a2780-a2991-late-2021-late-2023\/#primaryimage","url":"https:\/\/tipicino.ch\/apfelspare\/wp-content\/uploads\/2025\/06\/microfono-macbook-pro-16-a2485-a2780-a2991.png","contentUrl":"https:\/\/tipicino.ch\/apfelspare\/wp-content\/uploads\/2025\/06\/microfono-macbook-pro-16-a2485-a2780-a2991.png","width":1000,"height":1000,"caption":"Microfono per MacBook Pro 16\" A2485 A2780 A2991 (Late 2021 \u2013 Late 2023)"},{"@type":"BreadcrumbList","@id":"https:\/\/tipicino.ch\/apfelspare\/fr\/prodotto\/microfono-macbook-pro-16-a2485-a2780-a2991-late-2021-late-2023\/#breadcrumb","itemListElement":[{"@type":"ListItem","position":1,"name":"Home","item":"https:\/\/tipicino.ch\/apfelspare\/fr\/"},{"@type":"ListItem","position":2,"name":"Shop","item":"https:\/\/tipicino.ch\/apfelspare\/fr\/shop\/"},{"@type":"ListItem","position":3,"name":"Microfono per MacBook Pro 16&#8243; A2485 A2780 A2991 (Late 2021 \u2013 Late 2023)"}]},{"@type":"WebSite","@id":"https:\/\/tipicino.ch\/apfelspare\/fr\/#website","url":"https:\/\/tipicino.ch\/apfelspare\/fr\/","name":"Pi\u00e8ces d\u00e9tach\u00e9es MacBook Pro, MacBook Air et iMac en Suisse \u2013 \u00c9crans, Claviers, Batteries, Trackpads","description":"","publisher":{"@id":"https:\/\/tipicino.ch\/apfelspare\/fr\/#organization"},"potentialAction":[{"@type":"SearchAction","target":{"@type":"EntryPoint","urlTemplate":"https:\/\/tipicino.ch\/apfelspare\/fr\/?s={search_term_string}"},"query-input":{"@type":"PropertyValueSpecification","valueRequired":true,"valueName":"search_term_string"}}],"inLanguage":"fr-CH"},{"@type":"Organization","@id":"https:\/\/tipicino.ch\/apfelspare\/fr\/#organization","name":"tipicino.ch\/apfelspare","url":"https:\/\/tipicino.ch\/apfelspare\/fr\/","logo":{"@type":"ImageObject","inLanguage":"fr-CH","@id":"https:\/\/tipicino.ch\/apfelspare\/fr\/#\/schema\/logo\/image\/","url":"https:\/\/tipicino.ch\/apfelspare\/wp-content\/uploads\/2025\/08\/cropped-FAVICON-tipicino.ch\/apfelspare_.png","contentUrl":"https:\/\/tipicino.ch\/apfelspare\/wp-content\/uploads\/2025\/08\/cropped-FAVICON-tipicino.ch\/apfelspare_.png","width":512,"height":512,"caption":"tipicino.ch\/apfelspare"},"image":{"@id":"https:\/\/tipicino.ch\/apfelspare\/fr\/#\/schema\/logo\/image\/"}}]}},"_links":{"self":[{"href":"https:\/\/tipicino.ch\/apfelspare\/fr\/wp-json\/wp\/v2\/product\/15442","targetHints":{"allow":["GET"]}}],"collection":[{"href":"https:\/\/tipicino.ch\/apfelspare\/fr\/wp-json\/wp\/v2\/product"}],"about":[{"href":"https:\/\/tipicino.ch\/apfelspare\/fr\/wp-json\/wp\/v2\/types\/product"}],"replies":[{"embeddable":true,"href":"https:\/\/tipicino.ch\/apfelspare\/fr\/wp-json\/wp\/v2\/comments?post=15442"}],"wp:featuredmedia":[{"embeddable":true,"href":"https:\/\/tipicino.ch\/apfelspare\/fr\/wp-json\/wp\/v2\/media\/15443"}],"wp:attachment":[{"href":"https:\/\/tipicino.ch\/apfelspare\/fr\/wp-json\/wp\/v2\/media?parent=15442"}],"wp:term":[{"taxonomy":"product_brand","embeddable":true,"href":"https:\/\/tipicino.ch\/apfelspare\/fr\/wp-json\/wp\/v2\/product_brand?post=15442"},{"taxonomy":"product_cat","embeddable":true,"href":"https:\/\/tipicino.ch\/apfelspare\/fr\/wp-json\/wp\/v2\/product_cat?post=15442"},{"taxonomy":"product_tag","embeddable":true,"href":"https:\/\/tipicino.ch\/apfelspare\/fr\/wp-json\/wp\/v2\/product_tag?post=15442"}],"curies":[{"name":"wp","href":"https:\/\/api.w.org\/{rel}","templated":true}]}}