{"id":15456,"date":"2025-06-18T21:49:41","date_gmt":"2025-06-18T21:49:41","guid":{"rendered":"https:\/\/tipicino.ch\/apfelspare\/?post_type=product&#038;p=15456"},"modified":"2026-02-18T12:29:40","modified_gmt":"2026-02-18T12:29:40","slug":"microphone-imac-27-a1419-a2115-mid-2017-mid-2020","status":"publish","type":"product","link":"https:\/\/tipicino.ch\/apfelspare\/fr\/prodotto\/microfono-imac-27-a1419-a2115-mid-2017-mid-2020\/","title":{"rendered":"Microphone pour iMac 27\u2033 A1419 A2115 (Mid 2017 - Mid 2020)"},"content":{"rendered":"<div class=\"aps-pdp\">\n<section class=\"aps-card\">\n<header class=\"aps-card__head\">\n<h2 class=\"aps-h\">Microphone pour iMac 27\u2033 A1419 A2115 (2017-2020)<\/h2>\n<p class=\"aps-sub\">Composant interne permettant de restaurer la capture audio et la dict\u00e9e vocale.<\/p>\n<\/header>\n<p>\n      Vos interlocuteurs ne vous entendent plus clairement pendant les appels ? Si votre voix est \u00e9touff\u00e9e, si Siri ne r\u00e9pond pas ou si les enregistrements audio sont compl\u00e8tement coup\u00e9s, le probl\u00e8me peut provenir d'un microphone interne us\u00e9 ou endommag\u00e9. Au fil du temps, l'humidit\u00e9 ou la salet\u00e9 accumul\u00e9es dans les fissures du bo\u00eetier peuvent avoir compromis le fonctionnement de ce petit capteur. En installant ce nouveau microphone de remplacement, vous pourrez r\u00e9soudre tous les probl\u00e8mes de communication et recommencer \u00e0 utiliser votre iMac pour des r\u00e9unions et des appels vid\u00e9o avec un son clair.\n    <\/p>\n<div class=\"aps-note aps-note--warn\">\n      <span class=\"aps-note__ico\">!<\/span><br \/>\n      <span class=\"aps-note__txt\"><strong>AVIS DE COMPATIBILIT\u00c9 :<\/strong> Ce microphone est sp\u00e9cifique aux versions 27 pouces fabriqu\u00e9es \u00e0 partir de 2017 jusqu'au dernier mod\u00e8le Intel en 2020. Nous vous sugg\u00e9rons de v\u00e9rifier l'identifiant de votre mod\u00e8le (par exemple iMac19.1) dans les param\u00e8tres de votre syst\u00e8me avant l'achat.<\/span>\n    <\/div>\n<\/section>\n<section class=\"aps-card\">\n<header class=\"aps-card__head\">\n<h2 class=\"aps-h\">Mod\u00e8les compatibles<\/h2>\n<p class=\"aps-sub\">Liste des versions de l'iMac 27\u2033 compatibles avec ce remplacement.<\/p>\n<\/header>\n<ul class=\"aps-check\">\n<li><strong>iMac 27\u2033 A2115 (Mid 2020 5K)<\/strong> <span class=\"aps-badge\">iMac20.2<\/span><\/li>\n<li><strong>iMac 27\u2033 A2115 (Mid 2020 5K)<\/strong> <span class=\"aps-badge\">iMac20.1<\/span><\/li>\n<li><strong>iMac 27\u2033 A2115 (Early 2019 5K)<\/strong> <span class=\"aps-badge\">iMac19.1<\/span><\/li>\n<li><strong>iMac 27\u2033 A1419 (Mid 2017 5K)<\/strong> <span class=\"aps-badge\">iMac18.3<\/span><\/li>\n<\/ul>\n<\/section>\n<section class=\"aps-card\">\n<header class=\"aps-card__head\">\n<h2 class=\"aps-h\">Caract\u00e9ristiques techniques<\/h2>\n<p class=\"aps-sub\">D\u00e9tails du module de rechange.<\/p>\n<\/header>\n<div class=\"aps-specgrid\">\n<div class=\"aps-spec\">\n<div><span>Type de pi\u00e8ce<\/span><strong>Microphone interne<\/strong><\/div>\n<\/div>\n<div class=\"aps-spec\">\n<div><span>\u00c9tat<\/span><strong>Neuf<\/strong><\/div>\n<\/div><\/div>\n<\/section>\n<section class=\"aps-card aps-callout aps-callout--warn\">\n<header class=\"aps-card__head\">\n<h2 class=\"aps-h\">Installation et avertissements<\/h2>\n<p class=\"aps-sub\">Conseils pour une r\u00e9paration en toute s\u00e9curit\u00e9.<\/p>\n<\/header>\n<p>\n      Pour remplacer le microphone, il est n\u00e9cessaire de retirer l'\u00e9cran qui, sur ces mod\u00e8les, est fix\u00e9 au bo\u00eetier par un ruban adh\u00e9sif double face tr\u00e8s r\u00e9sistant. C'est une op\u00e9ration qui n\u00e9cessite des outils sp\u00e9cifiques et beaucoup de patience pour \u00e9viter d'\u00e9br\u00e9cher le verre. Une fois l'\u00e9cran soulev\u00e9, le remplacement est pr\u00eat \u00e0 \u00eatre mis en place. Si vous n'\u00eates pas tr\u00e8s familier avec ce type d'op\u00e9ration, l'aide d'un technicien exp\u00e9riment\u00e9 peut s'av\u00e9rer utile pour prot\u00e9ger l'int\u00e9grit\u00e9 de votre iMac. N'oubliez pas d'acheter s\u00e9par\u00e9ment le kit d'autocollants sp\u00e9cifique pour refermer correctement l'appareil.\n    <\/p>\n<\/section>\n<section class=\"aps-card aps-callout aps-callout--info\">\n<header class=\"aps-card__head\">\n<h2 class=\"aps-h\">Vous avez un doute quant au bon choix du composant de remplacement ?<\/h2>\n<p class=\"aps-sub\">Contactez-nous pour obtenir de l\u2019aide dans le choix du composant de remplacement adapt\u00e9 \u00e0 votre appareil.<\/p>\n<\/header>\n<div class=\"aps-cta\">\n      <a class=\"aps-btn\" href=\"mailto:info@apfelspare.ch\">info@apfelspare.ch<\/a><br \/>\n      <span class=\"aps-cta__hint\">Envoyez-nous le num\u00e9ro de s\u00e9rie de votre iMac : nous v\u00e9rifierons rapidement la compatibilit\u00e9 exacte.<\/span>\n    <\/div>\n<\/section>\n<\/div>","protected":false},"excerpt":{"rendered":"<p>Microphone pour iMac 27\u2033 A1419 A2115 (Mid 2017 - Mid 2020). Remplacement de qualit\u00e9, pr\u00eat \u00e0 \u00eatre install\u00e9.<\/p>","protected":false},"featured_media":15457,"comment_status":"closed","ping_status":"closed","template":"","meta":{"_acf_changed":false,"_et_pb_use_builder":"","_et_pb_old_content":"","_et_gb_content_width":""},"product_brand":[],"product_cat":[183,140,187,142,149,22],"product_tag":[],"class_list":{"0":"post-15456","1":"product","2":"type-product","3":"status-publish","4":"has-post-thumbnail","6":"product_cat-altoparlanti","7":"product_cat-imac-27-2020-5k-a2115","8":"product_cat-cavi-connettori","9":"product_cat-imac-27-2019-5k-a2115","10":"product_cat-imac-27-mid-2017-5k-a1419","11":"product_cat-category-imac","13":"first","14":"onbackorder","15":"shipping-taxable","16":"purchasable","17":"product-type-simple"},"acf":[],"yoast_head":"<!-- This site is optimized with the Yoast SEO plugin v27.4 - https:\/\/yoast.com\/product\/yoast-seo-wordpress\/ -->\n<title>Microfono per iMac 27&quot; A1419 A2115 (Mid 2017 \u2013 Mid 2020)<\/title>\n<meta name=\"description\" content=\"Microfono per iMac 27&quot; A1419 A2115, ideale per problemi di registrazione o comandi vocali. Ricambio testato e pronto all\u2019installazione\" \/>\n<meta name=\"robots\" content=\"index, follow, max-snippet:-1, max-image-preview:large, max-video-preview:-1\" \/>\n<link rel=\"canonical\" href=\"https:\/\/tipicino.ch\/apfelspare\/fr\/produit\/microphone-imac-27-a1419-a2115-mid-2017-mid-2020\/\" \/>\n<meta property=\"og:locale\" content=\"fr_FR\" \/>\n<meta property=\"og:type\" content=\"article\" \/>\n<meta property=\"og:title\" content=\"Microfono per iMac 27&quot; A1419 A2115 (Mid 2017 \u2013 Mid 2020)\" \/>\n<meta property=\"og:description\" content=\"Microfono per iMac 27&quot; A1419 A2115, ideale per problemi di registrazione o comandi vocali. Ricambio testato e pronto all\u2019installazione\" \/>\n<meta property=\"og:url\" content=\"https:\/\/tipicino.ch\/apfelspare\/fr\/produit\/microphone-imac-27-a1419-a2115-mid-2017-mid-2020\/\" \/>\n<meta property=\"og:site_name\" content=\"Ricambi MacBook Pro, MacBook Air e iMac in Svizzera \u2013 Display, Tastiere, Batterie, Trackpad\" \/>\n<meta property=\"article:modified_time\" content=\"2026-02-18T12:29:40+00:00\" \/>\n<meta property=\"og:image\" content=\"https:\/\/tipicino.ch\/apfelspare\/wp-content\/uploads\/2025\/06\/microfono-imac-27-a1419-a2115.png\" \/>\n\t<meta property=\"og:image:width\" content=\"1000\" \/>\n\t<meta property=\"og:image:height\" content=\"1000\" \/>\n\t<meta property=\"og:image:type\" content=\"image\/png\" \/>\n<meta name=\"twitter:card\" content=\"summary_large_image\" \/>\n<meta name=\"twitter:label1\" content=\"Dur\u00e9e de lecture estim\u00e9e\" \/>\n\t<meta name=\"twitter:data1\" content=\"1 minute\" \/>\n<!-- \/ Yoast SEO plugin. -->","yoast_head_json":{"title":"Microphone pour iMac 27\" A1419 A2115 (Mid 2017 - Mid 2020)","description":"Microphone pour iMac 27\" A1419 A2115, id\u00e9al pour enregistrer les probl\u00e8mes ou les commandes vocales. Pi\u00e8ce de rechange test\u00e9e et pr\u00eate \u00e0 \u00eatre install\u00e9e","robots":{"index":"index","follow":"follow","max-snippet":"max-snippet:-1","max-image-preview":"max-image-preview:large","max-video-preview":"max-video-preview:-1"},"canonical":"https:\/\/tipicino.ch\/apfelspare\/fr\/produit\/microphone-imac-27-a1419-a2115-mid-2017-mid-2020\/","og_locale":"fr_FR","og_type":"article","og_title":"Microfono per iMac 27\" A1419 A2115 (Mid 2017 \u2013 Mid 2020)","og_description":"Microfono per iMac 27\" A1419 A2115, ideale per problemi di registrazione o comandi vocali. Ricambio testato e pronto all\u2019installazione","og_url":"https:\/\/tipicino.ch\/apfelspare\/fr\/produit\/microphone-imac-27-a1419-a2115-mid-2017-mid-2020\/","og_site_name":"Ricambi MacBook Pro, MacBook Air e iMac in Svizzera \u2013 Display, Tastiere, Batterie, Trackpad","article_modified_time":"2026-02-18T12:29:40+00:00","og_image":[{"width":1000,"height":1000,"url":"https:\/\/tipicino.ch\/apfelspare\/wp-content\/uploads\/2025\/06\/microfono-imac-27-a1419-a2115.png","type":"image\/png"}],"twitter_card":"summary_large_image","twitter_misc":{"Dur\u00e9e de lecture estim\u00e9e":"1 minute"},"schema":{"@context":"https:\/\/schema.org","@graph":[{"@type":"WebPage","@id":"https:\/\/tipicino.ch\/apfelspare\/fr\/prodotto\/microfono-imac-27-a1419-a2115-mid-2017-mid-2020\/","url":"https:\/\/tipicino.ch\/apfelspare\/fr\/prodotto\/microfono-imac-27-a1419-a2115-mid-2017-mid-2020\/","name":"Microphone pour iMac 27\" A1419 A2115 (Mid 2017 - Mid 2020)","isPartOf":{"@id":"https:\/\/tipicino.ch\/apfelspare\/fr\/#website"},"primaryImageOfPage":{"@id":"https:\/\/tipicino.ch\/apfelspare\/fr\/prodotto\/microfono-imac-27-a1419-a2115-mid-2017-mid-2020\/#primaryimage"},"image":{"@id":"https:\/\/tipicino.ch\/apfelspare\/fr\/prodotto\/microfono-imac-27-a1419-a2115-mid-2017-mid-2020\/#primaryimage"},"thumbnailUrl":"https:\/\/tipicino.ch\/apfelspare\/wp-content\/uploads\/2025\/06\/microfono-imac-27-a1419-a2115.png","datePublished":"2025-06-18T21:49:41+00:00","dateModified":"2026-02-18T12:29:40+00:00","description":"Microphone pour iMac 27\" A1419 A2115, id\u00e9al pour enregistrer les probl\u00e8mes ou les commandes vocales. Pi\u00e8ce de rechange test\u00e9e et pr\u00eate \u00e0 \u00eatre install\u00e9e","breadcrumb":{"@id":"https:\/\/tipicino.ch\/apfelspare\/fr\/prodotto\/microfono-imac-27-a1419-a2115-mid-2017-mid-2020\/#breadcrumb"},"inLanguage":"fr-CH","potentialAction":[{"@type":"ReadAction","target":["https:\/\/tipicino.ch\/apfelspare\/fr\/prodotto\/microfono-imac-27-a1419-a2115-mid-2017-mid-2020\/"]}]},{"@type":"ImageObject","inLanguage":"fr-CH","@id":"https:\/\/tipicino.ch\/apfelspare\/fr\/prodotto\/microfono-imac-27-a1419-a2115-mid-2017-mid-2020\/#primaryimage","url":"https:\/\/tipicino.ch\/apfelspare\/wp-content\/uploads\/2025\/06\/microfono-imac-27-a1419-a2115.png","contentUrl":"https:\/\/tipicino.ch\/apfelspare\/wp-content\/uploads\/2025\/06\/microfono-imac-27-a1419-a2115.png","width":1000,"height":1000,"caption":"Microfono per iMac 27\" A1419 A2115 (Mid 2017 \u2013 Mid 2020)"},{"@type":"BreadcrumbList","@id":"https:\/\/tipicino.ch\/apfelspare\/fr\/prodotto\/microfono-imac-27-a1419-a2115-mid-2017-mid-2020\/#breadcrumb","itemListElement":[{"@type":"ListItem","position":1,"name":"Home","item":"https:\/\/tipicino.ch\/apfelspare\/fr\/"},{"@type":"ListItem","position":2,"name":"Shop","item":"https:\/\/tipicino.ch\/apfelspare\/fr\/shop\/"},{"@type":"ListItem","position":3,"name":"Microfono per iMac 27&#8243; A1419 A2115 (Mid 2017 \u2013 Mid 2020)"}]},{"@type":"WebSite","@id":"https:\/\/tipicino.ch\/apfelspare\/fr\/#website","url":"https:\/\/tipicino.ch\/apfelspare\/fr\/","name":"Pi\u00e8ces d\u00e9tach\u00e9es MacBook Pro, MacBook Air et iMac en Suisse \u2013 \u00c9crans, Claviers, Batteries, Trackpads","description":"","publisher":{"@id":"https:\/\/tipicino.ch\/apfelspare\/fr\/#organization"},"potentialAction":[{"@type":"SearchAction","target":{"@type":"EntryPoint","urlTemplate":"https:\/\/tipicino.ch\/apfelspare\/fr\/?s={search_term_string}"},"query-input":{"@type":"PropertyValueSpecification","valueRequired":true,"valueName":"search_term_string"}}],"inLanguage":"fr-CH"},{"@type":"Organization","@id":"https:\/\/tipicino.ch\/apfelspare\/fr\/#organization","name":"tipicino.ch\/apfelspare","url":"https:\/\/tipicino.ch\/apfelspare\/fr\/","logo":{"@type":"ImageObject","inLanguage":"fr-CH","@id":"https:\/\/tipicino.ch\/apfelspare\/fr\/#\/schema\/logo\/image\/","url":"https:\/\/tipicino.ch\/apfelspare\/wp-content\/uploads\/2025\/08\/cropped-FAVICON-tipicino.ch\/apfelspare_.png","contentUrl":"https:\/\/tipicino.ch\/apfelspare\/wp-content\/uploads\/2025\/08\/cropped-FAVICON-tipicino.ch\/apfelspare_.png","width":512,"height":512,"caption":"tipicino.ch\/apfelspare"},"image":{"@id":"https:\/\/tipicino.ch\/apfelspare\/fr\/#\/schema\/logo\/image\/"}}]}},"_links":{"self":[{"href":"https:\/\/tipicino.ch\/apfelspare\/fr\/wp-json\/wp\/v2\/product\/15456","targetHints":{"allow":["GET"]}}],"collection":[{"href":"https:\/\/tipicino.ch\/apfelspare\/fr\/wp-json\/wp\/v2\/product"}],"about":[{"href":"https:\/\/tipicino.ch\/apfelspare\/fr\/wp-json\/wp\/v2\/types\/product"}],"replies":[{"embeddable":true,"href":"https:\/\/tipicino.ch\/apfelspare\/fr\/wp-json\/wp\/v2\/comments?post=15456"}],"wp:featuredmedia":[{"embeddable":true,"href":"https:\/\/tipicino.ch\/apfelspare\/fr\/wp-json\/wp\/v2\/media\/15457"}],"wp:attachment":[{"href":"https:\/\/tipicino.ch\/apfelspare\/fr\/wp-json\/wp\/v2\/media?parent=15456"}],"wp:term":[{"taxonomy":"product_brand","embeddable":true,"href":"https:\/\/tipicino.ch\/apfelspare\/fr\/wp-json\/wp\/v2\/product_brand?post=15456"},{"taxonomy":"product_cat","embeddable":true,"href":"https:\/\/tipicino.ch\/apfelspare\/fr\/wp-json\/wp\/v2\/product_cat?post=15456"},{"taxonomy":"product_tag","embeddable":true,"href":"https:\/\/tipicino.ch\/apfelspare\/fr\/wp-json\/wp\/v2\/product_tag?post=15456"}],"curies":[{"name":"wp","href":"https:\/\/api.w.org\/{rel}","templated":true}]}}