{"id":15488,"date":"2025-06-19T08:25:04","date_gmt":"2025-06-19T08:25:04","guid":{"rendered":"https:\/\/tipicino.ch\/apfelspare\/?post_type=product&#038;p=15488"},"modified":"2026-02-18T13:09:30","modified_gmt":"2026-02-18T13:09:30","slug":"microphone-pour-macbook-pro-15-a1398-mid-2012-mid-2015","status":"publish","type":"product","link":"https:\/\/tipicino.ch\/apfelspare\/fr\/prodotto\/microfono-per-macbook-pro-15-a1398-mid-2012-mid-2015\/","title":{"rendered":"Microphone pour MacBook Pro 15\u2033 A1398 (Mid 2012 - Mid 2015)"},"content":{"rendered":"<div class=\"aps-pdp\">\n<section class=\"aps-card\">\n<header class=\"aps-card__head\">\n<h2 class=\"aps-h\">Microphone pour MacBook Pro 15\u2033 A1398 (2012-2015)<\/h2>\n<p class=\"aps-sub\">Composant de remplacement interne pour la r\u00e9initialisation de l'acquisition vocale.<\/p>\n<\/header>\n<p>\n      Votre MacBook Pro a du mal \u00e0 capter votre voix ou les enregistrements sont tr\u00e8s faibles ? Si Siri ne r\u00e9pond plus correctement ou si vos auditeurs entendent un son \u00e9touff\u00e9 lors d'appels vid\u00e9o, la panne peut provenir du module de microphone interne. Au fil du temps, l'accumulation de poussi\u00e8re ou l'humidit\u00e9 ambiante peuvent obstruer les capteurs, ce qui nuit \u00e0 leur sensibilit\u00e9. Le remplacement de la pi\u00e8ce par cette nouvelle pi\u00e8ce de rechange pourrait r\u00e9soudre le dysfonctionnement, garantissant \u00e0 nouveau une communication claire.\n    <\/p>\n<div class=\"aps-note aps-note--warn\">\n      <span class=\"aps-note__ico\">!<\/span><br \/>\n      <span class=\"aps-note__txt\"><strong>AVIS DE COMPATIBILIT\u00c9 :<\/strong> Cette pi\u00e8ce est sp\u00e9cifique \u00e0 la s\u00e9rie A1398 Retina. Nous vous conseillons de v\u00e9rifier le num\u00e9ro de pi\u00e8ce grav\u00e9 sur le fond de votre MacBook avant l'achat pour vous assurer qu'il s'agit du bon mod\u00e8le, car les versions ant\u00e9rieures ou ult\u00e9rieures ne sont pas compatibles.<\/span>\n    <\/div>\n<\/section>\n<section class=\"aps-card\">\n<header class=\"aps-card__head\">\n<h2 class=\"aps-h\">Mod\u00e8les compatibles<\/h2>\n<p class=\"aps-sub\">Liste des versions de MacBook Pro 15\u2033 Retina compatibles avec ce microphone.<\/p>\n<\/header>\n<ul class=\"aps-check\">\n<li><strong>MacBook Pro 15\u2033 A1398 (Mid 2015)<\/strong> <span class=\"aps-badge\">MacBookPro11.5<\/span><\/li>\n<li><strong>MacBook Pro 15\u2033 A1398 (Mid 2015)<\/strong> <span class=\"aps-badge\">MacBookPro11.4<\/span><\/li>\n<li><strong>MacBook Pro 15\u2033 A1398 (Mid 2014)<\/strong> <span class=\"aps-badge\">MacBookPro11.3<\/span><\/li>\n<li><strong>MacBook Pro 15\u2033 A1398 (Mid 2014)<\/strong> <span class=\"aps-badge\">MacBookPro11.2<\/span><\/li>\n<li><strong>MacBook Pro 15\u2033 A1398 (Late 2013)<\/strong> <span class=\"aps-badge\">MacBookPro11.3<\/span><\/li>\n<li><strong>MacBook Pro 15\u2033 A1398 (Late 2013)<\/strong> <span class=\"aps-badge\">MacBookPro11.2<\/span><\/li>\n<li><strong>MacBook Pro 15\u2033 A1398 (Early 2013)<\/strong> <span class=\"aps-badge\">MacBookPro10.1<\/span><\/li>\n<li><strong>MacBook Pro 15\u2033 A1398 (Mid 2012)<\/strong> <span class=\"aps-badge\">MacBookPro10.1<\/span><\/li>\n<\/ul>\n<\/section>\n<section class=\"aps-card\">\n<header class=\"aps-card__head\">\n<h2 class=\"aps-h\">Caract\u00e9ristiques techniques<\/h2>\n<p class=\"aps-sub\">Sp\u00e9cifications du module de remplacement.<\/p>\n<\/header>\n<div class=\"aps-specgrid\">\n<div class=\"aps-spec\">\n<div><span>Type de pi\u00e8ce<\/span><strong>Microphone interne<\/strong><\/div>\n<\/div>\n<div class=\"aps-spec\">\n<div><span>\u00c9tat<\/span><strong>Neuf<\/strong><\/div>\n<\/div><\/div>\n<\/section>\n<section class=\"aps-card aps-callout aps-callout--warn\">\n<header class=\"aps-card__head\">\n<h2 class=\"aps-h\">Installation et avertissements<\/h2>\n<p class=\"aps-sub\">Conseils pour un montage en toute s\u00e9curit\u00e9.<\/p>\n<\/header>\n<p>\n      Pour remplacer le microphone, il est n\u00e9cessaire de retirer le bo\u00eetier inf\u00e9rieur du MacBook. Les composants internes \u00e9tant tr\u00e8s denses et les petits connecteurs extr\u00eamement fragiles, nous vous conseillons de proc\u00e9der tr\u00e8s calmement. Il est essentiel de ne pas oublier de d\u00e9connecter la batterie, premi\u00e8re \u00e9tape obligatoire pour prot\u00e9ger la carte logique. Si vous n'\u00eates pas familiaris\u00e9 avec le d\u00e9montage de pi\u00e8ces \u00e9lectroniques fines, l'aide d'un technicien exp\u00e9riment\u00e9 peut s'av\u00e9rer utile.\n    <\/p>\n<\/section>\n<section class=\"aps-card aps-callout aps-callout--info\">\n<header class=\"aps-card__head\">\n<h2 class=\"aps-h\">Vous avez un doute quant au bon choix du composant de remplacement ?<\/h2>\n<p class=\"aps-sub\">Contactez-nous pour obtenir de l\u2019aide dans le choix du composant de remplacement adapt\u00e9 \u00e0 votre appareil.<\/p>\n<\/header>\n<div class=\"aps-cta\">\n      <a class=\"aps-btn\" href=\"mailto:info@apfelspare.ch\">info@apfelspare.ch<\/a><br \/>\n      <span class=\"aps-cta__hint\">Envoyez-nous le num\u00e9ro de s\u00e9rie de votre MacBook Pro : nous v\u00e9rifierons rapidement la compatibilit\u00e9 exacte.<\/span>\n    <\/div>\n<\/section>\n<\/div>","protected":false},"excerpt":{"rendered":"<p>Microphone pour MacBook Pro 15\u2033 A1398 (Mid 2012 - Mid 2015). Remplacement de qualit\u00e9, pr\u00eat \u00e0 \u00eatre install\u00e9<\/p>","protected":false},"featured_media":15489,"comment_status":"closed","ping_status":"closed","template":"","meta":{"_acf_changed":false,"_et_pb_use_builder":"","_et_pb_old_content":"","_et_gb_content_width":""},"product_brand":[],"product_cat":[183,187,17,87,86,85,84,83],"product_tag":[],"class_list":{"0":"post-15488","1":"product","2":"type-product","3":"status-publish","4":"has-post-thumbnail","6":"product_cat-altoparlanti","7":"product_cat-cavi-connettori","8":"product_cat-category-macbook-pro","9":"product_cat-macbook-pro-15-mid-2015-a1398","10":"product_cat-macbook-pro-15-mid-2014-a1398","11":"product_cat-macbook-pro-15-late-2013-a1398","12":"product_cat-macbook-pro-15-early-2013-a1398","13":"product_cat-macbook-pro-15-mid-2012-a1398","15":"first","16":"onbackorder","17":"shipping-taxable","18":"purchasable","19":"product-type-simple"},"acf":[],"yoast_head":"<!-- This site is optimized with the Yoast SEO plugin v27.4 - https:\/\/yoast.com\/product\/yoast-seo-wordpress\/ -->\n<title>Microfono per MacBook Pro 15&quot; A1398 (Mid 2012 \u2013 Mid 2015)<\/title>\n<meta name=\"description\" content=\"Microfono per MacBook Pro 15&quot; A1398, ideale per problemi di registrazione o comandi vocali. Ricambio testato e pronto all\u2019installazione\" \/>\n<meta name=\"robots\" content=\"index, follow, max-snippet:-1, max-image-preview:large, max-video-preview:-1\" \/>\n<link rel=\"canonical\" href=\"https:\/\/tipicino.ch\/apfelspare\/fr\/produit\/microphone-pour-macbook-pro-15-a1398-mid-2012-mid-2015\/\" \/>\n<meta property=\"og:locale\" content=\"fr_FR\" \/>\n<meta property=\"og:type\" content=\"article\" \/>\n<meta property=\"og:title\" content=\"Microfono per MacBook Pro 15&quot; A1398 (Mid 2012 \u2013 Mid 2015)\" \/>\n<meta property=\"og:description\" content=\"Microfono per MacBook Pro 15&quot; A1398, ideale per problemi di registrazione o comandi vocali. Ricambio testato e pronto all\u2019installazione\" \/>\n<meta property=\"og:url\" content=\"https:\/\/tipicino.ch\/apfelspare\/fr\/produit\/microphone-pour-macbook-pro-15-a1398-mid-2012-mid-2015\/\" \/>\n<meta property=\"og:site_name\" content=\"Ricambi MacBook Pro, MacBook Air e iMac in Svizzera \u2013 Display, Tastiere, Batterie, Trackpad\" \/>\n<meta property=\"article:modified_time\" content=\"2026-02-18T13:09:30+00:00\" \/>\n<meta property=\"og:image\" content=\"https:\/\/tipicino.ch\/apfelspare\/wp-content\/uploads\/2025\/06\/microfono-macbook-pro-15-a1398-mid-2012-mid-2015.png\" \/>\n\t<meta property=\"og:image:width\" content=\"1000\" \/>\n\t<meta property=\"og:image:height\" content=\"1000\" \/>\n\t<meta property=\"og:image:type\" content=\"image\/png\" \/>\n<meta name=\"twitter:card\" content=\"summary_large_image\" \/>\n<meta name=\"twitter:label1\" content=\"Dur\u00e9e de lecture estim\u00e9e\" \/>\n\t<meta name=\"twitter:data1\" content=\"2 minutes\" \/>\n<!-- \/ Yoast SEO plugin. -->","yoast_head_json":{"title":"Microphone pour MacBook Pro 15\" A1398 (Mid 2012 - Mid 2015)","description":"Microphone pour MacBook Pro 15\" A1398, id\u00e9al pour enregistrer les probl\u00e8mes ou les commandes vocales. Pi\u00e8ce de rechange test\u00e9e et pr\u00eate \u00e0 \u00eatre install\u00e9e","robots":{"index":"index","follow":"follow","max-snippet":"max-snippet:-1","max-image-preview":"max-image-preview:large","max-video-preview":"max-video-preview:-1"},"canonical":"https:\/\/tipicino.ch\/apfelspare\/fr\/produit\/microphone-pour-macbook-pro-15-a1398-mid-2012-mid-2015\/","og_locale":"fr_FR","og_type":"article","og_title":"Microfono per MacBook Pro 15\" A1398 (Mid 2012 \u2013 Mid 2015)","og_description":"Microfono per MacBook Pro 15\" A1398, ideale per problemi di registrazione o comandi vocali. Ricambio testato e pronto all\u2019installazione","og_url":"https:\/\/tipicino.ch\/apfelspare\/fr\/produit\/microphone-pour-macbook-pro-15-a1398-mid-2012-mid-2015\/","og_site_name":"Ricambi MacBook Pro, MacBook Air e iMac in Svizzera \u2013 Display, Tastiere, Batterie, Trackpad","article_modified_time":"2026-02-18T13:09:30+00:00","og_image":[{"width":1000,"height":1000,"url":"https:\/\/tipicino.ch\/apfelspare\/wp-content\/uploads\/2025\/06\/microfono-macbook-pro-15-a1398-mid-2012-mid-2015.png","type":"image\/png"}],"twitter_card":"summary_large_image","twitter_misc":{"Dur\u00e9e de lecture estim\u00e9e":"2 minutes"},"schema":{"@context":"https:\/\/schema.org","@graph":[{"@type":"WebPage","@id":"https:\/\/tipicino.ch\/apfelspare\/fr\/prodotto\/microfono-per-macbook-pro-15-a1398-mid-2012-mid-2015\/","url":"https:\/\/tipicino.ch\/apfelspare\/fr\/prodotto\/microfono-per-macbook-pro-15-a1398-mid-2012-mid-2015\/","name":"Microphone pour MacBook Pro 15\" A1398 (Mid 2012 - Mid 2015)","isPartOf":{"@id":"https:\/\/tipicino.ch\/apfelspare\/fr\/#website"},"primaryImageOfPage":{"@id":"https:\/\/tipicino.ch\/apfelspare\/fr\/prodotto\/microfono-per-macbook-pro-15-a1398-mid-2012-mid-2015\/#primaryimage"},"image":{"@id":"https:\/\/tipicino.ch\/apfelspare\/fr\/prodotto\/microfono-per-macbook-pro-15-a1398-mid-2012-mid-2015\/#primaryimage"},"thumbnailUrl":"https:\/\/tipicino.ch\/apfelspare\/wp-content\/uploads\/2025\/06\/microfono-macbook-pro-15-a1398-mid-2012-mid-2015.png","datePublished":"2025-06-19T08:25:04+00:00","dateModified":"2026-02-18T13:09:30+00:00","description":"Microphone pour MacBook Pro 15\" A1398, id\u00e9al pour enregistrer les probl\u00e8mes ou les commandes vocales. Pi\u00e8ce de rechange test\u00e9e et pr\u00eate \u00e0 \u00eatre install\u00e9e","breadcrumb":{"@id":"https:\/\/tipicino.ch\/apfelspare\/fr\/prodotto\/microfono-per-macbook-pro-15-a1398-mid-2012-mid-2015\/#breadcrumb"},"inLanguage":"fr-CH","potentialAction":[{"@type":"ReadAction","target":["https:\/\/tipicino.ch\/apfelspare\/fr\/prodotto\/microfono-per-macbook-pro-15-a1398-mid-2012-mid-2015\/"]}]},{"@type":"ImageObject","inLanguage":"fr-CH","@id":"https:\/\/tipicino.ch\/apfelspare\/fr\/prodotto\/microfono-per-macbook-pro-15-a1398-mid-2012-mid-2015\/#primaryimage","url":"https:\/\/tipicino.ch\/apfelspare\/wp-content\/uploads\/2025\/06\/microfono-macbook-pro-15-a1398-mid-2012-mid-2015.png","contentUrl":"https:\/\/tipicino.ch\/apfelspare\/wp-content\/uploads\/2025\/06\/microfono-macbook-pro-15-a1398-mid-2012-mid-2015.png","width":1000,"height":1000,"caption":"Microfono per MacBook Pro 15\" A1398 (Mid 2012 \u2013 Mid 2015)"},{"@type":"BreadcrumbList","@id":"https:\/\/tipicino.ch\/apfelspare\/fr\/prodotto\/microfono-per-macbook-pro-15-a1398-mid-2012-mid-2015\/#breadcrumb","itemListElement":[{"@type":"ListItem","position":1,"name":"Home","item":"https:\/\/tipicino.ch\/apfelspare\/fr\/"},{"@type":"ListItem","position":2,"name":"Shop","item":"https:\/\/tipicino.ch\/apfelspare\/fr\/shop\/"},{"@type":"ListItem","position":3,"name":"Microfono per MacBook Pro 15&#8243; A1398 (Mid 2012 \u2013 Mid 2015)"}]},{"@type":"WebSite","@id":"https:\/\/tipicino.ch\/apfelspare\/fr\/#website","url":"https:\/\/tipicino.ch\/apfelspare\/fr\/","name":"Pi\u00e8ces d\u00e9tach\u00e9es MacBook Pro, MacBook Air et iMac en Suisse \u2013 \u00c9crans, Claviers, Batteries, Trackpads","description":"","publisher":{"@id":"https:\/\/tipicino.ch\/apfelspare\/fr\/#organization"},"potentialAction":[{"@type":"SearchAction","target":{"@type":"EntryPoint","urlTemplate":"https:\/\/tipicino.ch\/apfelspare\/fr\/?s={search_term_string}"},"query-input":{"@type":"PropertyValueSpecification","valueRequired":true,"valueName":"search_term_string"}}],"inLanguage":"fr-CH"},{"@type":"Organization","@id":"https:\/\/tipicino.ch\/apfelspare\/fr\/#organization","name":"tipicino.ch\/apfelspare","url":"https:\/\/tipicino.ch\/apfelspare\/fr\/","logo":{"@type":"ImageObject","inLanguage":"fr-CH","@id":"https:\/\/tipicino.ch\/apfelspare\/fr\/#\/schema\/logo\/image\/","url":"https:\/\/tipicino.ch\/apfelspare\/wp-content\/uploads\/2025\/08\/cropped-FAVICON-tipicino.ch\/apfelspare_.png","contentUrl":"https:\/\/tipicino.ch\/apfelspare\/wp-content\/uploads\/2025\/08\/cropped-FAVICON-tipicino.ch\/apfelspare_.png","width":512,"height":512,"caption":"tipicino.ch\/apfelspare"},"image":{"@id":"https:\/\/tipicino.ch\/apfelspare\/fr\/#\/schema\/logo\/image\/"}}]}},"_links":{"self":[{"href":"https:\/\/tipicino.ch\/apfelspare\/fr\/wp-json\/wp\/v2\/product\/15488","targetHints":{"allow":["GET"]}}],"collection":[{"href":"https:\/\/tipicino.ch\/apfelspare\/fr\/wp-json\/wp\/v2\/product"}],"about":[{"href":"https:\/\/tipicino.ch\/apfelspare\/fr\/wp-json\/wp\/v2\/types\/product"}],"replies":[{"embeddable":true,"href":"https:\/\/tipicino.ch\/apfelspare\/fr\/wp-json\/wp\/v2\/comments?post=15488"}],"wp:featuredmedia":[{"embeddable":true,"href":"https:\/\/tipicino.ch\/apfelspare\/fr\/wp-json\/wp\/v2\/media\/15489"}],"wp:attachment":[{"href":"https:\/\/tipicino.ch\/apfelspare\/fr\/wp-json\/wp\/v2\/media?parent=15488"}],"wp:term":[{"taxonomy":"product_brand","embeddable":true,"href":"https:\/\/tipicino.ch\/apfelspare\/fr\/wp-json\/wp\/v2\/product_brand?post=15488"},{"taxonomy":"product_cat","embeddable":true,"href":"https:\/\/tipicino.ch\/apfelspare\/fr\/wp-json\/wp\/v2\/product_cat?post=15488"},{"taxonomy":"product_tag","embeddable":true,"href":"https:\/\/tipicino.ch\/apfelspare\/fr\/wp-json\/wp\/v2\/product_tag?post=15488"}],"curies":[{"name":"wp","href":"https:\/\/api.w.org\/{rel}","templated":true}]}}