{"id":15495,"date":"2025-06-19T09:09:27","date_gmt":"2025-06-19T09:09:27","guid":{"rendered":"https:\/\/tipicino.ch\/apfelspare\/?post_type=product&#038;p=15495"},"modified":"2026-02-18T13:06:01","modified_gmt":"2026-02-18T13:06:01","slug":"microphone-macbook-pro-15-a1286-mid-2009-mid-2012-occasion","status":"publish","type":"product","link":"https:\/\/tipicino.ch\/apfelspare\/fr\/prodotto\/microfono-macbook-pro-15-a1286-mid-2009-mid-2012-usato\/","title":{"rendered":"Microphone pour MacBook Pro 15\u2033 A1286 (Mid 2009 - Mid 2012) - RECONDITIONN\u00c9"},"content":{"rendered":"<div class=\"aps-pdp\">\n<section class=\"aps-card\">\n<header class=\"aps-card__head\">\n<h2 class=\"aps-h\">Microphone pour MacBook Pro 15\u2033 A1286 (2009-2012) - RECONDITIONN\u00c9<\/h2>\n<p class=\"aps-sub\">Composant de remplacement interne pour restaurer les fonctions vocales.<\/p>\n<\/header>\n<p>\n      Votre MacBook Pro a des probl\u00e8mes d'enregistrement audio ou votre voix est tr\u00e8s faible lors des appels ? Ce type de dysfonctionnement peut \u00eatre d\u00fb \u00e0 un module microphonique d'origine us\u00e9 ou encrass\u00e9. Avec le temps, la poussi\u00e8re et l'humidit\u00e9 peuvent se d\u00e9poser sur les contacts ou la membrane du capteur, ce qui affecte sa sensibilit\u00e9. Le remplacement du composant par cette pi\u00e8ce de rechange reconditionn\u00e9e et test\u00e9e de mani\u00e8re approfondie peut r\u00e9soudre le probl\u00e8me et vous permettre de recommencer \u00e0 utiliser Siri et \u00e0 passer des appels vid\u00e9o avec un son clair.\n    <\/p>\n<div class=\"aps-note aps-note--warn\">\n      <span class=\"aps-note__ico\">!<\/span><br \/>\n      <span class=\"aps-note__txt\"><strong>AVIS DE COMPATIBILIT\u00c9 :<\/strong> Cette pi\u00e8ce est sp\u00e9cifique au mod\u00e8le A1278 Unibody (avec lecteur CD). Nous vous conseillons de v\u00e9rifier la r\u00e9f\u00e9rence grav\u00e9e sur le dessous de votre MacBook avant l'achat pour vous assurer qu'il s'agit de la bonne version.<\/span>\n    <\/div>\n<\/section>\n<section class=\"aps-card\">\n<header class=\"aps-card__head\">\n<h2 class=\"aps-h\">Mod\u00e8les compatibles<\/h2>\n<p class=\"aps-sub\">Les versions du MacBook Pro 15\u2033 sont compatibles avec ce microphone.<\/p>\n<\/header>\n<ul class=\"aps-check\">\n<li><strong>MacBook Pro 15\u2033 A1286 (Mid 2012)<\/strong> <span class=\"aps-badge\">MacBookPro9.1<\/span><\/li>\n<li><strong>MacBook Pro 15\u2033 A1286 (Late 2011)<\/strong> <span class=\"aps-badge\">MacBookPro8.2<\/span><\/li>\n<li><strong>MacBook Pro 15\u2033 A1286 (Early 2011)<\/strong> <span class=\"aps-badge\">MacBookPro8.2<\/span><\/li>\n<li><strong>MacBook Pro 15\u2033 A1286 (Mid 2010)<\/strong> <span class=\"aps-badge\">MacBookPro6.2<\/span><\/li>\n<li><strong>MacBook Pro 15\u2033 A1286 (Mid 2009)<\/strong> <span class=\"aps-badge\">MacBookPro5.4<\/span><\/li>\n<li><strong>MacBook Pro 15\u2033 A1286 (Mid 2009)<\/strong> <span class=\"aps-badge\">MacBookPro5.3<\/span><\/li>\n<\/ul>\n<\/section>\n<section class=\"aps-card\">\n<header class=\"aps-card__head\">\n<h2 class=\"aps-h\">Caract\u00e9ristiques techniques<\/h2>\n<p class=\"aps-sub\">D\u00e9tails du module de rechange.<\/p>\n<\/header>\n<div class=\"aps-specgrid\">\n<div class=\"aps-spec\">\n<div><span>Type de pi\u00e8ce<\/span><strong>Microphone interne<\/strong><\/div>\n<\/div>\n<div class=\"aps-spec\">\n<div><span>\u00c9tat<\/span><strong>D\u2019reconditionn\u00e9 et test\u00e9e<\/strong><\/div>\n<\/div><\/div>\n<\/section>\n<section class=\"aps-card aps-callout aps-callout--warn\">\n<header class=\"aps-card__head\">\n<h2 class=\"aps-h\">Installation et avertissements<\/h2>\n<p class=\"aps-sub\">Notes pour un montage en toute s\u00e9curit\u00e9.<\/p>\n<\/header>\n<p>\n      Pour remplacer le microphone, il faut retirer le couvercle arri\u00e8re du MacBook Pro. Nous vous conseillons de proc\u00e9der avec beaucoup de pr\u00e9cautions lorsque vous manipulez les petits connecteurs de la carte m\u00e8re, qui peuvent \u00eatre fragiles. Il est essentiel de penser \u00e0 d\u00e9brancher la batterie comme premi\u00e8re \u00e9tape obligatoire pour prot\u00e9ger les circuits. Si vous n'\u00eates pas familier avec le d\u00e9montage de pi\u00e8ces \u00e9lectroniques, l'aide d'un technicien qualifi\u00e9 peut s'av\u00e9rer utile pour effectuer la r\u00e9paration sans risque.\n    <\/p>\n<\/section>\n<section class=\"aps-card aps-callout aps-callout--info\">\n<header class=\"aps-card__head\">\n<h2 class=\"aps-h\">Vous avez un doute quant au bon choix du composant de remplacement ?<\/h2>\n<p class=\"aps-sub\">Contactez-nous pour obtenir de l\u2019aide dans le choix du composant de remplacement adapt\u00e9 \u00e0 votre appareil.<\/p>\n<\/header>\n<div class=\"aps-cta\">\n      <a class=\"aps-btn\" href=\"mailto:info@apfelspare.ch\">info@apfelspare.ch<\/a><br \/>\n      <span class=\"aps-cta__hint\">Envoyez-nous le num\u00e9ro de s\u00e9rie de votre MacBook Pro : nous v\u00e9rifierons rapidement la compatibilit\u00e9 exacte.<\/span>\n    <\/div>\n<\/section>\n<\/div>","protected":false},"excerpt":{"rendered":"<p>Microphone pour MacBook Pro 15\u2033 A1286 (Mid 2009 - Mid 2012). Pi\u00e8ce de rechange reconditionn\u00e9 test\u00e9e, pr\u00eate \u00e0 \u00eatre install\u00e9e<\/p>","protected":false},"featured_media":15496,"comment_status":"closed","ping_status":"closed","template":"","meta":{"_acf_changed":false,"_et_pb_use_builder":"","_et_pb_old_content":"","_et_gb_content_width":""},"product_brand":[],"product_cat":[183,187,17,19,99,98,97,96,95],"product_tag":[],"class_list":{"0":"post-15495","1":"product","2":"type-product","3":"status-publish","4":"has-post-thumbnail","6":"product_cat-altoparlanti","7":"product_cat-cavi-connettori","8":"product_cat-category-macbook-pro","9":"product_cat-parti-ricambio-seconda-mano","10":"product_cat-macbook-pro-15-mid-2012-a1286","11":"product_cat-macbook-pro-15-late-2011-a1286","12":"product_cat-macbook-pro-15-early-2011-a1286","13":"product_cat-macbook-pro-15-mid-2010-a1286","14":"product_cat-macbook-pro-15-mid-2009-a1286","16":"first","17":"instock","18":"shipping-taxable","19":"purchasable","20":"product-type-simple"},"acf":[],"yoast_head":"<!-- This site is optimized with the Yoast SEO plugin v27.4 - https:\/\/yoast.com\/product\/yoast-seo-wordpress\/ -->\n<title>Microfono per MacBook Pro 15&quot; A1286 (Mid 2009 \u2013 Mid 2012) \u2013 RICONDIZIONATO<\/title>\n<meta name=\"description\" content=\"Microfono per MacBook Pro 15&quot; A1286, ideale per problemi di registrazione o comandi vocali. Ricambio usato testato e pronto all\u2019installazione\" \/>\n<meta name=\"robots\" content=\"index, follow, max-snippet:-1, max-image-preview:large, max-video-preview:-1\" \/>\n<link rel=\"canonical\" href=\"https:\/\/tipicino.ch\/apfelspare\/fr\/produit\/microphone-macbook-pro-15-a1286-mid-2009-mid-2012-occasion\/\" \/>\n<meta property=\"og:locale\" content=\"fr_FR\" \/>\n<meta property=\"og:type\" content=\"article\" \/>\n<meta property=\"og:title\" content=\"Microfono per MacBook Pro 15&quot; A1286 (Mid 2009 \u2013 Mid 2012) \u2013 RICONDIZIONATO\" \/>\n<meta property=\"og:description\" content=\"Microfono per MacBook Pro 15&quot; A1286, ideale per problemi di registrazione o comandi vocali. Ricambio usato testato e pronto all\u2019installazione\" \/>\n<meta property=\"og:url\" content=\"https:\/\/tipicino.ch\/apfelspare\/fr\/produit\/microphone-macbook-pro-15-a1286-mid-2009-mid-2012-occasion\/\" \/>\n<meta property=\"og:site_name\" content=\"Ricambi MacBook Pro, MacBook Air e iMac in Svizzera \u2013 Display, Tastiere, Batterie, Trackpad\" \/>\n<meta property=\"article:modified_time\" content=\"2026-02-18T13:06:01+00:00\" \/>\n<meta property=\"og:image\" content=\"https:\/\/tipicino.ch\/apfelspare\/wp-content\/uploads\/2025\/06\/microfono-macbook-pro-15-a1286-mid-2009-mid-2012.png\" \/>\n\t<meta property=\"og:image:width\" content=\"1000\" \/>\n\t<meta property=\"og:image:height\" content=\"1000\" \/>\n\t<meta property=\"og:image:type\" content=\"image\/png\" \/>\n<meta name=\"twitter:card\" content=\"summary_large_image\" \/>\n<meta name=\"twitter:label1\" content=\"Dur\u00e9e de lecture estim\u00e9e\" \/>\n\t<meta name=\"twitter:data1\" content=\"2 minutes\" \/>\n<!-- \/ Yoast SEO plugin. -->","yoast_head_json":{"title":"Microphone pour MacBook Pro 15\" A1286 (Mid 2009 - Mid 2012) - RECONDITIONN\u00c9","description":"Microphone pour MacBook Pro 15\" A1286, id\u00e9al pour l'enregistrement de probl\u00e8mes ou de commandes vocales. Remplacement d'occasion test\u00e9 et pr\u00eat \u00e0 \u00eatre install\u00e9","robots":{"index":"index","follow":"follow","max-snippet":"max-snippet:-1","max-image-preview":"max-image-preview:large","max-video-preview":"max-video-preview:-1"},"canonical":"https:\/\/tipicino.ch\/apfelspare\/fr\/produit\/microphone-macbook-pro-15-a1286-mid-2009-mid-2012-occasion\/","og_locale":"fr_FR","og_type":"article","og_title":"Microfono per MacBook Pro 15\" A1286 (Mid 2009 \u2013 Mid 2012) \u2013 RICONDIZIONATO","og_description":"Microfono per MacBook Pro 15\" A1286, ideale per problemi di registrazione o comandi vocali. Ricambio usato testato e pronto all\u2019installazione","og_url":"https:\/\/tipicino.ch\/apfelspare\/fr\/produit\/microphone-macbook-pro-15-a1286-mid-2009-mid-2012-occasion\/","og_site_name":"Ricambi MacBook Pro, MacBook Air e iMac in Svizzera \u2013 Display, Tastiere, Batterie, Trackpad","article_modified_time":"2026-02-18T13:06:01+00:00","og_image":[{"width":1000,"height":1000,"url":"https:\/\/tipicino.ch\/apfelspare\/wp-content\/uploads\/2025\/06\/microfono-macbook-pro-15-a1286-mid-2009-mid-2012.png","type":"image\/png"}],"twitter_card":"summary_large_image","twitter_misc":{"Dur\u00e9e de lecture estim\u00e9e":"2 minutes"},"schema":{"@context":"https:\/\/schema.org","@graph":[{"@type":"WebPage","@id":"https:\/\/tipicino.ch\/apfelspare\/fr\/prodotto\/microfono-macbook-pro-15-a1286-mid-2009-mid-2012-usato\/","url":"https:\/\/tipicino.ch\/apfelspare\/fr\/prodotto\/microfono-macbook-pro-15-a1286-mid-2009-mid-2012-usato\/","name":"Microphone pour MacBook Pro 15\" A1286 (Mid 2009 - Mid 2012) - RECONDITIONN\u00c9","isPartOf":{"@id":"https:\/\/tipicino.ch\/apfelspare\/fr\/#website"},"primaryImageOfPage":{"@id":"https:\/\/tipicino.ch\/apfelspare\/fr\/prodotto\/microfono-macbook-pro-15-a1286-mid-2009-mid-2012-usato\/#primaryimage"},"image":{"@id":"https:\/\/tipicino.ch\/apfelspare\/fr\/prodotto\/microfono-macbook-pro-15-a1286-mid-2009-mid-2012-usato\/#primaryimage"},"thumbnailUrl":"https:\/\/tipicino.ch\/apfelspare\/wp-content\/uploads\/2025\/06\/microfono-macbook-pro-15-a1286-mid-2009-mid-2012.png","datePublished":"2025-06-19T09:09:27+00:00","dateModified":"2026-02-18T13:06:01+00:00","description":"Microphone pour MacBook Pro 15\" A1286, id\u00e9al pour l'enregistrement de probl\u00e8mes ou de commandes vocales. Remplacement d'occasion test\u00e9 et pr\u00eat \u00e0 \u00eatre install\u00e9","breadcrumb":{"@id":"https:\/\/tipicino.ch\/apfelspare\/fr\/prodotto\/microfono-macbook-pro-15-a1286-mid-2009-mid-2012-usato\/#breadcrumb"},"inLanguage":"fr-CH","potentialAction":[{"@type":"ReadAction","target":["https:\/\/tipicino.ch\/apfelspare\/fr\/prodotto\/microfono-macbook-pro-15-a1286-mid-2009-mid-2012-usato\/"]}]},{"@type":"ImageObject","inLanguage":"fr-CH","@id":"https:\/\/tipicino.ch\/apfelspare\/fr\/prodotto\/microfono-macbook-pro-15-a1286-mid-2009-mid-2012-usato\/#primaryimage","url":"https:\/\/tipicino.ch\/apfelspare\/wp-content\/uploads\/2025\/06\/microfono-macbook-pro-15-a1286-mid-2009-mid-2012.png","contentUrl":"https:\/\/tipicino.ch\/apfelspare\/wp-content\/uploads\/2025\/06\/microfono-macbook-pro-15-a1286-mid-2009-mid-2012.png","width":1000,"height":1000,"caption":"Microfono per MacBook Pro 15\" A1286 (Mid 2009 \u2013 Mid 2012) \u2013 USATO"},{"@type":"BreadcrumbList","@id":"https:\/\/tipicino.ch\/apfelspare\/fr\/prodotto\/microfono-macbook-pro-15-a1286-mid-2009-mid-2012-usato\/#breadcrumb","itemListElement":[{"@type":"ListItem","position":1,"name":"Home","item":"https:\/\/tipicino.ch\/apfelspare\/fr\/"},{"@type":"ListItem","position":2,"name":"Shop","item":"https:\/\/tipicino.ch\/apfelspare\/fr\/shop\/"},{"@type":"ListItem","position":3,"name":"Microfono per MacBook Pro 15&#8243; A1286 (Mid 2009 \u2013 Mid 2012) \u2013 RICONDIZIONATO"}]},{"@type":"WebSite","@id":"https:\/\/tipicino.ch\/apfelspare\/fr\/#website","url":"https:\/\/tipicino.ch\/apfelspare\/fr\/","name":"Pi\u00e8ces d\u00e9tach\u00e9es MacBook Pro, MacBook Air et iMac en Suisse \u2013 \u00c9crans, Claviers, Batteries, Trackpads","description":"","publisher":{"@id":"https:\/\/tipicino.ch\/apfelspare\/fr\/#organization"},"potentialAction":[{"@type":"SearchAction","target":{"@type":"EntryPoint","urlTemplate":"https:\/\/tipicino.ch\/apfelspare\/fr\/?s={search_term_string}"},"query-input":{"@type":"PropertyValueSpecification","valueRequired":true,"valueName":"search_term_string"}}],"inLanguage":"fr-CH"},{"@type":"Organization","@id":"https:\/\/tipicino.ch\/apfelspare\/fr\/#organization","name":"tipicino.ch\/apfelspare","url":"https:\/\/tipicino.ch\/apfelspare\/fr\/","logo":{"@type":"ImageObject","inLanguage":"fr-CH","@id":"https:\/\/tipicino.ch\/apfelspare\/fr\/#\/schema\/logo\/image\/","url":"https:\/\/tipicino.ch\/apfelspare\/wp-content\/uploads\/2025\/08\/cropped-FAVICON-tipicino.ch\/apfelspare_.png","contentUrl":"https:\/\/tipicino.ch\/apfelspare\/wp-content\/uploads\/2025\/08\/cropped-FAVICON-tipicino.ch\/apfelspare_.png","width":512,"height":512,"caption":"tipicino.ch\/apfelspare"},"image":{"@id":"https:\/\/tipicino.ch\/apfelspare\/fr\/#\/schema\/logo\/image\/"}}]}},"_links":{"self":[{"href":"https:\/\/tipicino.ch\/apfelspare\/fr\/wp-json\/wp\/v2\/product\/15495","targetHints":{"allow":["GET"]}}],"collection":[{"href":"https:\/\/tipicino.ch\/apfelspare\/fr\/wp-json\/wp\/v2\/product"}],"about":[{"href":"https:\/\/tipicino.ch\/apfelspare\/fr\/wp-json\/wp\/v2\/types\/product"}],"replies":[{"embeddable":true,"href":"https:\/\/tipicino.ch\/apfelspare\/fr\/wp-json\/wp\/v2\/comments?post=15495"}],"wp:featuredmedia":[{"embeddable":true,"href":"https:\/\/tipicino.ch\/apfelspare\/fr\/wp-json\/wp\/v2\/media\/15496"}],"wp:attachment":[{"href":"https:\/\/tipicino.ch\/apfelspare\/fr\/wp-json\/wp\/v2\/media?parent=15495"}],"wp:term":[{"taxonomy":"product_brand","embeddable":true,"href":"https:\/\/tipicino.ch\/apfelspare\/fr\/wp-json\/wp\/v2\/product_brand?post=15495"},{"taxonomy":"product_cat","embeddable":true,"href":"https:\/\/tipicino.ch\/apfelspare\/fr\/wp-json\/wp\/v2\/product_cat?post=15495"},{"taxonomy":"product_tag","embeddable":true,"href":"https:\/\/tipicino.ch\/apfelspare\/fr\/wp-json\/wp\/v2\/product_tag?post=15495"}],"curies":[{"name":"wp","href":"https:\/\/api.w.org\/{rel}","templated":true}]}}