{"id":15506,"date":"2025-06-19T10:47:52","date_gmt":"2025-06-19T10:47:52","guid":{"rendered":"https:\/\/tipicino.ch\/apfelspare\/?post_type=product&#038;p=15506"},"modified":"2026-02-18T12:58:15","modified_gmt":"2026-02-18T12:58:15","slug":"prise-casque-audio-pour-macbook-pro-15-a1398-mid-2012-early-2013","status":"publish","type":"product","link":"https:\/\/tipicino.ch\/apfelspare\/fr\/prodotto\/jack-audio-cuffie-per-macbook-pro-15-a1398-mid-2012-early-2013\/","title":{"rendered":"Jack audio pour MacBook Pro 15\u2033 A1398 (Mid 2012 - Early 2013)"},"content":{"rendered":"<div class=\"aps-pdp\">\n<section class=\"aps-card\">\n<header class=\"aps-card__head\">\n<h2 class=\"aps-h\">Prise audio pour casque d'\u00e9coute pour MacBook Pro 15\u2033 A1398 (2012-2013)<\/h2>\n<p class=\"aps-sub\">Composant de remplacement interne pour restaurer la sortie audio analogique de 3,5 mm.<\/p>\n<\/header>\n<p>\n      Vous entendez des gr\u00e9sillements g\u00eanants lorsque vous \u00e9coutez de la musique ou le son des \u00e9couteurs s'arr\u00eate soudainement lorsque vous d\u00e9placez le c\u00e2ble ? Si le connecteur ne tient plus fermement la fiche ou si le syst\u00e8me ne d\u00e9tecte pas l'insertion d'\u00e9couteurs, la panne peut \u00eatre caus\u00e9e par l'usure du module de la prise audio. Souvent, des r\u00e9sidus de salet\u00e9 ou de petits chocs accidentels peuvent endommager les contacts internes de cette pi\u00e8ce d\u00e9licate. Le remplacement du composant par cette nouvelle pi\u00e8ce peut r\u00e9soudre le probl\u00e8me une fois pour toutes et vous permettre de profiter \u00e0 nouveau d'un son propre.\n    <\/p>\n<div class=\"aps-note aps-note--warn\">\n      <span class=\"aps-note__ico\">!<\/span><br \/>\n      <span class=\"aps-note__txt\"><strong>AVIS DE COMPATIBILIT\u00c9 :<\/strong> Cette prise audio est sp\u00e9cifiquement destin\u00e9e \u00e0 la premi\u00e8re g\u00e9n\u00e9ration de MacBook Pro 15\u2033 Retina (A1398). Nous vous sugg\u00e9rons de v\u00e9rifier le num\u00e9ro de mod\u00e8le grav\u00e9 sur le dessous de votre MacBook avant l'achat pour vous assurer de la compatibilit\u00e9.<\/span>\n    <\/div>\n<\/section>\n<section class=\"aps-card\">\n<header class=\"aps-card__head\">\n<h2 class=\"aps-h\">Mod\u00e8les compatibles<\/h2>\n<p class=\"aps-sub\">Versions de MacBook Pro 15\u2033 Retina compatibles avec cette pi\u00e8ce de rechange.<\/p>\n<\/header>\n<ul class=\"aps-check\">\n<li><strong>MacBook Pro 15\u2033 A1398 (Early 2013)<\/strong> <span class=\"aps-badge\">MacBookPro10.1<\/span><\/li>\n<li><strong>MacBook Pro 15\u2033 A1398 (Mid 2012)<\/strong> <span class=\"aps-badge\">MacBookPro10.1<\/span><\/li>\n<\/ul>\n<\/section>\n<section class=\"aps-card\">\n<header class=\"aps-card__head\">\n<h2 class=\"aps-h\">Caract\u00e9ristiques techniques<\/h2>\n<p class=\"aps-sub\">D\u00e9tails du module de la prise audio.<\/p>\n<\/header>\n<div class=\"aps-specgrid\">\n<div class=\"aps-spec\">\n<div><span>Type de pi\u00e8ce<\/span><strong>Jack audio<\/strong><\/div>\n<\/div>\n<div class=\"aps-spec\">\n<div><span>\u00c9tat<\/span><strong>Neuf<\/strong><\/div>\n<\/div><\/div>\n<\/section>\n<section class=\"aps-card aps-callout aps-callout--warn\">\n<header class=\"aps-card__head\">\n<h2 class=\"aps-h\">Installation et avertissements<\/h2>\n<p class=\"aps-sub\">Conseils pour un montage en toute s\u00e9curit\u00e9.<\/p>\n<\/header>\n<p>\n      L'ouverture du MacBook Pro 15\u2033 A1398 n\u00e9cessite l'utilisation de tournevis sp\u00e9cifiques et beaucoup de pr\u00e9cision. Le remplacement de la prise audio n\u00e9cessite de retirer le bo\u00eetier inf\u00e9rieur et d'intervenir sur les connecteurs internes. Nous recommandons de faire appel \u00e0 un technicien qualifi\u00e9 pour \u00e9viter d'endommager la carte m\u00e8re. N'oubliez pas de d\u00e9brancher la batterie dans un premier temps afin de travailler en toute s\u00e9curit\u00e9 et de prot\u00e9ger les circuits int\u00e9gr\u00e9s d'\u00e9ventuelles d\u00e9charges.\n    <\/p>\n<\/section>\n<section class=\"aps-card aps-callout aps-callout--info\">\n<header class=\"aps-card__head\">\n<h2 class=\"aps-h\">Vous avez un doute quant au bon choix du composant de remplacement ?<\/h2>\n<p class=\"aps-sub\">Contactez-nous pour obtenir de l\u2019aide dans le choix du composant de remplacement adapt\u00e9 \u00e0 votre appareil.<\/p>\n<\/header>\n<div class=\"aps-cta\">\n      <a class=\"aps-btn\" href=\"mailto:info@apfelspare.ch\">info@apfelspare.ch<\/a><br \/>\n      <span class=\"aps-cta__hint\">Envoyez-nous le num\u00e9ro de s\u00e9rie de votre MacBook : nous v\u00e9rifierons rapidement la compatibilit\u00e9 exacte pour vous.<\/span>\n    <\/div>\n<\/section>\n<\/div>","protected":false},"excerpt":{"rendered":"<p>Jack audio pour MacBook Pro 15\u2033 A1398 (Mid 2012 - Early 2013). Remplacement de qualit\u00e9, pr\u00eat \u00e0 \u00eatre install\u00e9<\/p>","protected":false},"featured_media":15507,"comment_status":"closed","ping_status":"closed","template":"","meta":{"_acf_changed":false,"_et_pb_use_builder":"","_et_pb_old_content":"","_et_gb_content_width":""},"product_brand":[],"product_cat":[183,187,17,84,83],"product_tag":[],"class_list":{"0":"post-15506","1":"product","2":"type-product","3":"status-publish","4":"has-post-thumbnail","6":"product_cat-altoparlanti","7":"product_cat-cavi-connettori","8":"product_cat-category-macbook-pro","9":"product_cat-macbook-pro-15-early-2013-a1398","10":"product_cat-macbook-pro-15-mid-2012-a1398","12":"first","13":"onbackorder","14":"shipping-taxable","15":"purchasable","16":"product-type-simple"},"acf":[],"yoast_head":"<!-- This site is optimized with the Yoast SEO plugin v27.4 - https:\/\/yoast.com\/product\/yoast-seo-wordpress\/ -->\n<title>Jack audio cuffie per MacBook Pro 15&quot; A1398 (Mid 2012 \u2013 Early 2013)<\/title>\n<meta name=\"description\" content=\"Jack audio cuffie per MacBook Pro 15&quot; A1398, utile per problemi di suono o connettivit\u00e0. Ricambio nuovo, pronto all\u2019installazione\" \/>\n<meta name=\"robots\" content=\"index, follow, max-snippet:-1, max-image-preview:large, max-video-preview:-1\" \/>\n<link rel=\"canonical\" href=\"https:\/\/tipicino.ch\/apfelspare\/fr\/produit\/prise-casque-audio-pour-macbook-pro-15-a1398-mid-2012-early-2013\/\" \/>\n<meta property=\"og:locale\" content=\"fr_FR\" \/>\n<meta property=\"og:type\" content=\"article\" \/>\n<meta property=\"og:title\" content=\"Jack audio cuffie per MacBook Pro 15&quot; A1398 (Mid 2012 \u2013 Early 2013)\" \/>\n<meta property=\"og:description\" content=\"Jack audio cuffie per MacBook Pro 15&quot; A1398, utile per problemi di suono o connettivit\u00e0. Ricambio nuovo, pronto all\u2019installazione\" \/>\n<meta property=\"og:url\" content=\"https:\/\/tipicino.ch\/apfelspare\/fr\/produit\/prise-casque-audio-pour-macbook-pro-15-a1398-mid-2012-early-2013\/\" \/>\n<meta property=\"og:site_name\" content=\"Ricambi MacBook Pro, MacBook Air e iMac in Svizzera \u2013 Display, Tastiere, Batterie, Trackpad\" \/>\n<meta property=\"article:modified_time\" content=\"2026-02-18T12:58:15+00:00\" \/>\n<meta property=\"og:image\" content=\"https:\/\/tipicino.ch\/apfelspare\/wp-content\/uploads\/2025\/06\/jack-audio-cuffie-macbook-pro-15-a1398-mid-2012-early-2013.png\" \/>\n\t<meta property=\"og:image:width\" content=\"1000\" \/>\n\t<meta property=\"og:image:height\" content=\"1000\" \/>\n\t<meta property=\"og:image:type\" content=\"image\/png\" \/>\n<meta name=\"twitter:card\" content=\"summary_large_image\" \/>\n<meta name=\"twitter:label1\" content=\"Dur\u00e9e de lecture estim\u00e9e\" \/>\n\t<meta name=\"twitter:data1\" content=\"1 minute\" \/>\n<!-- \/ Yoast SEO plugin. -->","yoast_head_json":{"title":"Jack audio pour MacBook Pro 15\" A1398 (Mid 2012 - Early 2013)","description":"Jack audio pour MacBook Pro 15\" A1398, utile pour les probl\u00e8mes de son ou de connectivit\u00e9. Neuf remplacement, pr\u00eat \u00e0 \u00eatre install\u00e9","robots":{"index":"index","follow":"follow","max-snippet":"max-snippet:-1","max-image-preview":"max-image-preview:large","max-video-preview":"max-video-preview:-1"},"canonical":"https:\/\/tipicino.ch\/apfelspare\/fr\/produit\/prise-casque-audio-pour-macbook-pro-15-a1398-mid-2012-early-2013\/","og_locale":"fr_FR","og_type":"article","og_title":"Jack audio cuffie per MacBook Pro 15\" A1398 (Mid 2012 \u2013 Early 2013)","og_description":"Jack audio cuffie per MacBook Pro 15\" A1398, utile per problemi di suono o connettivit\u00e0. Ricambio nuovo, pronto all\u2019installazione","og_url":"https:\/\/tipicino.ch\/apfelspare\/fr\/produit\/prise-casque-audio-pour-macbook-pro-15-a1398-mid-2012-early-2013\/","og_site_name":"Ricambi MacBook Pro, MacBook Air e iMac in Svizzera \u2013 Display, Tastiere, Batterie, Trackpad","article_modified_time":"2026-02-18T12:58:15+00:00","og_image":[{"width":1000,"height":1000,"url":"https:\/\/tipicino.ch\/apfelspare\/wp-content\/uploads\/2025\/06\/jack-audio-cuffie-macbook-pro-15-a1398-mid-2012-early-2013.png","type":"image\/png"}],"twitter_card":"summary_large_image","twitter_misc":{"Dur\u00e9e de lecture estim\u00e9e":"1 minute"},"schema":{"@context":"https:\/\/schema.org","@graph":[{"@type":"WebPage","@id":"https:\/\/tipicino.ch\/apfelspare\/fr\/prodotto\/jack-audio-cuffie-per-macbook-pro-15-a1398-mid-2012-early-2013\/","url":"https:\/\/tipicino.ch\/apfelspare\/fr\/prodotto\/jack-audio-cuffie-per-macbook-pro-15-a1398-mid-2012-early-2013\/","name":"Jack audio pour MacBook Pro 15\" A1398 (Mid 2012 - Early 2013)","isPartOf":{"@id":"https:\/\/tipicino.ch\/apfelspare\/fr\/#website"},"primaryImageOfPage":{"@id":"https:\/\/tipicino.ch\/apfelspare\/fr\/prodotto\/jack-audio-cuffie-per-macbook-pro-15-a1398-mid-2012-early-2013\/#primaryimage"},"image":{"@id":"https:\/\/tipicino.ch\/apfelspare\/fr\/prodotto\/jack-audio-cuffie-per-macbook-pro-15-a1398-mid-2012-early-2013\/#primaryimage"},"thumbnailUrl":"https:\/\/tipicino.ch\/apfelspare\/wp-content\/uploads\/2025\/06\/jack-audio-cuffie-macbook-pro-15-a1398-mid-2012-early-2013.png","datePublished":"2025-06-19T10:47:52+00:00","dateModified":"2026-02-18T12:58:15+00:00","description":"Jack audio pour MacBook Pro 15\" A1398, utile pour les probl\u00e8mes de son ou de connectivit\u00e9. Neuf remplacement, pr\u00eat \u00e0 \u00eatre install\u00e9","breadcrumb":{"@id":"https:\/\/tipicino.ch\/apfelspare\/fr\/prodotto\/jack-audio-cuffie-per-macbook-pro-15-a1398-mid-2012-early-2013\/#breadcrumb"},"inLanguage":"fr-CH","potentialAction":[{"@type":"ReadAction","target":["https:\/\/tipicino.ch\/apfelspare\/fr\/prodotto\/jack-audio-cuffie-per-macbook-pro-15-a1398-mid-2012-early-2013\/"]}]},{"@type":"ImageObject","inLanguage":"fr-CH","@id":"https:\/\/tipicino.ch\/apfelspare\/fr\/prodotto\/jack-audio-cuffie-per-macbook-pro-15-a1398-mid-2012-early-2013\/#primaryimage","url":"https:\/\/tipicino.ch\/apfelspare\/wp-content\/uploads\/2025\/06\/jack-audio-cuffie-macbook-pro-15-a1398-mid-2012-early-2013.png","contentUrl":"https:\/\/tipicino.ch\/apfelspare\/wp-content\/uploads\/2025\/06\/jack-audio-cuffie-macbook-pro-15-a1398-mid-2012-early-2013.png","width":1000,"height":1000,"caption":"Jack audio cuffie per MacBook Pro 15\" A1398 (Mid 2012 \u2013 Early 2013)"},{"@type":"BreadcrumbList","@id":"https:\/\/tipicino.ch\/apfelspare\/fr\/prodotto\/jack-audio-cuffie-per-macbook-pro-15-a1398-mid-2012-early-2013\/#breadcrumb","itemListElement":[{"@type":"ListItem","position":1,"name":"Home","item":"https:\/\/tipicino.ch\/apfelspare\/fr\/"},{"@type":"ListItem","position":2,"name":"Shop","item":"https:\/\/tipicino.ch\/apfelspare\/fr\/shop\/"},{"@type":"ListItem","position":3,"name":"Jack audio cuffie per MacBook Pro 15&#8243; A1398 (Mid 2012 \u2013 Early 2013)"}]},{"@type":"WebSite","@id":"https:\/\/tipicino.ch\/apfelspare\/fr\/#website","url":"https:\/\/tipicino.ch\/apfelspare\/fr\/","name":"Pi\u00e8ces d\u00e9tach\u00e9es MacBook Pro, MacBook Air et iMac en Suisse \u2013 \u00c9crans, Claviers, Batteries, Trackpads","description":"","publisher":{"@id":"https:\/\/tipicino.ch\/apfelspare\/fr\/#organization"},"potentialAction":[{"@type":"SearchAction","target":{"@type":"EntryPoint","urlTemplate":"https:\/\/tipicino.ch\/apfelspare\/fr\/?s={search_term_string}"},"query-input":{"@type":"PropertyValueSpecification","valueRequired":true,"valueName":"search_term_string"}}],"inLanguage":"fr-CH"},{"@type":"Organization","@id":"https:\/\/tipicino.ch\/apfelspare\/fr\/#organization","name":"tipicino.ch\/apfelspare","url":"https:\/\/tipicino.ch\/apfelspare\/fr\/","logo":{"@type":"ImageObject","inLanguage":"fr-CH","@id":"https:\/\/tipicino.ch\/apfelspare\/fr\/#\/schema\/logo\/image\/","url":"https:\/\/tipicino.ch\/apfelspare\/wp-content\/uploads\/2025\/08\/cropped-FAVICON-tipicino.ch\/apfelspare_.png","contentUrl":"https:\/\/tipicino.ch\/apfelspare\/wp-content\/uploads\/2025\/08\/cropped-FAVICON-tipicino.ch\/apfelspare_.png","width":512,"height":512,"caption":"tipicino.ch\/apfelspare"},"image":{"@id":"https:\/\/tipicino.ch\/apfelspare\/fr\/#\/schema\/logo\/image\/"}}]}},"_links":{"self":[{"href":"https:\/\/tipicino.ch\/apfelspare\/fr\/wp-json\/wp\/v2\/product\/15506","targetHints":{"allow":["GET"]}}],"collection":[{"href":"https:\/\/tipicino.ch\/apfelspare\/fr\/wp-json\/wp\/v2\/product"}],"about":[{"href":"https:\/\/tipicino.ch\/apfelspare\/fr\/wp-json\/wp\/v2\/types\/product"}],"replies":[{"embeddable":true,"href":"https:\/\/tipicino.ch\/apfelspare\/fr\/wp-json\/wp\/v2\/comments?post=15506"}],"wp:featuredmedia":[{"embeddable":true,"href":"https:\/\/tipicino.ch\/apfelspare\/fr\/wp-json\/wp\/v2\/media\/15507"}],"wp:attachment":[{"href":"https:\/\/tipicino.ch\/apfelspare\/fr\/wp-json\/wp\/v2\/media?parent=15506"}],"wp:term":[{"taxonomy":"product_brand","embeddable":true,"href":"https:\/\/tipicino.ch\/apfelspare\/fr\/wp-json\/wp\/v2\/product_brand?post=15506"},{"taxonomy":"product_cat","embeddable":true,"href":"https:\/\/tipicino.ch\/apfelspare\/fr\/wp-json\/wp\/v2\/product_cat?post=15506"},{"taxonomy":"product_tag","embeddable":true,"href":"https:\/\/tipicino.ch\/apfelspare\/fr\/wp-json\/wp\/v2\/product_tag?post=15506"}],"curies":[{"name":"wp","href":"https:\/\/api.w.org\/{rel}","templated":true}]}}