{"id":15508,"date":"2025-06-19T10:57:38","date_gmt":"2025-06-19T10:57:38","guid":{"rendered":"https:\/\/tipicino.ch\/apfelspare\/?post_type=product&#038;p=15508"},"modified":"2026-03-15T23:09:41","modified_gmt":"2026-03-15T23:09:41","slug":"prise-casque-audio-macbook-pro-13-a1425-fin-2012-debut-2013","status":"publish","type":"product","link":"https:\/\/tipicino.ch\/apfelspare\/fr\/prodotto\/jack-audio-cuffie-macbook-pro-13-a1425-late-2012-early-2013\/","title":{"rendered":"Jack audio pour MacBook Pro 13\u2033 A1425 (Late 2012 - Early 2013)"},"content":{"rendered":"<div class=\"aps-pdp\">\n<section class=\"aps-card\">\n<header class=\"aps-card__head\">\n<h2 class=\"aps-h\">Prise audio pour casque d'\u00e9coute pour MacBook Pro 13\u2033 A1425 (2012-2013)<\/h2>\n<p class=\"aps-sub\">Composant de remplacement interne pour restaurer la sortie audio analogique.<\/p>\n<\/header>\n<p>\n      Le son de vos \u00e9couteurs est-il perturb\u00e9 ou seulement d'un c\u00f4t\u00e9 ? Si le connecteur de 3,5 mm est desserr\u00e9 ou si le MacBook ne d\u00e9tecte plus l'insertion d'\u00e9couteurs, la panne peut \u00eatre due \u00e0 l'usure du module de la prise audio. Souvent, des r\u00e9sidus de salet\u00e9 ou des mouvements brusques du c\u00e2ble peuvent endommager les contacts internes. En rempla\u00e7ant cette pi\u00e8ce par une neuve, le probl\u00e8me est facilement r\u00e9solu et vous pouvez recommencer \u00e0 \u00e9couter de la musique et des vid\u00e9os avec un son clair.\n    <\/p>\n<div class=\"aps-note aps-note--warn\">\n      <span class=\"aps-note__ico\">!<\/span><br \/>\n      <span class=\"aps-note__txt\"><strong>AVIS DE COMPATIBILIT\u00c9 :<\/strong> Cette prise est sp\u00e9cifique au mod\u00e8le Retina A1425. Nous vous conseillons de v\u00e9rifier le code grav\u00e9 sur le dessous de votre MacBook avant l'achat pour vous assurer qu'il correspond \u00e0 la bonne version.<\/span>\n    <\/div>\n<\/section>\n<section class=\"aps-card\">\n<header class=\"aps-card__head\">\n<h2 class=\"aps-h\">Mod\u00e8les compatibles<\/h2>\n<p class=\"aps-sub\">Versions de MacBook Pro 13\u2033 Retina compatibles avec cette pi\u00e8ce de rechange.<\/p>\n<\/header>\n<ul class=\"aps-check\">\n<li><strong>MacBook Pro 13\u2033 A1425 (Early 2013)<\/strong> <span class=\"aps-badge\">MacBookPro10.2<\/span><\/li>\n<li><strong>MacBook Pro 13\u2033 A1425 (Late 2012)<\/strong> <span class=\"aps-badge\">MacBookPro10.2<\/span><\/li>\n<\/ul>\n<\/section>\n<section class=\"aps-card\">\n<header class=\"aps-card__head\">\n<h2 class=\"aps-h\">Caract\u00e9ristiques techniques<\/h2>\n<p class=\"aps-sub\">D\u00e9tails du module de la prise audio.<\/p>\n<\/header>\n<div class=\"aps-specgrid\">\n<div class=\"aps-spec\">\n<div><span>Type de pi\u00e8ce<\/span><strong>Jack audio<\/strong><\/div>\n<\/div>\n<div class=\"aps-spec\">\n<div><span>\u00c9tat<\/span><strong>Neuf<\/strong><\/div>\n<\/div><\/div>\n<\/section>\n<section class=\"aps-card aps-callout aps-callout--warn\">\n<header class=\"aps-card__head\">\n<h2 class=\"aps-h\">Installation et avertissements<\/h2>\n<p class=\"aps-sub\">Conseils pour un montage en toute s\u00e9curit\u00e9.<\/p>\n<\/header>\n<p>\n      Pour remplacer la prise audio, il faut retirer le bo\u00eetier inf\u00e9rieur du MacBook. S'agissant d'une op\u00e9ration sur des composants \u00e9lectroniques sensibles et des petits connecteurs, nous vous conseillons de proc\u00e9der avec beaucoup de pr\u00e9cautions. Il est essentiel de penser \u00e0 d\u00e9brancher la batterie dans un premier temps afin de travailler en toute s\u00e9curit\u00e9. Si vous n'avez pas une grande exp\u00e9rience des r\u00e9parations mat\u00e9rielles, l'aide d'un technicien exp\u00e9riment\u00e9 peut s'av\u00e9rer utile pour \u00e9viter d'endommager accidentellement la carte m\u00e8re.\n    <\/p>\n<\/section>\n<section class=\"aps-card aps-callout aps-callout--info\">\n<header class=\"aps-card__head\">\n<h2 class=\"aps-h\">Vous avez un doute quant au bon choix du composant de remplacement ?<\/h2>\n<p class=\"aps-sub\">Contactez-nous pour obtenir de l\u2019aide dans le choix du composant de remplacement adapt\u00e9 \u00e0 votre appareil.<\/p>\n<\/header>\n<div class=\"aps-cta\">\n      <a class=\"aps-btn\" href=\"mailto:info@apfelspare.ch\">info@apfelspare.ch<\/a><br \/>\n      <span class=\"aps-cta__hint\">Envoyez-nous le num\u00e9ro de s\u00e9rie de votre MacBook : nous v\u00e9rifierons rapidement la compatibilit\u00e9 exacte pour vous.<\/span>\n    <\/div>\n<\/section>\n<\/div>","protected":false},"excerpt":{"rendered":"<p>Jack audio pour MacBook Pro 13\u2033 A1425, utile pour les probl\u00e8mes de son ou de connexion au casque d'\u00e9coute. Neuf remplacement, pr\u00eat \u00e0 \u00eatre install\u00e9<\/p>","protected":false},"featured_media":15509,"comment_status":"closed","ping_status":"closed","template":"","meta":{"_acf_changed":false,"_et_pb_use_builder":"","_et_pb_old_content":"","_et_gb_content_width":""},"product_brand":[],"product_cat":[183,187,17,92,91],"product_tag":[],"class_list":{"0":"post-15508","1":"product","2":"type-product","3":"status-publish","4":"has-post-thumbnail","6":"product_cat-altoparlanti","7":"product_cat-cavi-connettori","8":"product_cat-category-macbook-pro","9":"product_cat-macbook-pro-13-early-2013-a1425","10":"product_cat-macbook-pro-13-late-2012-a1425","12":"first","13":"onbackorder","14":"shipping-taxable","15":"purchasable","16":"product-type-simple"},"acf":[],"yoast_head":"<!-- This site is optimized with the Yoast SEO plugin v27.4 - https:\/\/yoast.com\/product\/yoast-seo-wordpress\/ -->\n<title>ack audio cuffie per MacBook Pro 13&quot; A1425 (Late 2012 \u2013 Early 2013)<\/title>\n<meta name=\"description\" content=\"Jack audio cuffie per MacBook Pro 13&quot; A1425, utile per problemi di suono o connessione cuffie. Ricambio nuovo, pronto all\u2019installazione\" \/>\n<meta name=\"robots\" content=\"index, follow, max-snippet:-1, max-image-preview:large, max-video-preview:-1\" \/>\n<link rel=\"canonical\" href=\"https:\/\/tipicino.ch\/apfelspare\/fr\/produit\/prise-casque-audio-macbook-pro-13-a1425-fin-2012-debut-2013\/\" \/>\n<meta property=\"og:locale\" content=\"fr_FR\" \/>\n<meta property=\"og:type\" content=\"article\" \/>\n<meta property=\"og:title\" content=\"ack audio cuffie per MacBook Pro 13&quot; A1425 (Late 2012 \u2013 Early 2013)\" \/>\n<meta property=\"og:description\" content=\"Jack audio cuffie per MacBook Pro 13&quot; A1425, utile per problemi di suono o connessione cuffie. Ricambio nuovo, pronto all\u2019installazione\" \/>\n<meta property=\"og:url\" content=\"https:\/\/tipicino.ch\/apfelspare\/fr\/produit\/prise-casque-audio-macbook-pro-13-a1425-fin-2012-debut-2013\/\" \/>\n<meta property=\"og:site_name\" content=\"Ricambi MacBook Pro, MacBook Air e iMac in Svizzera \u2013 Display, Tastiere, Batterie, Trackpad\" \/>\n<meta property=\"article:modified_time\" content=\"2026-03-15T23:09:41+00:00\" \/>\n<meta property=\"og:image\" content=\"https:\/\/tipicino.ch\/apfelspare\/wp-content\/uploads\/2025\/06\/jack-audio-cuffie-macbook-pro-13-a1425-late-2012-early-2013.png\" \/>\n\t<meta property=\"og:image:width\" content=\"1000\" \/>\n\t<meta property=\"og:image:height\" content=\"1000\" \/>\n\t<meta property=\"og:image:type\" content=\"image\/png\" \/>\n<meta name=\"twitter:card\" content=\"summary_large_image\" \/>\n<meta name=\"twitter:label1\" content=\"Dur\u00e9e de lecture estim\u00e9e\" \/>\n\t<meta name=\"twitter:data1\" content=\"2 minutes\" \/>\n<!-- \/ Yoast SEO plugin. -->","yoast_head_json":{"title":"casque audio pour MacBook Pro 13\" A1425 (Late 2012 - Early 2013)","description":"Jack audio pour MacBook Pro 13\" A1425, utile pour les probl\u00e8mes de son ou de connexion du casque d'\u00e9coute. Pi\u00e8ce de rechange neuve, pr\u00eate \u00e0 \u00eatre install\u00e9e","robots":{"index":"index","follow":"follow","max-snippet":"max-snippet:-1","max-image-preview":"max-image-preview:large","max-video-preview":"max-video-preview:-1"},"canonical":"https:\/\/tipicino.ch\/apfelspare\/fr\/produit\/prise-casque-audio-macbook-pro-13-a1425-fin-2012-debut-2013\/","og_locale":"fr_FR","og_type":"article","og_title":"ack audio cuffie per MacBook Pro 13\" A1425 (Late 2012 \u2013 Early 2013)","og_description":"Jack audio cuffie per MacBook Pro 13\" A1425, utile per problemi di suono o connessione cuffie. Ricambio nuovo, pronto all\u2019installazione","og_url":"https:\/\/tipicino.ch\/apfelspare\/fr\/produit\/prise-casque-audio-macbook-pro-13-a1425-fin-2012-debut-2013\/","og_site_name":"Ricambi MacBook Pro, MacBook Air e iMac in Svizzera \u2013 Display, Tastiere, Batterie, Trackpad","article_modified_time":"2026-03-15T23:09:41+00:00","og_image":[{"width":1000,"height":1000,"url":"https:\/\/tipicino.ch\/apfelspare\/wp-content\/uploads\/2025\/06\/jack-audio-cuffie-macbook-pro-13-a1425-late-2012-early-2013.png","type":"image\/png"}],"twitter_card":"summary_large_image","twitter_misc":{"Dur\u00e9e de lecture estim\u00e9e":"2 minutes"},"schema":{"@context":"https:\/\/schema.org","@graph":[{"@type":"WebPage","@id":"https:\/\/tipicino.ch\/apfelspare\/fr\/prodotto\/jack-audio-cuffie-macbook-pro-13-a1425-late-2012-early-2013\/","url":"https:\/\/tipicino.ch\/apfelspare\/fr\/prodotto\/jack-audio-cuffie-macbook-pro-13-a1425-late-2012-early-2013\/","name":"casque audio pour MacBook Pro 13\" A1425 (Late 2012 - Early 2013)","isPartOf":{"@id":"https:\/\/tipicino.ch\/apfelspare\/fr\/#website"},"primaryImageOfPage":{"@id":"https:\/\/tipicino.ch\/apfelspare\/fr\/prodotto\/jack-audio-cuffie-macbook-pro-13-a1425-late-2012-early-2013\/#primaryimage"},"image":{"@id":"https:\/\/tipicino.ch\/apfelspare\/fr\/prodotto\/jack-audio-cuffie-macbook-pro-13-a1425-late-2012-early-2013\/#primaryimage"},"thumbnailUrl":"https:\/\/tipicino.ch\/apfelspare\/wp-content\/uploads\/2025\/06\/jack-audio-cuffie-macbook-pro-13-a1425-late-2012-early-2013.png","datePublished":"2025-06-19T10:57:38+00:00","dateModified":"2026-03-15T23:09:41+00:00","description":"Jack audio pour MacBook Pro 13\" A1425, utile pour les probl\u00e8mes de son ou de connexion du casque d'\u00e9coute. Pi\u00e8ce de rechange neuve, pr\u00eate \u00e0 \u00eatre install\u00e9e","breadcrumb":{"@id":"https:\/\/tipicino.ch\/apfelspare\/fr\/prodotto\/jack-audio-cuffie-macbook-pro-13-a1425-late-2012-early-2013\/#breadcrumb"},"inLanguage":"fr-CH","potentialAction":[{"@type":"ReadAction","target":["https:\/\/tipicino.ch\/apfelspare\/fr\/prodotto\/jack-audio-cuffie-macbook-pro-13-a1425-late-2012-early-2013\/"]}]},{"@type":"ImageObject","inLanguage":"fr-CH","@id":"https:\/\/tipicino.ch\/apfelspare\/fr\/prodotto\/jack-audio-cuffie-macbook-pro-13-a1425-late-2012-early-2013\/#primaryimage","url":"https:\/\/tipicino.ch\/apfelspare\/wp-content\/uploads\/2025\/06\/jack-audio-cuffie-macbook-pro-13-a1425-late-2012-early-2013.png","contentUrl":"https:\/\/tipicino.ch\/apfelspare\/wp-content\/uploads\/2025\/06\/jack-audio-cuffie-macbook-pro-13-a1425-late-2012-early-2013.png","width":1000,"height":1000,"caption":"Jack audio cuffie per MacBook Pro 13\" A1425 (Late 2012 \u2013 Early 2013)"},{"@type":"BreadcrumbList","@id":"https:\/\/tipicino.ch\/apfelspare\/fr\/prodotto\/jack-audio-cuffie-macbook-pro-13-a1425-late-2012-early-2013\/#breadcrumb","itemListElement":[{"@type":"ListItem","position":1,"name":"Home","item":"https:\/\/tipicino.ch\/apfelspare\/fr\/"},{"@type":"ListItem","position":2,"name":"Shop","item":"https:\/\/tipicino.ch\/apfelspare\/fr\/shop\/"},{"@type":"ListItem","position":3,"name":"Jack audio cuffie per MacBook Pro 13&#8243; A1425 (Late 2012 \u2013 Early 2013)"}]},{"@type":"WebSite","@id":"https:\/\/tipicino.ch\/apfelspare\/fr\/#website","url":"https:\/\/tipicino.ch\/apfelspare\/fr\/","name":"Pi\u00e8ces d\u00e9tach\u00e9es MacBook Pro, MacBook Air et iMac en Suisse \u2013 \u00c9crans, Claviers, Batteries, Trackpads","description":"","publisher":{"@id":"https:\/\/tipicino.ch\/apfelspare\/fr\/#organization"},"potentialAction":[{"@type":"SearchAction","target":{"@type":"EntryPoint","urlTemplate":"https:\/\/tipicino.ch\/apfelspare\/fr\/?s={search_term_string}"},"query-input":{"@type":"PropertyValueSpecification","valueRequired":true,"valueName":"search_term_string"}}],"inLanguage":"fr-CH"},{"@type":"Organization","@id":"https:\/\/tipicino.ch\/apfelspare\/fr\/#organization","name":"tipicino.ch\/apfelspare","url":"https:\/\/tipicino.ch\/apfelspare\/fr\/","logo":{"@type":"ImageObject","inLanguage":"fr-CH","@id":"https:\/\/tipicino.ch\/apfelspare\/fr\/#\/schema\/logo\/image\/","url":"https:\/\/tipicino.ch\/apfelspare\/wp-content\/uploads\/2025\/08\/cropped-FAVICON-tipicino.ch\/apfelspare_.png","contentUrl":"https:\/\/tipicino.ch\/apfelspare\/wp-content\/uploads\/2025\/08\/cropped-FAVICON-tipicino.ch\/apfelspare_.png","width":512,"height":512,"caption":"tipicino.ch\/apfelspare"},"image":{"@id":"https:\/\/tipicino.ch\/apfelspare\/fr\/#\/schema\/logo\/image\/"}}]}},"_links":{"self":[{"href":"https:\/\/tipicino.ch\/apfelspare\/fr\/wp-json\/wp\/v2\/product\/15508","targetHints":{"allow":["GET"]}}],"collection":[{"href":"https:\/\/tipicino.ch\/apfelspare\/fr\/wp-json\/wp\/v2\/product"}],"about":[{"href":"https:\/\/tipicino.ch\/apfelspare\/fr\/wp-json\/wp\/v2\/types\/product"}],"replies":[{"embeddable":true,"href":"https:\/\/tipicino.ch\/apfelspare\/fr\/wp-json\/wp\/v2\/comments?post=15508"}],"wp:featuredmedia":[{"embeddable":true,"href":"https:\/\/tipicino.ch\/apfelspare\/fr\/wp-json\/wp\/v2\/media\/15509"}],"wp:attachment":[{"href":"https:\/\/tipicino.ch\/apfelspare\/fr\/wp-json\/wp\/v2\/media?parent=15508"}],"wp:term":[{"taxonomy":"product_brand","embeddable":true,"href":"https:\/\/tipicino.ch\/apfelspare\/fr\/wp-json\/wp\/v2\/product_brand?post=15508"},{"taxonomy":"product_cat","embeddable":true,"href":"https:\/\/tipicino.ch\/apfelspare\/fr\/wp-json\/wp\/v2\/product_cat?post=15508"},{"taxonomy":"product_tag","embeddable":true,"href":"https:\/\/tipicino.ch\/apfelspare\/fr\/wp-json\/wp\/v2\/product_tag?post=15508"}],"curies":[{"name":"wp","href":"https:\/\/api.w.org\/{rel}","templated":true}]}}