{"id":15518,"date":"2025-06-19T11:49:10","date_gmt":"2025-06-19T11:49:10","guid":{"rendered":"https:\/\/tipicino.ch\/apfelspare\/?post_type=product&#038;p=15518"},"modified":"2026-02-18T14:17:55","modified_gmt":"2026-02-18T14:17:55","slug":"prise-casque-audio-macbook-pro-15-a1990-16-a2141-mid-2018-late-2019","status":"publish","type":"product","link":"https:\/\/tipicino.ch\/apfelspare\/fr\/prodotto\/jack-audio-cuffie-macbook-pro-15-a1990-16-a2141-mid-2018-late-2019\/","title":{"rendered":"Jack audio pour MacBook Pro 15\u2033 A1990 et 16\u2033 A2141 (Mid 2018 - Late 2019)"},"content":{"rendered":"<div class=\"aps-pdp\">\n<section class=\"aps-card\">\n<header class=\"aps-card__head\">\n<h2 class=\"aps-h\">Prise casque audio pour MacBook Pro 15\u2033 A1990 et 16\u2033 A2141 (2018\u20132019)<\/h2>\n<p class=\"aps-sub\">Composant de rechange interne pour la restauration du port 3,5 mm.<\/p>\n<\/header>\n<p>\n      Vos \u00e9couteurs ne sont plus d\u00e9tect\u00e9s ou vous entendez des bruits g\u00eanants lors de l'\u00e9coute ? Ce dysfonctionnement audio peut \u00eatre d\u00fb \u00e0 l'usure du connecteur jack interne. Au fil du temps, l'insertion fr\u00e9quente de la fiche ou l'accumulation de salet\u00e9s peut endommager les contacts \u00e9lectriques du port. Le remplacement de la pi\u00e8ce par cette pi\u00e8ce de rechange reconditionn\u00e9e peut r\u00e9soudre le probl\u00e8me et vous permettre d'\u00e9couter \u00e0 nouveau de la musique et des vid\u00e9os avec une connexion stable et une qualit\u00e9 sonore claire.\n    <\/p>\n<div class=\"aps-note aps-note--warn\">\n      <span class=\"aps-note__ico\">!<\/span><br \/>\n      <span class=\"aps-note__txt\"><strong>AVIS DE COMPATIBILIT\u00c9 :<\/strong> Ce module est con\u00e7u pour les mod\u00e8les 15 et 16 pouces avec Touch Bar produits en 2018 et 2019. Nous vous recommandons de v\u00e9rifier le code grav\u00e9 sous votre MacBook (A1990 ou A2141) avant l\u2019achat afin de vous assurer qu\u2019il s\u2019agit de la version correcte.<\/span>\n    <\/div>\n<\/section>\n<section class=\"aps-card\">\n<header class=\"aps-card__head\">\n<h2 class=\"aps-h\">Mod\u00e8les compatibles<\/h2>\n<p class=\"aps-sub\">Liste des mod\u00e8les de MacBook Pro compatibles avec cette prise audio.<\/p>\n<\/header>\n<ul class=\"aps-check\">\n<li><strong>MacBook Pro 16\u2033 A2141 (Late 2019)<\/strong> <span class=\"aps-badge\">MacBookPro16.4<\/span> <span class=\"aps-badge\">MacBookPro16.1<\/span><\/li>\n<li><strong>MacBook Pro 15\u2033 A1990 (Mid 2019)<\/strong> <span class=\"aps-badge\">MacBookPro15.3<\/span> <span class=\"aps-badge\">MacBookPro15.1<\/span><\/li>\n<li><strong>MacBook Pro 15\u2033 A1990 (Mid 2018)<\/strong> <span class=\"aps-badge\">MacBookPro15.3<\/span> <span class=\"aps-badge\">MacBookPro15.1<\/span><\/li>\n<\/ul>\n<\/section>\n<section class=\"aps-card\">\n<header class=\"aps-card__head\">\n<h2 class=\"aps-h\">Caract\u00e9ristiques techniques<\/h2>\n<p class=\"aps-sub\">D\u00e9tails du module de rechange.<\/p>\n<\/header>\n<div class=\"aps-specgrid\">\n<div class=\"aps-spec\">\n<div><span>Type de pi\u00e8ce<\/span><strong>Jack audio<\/strong><\/div>\n<\/div>\n<div class=\"aps-spec\">\n<div><span>\u00c9tat<\/span><strong>Neuf ou reconditionn\u00e9<\/strong><\/div>\n<\/div><\/div>\n<\/section>\n<section class=\"aps-card aps-callout aps-callout--warn\">\n<header class=\"aps-card__head\">\n<h2 class=\"aps-h\">Installation et avertissements<\/h2>\n<p class=\"aps-sub\">Notes pour une r\u00e9paration en toute s\u00e9curit\u00e9.<\/p>\n<\/header>\n<p>\n      Le remplacement de la prise audio n\u00e9cessite l\u2019ouverture de la coque inf\u00e9rieure du MacBook. \u00c9tant donn\u00e9 que les composants internes de ces mod\u00e8les sont dispos\u00e9s de mani\u00e8re tr\u00e8s compacte et que les connecteurs sont fragiles, nous vous recommandons de proc\u00e9der avec une extr\u00eame prudence. Il est obligatoire de d\u00e9connecter la batterie en premier lieu afin de prot\u00e9ger la carte m\u00e8re contre d\u2019\u00e9ventuels dommages \u00e9lectriques. Si vous n\u2019\u00eates pas tr\u00e8s \u00e0 l\u2019aise avec le d\u00e9montage de composants \u00e9lectroniques aussi fins, l\u2019aide d\u2019un technicien sp\u00e9cialis\u00e9 peut \u00eatre utile pour effectuer l\u2019op\u00e9ration sans risque.\n    <\/p>\n<\/section>\n<section class=\"aps-card aps-callout aps-callout--info\">\n<header class=\"aps-card__head\">\n<h2 class=\"aps-h\">Vous avez un doute quant au bon choix du composant de remplacement ?<\/h2>\n<p class=\"aps-sub\">Contactez-nous pour obtenir de l\u2019aide dans le choix du composant de remplacement adapt\u00e9 \u00e0 votre appareil.<\/p>\n<\/header>\n<div class=\"aps-cta\">\n      <a class=\"aps-btn\" href=\"mailto:info@apfelspare.ch\">info@apfelspare.ch<\/a><br \/>\n      <span class=\"aps-cta__hint\">Envoyez-nous le num\u00e9ro de s\u00e9rie de votre MacBook : nous v\u00e9rifierons rapidement la compatibilit\u00e9 exacte pour vous.<\/span>\n    <\/div>\n<\/section>\n<\/div>","protected":false},"excerpt":{"rendered":"<p>Jack audio pour MacBook Pro 15\u2033 A1990 et 16\u2033 A2141 (Mid 2018 - Late 2019). Remplacement de qualit\u00e9, pr\u00eat \u00e0 \u00eatre install\u00e9.<\/p>","protected":false},"featured_media":15519,"comment_status":"closed","ping_status":"closed","template":"","meta":{"_acf_changed":false,"_et_pb_use_builder":"","_et_pb_old_content":"","_et_gb_content_width":""},"product_brand":[],"product_cat":[183,187,17,69,74,73],"product_tag":[],"class_list":{"0":"post-15518","1":"product","2":"type-product","3":"status-publish","4":"has-post-thumbnail","6":"product_cat-altoparlanti","7":"product_cat-cavi-connettori","8":"product_cat-category-macbook-pro","9":"product_cat-macbook-pro-16-late-2019-a2141","10":"product_cat-macbook-pro-15-mid-2019-a1990","11":"product_cat-macbook-pro-15-mid-2018-a1990","12":"product_shipping_class-14-giorni","14":"first","15":"instock","16":"shipping-taxable","17":"purchasable","18":"product-type-variable"},"acf":[],"yoast_head":"<!-- This site is optimized with the Yoast SEO plugin v27.4 - https:\/\/yoast.com\/product\/yoast-seo-wordpress\/ -->\n<title>Jack audio cuffie per MacBook Pro 15&quot; A1990 e 16&quot; A2141 (Mid 2018 \u2013 Late 2019)<\/title>\n<meta name=\"description\" content=\"Jack audio cuffie per MacBook Pro 15&quot; A1990 e 16&quot; A2141, utile per problemi di suono o connessione cuffie. Ricambio pronto all\u2019installazione\" \/>\n<meta name=\"robots\" content=\"index, follow, max-snippet:-1, max-image-preview:large, max-video-preview:-1\" \/>\n<link rel=\"canonical\" href=\"https:\/\/tipicino.ch\/apfelspare\/fr\/produit\/prise-casque-audio-macbook-pro-15-a1990-16-a2141-mid-2018-late-2019\/\" \/>\n<meta property=\"og:locale\" content=\"fr_FR\" \/>\n<meta property=\"og:type\" content=\"article\" \/>\n<meta property=\"og:title\" content=\"Jack audio cuffie per MacBook Pro 15&quot; A1990 e 16&quot; A2141 (Mid 2018 \u2013 Late 2019)\" \/>\n<meta property=\"og:description\" content=\"Jack audio cuffie per MacBook Pro 15&quot; A1990 e 16&quot; A2141, utile per problemi di suono o connessione cuffie. Ricambio pronto all\u2019installazione\" \/>\n<meta property=\"og:url\" content=\"https:\/\/tipicino.ch\/apfelspare\/fr\/produit\/prise-casque-audio-macbook-pro-15-a1990-16-a2141-mid-2018-late-2019\/\" \/>\n<meta property=\"og:site_name\" content=\"Ricambi MacBook Pro, MacBook Air e iMac in Svizzera \u2013 Display, Tastiere, Batterie, Trackpad\" \/>\n<meta property=\"article:modified_time\" content=\"2026-02-18T14:17:55+00:00\" \/>\n<meta property=\"og:image\" content=\"https:\/\/tipicino.ch\/apfelspare\/wp-content\/uploads\/2025\/06\/jack-audio-cuffie-macbook-pro-15-a1990-16-a2141-mid-2018-late-2019.png\" \/>\n\t<meta property=\"og:image:width\" content=\"1000\" \/>\n\t<meta property=\"og:image:height\" content=\"1000\" \/>\n\t<meta property=\"og:image:type\" content=\"image\/png\" \/>\n<meta name=\"twitter:card\" content=\"summary_large_image\" \/>\n<meta name=\"twitter:label1\" content=\"Dur\u00e9e de lecture estim\u00e9e\" \/>\n\t<meta name=\"twitter:data1\" content=\"2 minutes\" \/>\n<!-- \/ Yoast SEO plugin. -->","yoast_head_json":{"title":"Jack audio pour MacBook Pro 15\" A1990 et 16\" A2141 (Mid 2018 - Late 2019)","description":"Prise audio pour casque pour MacBook Pro 15\" A1990 et 16\" A2141, utile en cas de probl\u00e8mes de son ou de connexion du casque. Pi\u00e8ce de rechange pr\u00eate \u00e0 \u00eatre install\u00e9e.","robots":{"index":"index","follow":"follow","max-snippet":"max-snippet:-1","max-image-preview":"max-image-preview:large","max-video-preview":"max-video-preview:-1"},"canonical":"https:\/\/tipicino.ch\/apfelspare\/fr\/produit\/prise-casque-audio-macbook-pro-15-a1990-16-a2141-mid-2018-late-2019\/","og_locale":"fr_FR","og_type":"article","og_title":"Jack audio cuffie per MacBook Pro 15\" A1990 e 16\" A2141 (Mid 2018 \u2013 Late 2019)","og_description":"Jack audio cuffie per MacBook Pro 15\" A1990 e 16\" A2141, utile per problemi di suono o connessione cuffie. Ricambio pronto all\u2019installazione","og_url":"https:\/\/tipicino.ch\/apfelspare\/fr\/produit\/prise-casque-audio-macbook-pro-15-a1990-16-a2141-mid-2018-late-2019\/","og_site_name":"Ricambi MacBook Pro, MacBook Air e iMac in Svizzera \u2013 Display, Tastiere, Batterie, Trackpad","article_modified_time":"2026-02-18T14:17:55+00:00","og_image":[{"width":1000,"height":1000,"url":"https:\/\/tipicino.ch\/apfelspare\/wp-content\/uploads\/2025\/06\/jack-audio-cuffie-macbook-pro-15-a1990-16-a2141-mid-2018-late-2019.png","type":"image\/png"}],"twitter_card":"summary_large_image","twitter_misc":{"Dur\u00e9e de lecture estim\u00e9e":"2 minutes"},"schema":{"@context":"https:\/\/schema.org","@graph":[{"@type":"WebPage","@id":"https:\/\/tipicino.ch\/apfelspare\/fr\/prodotto\/jack-audio-cuffie-macbook-pro-15-a1990-16-a2141-mid-2018-late-2019\/","url":"https:\/\/tipicino.ch\/apfelspare\/fr\/prodotto\/jack-audio-cuffie-macbook-pro-15-a1990-16-a2141-mid-2018-late-2019\/","name":"Jack audio pour MacBook Pro 15\" A1990 et 16\" A2141 (Mid 2018 - Late 2019)","isPartOf":{"@id":"https:\/\/tipicino.ch\/apfelspare\/fr\/#website"},"primaryImageOfPage":{"@id":"https:\/\/tipicino.ch\/apfelspare\/fr\/prodotto\/jack-audio-cuffie-macbook-pro-15-a1990-16-a2141-mid-2018-late-2019\/#primaryimage"},"image":{"@id":"https:\/\/tipicino.ch\/apfelspare\/fr\/prodotto\/jack-audio-cuffie-macbook-pro-15-a1990-16-a2141-mid-2018-late-2019\/#primaryimage"},"thumbnailUrl":"https:\/\/tipicino.ch\/apfelspare\/wp-content\/uploads\/2025\/06\/jack-audio-cuffie-macbook-pro-15-a1990-16-a2141-mid-2018-late-2019.png","datePublished":"2025-06-19T11:49:10+00:00","dateModified":"2026-02-18T14:17:55+00:00","description":"Prise audio pour casque pour MacBook Pro 15\" A1990 et 16\" A2141, utile en cas de probl\u00e8mes de son ou de connexion du casque. Pi\u00e8ce de rechange pr\u00eate \u00e0 \u00eatre install\u00e9e.","breadcrumb":{"@id":"https:\/\/tipicino.ch\/apfelspare\/fr\/prodotto\/jack-audio-cuffie-macbook-pro-15-a1990-16-a2141-mid-2018-late-2019\/#breadcrumb"},"inLanguage":"fr-CH","potentialAction":[{"@type":"ReadAction","target":["https:\/\/tipicino.ch\/apfelspare\/fr\/prodotto\/jack-audio-cuffie-macbook-pro-15-a1990-16-a2141-mid-2018-late-2019\/"]}]},{"@type":"ImageObject","inLanguage":"fr-CH","@id":"https:\/\/tipicino.ch\/apfelspare\/fr\/prodotto\/jack-audio-cuffie-macbook-pro-15-a1990-16-a2141-mid-2018-late-2019\/#primaryimage","url":"https:\/\/tipicino.ch\/apfelspare\/wp-content\/uploads\/2025\/06\/jack-audio-cuffie-macbook-pro-15-a1990-16-a2141-mid-2018-late-2019.png","contentUrl":"https:\/\/tipicino.ch\/apfelspare\/wp-content\/uploads\/2025\/06\/jack-audio-cuffie-macbook-pro-15-a1990-16-a2141-mid-2018-late-2019.png","width":1000,"height":1000,"caption":"Jack audio cuffie per MacBook Pro 15\" A1990 e 16\" A2141 (Mid 2018 \u2013 Late 2019)"},{"@type":"BreadcrumbList","@id":"https:\/\/tipicino.ch\/apfelspare\/fr\/prodotto\/jack-audio-cuffie-macbook-pro-15-a1990-16-a2141-mid-2018-late-2019\/#breadcrumb","itemListElement":[{"@type":"ListItem","position":1,"name":"Home","item":"https:\/\/tipicino.ch\/apfelspare\/fr\/"},{"@type":"ListItem","position":2,"name":"Shop","item":"https:\/\/tipicino.ch\/apfelspare\/fr\/shop\/"},{"@type":"ListItem","position":3,"name":"Jack audio cuffie per MacBook Pro 15&#8243; A1990 e 16&#8243; A2141 (Mid 2018 \u2013 Late 2019)"}]},{"@type":"WebSite","@id":"https:\/\/tipicino.ch\/apfelspare\/fr\/#website","url":"https:\/\/tipicino.ch\/apfelspare\/fr\/","name":"Pi\u00e8ces d\u00e9tach\u00e9es MacBook Pro, MacBook Air et iMac en Suisse \u2013 \u00c9crans, Claviers, Batteries, Trackpads","description":"","publisher":{"@id":"https:\/\/tipicino.ch\/apfelspare\/fr\/#organization"},"potentialAction":[{"@type":"SearchAction","target":{"@type":"EntryPoint","urlTemplate":"https:\/\/tipicino.ch\/apfelspare\/fr\/?s={search_term_string}"},"query-input":{"@type":"PropertyValueSpecification","valueRequired":true,"valueName":"search_term_string"}}],"inLanguage":"fr-CH"},{"@type":"Organization","@id":"https:\/\/tipicino.ch\/apfelspare\/fr\/#organization","name":"tipicino.ch\/apfelspare","url":"https:\/\/tipicino.ch\/apfelspare\/fr\/","logo":{"@type":"ImageObject","inLanguage":"fr-CH","@id":"https:\/\/tipicino.ch\/apfelspare\/fr\/#\/schema\/logo\/image\/","url":"https:\/\/tipicino.ch\/apfelspare\/wp-content\/uploads\/2025\/08\/cropped-FAVICON-tipicino.ch\/apfelspare_.png","contentUrl":"https:\/\/tipicino.ch\/apfelspare\/wp-content\/uploads\/2025\/08\/cropped-FAVICON-tipicino.ch\/apfelspare_.png","width":512,"height":512,"caption":"tipicino.ch\/apfelspare"},"image":{"@id":"https:\/\/tipicino.ch\/apfelspare\/fr\/#\/schema\/logo\/image\/"}}]}},"_links":{"self":[{"href":"https:\/\/tipicino.ch\/apfelspare\/fr\/wp-json\/wp\/v2\/product\/15518","targetHints":{"allow":["GET"]}}],"collection":[{"href":"https:\/\/tipicino.ch\/apfelspare\/fr\/wp-json\/wp\/v2\/product"}],"about":[{"href":"https:\/\/tipicino.ch\/apfelspare\/fr\/wp-json\/wp\/v2\/types\/product"}],"replies":[{"embeddable":true,"href":"https:\/\/tipicino.ch\/apfelspare\/fr\/wp-json\/wp\/v2\/comments?post=15518"}],"wp:featuredmedia":[{"embeddable":true,"href":"https:\/\/tipicino.ch\/apfelspare\/fr\/wp-json\/wp\/v2\/media\/15519"}],"wp:attachment":[{"href":"https:\/\/tipicino.ch\/apfelspare\/fr\/wp-json\/wp\/v2\/media?parent=15518"}],"wp:term":[{"taxonomy":"product_brand","embeddable":true,"href":"https:\/\/tipicino.ch\/apfelspare\/fr\/wp-json\/wp\/v2\/product_brand?post=15518"},{"taxonomy":"product_cat","embeddable":true,"href":"https:\/\/tipicino.ch\/apfelspare\/fr\/wp-json\/wp\/v2\/product_cat?post=15518"},{"taxonomy":"product_tag","embeddable":true,"href":"https:\/\/tipicino.ch\/apfelspare\/fr\/wp-json\/wp\/v2\/product_tag?post=15518"}],"curies":[{"name":"wp","href":"https:\/\/api.w.org\/{rel}","templated":true}]}}