{"id":15530,"date":"2025-06-19T13:39:36","date_gmt":"2025-06-19T13:39:36","guid":{"rendered":"https:\/\/tipicino.ch\/apfelspare\/?post_type=product&#038;p=15530"},"modified":"2026-03-13T16:28:19","modified_gmt":"2026-03-13T16:28:19","slug":"carte-dalimentation-dc-jack-audio-usb-macbook-air-13-a1466-mid-2012-occasion","status":"publish","type":"product","link":"https:\/\/tipicino.ch\/apfelspare\/fr\/prodotto\/scheda-power-dc-jack-audio-usb-macbook-air-13-a1466-mid-2012-usato\/","title":{"rendered":"Connecteur d'alimentation DC - Jack audio - USB pour MacBook Air 13\u2033 A1466 (Mid 2012) - RECONDITIONN\u00c9"},"content":{"rendered":"<div class=\"aps-pdp\">\n<section class=\"aps-card\">\n<header class=\"aps-card__head\">\n<h2 class=\"aps-h\">Connecteur d'alimentation DC - Jack audio - USB pour MacBook Air 13\u2033 A1466 (Mid 2012) - RECONDITIONN\u00c9<\/h2>\n<p class=\"aps-sub\">Module lat\u00e9ral I\/O avec port de charge MagSafe 2, port USB et prise audio.<\/p>\n<\/header>\n<p>\n      Votre MacBook Air ne se recharge plus ou les ports situ\u00e9s sur le c\u00f4t\u00e9 droit ne r\u00e9pondent plus ? Ce dysfonctionnement peut \u00eatre caus\u00e9 par une carte Power DC endommag\u00e9e. En tant que point de connexion pour l\u2019alimentation et les accessoires, ce composant est souvent soumis \u00e0 l\u2019usure, \u00e0 l\u2019oxydation ou \u00e0 des dommages dus aux variations de tension. En rempla\u00e7ant le module par cette pi\u00e8ce de rechange d\u2019reconditionn\u00e9 soigneusement test\u00e9e, le probl\u00e8me peut \u00eatre r\u00e9solu, r\u00e9tablissant une recharge stable et le plein fonctionnement des connexions externes.\n    <\/p>\n<div class=\"aps-note aps-note--warn\">\n      <span class=\"aps-note__ico\">!<\/span><br \/>\n      <span class=\"aps-note__txt\"><strong>AVIS DE COMPATIBILIT\u00c9 :<\/strong> Cette carte est sp\u00e9cifique au mod\u00e8le A1466 de 2012. Bien que l\u2019aspect soit similaire aux mod\u00e8les plus r\u00e9cents (2013\u20132017), le connecteur interne est diff\u00e9rent et n\u2019est pas compatible. V\u00e9rifiez l\u2019ann\u00e9e de votre Mac avant de proc\u00e9der.<\/span>\n    <\/div>\n<\/section>\n<section class=\"aps-card\">\n<header class=\"aps-card__head\">\n<h2 class=\"aps-h\">Mod\u00e8les compatibles<\/h2>\n<p class=\"aps-sub\">Version de MacBook Air 13\u2033 compatible avec ce composant.<\/p>\n<\/header>\n<ul class=\"aps-check\">\n<li><strong>MacBook Air 13\u2033 A1466 (Mid 2012)<\/strong> <span class=\"aps-badge\">MacBookAir5.2<\/span><\/li>\n<\/ul>\n<\/section>\n<section class=\"aps-card\">\n<header class=\"aps-card__head\">\n<h2 class=\"aps-h\">Caract\u00e9ristiques techniques<\/h2>\n<p class=\"aps-sub\">D\u00e9tails du module de rechange.<\/p>\n<\/header>\n<div class=\"aps-specgrid\">\n<div class=\"aps-spec\">\n<div><span>Type de pi\u00e8ce<\/span><strong>Module Power DC \/ USB \/ audio<\/strong><\/div>\n<\/div>\n<div class=\"aps-spec\">\n<div><span>\u00c9tat<\/span><strong>D\u2019reconditionn\u00e9 et test\u00e9e<\/strong><\/div>\n<\/div>\n<div class=\"aps-spec\">\n<div><span>Connecteur de charge<\/span><strong>MagSafe 2<\/strong><\/div>\n<\/div><\/div>\n<\/section>\n<section class=\"aps-card aps-callout aps-callout--warn\">\n<header class=\"aps-card__head\">\n<h2 class=\"aps-h\">Installation et avertissements<\/h2>\n<p class=\"aps-sub\">Conseils pour une r\u00e9paration en toute s\u00e9curit\u00e9.<\/p>\n<\/header>\n<p>\n      L\u2019installation n\u00e9cessite l\u2019ouverture de l\u2019appareil ainsi que le retrait de la carte logique ou le d\u00e9branchement de la nappe principale. Nous vous recommandons de manipuler les petits connecteurs avec une extr\u00eame pr\u00e9caution afin d\u2019\u00e9viter tout dommage. Il est obligatoire de d\u00e9connecter la batterie en premier lieu pour prot\u00e9ger les circuits internes contre d\u2019\u00e9ventuels dommages. Si vous n\u2019\u00eates pas tr\u00e8s \u00e0 l\u2019aise avec le d\u00e9montage de composants \u00e9lectroniques aussi d\u00e9licats, l\u2019aide d\u2019un technicien sp\u00e9cialis\u00e9 peut \u00eatre utile pour effectuer l\u2019op\u00e9ration sans risque.\n    <\/p>\n<\/section>\n<section class=\"aps-card aps-callout aps-callout--info\">\n<header class=\"aps-card__head\">\n<h2 class=\"aps-h\">Vous avez un doute quant au bon choix du composant de remplacement ?<\/h2>\n<p class=\"aps-sub\">Contactez-nous pour obtenir de l\u2019aide dans le choix du composant de remplacement adapt\u00e9 \u00e0 votre appareil.<\/p>\n<\/header>\n<div class=\"aps-cta\">\n      <a class=\"aps-btn\" href=\"mailto:info@apfelspare.ch\">info@apfelspare.ch<\/a><br \/>\n      <span class=\"aps-cta__hint\">Envoyez-nous le num\u00e9ro de s\u00e9rie de votre MacBook : nous v\u00e9rifierons rapidement la compatibilit\u00e9 exacte pour vous.<\/span>\n    <\/div>\n<\/section>\n<\/div>","protected":false},"excerpt":{"rendered":"<p>Connecteur d'alimentation DC - Jack audio - USB pour MacBook Air 13\u2033 A1466 (Mid 2012). Pi\u00e8ce d\u00e9tach\u00e9e reconditionn\u00e9 test\u00e9e, pr\u00eate \u00e0 l'installation.<\/p>","protected":false},"featured_media":22566,"comment_status":"closed","ping_status":"closed","template":"","meta":{"_acf_changed":false,"_et_pb_use_builder":"","_et_pb_old_content":"","_et_gb_content_width":""},"product_brand":[],"product_cat":[183,187,20,118,19],"product_tag":[],"class_list":{"0":"post-15530","1":"product","2":"type-product","3":"status-publish","4":"has-post-thumbnail","6":"product_cat-altoparlanti","7":"product_cat-cavi-connettori","8":"product_cat-category-macbook-air","9":"product_cat-macbook-air-13-mid-2012-a1466","10":"product_cat-parti-ricambio-seconda-mano","12":"first","13":"onbackorder","14":"shipping-taxable","15":"purchasable","16":"product-type-simple"},"acf":[],"yoast_head":"<!-- This site is optimized with the Yoast SEO plugin v27.4 - https:\/\/yoast.com\/product\/yoast-seo-wordpress\/ -->\n<title>Scheda Power DC \u2013 Jack audio \u2013 USB per MacBook Air 13&quot; A1466 (Mid 2012) \u2013 RICONDIZIONATO<\/title>\n<meta name=\"description\" content=\"Scheda Power DC con jack audio e USB per MacBook Air 13&quot; A1466. Ricambio usato testato, utile per problemi di ricarica, audio o USB. Pronto all\u2019installazione\" \/>\n<meta name=\"robots\" content=\"index, follow, max-snippet:-1, max-image-preview:large, max-video-preview:-1\" \/>\n<link rel=\"canonical\" href=\"https:\/\/tipicino.ch\/apfelspare\/fr\/produit\/carte-dalimentation-dc-jack-audio-usb-macbook-air-13-a1466-mid-2012-occasion\/\" \/>\n<meta property=\"og:locale\" content=\"fr_FR\" \/>\n<meta property=\"og:type\" content=\"article\" \/>\n<meta property=\"og:title\" content=\"Scheda Power DC \u2013 Jack audio \u2013 USB per MacBook Air 13&quot; A1466 (Mid 2012) \u2013 RICONDIZIONATO\" \/>\n<meta property=\"og:description\" content=\"Scheda Power DC con jack audio e USB per MacBook Air 13&quot; A1466. Ricambio usato testato, utile per problemi di ricarica, audio o USB. Pronto all\u2019installazione\" \/>\n<meta property=\"og:url\" content=\"https:\/\/tipicino.ch\/apfelspare\/fr\/produit\/carte-dalimentation-dc-jack-audio-usb-macbook-air-13-a1466-mid-2012-occasion\/\" \/>\n<meta property=\"og:site_name\" content=\"Ricambi MacBook Pro, MacBook Air e iMac in Svizzera \u2013 Display, Tastiere, Batterie, Trackpad\" \/>\n<meta property=\"article:modified_time\" content=\"2026-03-13T16:28:19+00:00\" \/>\n<meta property=\"og:image\" content=\"https:\/\/tipicino.ch\/apfelspare\/wp-content\/uploads\/2025\/06\/Scheda-Power-DC-\u2013-Jack-audio-\u2013-USB-per-MacBook-Air-1322-A1466-Mid-2012-\u2013-USATO-e1762213810581.png\" \/>\n\t<meta property=\"og:image:width\" content=\"1156\" \/>\n\t<meta property=\"og:image:height\" content=\"1470\" \/>\n\t<meta property=\"og:image:type\" content=\"image\/png\" \/>\n<meta name=\"twitter:card\" content=\"summary_large_image\" \/>\n<meta name=\"twitter:label1\" content=\"Dur\u00e9e de lecture estim\u00e9e\" \/>\n\t<meta name=\"twitter:data1\" content=\"2 minutes\" \/>\n<!-- \/ Yoast SEO plugin. -->","yoast_head_json":{"title":"Connecteur d'alimentation DC - Jack audio - USB pour MacBook Air 13\" A1466 (Mid 2012) - RECONDITIONN\u00c9","description":"Carte d'alimentation DC avec prise audio et USB pour MacBook Air 13\" A1466. Carte de remplacement d'occasion test\u00e9e, utile pour les probl\u00e8mes de charge, d'audio ou d'USB. Pr\u00eat \u00e0 installer","robots":{"index":"index","follow":"follow","max-snippet":"max-snippet:-1","max-image-preview":"max-image-preview:large","max-video-preview":"max-video-preview:-1"},"canonical":"https:\/\/tipicino.ch\/apfelspare\/fr\/produit\/carte-dalimentation-dc-jack-audio-usb-macbook-air-13-a1466-mid-2012-occasion\/","og_locale":"fr_FR","og_type":"article","og_title":"Scheda Power DC \u2013 Jack audio \u2013 USB per MacBook Air 13\" A1466 (Mid 2012) \u2013 RICONDIZIONATO","og_description":"Scheda Power DC con jack audio e USB per MacBook Air 13\" A1466. Ricambio usato testato, utile per problemi di ricarica, audio o USB. Pronto all\u2019installazione","og_url":"https:\/\/tipicino.ch\/apfelspare\/fr\/produit\/carte-dalimentation-dc-jack-audio-usb-macbook-air-13-a1466-mid-2012-occasion\/","og_site_name":"Ricambi MacBook Pro, MacBook Air e iMac in Svizzera \u2013 Display, Tastiere, Batterie, Trackpad","article_modified_time":"2026-03-13T16:28:19+00:00","og_image":[{"width":1156,"height":1470,"url":"https:\/\/tipicino.ch\/apfelspare\/wp-content\/uploads\/2025\/06\/Scheda-Power-DC-\u2013-Jack-audio-\u2013-USB-per-MacBook-Air-1322-A1466-Mid-2012-\u2013-USATO-e1762213810581.png","type":"image\/png"}],"twitter_card":"summary_large_image","twitter_misc":{"Dur\u00e9e de lecture estim\u00e9e":"2 minutes"},"schema":{"@context":"https:\/\/schema.org","@graph":[{"@type":"WebPage","@id":"https:\/\/tipicino.ch\/apfelspare\/fr\/prodotto\/scheda-power-dc-jack-audio-usb-macbook-air-13-a1466-mid-2012-usato\/","url":"https:\/\/tipicino.ch\/apfelspare\/fr\/prodotto\/scheda-power-dc-jack-audio-usb-macbook-air-13-a1466-mid-2012-usato\/","name":"Connecteur d'alimentation DC - Jack audio - USB pour MacBook Air 13\" A1466 (Mid 2012) - RECONDITIONN\u00c9","isPartOf":{"@id":"https:\/\/tipicino.ch\/apfelspare\/fr\/#website"},"primaryImageOfPage":{"@id":"https:\/\/tipicino.ch\/apfelspare\/fr\/prodotto\/scheda-power-dc-jack-audio-usb-macbook-air-13-a1466-mid-2012-usato\/#primaryimage"},"image":{"@id":"https:\/\/tipicino.ch\/apfelspare\/fr\/prodotto\/scheda-power-dc-jack-audio-usb-macbook-air-13-a1466-mid-2012-usato\/#primaryimage"},"thumbnailUrl":"https:\/\/tipicino.ch\/apfelspare\/wp-content\/uploads\/2025\/06\/Scheda-Power-DC-\u2013-Jack-audio-\u2013-USB-per-MacBook-Air-1322-A1466-Mid-2012-\u2013-USATO-e1762213810581.png","datePublished":"2025-06-19T13:39:36+00:00","dateModified":"2026-03-13T16:28:19+00:00","description":"Carte d'alimentation DC avec prise audio et USB pour MacBook Air 13\" A1466. Carte de remplacement d'occasion test\u00e9e, utile pour les probl\u00e8mes de charge, d'audio ou d'USB. Pr\u00eat \u00e0 installer","breadcrumb":{"@id":"https:\/\/tipicino.ch\/apfelspare\/fr\/prodotto\/scheda-power-dc-jack-audio-usb-macbook-air-13-a1466-mid-2012-usato\/#breadcrumb"},"inLanguage":"fr-CH","potentialAction":[{"@type":"ReadAction","target":["https:\/\/tipicino.ch\/apfelspare\/fr\/prodotto\/scheda-power-dc-jack-audio-usb-macbook-air-13-a1466-mid-2012-usato\/"]}]},{"@type":"ImageObject","inLanguage":"fr-CH","@id":"https:\/\/tipicino.ch\/apfelspare\/fr\/prodotto\/scheda-power-dc-jack-audio-usb-macbook-air-13-a1466-mid-2012-usato\/#primaryimage","url":"https:\/\/tipicino.ch\/apfelspare\/wp-content\/uploads\/2025\/06\/Scheda-Power-DC-\u2013-Jack-audio-\u2013-USB-per-MacBook-Air-1322-A1466-Mid-2012-\u2013-USATO-e1762213810581.png","contentUrl":"https:\/\/tipicino.ch\/apfelspare\/wp-content\/uploads\/2025\/06\/Scheda-Power-DC-\u2013-Jack-audio-\u2013-USB-per-MacBook-Air-1322-A1466-Mid-2012-\u2013-USATO-e1762213810581.png","width":1156,"height":1470,"caption":"Scheda Power DC \u2013 Jack audio \u2013 USB per MacBook Air 13\" A1466 (Mid 2012) \u2013 USATO"},{"@type":"BreadcrumbList","@id":"https:\/\/tipicino.ch\/apfelspare\/fr\/prodotto\/scheda-power-dc-jack-audio-usb-macbook-air-13-a1466-mid-2012-usato\/#breadcrumb","itemListElement":[{"@type":"ListItem","position":1,"name":"Home","item":"https:\/\/tipicino.ch\/apfelspare\/fr\/"},{"@type":"ListItem","position":2,"name":"Shop","item":"https:\/\/tipicino.ch\/apfelspare\/fr\/shop\/"},{"@type":"ListItem","position":3,"name":"Scheda Power DC \u2013 Jack audio \u2013 USB per MacBook Air 13&#8243; A1466 (Mid 2012) \u2013 RICONDIZIONATO"}]},{"@type":"WebSite","@id":"https:\/\/tipicino.ch\/apfelspare\/fr\/#website","url":"https:\/\/tipicino.ch\/apfelspare\/fr\/","name":"Pi\u00e8ces d\u00e9tach\u00e9es MacBook Pro, MacBook Air et iMac en Suisse \u2013 \u00c9crans, Claviers, Batteries, Trackpads","description":"","publisher":{"@id":"https:\/\/tipicino.ch\/apfelspare\/fr\/#organization"},"potentialAction":[{"@type":"SearchAction","target":{"@type":"EntryPoint","urlTemplate":"https:\/\/tipicino.ch\/apfelspare\/fr\/?s={search_term_string}"},"query-input":{"@type":"PropertyValueSpecification","valueRequired":true,"valueName":"search_term_string"}}],"inLanguage":"fr-CH"},{"@type":"Organization","@id":"https:\/\/tipicino.ch\/apfelspare\/fr\/#organization","name":"tipicino.ch\/apfelspare","url":"https:\/\/tipicino.ch\/apfelspare\/fr\/","logo":{"@type":"ImageObject","inLanguage":"fr-CH","@id":"https:\/\/tipicino.ch\/apfelspare\/fr\/#\/schema\/logo\/image\/","url":"https:\/\/tipicino.ch\/apfelspare\/wp-content\/uploads\/2025\/08\/cropped-FAVICON-tipicino.ch\/apfelspare_.png","contentUrl":"https:\/\/tipicino.ch\/apfelspare\/wp-content\/uploads\/2025\/08\/cropped-FAVICON-tipicino.ch\/apfelspare_.png","width":512,"height":512,"caption":"tipicino.ch\/apfelspare"},"image":{"@id":"https:\/\/tipicino.ch\/apfelspare\/fr\/#\/schema\/logo\/image\/"}}]}},"_links":{"self":[{"href":"https:\/\/tipicino.ch\/apfelspare\/fr\/wp-json\/wp\/v2\/product\/15530","targetHints":{"allow":["GET"]}}],"collection":[{"href":"https:\/\/tipicino.ch\/apfelspare\/fr\/wp-json\/wp\/v2\/product"}],"about":[{"href":"https:\/\/tipicino.ch\/apfelspare\/fr\/wp-json\/wp\/v2\/types\/product"}],"replies":[{"embeddable":true,"href":"https:\/\/tipicino.ch\/apfelspare\/fr\/wp-json\/wp\/v2\/comments?post=15530"}],"wp:featuredmedia":[{"embeddable":true,"href":"https:\/\/tipicino.ch\/apfelspare\/fr\/wp-json\/wp\/v2\/media\/22566"}],"wp:attachment":[{"href":"https:\/\/tipicino.ch\/apfelspare\/fr\/wp-json\/wp\/v2\/media?parent=15530"}],"wp:term":[{"taxonomy":"product_brand","embeddable":true,"href":"https:\/\/tipicino.ch\/apfelspare\/fr\/wp-json\/wp\/v2\/product_brand?post=15530"},{"taxonomy":"product_cat","embeddable":true,"href":"https:\/\/tipicino.ch\/apfelspare\/fr\/wp-json\/wp\/v2\/product_cat?post=15530"},{"taxonomy":"product_tag","embeddable":true,"href":"https:\/\/tipicino.ch\/apfelspare\/fr\/wp-json\/wp\/v2\/product_tag?post=15530"}],"curies":[{"name":"wp","href":"https:\/\/api.w.org\/{rel}","templated":true}]}}