{"id":15568,"date":"2025-06-20T05:13:53","date_gmt":"2025-06-20T05:13:53","guid":{"rendered":"https:\/\/tipicino.ch\/apfelspare\/?post_type=product&#038;p=15568"},"modified":"2026-03-13T23:25:49","modified_gmt":"2026-03-13T23:25:49","slug":"carte-dalimentation-jack-dc-audio-usb-macbook-air-11-a1465-mid-2012-occasion","status":"publish","type":"product","link":"https:\/\/tipicino.ch\/apfelspare\/fr\/prodotto\/scheda-power-dc-jack-audio-usb-macbook-air-11-a1465-mid-2012-usato\/","title":{"rendered":"Connecteur d'alimentation DC - Jack audio - USB pour MacBook Air 11\u2033 A1465 (Mid 2012) - RECONDITIONN\u00c9"},"content":{"rendered":"<div class=\"aps-pdp\">\n<section class=\"aps-card\">\n<header class=\"aps-card__head\">\n<h2 class=\"aps-h\">Connecteur d'alimentation DC - Jack audio - USB pour MacBook Air 11\u2033 A1465 (Mid 2012) - RECONDITIONN\u00c9<\/h2>\n<p class=\"aps-sub\">Module lat\u00e9ral I\/O avec port de charge MagSafe 2, port USB et prise audio.<\/p>\n<\/header>\n<p>\n      Votre MacBook Air 11 pouces a cess\u00e9 de se charger, le port USB ne fonctionne pas ou vous n'entendez plus rien dans vos \u00e9couteurs ? Ces pannes pourraient \u00eatre caus\u00e9es par une carte E\/S lat\u00e9rale endommag\u00e9e. En tant que composant g\u00e9rant l'entr\u00e9e d'alimentation et les connexions des accessoires, il est souvent sujet \u00e0 l'usure ou \u00e0 l'oxydation. En rempla\u00e7ant la carte par cette pi\u00e8ce reconditionn\u00e9 test\u00e9e, le bon fonctionnement de l'ordinateur pourrait \u00eatre restaur\u00e9, garantissant une recharge stable et des connexions s\u00e9curis\u00e9es.\n    <\/p>\n<div class=\"aps-note aps-note--warn\">\n      <span class=\"aps-note__ico\">!<\/span><br \/>\n      <span class=\"aps-note__txt\"><strong>AVIS DE COMPATIBILIT\u00c9 :<\/strong> Cette carte est sp\u00e9cifique au mod\u00e8le A1465 de 2012 (MacBookAir5,1). Bien que l'aspect ext\u00e9rieur soit similaire aux mod\u00e8les produits entre 2013 et 2015, le connecteur interne vers la carte m\u00e8re est diff\u00e9rent et non compatible. V\u00e9rifiez bien l'ann\u00e9e de votre Mac avant de proc\u00e9der.<\/span>\n    <\/div>\n<\/section>\n<section class=\"aps-card\">\n<header class=\"aps-card__head\">\n<h2 class=\"aps-h\">Mod\u00e8les compatibles<\/h2>\n<p class=\"aps-sub\">Version du MacBook Air 11\u2033 compatible avec ce composant.<\/p>\n<\/header>\n<ul class=\"aps-check\">\n<li><strong>MacBook Air 11\u2033 A1465 (Mid 2012)<\/strong> <span class=\"aps-badge\">MacBookAir5.1<\/span><\/li>\n<\/ul>\n<\/section>\n<section class=\"aps-card\">\n<header class=\"aps-card__head\">\n<h2 class=\"aps-h\">Caract\u00e9ristiques techniques<\/h2>\n<p class=\"aps-sub\">D\u00e9tails du module de rechange.<\/p>\n<\/header>\n<div class=\"aps-specgrid\">\n<div class=\"aps-spec\">\n<div><span>Type de pi\u00e8ce<\/span><strong>Module Power DC \/ USB \/ audio<\/strong><\/div>\n<\/div>\n<div class=\"aps-spec\">\n<div><span>\u00c9tat<\/span><strong>D\u2019reconditionn\u00e9 et test\u00e9e<\/strong><\/div>\n<\/div>\n<div class=\"aps-spec\">\n<div><span>Connecteur de charge<\/span><strong>MagSafe 2<\/strong><\/div>\n<\/div><\/div>\n<\/section>\n<section class=\"aps-card aps-callout aps-callout--warn\">\n<header class=\"aps-card__head\">\n<h2 class=\"aps-h\">Installation et avertissements<\/h2>\n<p class=\"aps-sub\">Notes pour une r\u00e9paration en toute s\u00e9curit\u00e9.<\/p>\n<\/header>\n<p>\n      L'installation n\u00e9cessite l'ouverture du bo\u00eetier inf\u00e9rieur du MacBook Air. Nous vous sugg\u00e9rons de manipuler le c\u00e2ble plat de connexion avec une extr\u00eame d\u00e9licatesse, car les connecteurs sont fragiles. Il est obligatoire de d\u00e9brancher la batterie comme premi\u00e8re \u00e9tape pour prot\u00e9ger les circuits internes contre d'\u00e9ventuels courts-circuits. Si vous n'\u00eates pas \u00e0 l'aise avec le d\u00e9montage de pi\u00e8ces \u00e9lectroniques aussi petites, l'aide d'un technicien exp\u00e9riment\u00e9 pourrait \u00eatre utile pour effectuer le remplacement sans risque pour la carte m\u00e8re.\n    <\/p>\n<\/section>\n<section class=\"aps-card aps-callout aps-callout--info\">\n<header class=\"aps-card__head\">\n<h2 class=\"aps-h\">Vous avez un doute quant au bon choix du composant de remplacement ?<\/h2>\n<p class=\"aps-sub\">Contactez-nous pour obtenir de l\u2019aide dans le choix du composant de remplacement adapt\u00e9 \u00e0 votre appareil.<\/p>\n<\/header>\n<div class=\"aps-cta\">\n      <a class=\"aps-btn\" href=\"mailto:info@apfelspare.ch\">info@apfelspare.ch<\/a><br \/>\n      <span class=\"aps-cta__hint\">Envoyez-nous le num\u00e9ro de s\u00e9rie de votre MacBook : nous v\u00e9rifierons rapidement la compatibilit\u00e9 exacte pour vous.<\/span>\n    <\/div>\n<\/section>\n<\/div>","protected":false},"excerpt":{"rendered":"<p>Connecteur d'alimentation DC - Jack audio - USB pour MacBook Air 11\u2033 A1465 (Mid 2012). Pi\u00e8ce d\u00e9tach\u00e9e reconditionn\u00e9 test\u00e9e, pr\u00eate \u00e0 l'installation<\/p>","protected":false},"featured_media":15569,"comment_status":"closed","ping_status":"closed","template":"","meta":{"_acf_changed":false,"_et_pb_use_builder":"","_et_pb_old_content":"","_et_gb_content_width":""},"product_brand":[],"product_cat":[183,187,20,123,19],"product_tag":[],"class_list":{"0":"post-15568","1":"product","2":"type-product","3":"status-publish","4":"has-post-thumbnail","6":"product_cat-altoparlanti","7":"product_cat-cavi-connettori","8":"product_cat-category-macbook-air","9":"product_cat-macbook-air-11-mid-2012-a1465","10":"product_cat-parti-ricambio-seconda-mano","12":"first","13":"onbackorder","14":"shipping-taxable","15":"purchasable","16":"product-type-simple"},"acf":[],"yoast_head":"<!-- This site is optimized with the Yoast SEO plugin v27.4 - https:\/\/yoast.com\/product\/yoast-seo-wordpress\/ -->\n<title>Scheda Power DC \u2013 Jack audio \u2013 USB per MacBook Air 11&quot; A1465 (Mid 2012) \u2013 RICONDIZIONATO<\/title>\n<meta name=\"description\" content=\"Scheda Power DC con jack audio e USB per MacBook Air 11&quot; A1465. Ricambio usato testato, pronto all\u2019installazione\" \/>\n<meta name=\"robots\" content=\"index, follow, max-snippet:-1, max-image-preview:large, max-video-preview:-1\" \/>\n<link rel=\"canonical\" href=\"https:\/\/tipicino.ch\/apfelspare\/fr\/produit\/carte-dalimentation-jack-dc-audio-usb-macbook-air-11-a1465-mid-2012-occasion\/\" \/>\n<meta property=\"og:locale\" content=\"fr_FR\" \/>\n<meta property=\"og:type\" content=\"article\" \/>\n<meta property=\"og:title\" content=\"Scheda Power DC \u2013 Jack audio \u2013 USB per MacBook Air 11&quot; A1465 (Mid 2012) \u2013 RICONDIZIONATO\" \/>\n<meta property=\"og:description\" content=\"Scheda Power DC con jack audio e USB per MacBook Air 11&quot; A1465. Ricambio usato testato, pronto all\u2019installazione\" \/>\n<meta property=\"og:url\" content=\"https:\/\/tipicino.ch\/apfelspare\/fr\/produit\/carte-dalimentation-jack-dc-audio-usb-macbook-air-11-a1465-mid-2012-occasion\/\" \/>\n<meta property=\"og:site_name\" content=\"Ricambi MacBook Pro, MacBook Air e iMac in Svizzera \u2013 Display, Tastiere, Batterie, Trackpad\" \/>\n<meta property=\"article:modified_time\" content=\"2026-03-13T23:25:49+00:00\" \/>\n<meta property=\"og:image\" content=\"https:\/\/tipicino.ch\/apfelspare\/wp-content\/uploads\/2025\/06\/scheda-power-dc-jack-audio-usb-macbook-air-11-a1465-mid-2012.png\" \/>\n\t<meta property=\"og:image:width\" content=\"1000\" \/>\n\t<meta property=\"og:image:height\" content=\"1000\" \/>\n\t<meta property=\"og:image:type\" content=\"image\/png\" \/>\n<meta name=\"twitter:card\" content=\"summary_large_image\" \/>\n<meta name=\"twitter:label1\" content=\"Dur\u00e9e de lecture estim\u00e9e\" \/>\n\t<meta name=\"twitter:data1\" content=\"2 minutes\" \/>\n<!-- \/ Yoast SEO plugin. -->","yoast_head_json":{"title":"Connecteur d'alimentation DC - Jack audio - USB pour MacBook Air 11\" A1465 (Mid 2012) - RECONDITIONN\u00c9","description":"Carte d'alimentation DC avec prise audio et USB pour MacBook Air 11\" A1465. Pi\u00e8ce de rechange d'occasion test\u00e9e, pr\u00eate \u00e0 \u00eatre install\u00e9e","robots":{"index":"index","follow":"follow","max-snippet":"max-snippet:-1","max-image-preview":"max-image-preview:large","max-video-preview":"max-video-preview:-1"},"canonical":"https:\/\/tipicino.ch\/apfelspare\/fr\/produit\/carte-dalimentation-jack-dc-audio-usb-macbook-air-11-a1465-mid-2012-occasion\/","og_locale":"fr_FR","og_type":"article","og_title":"Scheda Power DC \u2013 Jack audio \u2013 USB per MacBook Air 11\" A1465 (Mid 2012) \u2013 RICONDIZIONATO","og_description":"Scheda Power DC con jack audio e USB per MacBook Air 11\" A1465. Ricambio usato testato, pronto all\u2019installazione","og_url":"https:\/\/tipicino.ch\/apfelspare\/fr\/produit\/carte-dalimentation-jack-dc-audio-usb-macbook-air-11-a1465-mid-2012-occasion\/","og_site_name":"Ricambi MacBook Pro, MacBook Air e iMac in Svizzera \u2013 Display, Tastiere, Batterie, Trackpad","article_modified_time":"2026-03-13T23:25:49+00:00","og_image":[{"width":1000,"height":1000,"url":"https:\/\/tipicino.ch\/apfelspare\/wp-content\/uploads\/2025\/06\/scheda-power-dc-jack-audio-usb-macbook-air-11-a1465-mid-2012.png","type":"image\/png"}],"twitter_card":"summary_large_image","twitter_misc":{"Dur\u00e9e de lecture estim\u00e9e":"2 minutes"},"schema":{"@context":"https:\/\/schema.org","@graph":[{"@type":"WebPage","@id":"https:\/\/tipicino.ch\/apfelspare\/fr\/prodotto\/scheda-power-dc-jack-audio-usb-macbook-air-11-a1465-mid-2012-usato\/","url":"https:\/\/tipicino.ch\/apfelspare\/fr\/prodotto\/scheda-power-dc-jack-audio-usb-macbook-air-11-a1465-mid-2012-usato\/","name":"Connecteur d'alimentation DC - Jack audio - USB pour MacBook Air 11\" A1465 (Mid 2012) - RECONDITIONN\u00c9","isPartOf":{"@id":"https:\/\/tipicino.ch\/apfelspare\/fr\/#website"},"primaryImageOfPage":{"@id":"https:\/\/tipicino.ch\/apfelspare\/fr\/prodotto\/scheda-power-dc-jack-audio-usb-macbook-air-11-a1465-mid-2012-usato\/#primaryimage"},"image":{"@id":"https:\/\/tipicino.ch\/apfelspare\/fr\/prodotto\/scheda-power-dc-jack-audio-usb-macbook-air-11-a1465-mid-2012-usato\/#primaryimage"},"thumbnailUrl":"https:\/\/tipicino.ch\/apfelspare\/wp-content\/uploads\/2025\/06\/scheda-power-dc-jack-audio-usb-macbook-air-11-a1465-mid-2012.png","datePublished":"2025-06-20T05:13:53+00:00","dateModified":"2026-03-13T23:25:49+00:00","description":"Carte d'alimentation DC avec prise audio et USB pour MacBook Air 11\" A1465. Pi\u00e8ce de rechange d'occasion test\u00e9e, pr\u00eate \u00e0 \u00eatre install\u00e9e","breadcrumb":{"@id":"https:\/\/tipicino.ch\/apfelspare\/fr\/prodotto\/scheda-power-dc-jack-audio-usb-macbook-air-11-a1465-mid-2012-usato\/#breadcrumb"},"inLanguage":"fr-CH","potentialAction":[{"@type":"ReadAction","target":["https:\/\/tipicino.ch\/apfelspare\/fr\/prodotto\/scheda-power-dc-jack-audio-usb-macbook-air-11-a1465-mid-2012-usato\/"]}]},{"@type":"ImageObject","inLanguage":"fr-CH","@id":"https:\/\/tipicino.ch\/apfelspare\/fr\/prodotto\/scheda-power-dc-jack-audio-usb-macbook-air-11-a1465-mid-2012-usato\/#primaryimage","url":"https:\/\/tipicino.ch\/apfelspare\/wp-content\/uploads\/2025\/06\/scheda-power-dc-jack-audio-usb-macbook-air-11-a1465-mid-2012.png","contentUrl":"https:\/\/tipicino.ch\/apfelspare\/wp-content\/uploads\/2025\/06\/scheda-power-dc-jack-audio-usb-macbook-air-11-a1465-mid-2012.png","width":1000,"height":1000,"caption":"Scheda Power DC \u2013 Jack audio \u2013 USB per MacBook Air 11\" A1465 (Mid 2012) \u2013 USATO"},{"@type":"BreadcrumbList","@id":"https:\/\/tipicino.ch\/apfelspare\/fr\/prodotto\/scheda-power-dc-jack-audio-usb-macbook-air-11-a1465-mid-2012-usato\/#breadcrumb","itemListElement":[{"@type":"ListItem","position":1,"name":"Home","item":"https:\/\/tipicino.ch\/apfelspare\/fr\/"},{"@type":"ListItem","position":2,"name":"Shop","item":"https:\/\/tipicino.ch\/apfelspare\/fr\/shop\/"},{"@type":"ListItem","position":3,"name":"Scheda Power DC \u2013 Jack audio \u2013 USB per MacBook Air 11&#8243; A1465 (Mid 2012) \u2013 RICONDIZIONATO"}]},{"@type":"WebSite","@id":"https:\/\/tipicino.ch\/apfelspare\/fr\/#website","url":"https:\/\/tipicino.ch\/apfelspare\/fr\/","name":"Pi\u00e8ces d\u00e9tach\u00e9es MacBook Pro, MacBook Air et iMac en Suisse \u2013 \u00c9crans, Claviers, Batteries, Trackpads","description":"","publisher":{"@id":"https:\/\/tipicino.ch\/apfelspare\/fr\/#organization"},"potentialAction":[{"@type":"SearchAction","target":{"@type":"EntryPoint","urlTemplate":"https:\/\/tipicino.ch\/apfelspare\/fr\/?s={search_term_string}"},"query-input":{"@type":"PropertyValueSpecification","valueRequired":true,"valueName":"search_term_string"}}],"inLanguage":"fr-CH"},{"@type":"Organization","@id":"https:\/\/tipicino.ch\/apfelspare\/fr\/#organization","name":"tipicino.ch\/apfelspare","url":"https:\/\/tipicino.ch\/apfelspare\/fr\/","logo":{"@type":"ImageObject","inLanguage":"fr-CH","@id":"https:\/\/tipicino.ch\/apfelspare\/fr\/#\/schema\/logo\/image\/","url":"https:\/\/tipicino.ch\/apfelspare\/wp-content\/uploads\/2025\/08\/cropped-FAVICON-tipicino.ch\/apfelspare_.png","contentUrl":"https:\/\/tipicino.ch\/apfelspare\/wp-content\/uploads\/2025\/08\/cropped-FAVICON-tipicino.ch\/apfelspare_.png","width":512,"height":512,"caption":"tipicino.ch\/apfelspare"},"image":{"@id":"https:\/\/tipicino.ch\/apfelspare\/fr\/#\/schema\/logo\/image\/"}}]}},"_links":{"self":[{"href":"https:\/\/tipicino.ch\/apfelspare\/fr\/wp-json\/wp\/v2\/product\/15568","targetHints":{"allow":["GET"]}}],"collection":[{"href":"https:\/\/tipicino.ch\/apfelspare\/fr\/wp-json\/wp\/v2\/product"}],"about":[{"href":"https:\/\/tipicino.ch\/apfelspare\/fr\/wp-json\/wp\/v2\/types\/product"}],"replies":[{"embeddable":true,"href":"https:\/\/tipicino.ch\/apfelspare\/fr\/wp-json\/wp\/v2\/comments?post=15568"}],"wp:featuredmedia":[{"embeddable":true,"href":"https:\/\/tipicino.ch\/apfelspare\/fr\/wp-json\/wp\/v2\/media\/15569"}],"wp:attachment":[{"href":"https:\/\/tipicino.ch\/apfelspare\/fr\/wp-json\/wp\/v2\/media?parent=15568"}],"wp:term":[{"taxonomy":"product_brand","embeddable":true,"href":"https:\/\/tipicino.ch\/apfelspare\/fr\/wp-json\/wp\/v2\/product_brand?post=15568"},{"taxonomy":"product_cat","embeddable":true,"href":"https:\/\/tipicino.ch\/apfelspare\/fr\/wp-json\/wp\/v2\/product_cat?post=15568"},{"taxonomy":"product_tag","embeddable":true,"href":"https:\/\/tipicino.ch\/apfelspare\/fr\/wp-json\/wp\/v2\/product_tag?post=15568"}],"curies":[{"name":"wp","href":"https:\/\/api.w.org\/{rel}","templated":true}]}}