{"id":15592,"date":"2025-06-20T09:06:15","date_gmt":"2025-06-20T09:06:15","guid":{"rendered":"https:\/\/tipicino.ch\/apfelspare\/?post_type=product&#038;p=15592"},"modified":"2026-02-18T14:29:26","modified_gmt":"2026-02-18T14:29:26","slug":"port-usb-c-noir-macbook-air-13-a2681-mid-2022","status":"publish","type":"product","link":"https:\/\/tipicino.ch\/apfelspare\/fr\/prodotto\/porta-usb-c-nero-macbook-air-13-a2681-mid-2022\/","title":{"rendered":"Port USB-C noir pour MacBook Air 13\u2033 A2681 (Mid 2022)"},"content":{"rendered":"<div class=\"aps-pdp\">\n<section class=\"aps-card\">\n<header class=\"aps-card__head\">\n<h2 class=\"aps-h\">Port USB-C noir pour MacBook Air 13\u2033 A2681 (2022)<\/h2>\n<p class=\"aps-sub\">Pi\u00e8ce de rechange sp\u00e9cifique pour restaurer les connexions de donn\u00e9es et l'alimentation de votre Mac.<\/p>\n<\/header>\n<p>\n      Votre MacBook Air a cess\u00e9 de se recharger ou ne reconna\u00eet plus les accessoires connect\u00e9s aux ports lat\u00e9raux ? Ce probl\u00e8me peut \u00eatre caus\u00e9 par un connecteur USB-C us\u00e9 ou un connecteur dont les contacts internes sont endommag\u00e9s. Au fil du temps, le branchement et le d\u00e9branchement des c\u00e2bles peuvent desserrer la prise ou endommager l\u00e9g\u00e8rement les broches internes. Le remplacement de la pi\u00e8ce par cette pi\u00e8ce de rechange noire reconditionn\u00e9e pourrait r\u00e9soudre le probl\u00e8me, vous permettant \u00e0 nouveau de charger votre ordinateur et de transf\u00e9rer des fichiers de mani\u00e8re stable et rapide.\n    <\/p>\n<div class=\"aps-note aps-note--warn\">\n      <span class=\"aps-note__ico\">!<\/span><br \/>\n      <span class=\"aps-note__txt\"><strong>AVIS DE COMPATIBILIT\u00c9 :<\/strong> Ce port USB-C est exclusivement d\u00e9di\u00e9 au mod\u00e8le A2681 de 13 pouces. Avant l'achat, nous vous sugg\u00e9rons de v\u00e9rifier le code grav\u00e9 sous votre ordinateur pour vous assurer qu'il s'agit de la version correcte pour votre MacBook Air M2.<\/span>\n    <\/div>\n<\/section>\n<section class=\"aps-card\">\n<header class=\"aps-card__head\">\n<h2 class=\"aps-h\">Mod\u00e8les compatibles<\/h2>\n<p class=\"aps-sub\">Version de MacBook Air 13\u2033 compatible avec cette pi\u00e8ce de rechange.<\/p>\n<\/header>\n<ul class=\"aps-check\">\n<li><strong>MacBook Air 13\u2033 A2681 (Mid 2022)<\/strong> <span class=\"aps-badge\">Mac14.2<\/span><\/li>\n<\/ul>\n<\/section>\n<section class=\"aps-card\">\n<header class=\"aps-card__head\">\n<h2 class=\"aps-h\">Caract\u00e9ristiques techniques<\/h2>\n<p class=\"aps-sub\">D\u00e9tails du module de connexion.<\/p>\n<\/header>\n<div class=\"aps-specgrid\">\n<div class=\"aps-spec\">\n<div><span>Type de pi\u00e8ce<\/span><strong>Port USB-C<\/strong><\/div>\n<\/div>\n<div class=\"aps-spec\">\n<div><span>Couleur<\/span><strong>Noir<\/strong><\/div>\n<\/div>\n<div class=\"aps-spec\">\n<div><span>\u00c9tat<\/span><strong>Neuf ou reconditionn\u00e9<\/strong><\/div>\n<\/div><\/div>\n<\/section>\n<section class=\"aps-card aps-callout aps-callout--warn\">\n<header class=\"aps-card__head\">\n<h2 class=\"aps-h\">Installation et avertissements<\/h2>\n<p class=\"aps-sub\">Conseils pour un montage en toute s\u00e9curit\u00e9.<\/p>\n<\/header>\n<p>\n      Le remplacement du port USB-C n\u00e9cessite l'ouverture de la coque inf\u00e9rieure du MacBook Air. \u00c9tant donn\u00e9 que les composants internes sont dispos\u00e9s de mani\u00e8re tr\u00e8s pr\u00e9cise et que les nappes sont extr\u00eamement fines, nous vous sugg\u00e9rons d'agir avec beaucoup de d\u00e9licatesse. Il est obligatoire de d\u00e9brancher la batterie comme premi\u00e8re \u00e9tape pour prot\u00e9ger la carte m\u00e8re d'\u00e9ventuelles pannes \u00e9lectriques. Si vous n'\u00eates pas tr\u00e8s \u00e0 l'aise avec les r\u00e9parations mat\u00e9rielles, l'aide d'un technicien exp\u00e9riment\u00e9 pourrait \u00eatre utile pour mener \u00e0 bien le remplacement sans risque.\n    <\/p>\n<\/section>\n<section class=\"aps-card aps-callout aps-callout--info\">\n<header class=\"aps-card__head\">\n<h2 class=\"aps-h\">Vous avez un doute quant au bon choix du composant de remplacement ?<\/h2>\n<p class=\"aps-sub\">Contactez-nous pour obtenir de l\u2019aide dans le choix du composant de remplacement adapt\u00e9 \u00e0 votre appareil.<\/p>\n<\/header>\n<div class=\"aps-cta\">\n      <a class=\"aps-btn\" href=\"mailto:info@apfelspare.ch\">info@apfelspare.ch<\/a><br \/>\n      <span class=\"aps-cta__hint\">Envoyez-nous le num\u00e9ro de s\u00e9rie de votre MacBook : nous v\u00e9rifierons rapidement la compatibilit\u00e9 exacte pour vous.<\/span>\n    <\/div>\n<\/section>\n<\/div>","protected":false},"excerpt":{"rendered":"<p>Port USB-C noir pour MacBook Air 13\u2033 A2681 (Mid 2022). Remplacement de qualit\u00e9, pr\u00eat \u00e0 \u00eatre install\u00e9.<\/p>","protected":false},"featured_media":15593,"comment_status":"closed","ping_status":"closed","template":"","meta":{"_acf_changed":false,"_et_pb_use_builder":"","_et_pb_old_content":"","_et_gb_content_width":""},"product_brand":[],"product_cat":[113,187,20],"product_tag":[],"class_list":{"0":"post-15592","1":"product","2":"type-product","3":"status-publish","4":"has-post-thumbnail","6":"product_cat-macbook-air-13-mid-2022-a2681","7":"product_cat-cavi-connettori","8":"product_cat-category-macbook-air","9":"product_shipping_class-1-2-disponibili","11":"first","12":"instock","13":"shipping-taxable","14":"purchasable","15":"product-type-variable"},"acf":[],"yoast_head":"<!-- This site is optimized with the Yoast SEO plugin v27.4 - https:\/\/yoast.com\/product\/yoast-seo-wordpress\/ -->\n<title>Porta USB-C Nero per MacBook Air 13&quot; A2681 (Mid 2022)<\/title>\n<meta name=\"description\" content=\"Porta USB-C Nero per MacBook Air 13&quot; A2681. Ricambio per ripristinare collegamenti dati e ricarica\" \/>\n<meta name=\"robots\" content=\"index, follow, max-snippet:-1, max-image-preview:large, max-video-preview:-1\" \/>\n<link rel=\"canonical\" href=\"https:\/\/tipicino.ch\/apfelspare\/fr\/produit\/port-usb-c-noir-macbook-air-13-a2681-mid-2022\/\" \/>\n<meta property=\"og:locale\" content=\"fr_FR\" \/>\n<meta property=\"og:type\" content=\"article\" \/>\n<meta property=\"og:title\" content=\"Porta USB-C Nero per MacBook Air 13&quot; A2681 (Mid 2022)\" \/>\n<meta property=\"og:description\" content=\"Porta USB-C Nero per MacBook Air 13&quot; A2681. Ricambio per ripristinare collegamenti dati e ricarica\" \/>\n<meta property=\"og:url\" content=\"https:\/\/tipicino.ch\/apfelspare\/fr\/produit\/port-usb-c-noir-macbook-air-13-a2681-mid-2022\/\" \/>\n<meta property=\"og:site_name\" content=\"Ricambi MacBook Pro, MacBook Air e iMac in Svizzera \u2013 Display, Tastiere, Batterie, Trackpad\" \/>\n<meta property=\"article:modified_time\" content=\"2026-02-18T14:29:26+00:00\" \/>\n<meta property=\"og:image\" content=\"https:\/\/tipicino.ch\/apfelspare\/wp-content\/uploads\/2025\/06\/porta-usb-c-nero-macbook-air-13-a2681-mid-2022.png\" \/>\n\t<meta property=\"og:image:width\" content=\"1000\" \/>\n\t<meta property=\"og:image:height\" content=\"1000\" \/>\n\t<meta property=\"og:image:type\" content=\"image\/png\" \/>\n<meta name=\"twitter:card\" content=\"summary_large_image\" \/>\n<meta name=\"twitter:label1\" content=\"Dur\u00e9e de lecture estim\u00e9e\" \/>\n\t<meta name=\"twitter:data1\" content=\"2 minutes\" \/>\n<!-- \/ Yoast SEO plugin. -->","yoast_head_json":{"title":"Port USB-C noir pour MacBook Air 13\" A2681 (Mid 2022)","description":"Port USB-C Noir pour MacBook Air 13\" A2681. Pi\u00e8ce de rechange pour r\u00e9tablir les connexions de donn\u00e9es et de recharge.","robots":{"index":"index","follow":"follow","max-snippet":"max-snippet:-1","max-image-preview":"max-image-preview:large","max-video-preview":"max-video-preview:-1"},"canonical":"https:\/\/tipicino.ch\/apfelspare\/fr\/produit\/port-usb-c-noir-macbook-air-13-a2681-mid-2022\/","og_locale":"fr_FR","og_type":"article","og_title":"Porta USB-C Nero per MacBook Air 13\" A2681 (Mid 2022)","og_description":"Porta USB-C Nero per MacBook Air 13\" A2681. Ricambio per ripristinare collegamenti dati e ricarica","og_url":"https:\/\/tipicino.ch\/apfelspare\/fr\/produit\/port-usb-c-noir-macbook-air-13-a2681-mid-2022\/","og_site_name":"Ricambi MacBook Pro, MacBook Air e iMac in Svizzera \u2013 Display, Tastiere, Batterie, Trackpad","article_modified_time":"2026-02-18T14:29:26+00:00","og_image":[{"width":1000,"height":1000,"url":"https:\/\/tipicino.ch\/apfelspare\/wp-content\/uploads\/2025\/06\/porta-usb-c-nero-macbook-air-13-a2681-mid-2022.png","type":"image\/png"}],"twitter_card":"summary_large_image","twitter_misc":{"Dur\u00e9e de lecture estim\u00e9e":"2 minutes"},"schema":{"@context":"https:\/\/schema.org","@graph":[{"@type":"WebPage","@id":"https:\/\/tipicino.ch\/apfelspare\/fr\/prodotto\/porta-usb-c-nero-macbook-air-13-a2681-mid-2022\/","url":"https:\/\/tipicino.ch\/apfelspare\/fr\/prodotto\/porta-usb-c-nero-macbook-air-13-a2681-mid-2022\/","name":"Port USB-C noir pour MacBook Air 13\" A2681 (Mid 2022)","isPartOf":{"@id":"https:\/\/tipicino.ch\/apfelspare\/fr\/#website"},"primaryImageOfPage":{"@id":"https:\/\/tipicino.ch\/apfelspare\/fr\/prodotto\/porta-usb-c-nero-macbook-air-13-a2681-mid-2022\/#primaryimage"},"image":{"@id":"https:\/\/tipicino.ch\/apfelspare\/fr\/prodotto\/porta-usb-c-nero-macbook-air-13-a2681-mid-2022\/#primaryimage"},"thumbnailUrl":"https:\/\/tipicino.ch\/apfelspare\/wp-content\/uploads\/2025\/06\/porta-usb-c-nero-macbook-air-13-a2681-mid-2022.png","datePublished":"2025-06-20T09:06:15+00:00","dateModified":"2026-02-18T14:29:26+00:00","description":"Port USB-C Noir pour MacBook Air 13\" A2681. Pi\u00e8ce de rechange pour r\u00e9tablir les connexions de donn\u00e9es et de recharge.","breadcrumb":{"@id":"https:\/\/tipicino.ch\/apfelspare\/fr\/prodotto\/porta-usb-c-nero-macbook-air-13-a2681-mid-2022\/#breadcrumb"},"inLanguage":"fr-CH","potentialAction":[{"@type":"ReadAction","target":["https:\/\/tipicino.ch\/apfelspare\/fr\/prodotto\/porta-usb-c-nero-macbook-air-13-a2681-mid-2022\/"]}]},{"@type":"ImageObject","inLanguage":"fr-CH","@id":"https:\/\/tipicino.ch\/apfelspare\/fr\/prodotto\/porta-usb-c-nero-macbook-air-13-a2681-mid-2022\/#primaryimage","url":"https:\/\/tipicino.ch\/apfelspare\/wp-content\/uploads\/2025\/06\/porta-usb-c-nero-macbook-air-13-a2681-mid-2022.png","contentUrl":"https:\/\/tipicino.ch\/apfelspare\/wp-content\/uploads\/2025\/06\/porta-usb-c-nero-macbook-air-13-a2681-mid-2022.png","width":1000,"height":1000,"caption":"Porta USB-C Nero per MacBook Air 13\" A2681 (Mid 2022)"},{"@type":"BreadcrumbList","@id":"https:\/\/tipicino.ch\/apfelspare\/fr\/prodotto\/porta-usb-c-nero-macbook-air-13-a2681-mid-2022\/#breadcrumb","itemListElement":[{"@type":"ListItem","position":1,"name":"Home","item":"https:\/\/tipicino.ch\/apfelspare\/fr\/"},{"@type":"ListItem","position":2,"name":"Shop","item":"https:\/\/tipicino.ch\/apfelspare\/fr\/shop\/"},{"@type":"ListItem","position":3,"name":"Porta USB-C Nero per MacBook Air 13&#8243; A2681 (Mid 2022)"}]},{"@type":"WebSite","@id":"https:\/\/tipicino.ch\/apfelspare\/fr\/#website","url":"https:\/\/tipicino.ch\/apfelspare\/fr\/","name":"Pi\u00e8ces d\u00e9tach\u00e9es MacBook Pro, MacBook Air et iMac en Suisse \u2013 \u00c9crans, Claviers, Batteries, Trackpads","description":"","publisher":{"@id":"https:\/\/tipicino.ch\/apfelspare\/fr\/#organization"},"potentialAction":[{"@type":"SearchAction","target":{"@type":"EntryPoint","urlTemplate":"https:\/\/tipicino.ch\/apfelspare\/fr\/?s={search_term_string}"},"query-input":{"@type":"PropertyValueSpecification","valueRequired":true,"valueName":"search_term_string"}}],"inLanguage":"fr-CH"},{"@type":"Organization","@id":"https:\/\/tipicino.ch\/apfelspare\/fr\/#organization","name":"tipicino.ch\/apfelspare","url":"https:\/\/tipicino.ch\/apfelspare\/fr\/","logo":{"@type":"ImageObject","inLanguage":"fr-CH","@id":"https:\/\/tipicino.ch\/apfelspare\/fr\/#\/schema\/logo\/image\/","url":"https:\/\/tipicino.ch\/apfelspare\/wp-content\/uploads\/2025\/08\/cropped-FAVICON-tipicino.ch\/apfelspare_.png","contentUrl":"https:\/\/tipicino.ch\/apfelspare\/wp-content\/uploads\/2025\/08\/cropped-FAVICON-tipicino.ch\/apfelspare_.png","width":512,"height":512,"caption":"tipicino.ch\/apfelspare"},"image":{"@id":"https:\/\/tipicino.ch\/apfelspare\/fr\/#\/schema\/logo\/image\/"}}]}},"_links":{"self":[{"href":"https:\/\/tipicino.ch\/apfelspare\/fr\/wp-json\/wp\/v2\/product\/15592","targetHints":{"allow":["GET"]}}],"collection":[{"href":"https:\/\/tipicino.ch\/apfelspare\/fr\/wp-json\/wp\/v2\/product"}],"about":[{"href":"https:\/\/tipicino.ch\/apfelspare\/fr\/wp-json\/wp\/v2\/types\/product"}],"replies":[{"embeddable":true,"href":"https:\/\/tipicino.ch\/apfelspare\/fr\/wp-json\/wp\/v2\/comments?post=15592"}],"wp:featuredmedia":[{"embeddable":true,"href":"https:\/\/tipicino.ch\/apfelspare\/fr\/wp-json\/wp\/v2\/media\/15593"}],"wp:attachment":[{"href":"https:\/\/tipicino.ch\/apfelspare\/fr\/wp-json\/wp\/v2\/media?parent=15592"}],"wp:term":[{"taxonomy":"product_brand","embeddable":true,"href":"https:\/\/tipicino.ch\/apfelspare\/fr\/wp-json\/wp\/v2\/product_brand?post=15592"},{"taxonomy":"product_cat","embeddable":true,"href":"https:\/\/tipicino.ch\/apfelspare\/fr\/wp-json\/wp\/v2\/product_cat?post=15592"},{"taxonomy":"product_tag","embeddable":true,"href":"https:\/\/tipicino.ch\/apfelspare\/fr\/wp-json\/wp\/v2\/product_tag?post=15592"}],"curies":[{"name":"wp","href":"https:\/\/api.w.org\/{rel}","templated":true}]}}