{"id":15626,"date":"2025-06-20T12:53:21","date_gmt":"2025-06-20T12:53:21","guid":{"rendered":"https:\/\/tipicino.ch\/apfelspare\/?post_type=product&#038;p=15626"},"modified":"2026-04-17T07:48:47","modified_gmt":"2026-04-17T07:48:47","slug":"power-dc-port-usb-c-macbook-pro-a1707-a1706-late-2016-mid-2017","status":"publish","type":"product","link":"https:\/\/tipicino.ch\/apfelspare\/fr\/prodotto\/power-dc-porta-usb-c-macbook-pro-a1707-a1706-late-2016-mid-2017\/","title":{"rendered":"Connecteur d'alimentation DC \/ Port USB-C pour MacBook Pro A1707 A1706 (Late 2016 - Mid 2017)"},"content":{"rendered":"<div class=\"aps-pdp\">\n<section class=\"aps-card\">\n<header class=\"aps-card__head\">\n<h2 class=\"aps-h\">Connecteur d'alimentation DC \/ Port USB-C pour MacBook Pro A1707 A1706 (2016\u20132017)<\/h2>\n<p class=\"aps-sub\">Module de rechange pour la charge et la connexion Thunderbolt 3 (USB-C).<\/p>\n<\/header>\n<p>\n      Votre MacBook Pro a des probl\u00e8mes de charge ou les p\u00e9riph\u00e9riques se d\u00e9connectent continuellement ? Ce dysfonctionnement pourrait \u00eatre caus\u00e9 par l'un des ports USB-C us\u00e9 ou endommag\u00e9. Sur ces mod\u00e8les, les connecteurs sont des modules ind\u00e9pendants qui peuvent prendre du jeu ou subir l'oxydation des contacts internes en raison d'une utilisation intensive. En rempla\u00e7ant le module par cette pi\u00e8ce de rechange reconditionn\u00e9e et test\u00e9e, la stabilit\u00e9 de la charge et la vitesse d'origine du transfert de donn\u00e9es seraient restaur\u00e9es.\n    <\/p>\n<div class=\"aps-note aps-note--warn\">\n      <span class=\"aps-note__ico\">!<\/span><br \/>\n      <span class=\"aps-note__txt\"><strong>AVIS DE COMPATIBILIT\u00c9 :<\/strong> Ce composant (P\/N 00861-A) est compatible exclusivement avec les mod\u00e8les A1706 et A1707. Nous vous sugg\u00e9rons de v\u00e9rifier le code du mod\u00e8le grav\u00e9 sous votre MacBook avant l'achat, car les ports pour les mod\u00e8les suivants ou pour la version sans Touch Bar (A1708) ont un design diff\u00e9rent.<\/span>\n    <\/div>\n<\/section>\n<section class=\"aps-card\">\n<header class=\"aps-card__head\">\n<h2 class=\"aps-h\">Mod\u00e8les compatibles<\/h2>\n<p class=\"aps-sub\">Versions de MacBook Pro compatibles avec ce module Power DC.<\/p>\n<\/header>\n<ul class=\"aps-check\">\n<li><strong>MacBook Pro 15\u2033 A1707 (Late 2016)<\/strong> <span class=\"aps-badge\">MacBookPro13.3<\/span><\/li>\n<li><strong>MacBook Pro 15\u2033 A1707 (Mid 2017)<\/strong> <span class=\"aps-badge\">MacBookPro14.3<\/span><\/li>\n<li><strong>MacBook Pro 13\u2033 A1706 (Late 2016)<\/strong> <span class=\"aps-badge\">MacBookPro13.2<\/span><\/li>\n<li><strong>MacBook Pro 13\u2033 A1706 (Mid 2017)<\/strong> <span class=\"aps-badge\">MacBookPro14.2<\/span><\/li>\n<\/ul>\n<\/section>\n<section class=\"aps-card\">\n<header class=\"aps-card__head\">\n<h2 class=\"aps-h\">Caract\u00e9ristiques techniques<\/h2>\n<p class=\"aps-sub\">Sp\u00e9cifications techniques du connecteur.<\/p>\n<\/header>\n<div class=\"aps-specgrid\">\n<div class=\"aps-spec\">\n<div><span>Type de pi\u00e8ce<\/span><strong>Port USB-C \/ Alimentation DC<\/strong><\/div>\n<\/div>\n<div class=\"aps-spec\">\n<div><span>Part Number<\/span><strong>00861-A \/ 00861-03<\/strong><\/div>\n<\/div>\n<div class=\"aps-spec\">\n<div><span>\u00c9tat<\/span><strong>Reconditionn\u00e9<\/strong><\/div>\n<\/div><\/div>\n<\/section>\n<section class=\"aps-card aps-callout aps-callout--warn\">\n<header class=\"aps-card__head\">\n<h2 class=\"aps-h\">Installation et avertissements<\/h2>\n<p class=\"aps-sub\">Notes pour un remplacement en toute s\u00e9curit\u00e9.<\/p>\n<\/header>\n<p>\n      L'acc\u00e8s \u00e0 ces ports n\u00e9cessite le d\u00e9montage de la coque inf\u00e9rieure du MacBook Pro. Puisque les modules sont fix\u00e9s avec des vis sp\u00e9cifiques et connect\u00e9s \u00e0 la carte m\u00e8re via des connecteurs \u00e0 pression, nous vous sugg\u00e9rons de proc\u00e9der avec une grande pr\u00e9cision. Il est obligatoire de d\u00e9brancher la batterie comme premi\u00e8re \u00e9tape pour prot\u00e9ger les circuits int\u00e9gr\u00e9s. Si vous n'\u00eates pas \u00e0 l'aise avec les r\u00e9parations \u00e9lectroniques, l'intervention d'un technicien qualifi\u00e9 pourrait \u00eatre utile pour garantir que la pi\u00e8ce de rechange soit positionn\u00e9e correctement sans forcer la carte m\u00e8re.\n    <\/p>\n<\/section>\n<section class=\"aps-card aps-callout aps-callout--info\">\n<header class=\"aps-card__head\">\n<h2 class=\"aps-h\">Vous avez un doute quant au bon choix du composant de remplacement ?<\/h2>\n<p class=\"aps-sub\">Contactez-nous pour obtenir de l\u2019aide dans le choix du composant de remplacement adapt\u00e9 \u00e0 votre appareil.<\/p>\n<\/header>\n<div class=\"aps-cta\">\n      <a class=\"aps-btn\" href=\"mailto:info@apfelspare.ch\">info@apfelspare.ch<\/a><br \/>\n      <span class=\"aps-cta__hint\">Envoyez-nous le num\u00e9ro de s\u00e9rie de votre MacBook : nous v\u00e9rifierons rapidement la compatibilit\u00e9 exacte pour vous.<\/span>\n    <\/div>\n<\/section>\n<\/div>","protected":false},"excerpt":{"rendered":"<p>Connecteur d'alimentation DC \/ Port USB-C pour MacBook Pro A1707 A1706 (Late 2016 - Mid 2017). Remplacement de qualit\u00e9, pr\u00eat \u00e0 \u00eatre install\u00e9.<\/p>","protected":false},"featured_media":15627,"comment_status":"closed","ping_status":"closed","template":"","meta":{"_acf_changed":false,"_et_pb_use_builder":"","_et_pb_old_content":"","_et_gb_content_width":""},"product_brand":[],"product_cat":[187,17,19,77,79,76,78],"product_tag":[],"class_list":{"0":"post-15626","1":"product","2":"type-product","3":"status-publish","4":"has-post-thumbnail","6":"product_cat-cavi-connettori","7":"product_cat-category-macbook-pro","8":"product_cat-parti-ricambio-seconda-mano","9":"product_cat-macbook-pro-15-mid-2017-a1707","10":"product_cat-macbook-pro-13-mid-2017-a1706","11":"product_cat-macbook-pro-15-late-2016-a1707","12":"product_cat-macbook-pro-13-late-2016-a1706","13":"product_shipping_class-1-2-disponibili","15":"first","16":"instock","17":"shipping-taxable","18":"purchasable","19":"product-type-simple"},"acf":[],"yoast_head":"<!-- This site is optimized with the Yoast SEO plugin v27.4 - https:\/\/yoast.com\/product\/yoast-seo-wordpress\/ -->\n<title>Power DC Porta USB-C MacBook Pro A1707 A1706<\/title>\n<meta name=\"description\" content=\"Power DC \/ Porta USB-C per MacBook Pro A1707 A1706. Ricambio ricondizionato per ripristinare la porta di ricarica e trasferimento dati\" \/>\n<meta name=\"robots\" content=\"index, follow, max-snippet:-1, max-image-preview:large, max-video-preview:-1\" \/>\n<link rel=\"canonical\" href=\"https:\/\/tipicino.ch\/apfelspare\/fr\/produit\/power-dc-port-usb-c-macbook-pro-a1707-a1706-late-2016-mid-2017\/\" \/>\n<meta property=\"og:locale\" content=\"fr_FR\" \/>\n<meta property=\"og:type\" content=\"article\" \/>\n<meta property=\"og:title\" content=\"Power DC Porta USB-C MacBook Pro A1707 A1706\" \/>\n<meta property=\"og:description\" content=\"Power DC \/ Porta USB-C per MacBook Pro A1707 A1706. Ricambio ricondizionato per ripristinare la porta di ricarica e trasferimento dati\" \/>\n<meta property=\"og:url\" content=\"https:\/\/tipicino.ch\/apfelspare\/fr\/produit\/power-dc-port-usb-c-macbook-pro-a1707-a1706-late-2016-mid-2017\/\" \/>\n<meta property=\"og:site_name\" content=\"Ricambi MacBook Pro, MacBook Air e iMac in Svizzera \u2013 Display, Tastiere, Batterie, Trackpad\" \/>\n<meta property=\"article:modified_time\" content=\"2026-04-17T07:48:47+00:00\" \/>\n<meta property=\"og:image\" content=\"https:\/\/tipicino.ch\/apfelspare\/wp-content\/uploads\/2025\/06\/power-dc-porta-usb-c-macbook-pro-a1707-a1706-late-2016-mid-2017.png\" \/>\n\t<meta property=\"og:image:width\" content=\"1000\" \/>\n\t<meta property=\"og:image:height\" content=\"1000\" \/>\n\t<meta property=\"og:image:type\" content=\"image\/png\" \/>\n<meta name=\"twitter:card\" content=\"summary_large_image\" \/>\n<meta name=\"twitter:label1\" content=\"Dur\u00e9e de lecture estim\u00e9e\" \/>\n\t<meta name=\"twitter:data1\" content=\"2 minutes\" \/>\n<!-- \/ Yoast SEO plugin. -->","yoast_head_json":{"title":"Port d'alimentation DC USB-C MacBook Pro A1707 A1706","description":"Port d'alimentation DC \/ USB-C pour MacBook Pro A1707 A1706. Pi\u00e8ce d\u00e9tach\u00e9e reconditionn\u00e9e pour restaurer le port de charge et de transfert de donn\u00e9es.","robots":{"index":"index","follow":"follow","max-snippet":"max-snippet:-1","max-image-preview":"max-image-preview:large","max-video-preview":"max-video-preview:-1"},"canonical":"https:\/\/tipicino.ch\/apfelspare\/fr\/produit\/power-dc-port-usb-c-macbook-pro-a1707-a1706-late-2016-mid-2017\/","og_locale":"fr_FR","og_type":"article","og_title":"Power DC Porta USB-C MacBook Pro A1707 A1706","og_description":"Power DC \/ Porta USB-C per MacBook Pro A1707 A1706. Ricambio ricondizionato per ripristinare la porta di ricarica e trasferimento dati","og_url":"https:\/\/tipicino.ch\/apfelspare\/fr\/produit\/power-dc-port-usb-c-macbook-pro-a1707-a1706-late-2016-mid-2017\/","og_site_name":"Ricambi MacBook Pro, MacBook Air e iMac in Svizzera \u2013 Display, Tastiere, Batterie, Trackpad","article_modified_time":"2026-04-17T07:48:47+00:00","og_image":[{"width":1000,"height":1000,"url":"https:\/\/tipicino.ch\/apfelspare\/wp-content\/uploads\/2025\/06\/power-dc-porta-usb-c-macbook-pro-a1707-a1706-late-2016-mid-2017.png","type":"image\/png"}],"twitter_card":"summary_large_image","twitter_misc":{"Dur\u00e9e de lecture estim\u00e9e":"2 minutes"},"schema":{"@context":"https:\/\/schema.org","@graph":[{"@type":"WebPage","@id":"https:\/\/tipicino.ch\/apfelspare\/fr\/prodotto\/power-dc-porta-usb-c-macbook-pro-a1707-a1706-late-2016-mid-2017\/","url":"https:\/\/tipicino.ch\/apfelspare\/fr\/prodotto\/power-dc-porta-usb-c-macbook-pro-a1707-a1706-late-2016-mid-2017\/","name":"Port d'alimentation DC USB-C MacBook Pro A1707 A1706","isPartOf":{"@id":"https:\/\/tipicino.ch\/apfelspare\/fr\/#website"},"primaryImageOfPage":{"@id":"https:\/\/tipicino.ch\/apfelspare\/fr\/prodotto\/power-dc-porta-usb-c-macbook-pro-a1707-a1706-late-2016-mid-2017\/#primaryimage"},"image":{"@id":"https:\/\/tipicino.ch\/apfelspare\/fr\/prodotto\/power-dc-porta-usb-c-macbook-pro-a1707-a1706-late-2016-mid-2017\/#primaryimage"},"thumbnailUrl":"https:\/\/tipicino.ch\/apfelspare\/wp-content\/uploads\/2025\/06\/power-dc-porta-usb-c-macbook-pro-a1707-a1706-late-2016-mid-2017.png","datePublished":"2025-06-20T12:53:21+00:00","dateModified":"2026-04-17T07:48:47+00:00","description":"Port d'alimentation DC \/ USB-C pour MacBook Pro A1707 A1706. Pi\u00e8ce d\u00e9tach\u00e9e reconditionn\u00e9e pour restaurer le port de charge et de transfert de donn\u00e9es.","breadcrumb":{"@id":"https:\/\/tipicino.ch\/apfelspare\/fr\/prodotto\/power-dc-porta-usb-c-macbook-pro-a1707-a1706-late-2016-mid-2017\/#breadcrumb"},"inLanguage":"fr-CH","potentialAction":[{"@type":"ReadAction","target":["https:\/\/tipicino.ch\/apfelspare\/fr\/prodotto\/power-dc-porta-usb-c-macbook-pro-a1707-a1706-late-2016-mid-2017\/"]}]},{"@type":"ImageObject","inLanguage":"fr-CH","@id":"https:\/\/tipicino.ch\/apfelspare\/fr\/prodotto\/power-dc-porta-usb-c-macbook-pro-a1707-a1706-late-2016-mid-2017\/#primaryimage","url":"https:\/\/tipicino.ch\/apfelspare\/wp-content\/uploads\/2025\/06\/power-dc-porta-usb-c-macbook-pro-a1707-a1706-late-2016-mid-2017.png","contentUrl":"https:\/\/tipicino.ch\/apfelspare\/wp-content\/uploads\/2025\/06\/power-dc-porta-usb-c-macbook-pro-a1707-a1706-late-2016-mid-2017.png","width":1000,"height":1000,"caption":"Power DC \/ Porta USB-C per MacBook Pro A1707 A1706 (Late 2016 \u2013 Mid 2017)"},{"@type":"BreadcrumbList","@id":"https:\/\/tipicino.ch\/apfelspare\/fr\/prodotto\/power-dc-porta-usb-c-macbook-pro-a1707-a1706-late-2016-mid-2017\/#breadcrumb","itemListElement":[{"@type":"ListItem","position":1,"name":"Home","item":"https:\/\/tipicino.ch\/apfelspare\/fr\/"},{"@type":"ListItem","position":2,"name":"Shop","item":"https:\/\/tipicino.ch\/apfelspare\/fr\/shop\/"},{"@type":"ListItem","position":3,"name":"Power DC \/ Porta USB-C per MacBook Pro A1707 A1706 (Late 2016 \u2013 Mid 2017)"}]},{"@type":"WebSite","@id":"https:\/\/tipicino.ch\/apfelspare\/fr\/#website","url":"https:\/\/tipicino.ch\/apfelspare\/fr\/","name":"Pi\u00e8ces d\u00e9tach\u00e9es MacBook Pro, MacBook Air et iMac en Suisse \u2013 \u00c9crans, Claviers, Batteries, Trackpads","description":"","publisher":{"@id":"https:\/\/tipicino.ch\/apfelspare\/fr\/#organization"},"potentialAction":[{"@type":"SearchAction","target":{"@type":"EntryPoint","urlTemplate":"https:\/\/tipicino.ch\/apfelspare\/fr\/?s={search_term_string}"},"query-input":{"@type":"PropertyValueSpecification","valueRequired":true,"valueName":"search_term_string"}}],"inLanguage":"fr-CH"},{"@type":"Organization","@id":"https:\/\/tipicino.ch\/apfelspare\/fr\/#organization","name":"tipicino.ch\/apfelspare","url":"https:\/\/tipicino.ch\/apfelspare\/fr\/","logo":{"@type":"ImageObject","inLanguage":"fr-CH","@id":"https:\/\/tipicino.ch\/apfelspare\/fr\/#\/schema\/logo\/image\/","url":"https:\/\/tipicino.ch\/apfelspare\/wp-content\/uploads\/2025\/08\/cropped-FAVICON-tipicino.ch\/apfelspare_.png","contentUrl":"https:\/\/tipicino.ch\/apfelspare\/wp-content\/uploads\/2025\/08\/cropped-FAVICON-tipicino.ch\/apfelspare_.png","width":512,"height":512,"caption":"tipicino.ch\/apfelspare"},"image":{"@id":"https:\/\/tipicino.ch\/apfelspare\/fr\/#\/schema\/logo\/image\/"}}]}},"_links":{"self":[{"href":"https:\/\/tipicino.ch\/apfelspare\/fr\/wp-json\/wp\/v2\/product\/15626","targetHints":{"allow":["GET"]}}],"collection":[{"href":"https:\/\/tipicino.ch\/apfelspare\/fr\/wp-json\/wp\/v2\/product"}],"about":[{"href":"https:\/\/tipicino.ch\/apfelspare\/fr\/wp-json\/wp\/v2\/types\/product"}],"replies":[{"embeddable":true,"href":"https:\/\/tipicino.ch\/apfelspare\/fr\/wp-json\/wp\/v2\/comments?post=15626"}],"wp:featuredmedia":[{"embeddable":true,"href":"https:\/\/tipicino.ch\/apfelspare\/fr\/wp-json\/wp\/v2\/media\/15627"}],"wp:attachment":[{"href":"https:\/\/tipicino.ch\/apfelspare\/fr\/wp-json\/wp\/v2\/media?parent=15626"}],"wp:term":[{"taxonomy":"product_brand","embeddable":true,"href":"https:\/\/tipicino.ch\/apfelspare\/fr\/wp-json\/wp\/v2\/product_brand?post=15626"},{"taxonomy":"product_cat","embeddable":true,"href":"https:\/\/tipicino.ch\/apfelspare\/fr\/wp-json\/wp\/v2\/product_cat?post=15626"},{"taxonomy":"product_tag","embeddable":true,"href":"https:\/\/tipicino.ch\/apfelspare\/fr\/wp-json\/wp\/v2\/product_tag?post=15626"}],"curies":[{"name":"wp","href":"https:\/\/api.w.org\/{rel}","templated":true}]}}