{"id":15689,"date":"2025-06-21T21:23:47","date_gmt":"2025-06-21T21:23:47","guid":{"rendered":"https:\/\/tipicino.ch\/apfelspare\/?post_type=product&#038;p=15689"},"modified":"2026-03-15T22:45:54","modified_gmt":"2026-03-15T22:45:54","slug":"power-dc-magsafe-macbook-pro-13-a1502-late-2013-early-2015-used","status":"publish","type":"product","link":"https:\/\/tipicino.ch\/apfelspare\/fr\/prodotto\/power-dc-magsafe-macbook-pro-13-a1502-late-2013-early-2015-usato\/","title":{"rendered":"Connecteur d'alimentation DC MagSafe pour MacBook Pro 13\u2033 A1502 (Late 2013 - Early 2015) - RECONDITIONN\u00c9"},"content":{"rendered":"<div class=\"aps-pdp\">\n<section class=\"aps-card\">\n<header class=\"aps-card__head\">\n<h2 class=\"aps-h\">Connecteur d'alimentation MagSafe DC pour MacBook Pro 13\u2033 A1502 (Late 2013 - Early 2015)<\/h2>\n<p class=\"aps-sub\">Module de charge magn\u00e9tique MagSafe 2 de remplacement pour mod\u00e8les Retina 13\u2033.<\/p>\n<\/header>\n<p>\n      Votre MacBook Pro ne s\u2019allume plus ou la batterie n\u2019est-elle pas d\u00e9tect\u00e9e lorsque vous branchez le c\u00e2ble d\u2019alimentation ? Ce dysfonctionnement peut \u00eatre caus\u00e9 par un connecteur interne MagSafe 2 us\u00e9 ou endommag\u00e9. \u00c9tant le point d\u2019acc\u00e8s principal \u00e0 l\u2019alimentation, de la poussi\u00e8re m\u00e9tallique ou des variations de tension peuvent d\u00e9t\u00e9riorer les contacts magn\u00e9tiques et emp\u00eacher une communication correcte avec l\u2019adaptateur secteur. En rempla\u00e7ant le composant par ce composant d\u2019reconditionn\u00e9 test\u00e9, il est possible de r\u00e9tablir le fonctionnement complet de la recharge ainsi que la s\u00e9curit\u00e9 de la connexion magn\u00e9tique.\n    <\/p>\n<div class=\"aps-note aps-note--warn\">\n      <span class=\"aps-note__ico\">!<\/span><br \/>\n      <span class=\"aps-note__txt\"><strong>AVIS DE COMPATIBILIT\u00c9 :<\/strong> Ce module est sp\u00e9cifique au mod\u00e8le A1502. Nous vous recommandons de v\u00e9rifier le code du mod\u00e8le grav\u00e9 au dos de votre MacBook, car le mod\u00e8le pr\u00e9c\u00e9dent A1425 (2012 \u2013 d\u00e9but 2013) utilise un connecteur MagSafe avec une forme et un syst\u00e8me de fixation diff\u00e9rents, non compatibles avec cette version.<\/span>\n    <\/div>\n<\/section>\n<section class=\"aps-card\">\n<header class=\"aps-card__head\">\n<h2 class=\"aps-h\">Mod\u00e8les compatibles<\/h2>\n<p class=\"aps-sub\">Versions de MacBook Pro 13\u2033 Retina compatibles avec ce module Power DC.<\/p>\n<\/header>\n<ul class=\"aps-check\">\n<li><strong>MacBook Pro 13\u2033 A1502 (Early 2015)<\/strong> <span class=\"aps-badge\">MacBookPro12.1<\/span><\/li>\n<li><strong>MacBook Pro 13\u2033 A1502 (Mid 2014)<\/strong> <span class=\"aps-badge\">MacBookPro11.1<\/span><\/li>\n<li><strong>MacBook Pro 13\u2033 A1502 (Late 2013)<\/strong> <span class=\"aps-badge\">MacBookPro11.1<\/span><\/li>\n<\/ul>\n<\/section>\n<section class=\"aps-card\">\n<header class=\"aps-card__head\">\n<h2 class=\"aps-h\">Caract\u00e9ristiques techniques<\/h2>\n<p class=\"aps-sub\">D\u00e9tails du composant de remplacement.<\/p>\n<\/header>\n<div class=\"aps-specgrid\">\n<div class=\"aps-spec\">\n<div><span>Type de pi\u00e8ce<\/span><strong>Power DC MagSafe 2<\/strong><\/div>\n<\/div>\n<div class=\"aps-spec\">\n<div><span>\u00c9tat<\/span><strong>D\u2019reconditionn\u00e9 et test\u00e9e<\/strong><\/div>\n<\/div><\/div>\n<\/section>\n<section class=\"aps-card aps-callout aps-callout--warn\">\n<header class=\"aps-card__head\">\n<h2 class=\"aps-h\">Installation et avertissements<\/h2>\n<p class=\"aps-sub\">Notes pour une r\u00e9paration s\u00fbre et pr\u00e9cise.<\/p>\n<\/header>\n<p>\n      L\u2019installation du module MagSafe n\u00e9cessite le d\u00e9montage de la coque inf\u00e9rieure du MacBook Pro. \u00c9tant donn\u00e9 que le remplacement est reli\u00e9 directement \u00e0 la carte m\u00e8re via un c\u00e2ble flexible d\u00e9di\u00e9, nous vous recommandons de faire preuve de la plus grande attention lors du retrait afin de ne pas endommager les composants environnants. Il est obligatoire de d\u00e9brancher la batterie comme premi\u00e8re \u00e9tape afin de prot\u00e9ger les circuits contre d\u2019\u00e9ventuels courts-circuits. Si vous n\u2019\u00eates pas \u00e0 l\u2019aise avec le d\u00e9montage des mod\u00e8les Retina, l\u2019aide d\u2019un technicien exp\u00e9riment\u00e9 peut \u00eatre utile pour garantir que le module soit correctement align\u00e9 avec le ch\u00e2ssis.\n    <\/p>\n<\/section>\n<section class=\"aps-card aps-callout aps-callout--info\">\n<header class=\"aps-card__head\">\n<h2 class=\"aps-h\">Vous avez un doute quant au bon choix du composant de remplacement ?<\/h2>\n<p class=\"aps-sub\">Contactez-nous pour obtenir de l\u2019aide dans le choix du composant de remplacement adapt\u00e9 \u00e0 votre appareil.<\/p>\n<\/header>\n<div class=\"aps-cta\">\n      <a class=\"aps-btn\" href=\"mailto:info@apfelspare.ch\">info@apfelspare.ch<\/a><br \/>\n      <span class=\"aps-cta__hint\">Envoyez-nous le num\u00e9ro de s\u00e9rie de votre MacBook : nous v\u00e9rifierons rapidement la compatibilit\u00e9 exacte pour vous.<\/span>\n    <\/div>\n<\/section>\n<\/div>","protected":false},"excerpt":{"rendered":"<p>Connecteur d'alimentation DC MagSafe pour MacBook Pro 13\u2033 A1502 reconditionn\u00e9, test\u00e9 et pr\u00eat \u00e0 l'emploi<\/p>","protected":false},"featured_media":15690,"comment_status":"closed","ping_status":"closed","template":"","meta":{"_acf_changed":false,"_et_pb_use_builder":"","_et_pb_old_content":"","_et_gb_content_width":""},"product_brand":[],"product_cat":[187,17,19,90,89,88],"product_tag":[],"class_list":{"0":"post-15689","1":"product","2":"type-product","3":"status-publish","4":"has-post-thumbnail","6":"product_cat-cavi-connettori","7":"product_cat-category-macbook-pro","8":"product_cat-parti-ricambio-seconda-mano","9":"product_cat-macbook-pro-13-early-2015-a1502","10":"product_cat-macbook-pro-13-mid-2014-a1502","11":"product_cat-macbook-pro-13-late-2013-a1502","13":"first","14":"instock","15":"shipping-taxable","16":"purchasable","17":"product-type-simple"},"acf":[],"yoast_head":"<!-- This site is optimized with the Yoast SEO plugin v27.4 - https:\/\/yoast.com\/product\/yoast-seo-wordpress\/ -->\n<title>Power DC MagSafe per MacBook Pro 13&quot; A1502 (Late 2013 \u2013 Early 2015) \u2013 RICONDIZIONATO<\/title>\n<meta name=\"description\" content=\"Power DC MagSafe per MacBook Pro 13&quot; A1502 usato, testato e pronto all\u2019installazione\" \/>\n<meta name=\"robots\" content=\"index, follow, max-snippet:-1, max-image-preview:large, max-video-preview:-1\" \/>\n<link rel=\"canonical\" href=\"https:\/\/tipicino.ch\/apfelspare\/fr\/produit\/power-dc-magsafe-macbook-pro-13-a1502-late-2013-early-2015-used\/\" \/>\n<meta property=\"og:locale\" content=\"fr_FR\" \/>\n<meta property=\"og:type\" content=\"article\" \/>\n<meta property=\"og:title\" content=\"Power DC MagSafe per MacBook Pro 13&quot; A1502 (Late 2013 \u2013 Early 2015) \u2013 RICONDIZIONATO\" \/>\n<meta property=\"og:description\" content=\"Power DC MagSafe per MacBook Pro 13&quot; A1502 usato, testato e pronto all\u2019installazione\" \/>\n<meta property=\"og:url\" content=\"https:\/\/tipicino.ch\/apfelspare\/fr\/produit\/power-dc-magsafe-macbook-pro-13-a1502-late-2013-early-2015-used\/\" \/>\n<meta property=\"og:site_name\" content=\"Ricambi MacBook Pro, MacBook Air e iMac in Svizzera \u2013 Display, Tastiere, Batterie, Trackpad\" \/>\n<meta property=\"article:modified_time\" content=\"2026-03-15T22:45:54+00:00\" \/>\n<meta property=\"og:image\" content=\"https:\/\/tipicino.ch\/apfelspare\/wp-content\/uploads\/2025\/06\/power-dc-magsafe-macbook-pro-13-a1502-late-2013-early-2015-usato.png\" \/>\n\t<meta property=\"og:image:width\" content=\"1000\" \/>\n\t<meta property=\"og:image:height\" content=\"1000\" \/>\n\t<meta property=\"og:image:type\" content=\"image\/png\" \/>\n<meta name=\"twitter:card\" content=\"summary_large_image\" \/>\n<meta name=\"twitter:label1\" content=\"Dur\u00e9e de lecture estim\u00e9e\" \/>\n\t<meta name=\"twitter:data1\" content=\"2 minutes\" \/>\n<!-- \/ Yoast SEO plugin. -->","yoast_head_json":{"title":"Connecteur d'alimentation DC MagSafe pour MacBook Pro 13\" A1502 (Late 2013 - Early 2015) - RECONDITIONN\u00c9","description":"Power DC MagSafe pour MacBook Pro 13\" A1502 utilis\u00e9, test\u00e9 et pr\u00eat \u00e0 \u00eatre install\u00e9","robots":{"index":"index","follow":"follow","max-snippet":"max-snippet:-1","max-image-preview":"max-image-preview:large","max-video-preview":"max-video-preview:-1"},"canonical":"https:\/\/tipicino.ch\/apfelspare\/fr\/produit\/power-dc-magsafe-macbook-pro-13-a1502-late-2013-early-2015-used\/","og_locale":"fr_FR","og_type":"article","og_title":"Power DC MagSafe per MacBook Pro 13\" A1502 (Late 2013 \u2013 Early 2015) \u2013 RICONDIZIONATO","og_description":"Power DC MagSafe per MacBook Pro 13\" A1502 usato, testato e pronto all\u2019installazione","og_url":"https:\/\/tipicino.ch\/apfelspare\/fr\/produit\/power-dc-magsafe-macbook-pro-13-a1502-late-2013-early-2015-used\/","og_site_name":"Ricambi MacBook Pro, MacBook Air e iMac in Svizzera \u2013 Display, Tastiere, Batterie, Trackpad","article_modified_time":"2026-03-15T22:45:54+00:00","og_image":[{"width":1000,"height":1000,"url":"https:\/\/tipicino.ch\/apfelspare\/wp-content\/uploads\/2025\/06\/power-dc-magsafe-macbook-pro-13-a1502-late-2013-early-2015-usato.png","type":"image\/png"}],"twitter_card":"summary_large_image","twitter_misc":{"Dur\u00e9e de lecture estim\u00e9e":"2 minutes"},"schema":{"@context":"https:\/\/schema.org","@graph":[{"@type":"WebPage","@id":"https:\/\/tipicino.ch\/apfelspare\/fr\/prodotto\/power-dc-magsafe-macbook-pro-13-a1502-late-2013-early-2015-usato\/","url":"https:\/\/tipicino.ch\/apfelspare\/fr\/prodotto\/power-dc-magsafe-macbook-pro-13-a1502-late-2013-early-2015-usato\/","name":"Connecteur d'alimentation DC MagSafe pour MacBook Pro 13\" A1502 (Late 2013 - Early 2015) - RECONDITIONN\u00c9","isPartOf":{"@id":"https:\/\/tipicino.ch\/apfelspare\/fr\/#website"},"primaryImageOfPage":{"@id":"https:\/\/tipicino.ch\/apfelspare\/fr\/prodotto\/power-dc-magsafe-macbook-pro-13-a1502-late-2013-early-2015-usato\/#primaryimage"},"image":{"@id":"https:\/\/tipicino.ch\/apfelspare\/fr\/prodotto\/power-dc-magsafe-macbook-pro-13-a1502-late-2013-early-2015-usato\/#primaryimage"},"thumbnailUrl":"https:\/\/tipicino.ch\/apfelspare\/wp-content\/uploads\/2025\/06\/power-dc-magsafe-macbook-pro-13-a1502-late-2013-early-2015-usato.png","datePublished":"2025-06-21T21:23:47+00:00","dateModified":"2026-03-15T22:45:54+00:00","description":"Power DC MagSafe pour MacBook Pro 13\" A1502 utilis\u00e9, test\u00e9 et pr\u00eat \u00e0 \u00eatre install\u00e9","breadcrumb":{"@id":"https:\/\/tipicino.ch\/apfelspare\/fr\/prodotto\/power-dc-magsafe-macbook-pro-13-a1502-late-2013-early-2015-usato\/#breadcrumb"},"inLanguage":"fr-CH","potentialAction":[{"@type":"ReadAction","target":["https:\/\/tipicino.ch\/apfelspare\/fr\/prodotto\/power-dc-magsafe-macbook-pro-13-a1502-late-2013-early-2015-usato\/"]}]},{"@type":"ImageObject","inLanguage":"fr-CH","@id":"https:\/\/tipicino.ch\/apfelspare\/fr\/prodotto\/power-dc-magsafe-macbook-pro-13-a1502-late-2013-early-2015-usato\/#primaryimage","url":"https:\/\/tipicino.ch\/apfelspare\/wp-content\/uploads\/2025\/06\/power-dc-magsafe-macbook-pro-13-a1502-late-2013-early-2015-usato.png","contentUrl":"https:\/\/tipicino.ch\/apfelspare\/wp-content\/uploads\/2025\/06\/power-dc-magsafe-macbook-pro-13-a1502-late-2013-early-2015-usato.png","width":1000,"height":1000,"caption":"Power DC MagSafe per MacBook Pro 13\" A1502 (Late 2013 \u2013 Early 2015) \u2013 USATO"},{"@type":"BreadcrumbList","@id":"https:\/\/tipicino.ch\/apfelspare\/fr\/prodotto\/power-dc-magsafe-macbook-pro-13-a1502-late-2013-early-2015-usato\/#breadcrumb","itemListElement":[{"@type":"ListItem","position":1,"name":"Home","item":"https:\/\/tipicino.ch\/apfelspare\/fr\/"},{"@type":"ListItem","position":2,"name":"Shop","item":"https:\/\/tipicino.ch\/apfelspare\/fr\/shop\/"},{"@type":"ListItem","position":3,"name":"Power DC MagSafe per MacBook Pro 13&#8243; A1502 (Late 2013 \u2013 Early 2015) \u2013 RICONDIZIONATO"}]},{"@type":"WebSite","@id":"https:\/\/tipicino.ch\/apfelspare\/fr\/#website","url":"https:\/\/tipicino.ch\/apfelspare\/fr\/","name":"Pi\u00e8ces d\u00e9tach\u00e9es MacBook Pro, MacBook Air et iMac en Suisse \u2013 \u00c9crans, Claviers, Batteries, Trackpads","description":"","publisher":{"@id":"https:\/\/tipicino.ch\/apfelspare\/fr\/#organization"},"potentialAction":[{"@type":"SearchAction","target":{"@type":"EntryPoint","urlTemplate":"https:\/\/tipicino.ch\/apfelspare\/fr\/?s={search_term_string}"},"query-input":{"@type":"PropertyValueSpecification","valueRequired":true,"valueName":"search_term_string"}}],"inLanguage":"fr-CH"},{"@type":"Organization","@id":"https:\/\/tipicino.ch\/apfelspare\/fr\/#organization","name":"tipicino.ch\/apfelspare","url":"https:\/\/tipicino.ch\/apfelspare\/fr\/","logo":{"@type":"ImageObject","inLanguage":"fr-CH","@id":"https:\/\/tipicino.ch\/apfelspare\/fr\/#\/schema\/logo\/image\/","url":"https:\/\/tipicino.ch\/apfelspare\/wp-content\/uploads\/2025\/08\/cropped-FAVICON-tipicino.ch\/apfelspare_.png","contentUrl":"https:\/\/tipicino.ch\/apfelspare\/wp-content\/uploads\/2025\/08\/cropped-FAVICON-tipicino.ch\/apfelspare_.png","width":512,"height":512,"caption":"tipicino.ch\/apfelspare"},"image":{"@id":"https:\/\/tipicino.ch\/apfelspare\/fr\/#\/schema\/logo\/image\/"}}]}},"_links":{"self":[{"href":"https:\/\/tipicino.ch\/apfelspare\/fr\/wp-json\/wp\/v2\/product\/15689","targetHints":{"allow":["GET"]}}],"collection":[{"href":"https:\/\/tipicino.ch\/apfelspare\/fr\/wp-json\/wp\/v2\/product"}],"about":[{"href":"https:\/\/tipicino.ch\/apfelspare\/fr\/wp-json\/wp\/v2\/types\/product"}],"replies":[{"embeddable":true,"href":"https:\/\/tipicino.ch\/apfelspare\/fr\/wp-json\/wp\/v2\/comments?post=15689"}],"wp:featuredmedia":[{"embeddable":true,"href":"https:\/\/tipicino.ch\/apfelspare\/fr\/wp-json\/wp\/v2\/media\/15690"}],"wp:attachment":[{"href":"https:\/\/tipicino.ch\/apfelspare\/fr\/wp-json\/wp\/v2\/media?parent=15689"}],"wp:term":[{"taxonomy":"product_brand","embeddable":true,"href":"https:\/\/tipicino.ch\/apfelspare\/fr\/wp-json\/wp\/v2\/product_brand?post=15689"},{"taxonomy":"product_cat","embeddable":true,"href":"https:\/\/tipicino.ch\/apfelspare\/fr\/wp-json\/wp\/v2\/product_cat?post=15689"},{"taxonomy":"product_tag","embeddable":true,"href":"https:\/\/tipicino.ch\/apfelspare\/fr\/wp-json\/wp\/v2\/product_tag?post=15689"}],"curies":[{"name":"wp","href":"https:\/\/api.w.org\/{rel}","templated":true}]}}