{"id":15766,"date":"2025-06-25T11:40:41","date_gmt":"2025-06-25T11:40:41","guid":{"rendered":"https:\/\/tipicino.ch\/apfelspare\/?post_type=product&#038;p=15766"},"modified":"2026-02-18T16:39:21","modified_gmt":"2026-02-18T16:39:21","slug":"cable-daffichage-camera-imac-24-a2438-a2439-a2873-a2874-2021-2023","status":"publish","type":"product","link":"https:\/\/tipicino.ch\/apfelspare\/fr\/prodotto\/cavo-display-fotocamera-imac-24-a2438-a2439-a2873-a2874-2021-2023\/","title":{"rendered":"C\u00e2ble d\u2019\u00e9cran et de cam\u00e9ra pour iMac 24\u2033 A2438 A2439 A2873 A2874 (2021-2023)"},"content":{"rendered":"<div class=\"aps-pdp\">\n<section class=\"aps-card\">\n<header class=\"aps-card__head\">\n<h2 class=\"aps-h\">C\u00e2ble d\u2019\u00e9cran et de cam\u00e9ra pour iMac 24\u2033 A2438 A2439 A2873 A2874 (2021-2023)<\/h2>\n<p class=\"aps-sub\">C\u00e2ble de connexion combin\u00e9 pour le signal vid\u00e9o et la webcam FaceTime HD.<\/p>\n<\/header>\n<p>\n      Votre iMac 24\u2033 pr\u00e9sente des perturbations graphiques, l'\u00e9cran reste noir ou la cam\u00e9ra int\u00e9gr\u00e9e n'est plus d\u00e9tect\u00e9e par le syst\u00e8me ? Ce dysfonctionnement pourrait \u00eatre caus\u00e9 par le c\u00e2ble plat qui relie le panneau Retina et le module cam\u00e9ra \u00e0 la carte logique. S'agissant d'un composant extr\u00eamement fin et flexible, il peut \u00eatre endommag\u00e9 par l'oxydation ou \u00e0 la suite d'un choc qui compromet les connecteurs. Le remplacement de la pi\u00e8ce par cette nouvelle pi\u00e8ce de rechange (P\/N 923-05586) peut restaurer une nettet\u00e9 d'image parfaite et un fonctionnement complet de la webcam pour vos appels vid\u00e9o.\n    <\/p>\n<div class=\"aps-note aps-note--warn\">\n      <span class=\"aps-note__ico\">!<\/span><br \/>\n      <span class=\"aps-note__txt\"><strong>AVIS DE COMPATIBILIT\u00c9 :<\/strong> Ce c\u00e2ble est con\u00e7u pour les s\u00e9ries iMac 24\u2033 avec des puces M1 et M3. Nous vous conseillons de v\u00e9rifier le num\u00e9ro de mod\u00e8le grav\u00e9 sur la base ou au dos de l'appareil avant l'achat, car les versions plus anciennes de l'iMac (21,5\u2033 ou 27\u2033) utilisent des architectures et des c\u00e2blages compl\u00e8tement diff\u00e9rents qui ne sont pas compatibles.<\/span>\n    <\/div>\n<\/section>\n<section class=\"aps-card\">\n<header class=\"aps-card__head\">\n<h2 class=\"aps-h\">Mod\u00e8les compatibles<\/h2>\n<p class=\"aps-sub\">Les versions 24\u2033 de l'iMac sont compatibles avec ce c\u00e2ble de signal sp\u00e9cifique.<\/p>\n<\/header>\n<ul class=\"aps-check\">\n<li><strong>iMac 24\u2033 A2874 (Late 2023)<\/strong> <span class=\"aps-badge\">Mac15.4<\/span><\/li>\n<li><strong>iMac 24\u2033 A2873 (Late 2023)<\/strong> <span class=\"aps-badge\">Mac15.5<\/span><\/li>\n<li><strong>iMac 24\u2033 A2439 (Mid 2021)<\/strong> <span class=\"aps-badge\">iMac21.2<\/span><\/li>\n<li><strong>iMac 24\u2033 A2438 (Mid 2021)<\/strong> <span class=\"aps-badge\">iMac21.1<\/span><\/li>\n<\/ul>\n<\/section>\n<section class=\"aps-card\">\n<header class=\"aps-card__head\">\n<h2 class=\"aps-h\">Caract\u00e9ristiques techniques<\/h2>\n<p class=\"aps-sub\">Sp\u00e9cifications du composant de remplacement.<\/p>\n<\/header>\n<div class=\"aps-specgrid\">\n<div class=\"aps-spec\">\n<div><span>Type de pi\u00e8ce<\/span><strong>C\u00e2ble de l'\u00e9cran et de la cam\u00e9ra<\/strong><\/div>\n<\/div>\n<div class=\"aps-spec\">\n<div><span>Part Number<\/span><strong>923-05586<\/strong><\/div>\n<\/div>\n<div class=\"aps-spec\">\n<div><span>\u00c9tat<\/span><strong>Neuf<\/strong><\/div>\n<\/div><\/div>\n<\/section>\n<section class=\"aps-card aps-callout aps-callout--warn\">\n<header class=\"aps-card__head\">\n<h2 class=\"aps-h\">Installation et avertissements<\/h2>\n<p class=\"aps-sub\">Notes techniques pour une r\u00e9paration s\u00fbre.<\/p>\n<\/header>\n<p>\n      Le remplacement des c\u00e2bles n\u00e9cessite le retrait de la vitre avant\/du panneau LCD, qui est coll\u00e9 au ch\u00e2ssis de l'iMac. Il s'agit d'une op\u00e9ration complexe qui n\u00e9cessite des molettes de coupe sp\u00e9ciales pour s\u00e9parer l'adh\u00e9sif d'origine sans endommager le panneau. Nous vous conseillons d'\u00eatre tr\u00e8s prudent lors de l'insertion des connecteurs \u00e0 pression sur la carte m\u00e8re : ils sont tr\u00e8s d\u00e9licats et doivent \u00eatre parfaitement align\u00e9s. Compte tenu de la fragilit\u00e9 de l'\u00e9cran, l'aide d'un technicien exp\u00e9riment\u00e9 peut s'av\u00e9rer utile pour garantir une installation s\u00fbre et un repositionnement correct des joints adh\u00e9sifs pour la fermeture finale.\n    <\/p>\n<\/section>\n<section class=\"aps-card aps-callout aps-callout--info\">\n<header class=\"aps-card__head\">\n<h2 class=\"aps-h\">Vous avez un doute quant au bon choix du composant de remplacement ?<\/h2>\n<p class=\"aps-sub\">Contactez-nous pour obtenir de l\u2019aide dans le choix du composant de remplacement adapt\u00e9 \u00e0 votre appareil.<\/p>\n<\/header>\n<div class=\"aps-cta\">\n      <a class=\"aps-btn\" href=\"mailto:info@apfelspare.ch\">info@apfelspare.ch<\/a><br \/>\n      <span class=\"aps-cta__hint\">Envoyez-nous le num\u00e9ro de s\u00e9rie de votre iMac : nous v\u00e9rifierons rapidement la compatibilit\u00e9 exacte.<\/span>\n    <\/div>\n<\/section>\n<\/div>","protected":false},"excerpt":{"rendered":"<p>C\u00e2ble pour \u00e9cran et cam\u00e9ra pour iMac 24\u2033 A2438 A2439 A2873 A2874 (2021-2023), compatible avec iMac21.1, iMac21.2, Mac15.4, Mac15.5<\/p>","protected":false},"featured_media":15767,"comment_status":"closed","ping_status":"closed","template":"","meta":{"_acf_changed":false,"_et_pb_use_builder":"","_et_pb_old_content":"","_et_gb_content_width":""},"product_brand":[],"product_cat":[179,137,136,139,138,187,22],"product_tag":[],"class_list":{"0":"post-15766","1":"product","2":"type-product","3":"status-publish","4":"has-post-thumbnail","6":"product_cat-display","7":"product_cat-imac-24-2023-a2874","8":"product_cat-imac-24-2023-a2873","9":"product_cat-imac-24-2021-a2439","10":"product_cat-imac-24-2021-a2438","11":"product_cat-cavi-connettori","12":"product_cat-category-imac","14":"first","15":"onbackorder","16":"shipping-taxable","17":"purchasable","18":"product-type-simple"},"acf":[],"yoast_head":"<!-- This site is optimized with the Yoast SEO plugin v27.4 - https:\/\/yoast.com\/product\/yoast-seo-wordpress\/ -->\n<title>Cavo display e fotocamera per iMac 24&quot; A2438 A2439 A2873 A2874 (2021\u20132023)<\/title>\n<meta name=\"description\" content=\"Cavo display e fotocamera per iMac 24&quot; A2438 A2439 A2873 A2874 (2021\u20132023), compatibile con iMac21.1, iMac21.2, Mac15.4, Mac15.5. Part number 923-05586\" \/>\n<meta name=\"robots\" content=\"index, follow, max-snippet:-1, max-image-preview:large, max-video-preview:-1\" \/>\n<link rel=\"canonical\" href=\"https:\/\/tipicino.ch\/apfelspare\/fr\/produit\/cable-daffichage-camera-imac-24-a2438-a2439-a2873-a2874-2021-2023\/\" \/>\n<meta property=\"og:locale\" content=\"fr_FR\" \/>\n<meta property=\"og:type\" content=\"article\" \/>\n<meta property=\"og:title\" content=\"Cavo display e fotocamera per iMac 24&quot; A2438 A2439 A2873 A2874 (2021\u20132023)\" \/>\n<meta property=\"og:description\" content=\"Cavo display e fotocamera per iMac 24&quot; A2438 A2439 A2873 A2874 (2021\u20132023), compatibile con iMac21.1, iMac21.2, Mac15.4, Mac15.5. Part number 923-05586\" \/>\n<meta property=\"og:url\" content=\"https:\/\/tipicino.ch\/apfelspare\/fr\/produit\/cable-daffichage-camera-imac-24-a2438-a2439-a2873-a2874-2021-2023\/\" \/>\n<meta property=\"og:site_name\" content=\"Ricambi MacBook Pro, MacBook Air e iMac in Svizzera \u2013 Display, Tastiere, Batterie, Trackpad\" \/>\n<meta property=\"article:modified_time\" content=\"2026-02-18T16:39:21+00:00\" \/>\n<meta property=\"og:image\" content=\"https:\/\/tipicino.ch\/apfelspare\/wp-content\/uploads\/2025\/06\/cavo-display-fotocamera-imac-24-a2438-a2439-a2873-a2874-2021-2023.png\" \/>\n\t<meta property=\"og:image:width\" content=\"1000\" \/>\n\t<meta property=\"og:image:height\" content=\"1000\" \/>\n\t<meta property=\"og:image:type\" content=\"image\/png\" \/>\n<meta name=\"twitter:card\" content=\"summary_large_image\" \/>\n<meta name=\"twitter:label1\" content=\"Dur\u00e9e de lecture estim\u00e9e\" \/>\n\t<meta name=\"twitter:data1\" content=\"2 minutes\" \/>\n<!-- \/ Yoast SEO plugin. -->","yoast_head_json":{"title":"C\u00e2ble d\u2019\u00e9cran et de cam\u00e9ra pour iMac 24\" A2438 A2439 A2873 A2874 (2021-2023)","description":"C\u00e2ble d\u2019\u00e9cran et de cam\u00e9ra pour iMac 24\" A2438 A2439 A2873 A2874 (2021-2023), compatible avec iMac21.1, iMac21.2, Mac15.4, Mac15.5. Num\u00e9ro de pi\u00e8ce 923-05586","robots":{"index":"index","follow":"follow","max-snippet":"max-snippet:-1","max-image-preview":"max-image-preview:large","max-video-preview":"max-video-preview:-1"},"canonical":"https:\/\/tipicino.ch\/apfelspare\/fr\/produit\/cable-daffichage-camera-imac-24-a2438-a2439-a2873-a2874-2021-2023\/","og_locale":"fr_FR","og_type":"article","og_title":"Cavo display e fotocamera per iMac 24\" A2438 A2439 A2873 A2874 (2021\u20132023)","og_description":"Cavo display e fotocamera per iMac 24\" A2438 A2439 A2873 A2874 (2021\u20132023), compatibile con iMac21.1, iMac21.2, Mac15.4, Mac15.5. Part number 923-05586","og_url":"https:\/\/tipicino.ch\/apfelspare\/fr\/produit\/cable-daffichage-camera-imac-24-a2438-a2439-a2873-a2874-2021-2023\/","og_site_name":"Ricambi MacBook Pro, MacBook Air e iMac in Svizzera \u2013 Display, Tastiere, Batterie, Trackpad","article_modified_time":"2026-02-18T16:39:21+00:00","og_image":[{"width":1000,"height":1000,"url":"https:\/\/tipicino.ch\/apfelspare\/wp-content\/uploads\/2025\/06\/cavo-display-fotocamera-imac-24-a2438-a2439-a2873-a2874-2021-2023.png","type":"image\/png"}],"twitter_card":"summary_large_image","twitter_misc":{"Dur\u00e9e de lecture estim\u00e9e":"2 minutes"},"schema":{"@context":"https:\/\/schema.org","@graph":[{"@type":"WebPage","@id":"https:\/\/tipicino.ch\/apfelspare\/fr\/prodotto\/cavo-display-fotocamera-imac-24-a2438-a2439-a2873-a2874-2021-2023\/","url":"https:\/\/tipicino.ch\/apfelspare\/fr\/prodotto\/cavo-display-fotocamera-imac-24-a2438-a2439-a2873-a2874-2021-2023\/","name":"C\u00e2ble d\u2019\u00e9cran et de cam\u00e9ra pour iMac 24\" A2438 A2439 A2873 A2874 (2021-2023)","isPartOf":{"@id":"https:\/\/tipicino.ch\/apfelspare\/fr\/#website"},"primaryImageOfPage":{"@id":"https:\/\/tipicino.ch\/apfelspare\/fr\/prodotto\/cavo-display-fotocamera-imac-24-a2438-a2439-a2873-a2874-2021-2023\/#primaryimage"},"image":{"@id":"https:\/\/tipicino.ch\/apfelspare\/fr\/prodotto\/cavo-display-fotocamera-imac-24-a2438-a2439-a2873-a2874-2021-2023\/#primaryimage"},"thumbnailUrl":"https:\/\/tipicino.ch\/apfelspare\/wp-content\/uploads\/2025\/06\/cavo-display-fotocamera-imac-24-a2438-a2439-a2873-a2874-2021-2023.png","datePublished":"2025-06-25T11:40:41+00:00","dateModified":"2026-02-18T16:39:21+00:00","description":"C\u00e2ble d\u2019\u00e9cran et de cam\u00e9ra pour iMac 24\" A2438 A2439 A2873 A2874 (2021-2023), compatible avec iMac21.1, iMac21.2, Mac15.4, Mac15.5. Num\u00e9ro de pi\u00e8ce 923-05586","breadcrumb":{"@id":"https:\/\/tipicino.ch\/apfelspare\/fr\/prodotto\/cavo-display-fotocamera-imac-24-a2438-a2439-a2873-a2874-2021-2023\/#breadcrumb"},"inLanguage":"fr-CH","potentialAction":[{"@type":"ReadAction","target":["https:\/\/tipicino.ch\/apfelspare\/fr\/prodotto\/cavo-display-fotocamera-imac-24-a2438-a2439-a2873-a2874-2021-2023\/"]}]},{"@type":"ImageObject","inLanguage":"fr-CH","@id":"https:\/\/tipicino.ch\/apfelspare\/fr\/prodotto\/cavo-display-fotocamera-imac-24-a2438-a2439-a2873-a2874-2021-2023\/#primaryimage","url":"https:\/\/tipicino.ch\/apfelspare\/wp-content\/uploads\/2025\/06\/cavo-display-fotocamera-imac-24-a2438-a2439-a2873-a2874-2021-2023.png","contentUrl":"https:\/\/tipicino.ch\/apfelspare\/wp-content\/uploads\/2025\/06\/cavo-display-fotocamera-imac-24-a2438-a2439-a2873-a2874-2021-2023.png","width":1000,"height":1000,"caption":"Cavo display e fotocamera per iMac 24\" A2438 A2439 A2873 A2874 (2021\u20132023)"},{"@type":"BreadcrumbList","@id":"https:\/\/tipicino.ch\/apfelspare\/fr\/prodotto\/cavo-display-fotocamera-imac-24-a2438-a2439-a2873-a2874-2021-2023\/#breadcrumb","itemListElement":[{"@type":"ListItem","position":1,"name":"Home","item":"https:\/\/tipicino.ch\/apfelspare\/fr\/"},{"@type":"ListItem","position":2,"name":"Shop","item":"https:\/\/tipicino.ch\/apfelspare\/fr\/shop\/"},{"@type":"ListItem","position":3,"name":"Cavo display e fotocamera per iMac 24&#8243; A2438 A2439 A2873 A2874 (2021\u20132023)"}]},{"@type":"WebSite","@id":"https:\/\/tipicino.ch\/apfelspare\/fr\/#website","url":"https:\/\/tipicino.ch\/apfelspare\/fr\/","name":"Pi\u00e8ces d\u00e9tach\u00e9es MacBook Pro, MacBook Air et iMac en Suisse \u2013 \u00c9crans, Claviers, Batteries, Trackpads","description":"","publisher":{"@id":"https:\/\/tipicino.ch\/apfelspare\/fr\/#organization"},"potentialAction":[{"@type":"SearchAction","target":{"@type":"EntryPoint","urlTemplate":"https:\/\/tipicino.ch\/apfelspare\/fr\/?s={search_term_string}"},"query-input":{"@type":"PropertyValueSpecification","valueRequired":true,"valueName":"search_term_string"}}],"inLanguage":"fr-CH"},{"@type":"Organization","@id":"https:\/\/tipicino.ch\/apfelspare\/fr\/#organization","name":"tipicino.ch\/apfelspare","url":"https:\/\/tipicino.ch\/apfelspare\/fr\/","logo":{"@type":"ImageObject","inLanguage":"fr-CH","@id":"https:\/\/tipicino.ch\/apfelspare\/fr\/#\/schema\/logo\/image\/","url":"https:\/\/tipicino.ch\/apfelspare\/wp-content\/uploads\/2025\/08\/cropped-FAVICON-tipicino.ch\/apfelspare_.png","contentUrl":"https:\/\/tipicino.ch\/apfelspare\/wp-content\/uploads\/2025\/08\/cropped-FAVICON-tipicino.ch\/apfelspare_.png","width":512,"height":512,"caption":"tipicino.ch\/apfelspare"},"image":{"@id":"https:\/\/tipicino.ch\/apfelspare\/fr\/#\/schema\/logo\/image\/"}}]}},"_links":{"self":[{"href":"https:\/\/tipicino.ch\/apfelspare\/fr\/wp-json\/wp\/v2\/product\/15766","targetHints":{"allow":["GET"]}}],"collection":[{"href":"https:\/\/tipicino.ch\/apfelspare\/fr\/wp-json\/wp\/v2\/product"}],"about":[{"href":"https:\/\/tipicino.ch\/apfelspare\/fr\/wp-json\/wp\/v2\/types\/product"}],"replies":[{"embeddable":true,"href":"https:\/\/tipicino.ch\/apfelspare\/fr\/wp-json\/wp\/v2\/comments?post=15766"}],"wp:featuredmedia":[{"embeddable":true,"href":"https:\/\/tipicino.ch\/apfelspare\/fr\/wp-json\/wp\/v2\/media\/15767"}],"wp:attachment":[{"href":"https:\/\/tipicino.ch\/apfelspare\/fr\/wp-json\/wp\/v2\/media?parent=15766"}],"wp:term":[{"taxonomy":"product_brand","embeddable":true,"href":"https:\/\/tipicino.ch\/apfelspare\/fr\/wp-json\/wp\/v2\/product_brand?post=15766"},{"taxonomy":"product_cat","embeddable":true,"href":"https:\/\/tipicino.ch\/apfelspare\/fr\/wp-json\/wp\/v2\/product_cat?post=15766"},{"taxonomy":"product_tag","embeddable":true,"href":"https:\/\/tipicino.ch\/apfelspare\/fr\/wp-json\/wp\/v2\/product_tag?post=15766"}],"curies":[{"name":"wp","href":"https:\/\/api.w.org\/{rel}","templated":true}]}}