{"id":15878,"date":"2025-06-26T12:13:34","date_gmt":"2025-06-26T12:13:34","guid":{"rendered":"https:\/\/tipicino.ch\/apfelspare\/?post_type=product&#038;p=15878"},"modified":"2026-02-18T22:44:47","modified_gmt":"2026-02-18T22:44:47","slug":"macbook-pro-15-a1398-2012-2013-heat-sink-doccasion","status":"publish","type":"product","link":"https:\/\/tipicino.ch\/apfelspare\/fr\/prodotto\/dissipatore-termico-macbook-pro-15-a1398-2012-2013-usato\/","title":{"rendered":"Dissipateur thermique pour MacBook Pro 15\u2033 A1398 (Mid 2012-Early 2013) - RECONDITIONN\u00c9"},"content":{"rendered":"<div class=\"aps-pdp\">\n<section class=\"aps-card\">\n<header class=\"aps-card__head\">\n<h2 class=\"aps-h\">Dissipateur thermique pour MacBook Pro 15\u2033 A1398 (Mid 2012 - Early 2013)<\/h2>\n<p class=\"aps-sub\">Module Heat-Pipe d\u2019origine pour le refroidissement combin\u00e9 de la CPU Intel et de la GPU NVIDIA d\u00e9di\u00e9e<\/p>\n<\/header>\n<p>\n      Entendez-vous les ventilateurs de votre MacBook Pro 15\u2033 tourner \u00e0 plein r\u00e9gime m\u00eame lors de t\u00e2ches simples ou constatez-vous des ralentissements soudains pendant le travail ? Ce comportement anormal peut \u00eatre d\u00fb \u00e0 l\u2019usure du dissipateur thermique d\u2019origine. Avec le temps, les conduits en cuivre peuvent perdre leur capacit\u00e9 \u00e0 transf\u00e9rer la chaleur ou des r\u00e9sidus de poussi\u00e8re accumul\u00e9s peuvent bloquer le flux d\u2019air n\u00e9cessaire. Sur les premiers mod\u00e8les Retina, maintenir la CPU et la GPU NVIDIA \u00e0 des temp\u00e9ratures ma\u00eetris\u00e9es est vital pour \u00e9viter des dommages \u00e0 la carte logique. En installant ce ricambio d\u2019reconditionn\u00e9 test\u00e9, il est possible de r\u00e9soudre les probl\u00e8mes de surchauffe et de permettre \u00e0 l\u2019ordinateur de fonctionner \u00e0 nouveau de mani\u00e8re silencieuse et fluide.\n    <\/p>\n<div class=\"aps-note aps-note--warn\">\n      <span class=\"aps-note__ico\">!<\/span><br \/>\n      <span class=\"aps-note__txt\"><strong>AVIS DE COMPATIBILIT\u00c9 :<\/strong> Ce dissipateur est sp\u00e9cifique \u00e0 la g\u00e9n\u00e9ration MacBookPro10,1. Nous vous recommandons de v\u00e9rifier attentivement l\u2019ann\u00e9e de production, car les mod\u00e8les commercialis\u00e9s \u00e0 partir de fin 2013 (Late 2013) pr\u00e9sentent une structure interne diff\u00e9rente et cette pi\u00e8ce ne pourra pas \u00eatre install\u00e9e.<\/span>\n    <\/div>\n<\/section>\n<section class=\"aps-card\">\n<header class=\"aps-card__head\">\n<h2 class=\"aps-h\">Mod\u00e8les compatibles<\/h2>\n<p class=\"aps-sub\">Versions de MacBook Pro 15\u2033 Retina compatibles avec ce dissipateur sp\u00e9cifique<\/p>\n<\/header>\n<ul class=\"aps-check\">\n<li><strong>MacBook Pro 15\u2033 A1398 (Early 2013)<\/strong> <span class=\"aps-badge\">MacBookPro10.1<\/span><\/li>\n<li><strong>MacBook Pro 15\u2033 A1398 (Mid 2012)<\/strong> <span class=\"aps-badge\">MacBookPro10.1<\/span><\/li>\n<\/ul>\n<\/section>\n<section class=\"aps-card\">\n<header class=\"aps-card__head\">\n<h2 class=\"aps-h\">Caract\u00e9ristiques techniques<\/h2>\n<p class=\"aps-sub\">D\u00e9tails du composant de remplacement.<\/p>\n<\/header>\n<div class=\"aps-specgrid\">\n<div class=\"aps-spec\">\n<div><span>Type de pi\u00e8ce<\/span><strong>Dissipateur thermique (Heatsink)<\/strong><\/div>\n<\/div>\n<div class=\"aps-spec\">\n<div><span>Mat\u00e9riau<\/span><strong>Cuivre et aluminium<\/strong><\/div>\n<\/div>\n<div class=\"aps-spec\">\n<div><span>\u00c9tat<\/span><strong>D\u2019reconditionn\u00e9 garanti<\/strong><\/div>\n<\/div><\/div>\n<\/section>\n<section class=\"aps-card aps-callout aps-callout--warn\">\n<header class=\"aps-card__head\">\n<h2 class=\"aps-h\">Installation et avertissements<\/h2>\n<p class=\"aps-sub\">Notes techniques pour une maintenance thermique efficace<\/p>\n<\/header>\n<p>\n      Pour remplacer le dissipateur thermique, il est n\u00e9cessaire d\u2019ouvrir la coque arri\u00e8re et de d\u00e9visser les points de fixation sur la carte logique. Une \u00e9tape cruciale consiste \u00e0 nettoyer les puces : il faut \u00e9liminer compl\u00e8tement l\u2019ancienne p\u00e2te thermique durcie \u00e0 l\u2019aide d\u2019alcool isopropylique avant d\u2019en appliquer une nouvelle. Un contact parfait entre les surfaces est le seul moyen de garantir une \u00e9vacuation correcte de la chaleur. N\u2019oubliez pas que la d\u00e9connexion de la batterie est la premi\u00e8re \u00e9tape de s\u00e9curit\u00e9 obligatoire. Compte tenu de la d\u00e9licatesse des processeurs expos\u00e9s, l\u2019intervention d\u2019un technicien exp\u00e9riment\u00e9 peut \u00eatre utile afin de s\u2019assurer que les vis sont serr\u00e9es correctement, sans forcer les composants.\n    <\/p>\n<\/section>\n<section class=\"aps-card aps-callout aps-callout--info\">\n<header class=\"aps-card__head\">\n<h2 class=\"aps-h\">Vous avez un doute quant au bon choix du composant de remplacement ?<\/h2>\n<p class=\"aps-sub\">Contactez-nous pour obtenir de l\u2019aide dans le choix du composant de remplacement adapt\u00e9 \u00e0 votre appareil.<\/p>\n<\/header>\n<div class=\"aps-cta\">\n      <a class=\"aps-btn\" href=\"mailto:info@apfelspare.ch\">info@apfelspare.ch<\/a><br \/>\n      <span class=\"aps-cta__hint\">Envoyez-nous le num\u00e9ro de s\u00e9rie de votre MacBook Pro : nous v\u00e9rifierons rapidement la compatibilit\u00e9 exacte.<\/span>\n    <\/div>\n<\/section>\n<\/div>","protected":false},"excerpt":{"rendered":"<p>Dissipateur thermique reconditionn\u00e9 pour MacBook Pro 15\u2033 A1398 (2012-2013). Livraison gratuite en Suisse<\/p>","protected":false},"featured_media":15881,"comment_status":"closed","ping_status":"closed","template":"","meta":{"_acf_changed":false,"_et_pb_use_builder":"","_et_pb_old_content":"","_et_gb_content_width":""},"product_brand":[],"product_cat":[182,17,19,84,83],"product_tag":[],"class_list":{"0":"post-15878","1":"product","2":"type-product","3":"status-publish","4":"has-post-thumbnail","6":"product_cat-ventole-dissipatori","7":"product_cat-category-macbook-pro","8":"product_cat-parti-ricambio-seconda-mano","9":"product_cat-macbook-pro-15-early-2013-a1398","10":"product_cat-macbook-pro-15-mid-2012-a1398","12":"first","13":"onbackorder","14":"shipping-taxable","15":"purchasable","16":"product-type-simple"},"acf":[],"yoast_head":"<!-- This site is optimized with the Yoast SEO plugin v27.4 - https:\/\/yoast.com\/product\/yoast-seo-wordpress\/ -->\n<title>Dissipatore termico per MacBook Pro 15&quot; A1398 (Mid 2012\u2013Early 2013) \u2013 RICONDIZIONATO<\/title>\n<meta name=\"description\" content=\"Dissipatore termico usato per MacBook Pro 15&quot; A1398 (2012\u20132013). Spedizioni gratuite in Svizzera\" \/>\n<meta name=\"robots\" content=\"index, follow, max-snippet:-1, max-image-preview:large, max-video-preview:-1\" \/>\n<link rel=\"canonical\" href=\"https:\/\/tipicino.ch\/apfelspare\/fr\/produit\/macbook-pro-15-a1398-2012-2013-heat-sink-doccasion\/\" \/>\n<meta property=\"og:locale\" content=\"fr_FR\" \/>\n<meta property=\"og:type\" content=\"article\" \/>\n<meta property=\"og:title\" content=\"Dissipatore termico per MacBook Pro 15&quot; A1398 (Mid 2012\u2013Early 2013) \u2013 RICONDIZIONATO\" \/>\n<meta property=\"og:description\" content=\"Dissipatore termico usato per MacBook Pro 15&quot; A1398 (2012\u20132013). Spedizioni gratuite in Svizzera\" \/>\n<meta property=\"og:url\" content=\"https:\/\/tipicino.ch\/apfelspare\/fr\/produit\/macbook-pro-15-a1398-2012-2013-heat-sink-doccasion\/\" \/>\n<meta property=\"og:site_name\" content=\"Ricambi MacBook Pro, MacBook Air e iMac in Svizzera \u2013 Display, Tastiere, Batterie, Trackpad\" \/>\n<meta property=\"article:modified_time\" content=\"2026-02-18T22:44:47+00:00\" \/>\n<meta property=\"og:image\" content=\"https:\/\/tipicino.ch\/apfelspare\/wp-content\/uploads\/2025\/06\/dissipatore-termico-macbook-pro-15-a1398-2012-2013-usato-1.png\" \/>\n\t<meta property=\"og:image:width\" content=\"1000\" \/>\n\t<meta property=\"og:image:height\" content=\"1000\" \/>\n\t<meta property=\"og:image:type\" content=\"image\/png\" \/>\n<meta name=\"twitter:card\" content=\"summary_large_image\" \/>\n<meta name=\"twitter:label1\" content=\"Dur\u00e9e de lecture estim\u00e9e\" \/>\n\t<meta name=\"twitter:data1\" content=\"3 minutes\" \/>\n<!-- \/ Yoast SEO plugin. -->","yoast_head_json":{"title":"Dissipateur thermique pour MacBook Pro 15\" A1398 (Mid 2012-Early 2013) - RECONDITIONN\u00c9","description":"Dissipateur thermique d'occasion pour MacBook Pro 15\" A1398 (2012-2013). Livraison gratuite en Suisse","robots":{"index":"index","follow":"follow","max-snippet":"max-snippet:-1","max-image-preview":"max-image-preview:large","max-video-preview":"max-video-preview:-1"},"canonical":"https:\/\/tipicino.ch\/apfelspare\/fr\/produit\/macbook-pro-15-a1398-2012-2013-heat-sink-doccasion\/","og_locale":"fr_FR","og_type":"article","og_title":"Dissipatore termico per MacBook Pro 15\" A1398 (Mid 2012\u2013Early 2013) \u2013 RICONDIZIONATO","og_description":"Dissipatore termico usato per MacBook Pro 15\" A1398 (2012\u20132013). Spedizioni gratuite in Svizzera","og_url":"https:\/\/tipicino.ch\/apfelspare\/fr\/produit\/macbook-pro-15-a1398-2012-2013-heat-sink-doccasion\/","og_site_name":"Ricambi MacBook Pro, MacBook Air e iMac in Svizzera \u2013 Display, Tastiere, Batterie, Trackpad","article_modified_time":"2026-02-18T22:44:47+00:00","og_image":[{"width":1000,"height":1000,"url":"https:\/\/tipicino.ch\/apfelspare\/wp-content\/uploads\/2025\/06\/dissipatore-termico-macbook-pro-15-a1398-2012-2013-usato-1.png","type":"image\/png"}],"twitter_card":"summary_large_image","twitter_misc":{"Dur\u00e9e de lecture estim\u00e9e":"3 minutes"},"schema":{"@context":"https:\/\/schema.org","@graph":[{"@type":"WebPage","@id":"https:\/\/tipicino.ch\/apfelspare\/fr\/prodotto\/dissipatore-termico-macbook-pro-15-a1398-2012-2013-usato\/","url":"https:\/\/tipicino.ch\/apfelspare\/fr\/prodotto\/dissipatore-termico-macbook-pro-15-a1398-2012-2013-usato\/","name":"Dissipateur thermique pour MacBook Pro 15\" A1398 (Mid 2012-Early 2013) - RECONDITIONN\u00c9","isPartOf":{"@id":"https:\/\/tipicino.ch\/apfelspare\/fr\/#website"},"primaryImageOfPage":{"@id":"https:\/\/tipicino.ch\/apfelspare\/fr\/prodotto\/dissipatore-termico-macbook-pro-15-a1398-2012-2013-usato\/#primaryimage"},"image":{"@id":"https:\/\/tipicino.ch\/apfelspare\/fr\/prodotto\/dissipatore-termico-macbook-pro-15-a1398-2012-2013-usato\/#primaryimage"},"thumbnailUrl":"https:\/\/tipicino.ch\/apfelspare\/wp-content\/uploads\/2025\/06\/dissipatore-termico-macbook-pro-15-a1398-2012-2013-usato-1.png","datePublished":"2025-06-26T12:13:34+00:00","dateModified":"2026-02-18T22:44:47+00:00","description":"Dissipateur thermique d'occasion pour MacBook Pro 15\" A1398 (2012-2013). Livraison gratuite en Suisse","breadcrumb":{"@id":"https:\/\/tipicino.ch\/apfelspare\/fr\/prodotto\/dissipatore-termico-macbook-pro-15-a1398-2012-2013-usato\/#breadcrumb"},"inLanguage":"fr-CH","potentialAction":[{"@type":"ReadAction","target":["https:\/\/tipicino.ch\/apfelspare\/fr\/prodotto\/dissipatore-termico-macbook-pro-15-a1398-2012-2013-usato\/"]}]},{"@type":"ImageObject","inLanguage":"fr-CH","@id":"https:\/\/tipicino.ch\/apfelspare\/fr\/prodotto\/dissipatore-termico-macbook-pro-15-a1398-2012-2013-usato\/#primaryimage","url":"https:\/\/tipicino.ch\/apfelspare\/wp-content\/uploads\/2025\/06\/dissipatore-termico-macbook-pro-15-a1398-2012-2013-usato-1.png","contentUrl":"https:\/\/tipicino.ch\/apfelspare\/wp-content\/uploads\/2025\/06\/dissipatore-termico-macbook-pro-15-a1398-2012-2013-usato-1.png","width":1000,"height":1000,"caption":"Dissipatore termico per MacBook Pro 15\" A1398 (Mid 2012\u2013Early 2013) \u2013 USATO"},{"@type":"BreadcrumbList","@id":"https:\/\/tipicino.ch\/apfelspare\/fr\/prodotto\/dissipatore-termico-macbook-pro-15-a1398-2012-2013-usato\/#breadcrumb","itemListElement":[{"@type":"ListItem","position":1,"name":"Home","item":"https:\/\/tipicino.ch\/apfelspare\/fr\/"},{"@type":"ListItem","position":2,"name":"Shop","item":"https:\/\/tipicino.ch\/apfelspare\/fr\/shop\/"},{"@type":"ListItem","position":3,"name":"Dissipatore termico per MacBook Pro 15&#8243; A1398 (Mid 2012\u2013Early 2013) \u2013 RICONDIZIONATO"}]},{"@type":"WebSite","@id":"https:\/\/tipicino.ch\/apfelspare\/fr\/#website","url":"https:\/\/tipicino.ch\/apfelspare\/fr\/","name":"Pi\u00e8ces d\u00e9tach\u00e9es MacBook Pro, MacBook Air et iMac en Suisse \u2013 \u00c9crans, Claviers, Batteries, Trackpads","description":"","publisher":{"@id":"https:\/\/tipicino.ch\/apfelspare\/fr\/#organization"},"potentialAction":[{"@type":"SearchAction","target":{"@type":"EntryPoint","urlTemplate":"https:\/\/tipicino.ch\/apfelspare\/fr\/?s={search_term_string}"},"query-input":{"@type":"PropertyValueSpecification","valueRequired":true,"valueName":"search_term_string"}}],"inLanguage":"fr-CH"},{"@type":"Organization","@id":"https:\/\/tipicino.ch\/apfelspare\/fr\/#organization","name":"tipicino.ch\/apfelspare","url":"https:\/\/tipicino.ch\/apfelspare\/fr\/","logo":{"@type":"ImageObject","inLanguage":"fr-CH","@id":"https:\/\/tipicino.ch\/apfelspare\/fr\/#\/schema\/logo\/image\/","url":"https:\/\/tipicino.ch\/apfelspare\/wp-content\/uploads\/2025\/08\/cropped-FAVICON-tipicino.ch\/apfelspare_.png","contentUrl":"https:\/\/tipicino.ch\/apfelspare\/wp-content\/uploads\/2025\/08\/cropped-FAVICON-tipicino.ch\/apfelspare_.png","width":512,"height":512,"caption":"tipicino.ch\/apfelspare"},"image":{"@id":"https:\/\/tipicino.ch\/apfelspare\/fr\/#\/schema\/logo\/image\/"}}]}},"_links":{"self":[{"href":"https:\/\/tipicino.ch\/apfelspare\/fr\/wp-json\/wp\/v2\/product\/15878","targetHints":{"allow":["GET"]}}],"collection":[{"href":"https:\/\/tipicino.ch\/apfelspare\/fr\/wp-json\/wp\/v2\/product"}],"about":[{"href":"https:\/\/tipicino.ch\/apfelspare\/fr\/wp-json\/wp\/v2\/types\/product"}],"replies":[{"embeddable":true,"href":"https:\/\/tipicino.ch\/apfelspare\/fr\/wp-json\/wp\/v2\/comments?post=15878"}],"wp:featuredmedia":[{"embeddable":true,"href":"https:\/\/tipicino.ch\/apfelspare\/fr\/wp-json\/wp\/v2\/media\/15881"}],"wp:attachment":[{"href":"https:\/\/tipicino.ch\/apfelspare\/fr\/wp-json\/wp\/v2\/media?parent=15878"}],"wp:term":[{"taxonomy":"product_brand","embeddable":true,"href":"https:\/\/tipicino.ch\/apfelspare\/fr\/wp-json\/wp\/v2\/product_brand?post=15878"},{"taxonomy":"product_cat","embeddable":true,"href":"https:\/\/tipicino.ch\/apfelspare\/fr\/wp-json\/wp\/v2\/product_cat?post=15878"},{"taxonomy":"product_tag","embeddable":true,"href":"https:\/\/tipicino.ch\/apfelspare\/fr\/wp-json\/wp\/v2\/product_tag?post=15878"}],"curies":[{"name":"wp","href":"https:\/\/api.w.org\/{rel}","templated":true}]}}