{"id":15891,"date":"2025-06-26T13:18:20","date_gmt":"2025-06-26T13:18:20","guid":{"rendered":"https:\/\/tipicino.ch\/apfelspare\/?post_type=product&#038;p=15891"},"modified":"2026-03-15T06:44:30","modified_gmt":"2026-03-15T06:44:30","slug":"cable-clavier-macbook-pro-13-a1708-a2159-late-2016-mid-2019","status":"publish","type":"product","link":"https:\/\/tipicino.ch\/apfelspare\/fr\/prodotto\/cavo-tastiera-macbook-pro-13-a1708-a2159-late-2016-mid-2019\/","title":{"rendered":"C\u00e2ble de clavier pour MacBook Pro 13\u2033 A1708 A2159 (Late 2016-Mid 2019)"},"content":{"rendered":"<div class=\"aps-pdp\">\n<section class=\"aps-card\">\n<header class=\"aps-card__head\">\n<h2 class=\"aps-h\">C\u00e2ble de clavier pour MacBook Pro 13\u2033 A1708 A2159 (2016-2019)<\/h2>\n<p class=\"aps-sub\">C\u00e2ble flex de connexion d\u2019origine (Keyboard Flex Cable) pour mod\u00e8les MacBook Pro 13\u2033 Intel<\/p>\n<\/header>\n<p>\n      Le clavier de votre MacBook Pro 13\u2033 ne r\u00e9pond plus correctement, certaines touches ne fonctionnent plus ou l\u2019ensemble du syst\u00e8me de saisie semble isol\u00e9 ? Ce dysfonctionnement peut \u00eatre caus\u00e9 par un c\u00e2ble flex du clavier endommag\u00e9, oxyd\u00e9 \u00e0 cause de l\u2019humidit\u00e9 ou us\u00e9 par des interventions pr\u00e9c\u00e9dentes. Faisant office de pont de communication entre les touches et la carte logique, l\u2019int\u00e9grit\u00e9 de ce c\u00e2ble (P\/N 821-01046 \/ 821-00551) est essentielle au bon fonctionnement de l\u2019appareil. En rempla\u00e7ant la pi\u00e8ce par ce ricambio neuf, il est possible de r\u00e9tablir pleinement la saisie et de r\u00e9soudre les probl\u00e8mes d\u2019absence de signal.\n    <\/p>\n<div class=\"aps-note aps-note--warn\">\n      <span class=\"aps-note__ico\">!<\/span><br \/>\n      <span class=\"aps-note__txt\"><strong>AVIS DE COMPATIBILIT\u00c9 :<\/strong> Ce c\u00e2ble est con\u00e7u pour les ch\u00e2ssis A1708 et A2159. Nous vous recommandons de v\u00e9rifier attentivement le code du mod\u00e8le grav\u00e9 au dos de votre MacBook, car les versions \u00e9quip\u00e9es de quatre ports Thunderbolt (A1706\/A1989) utilisent des c\u00e2blages diff\u00e9rents en raison de la pr\u00e9sence de la Touch Bar, ce qui rend ce ricambio non compatible.<\/span>\n    <\/div>\n<\/section>\n<section class=\"aps-card\">\n<header class=\"aps-card__head\">\n<h2 class=\"aps-h\">Mod\u00e8les compatibles<\/h2>\n<p class=\"aps-sub\">Versions de MacBook Pro 13\u2033 compatibles avec ce c\u00e2ble de clavier sp\u00e9cifique<\/p>\n<\/header>\n<ul class=\"aps-check\">\n<li><strong>MacBook Pro 13\u2033 A2159 (Mid 2019)<\/strong> <span class=\"aps-badge\">MacBookPro15.4<\/span><\/li>\n<li><strong>MacBook Pro 13\u2033 A1708 (Mid 2017)<\/strong> <span class=\"aps-badge\">MacBookPro14.1<\/span><\/li>\n<li><strong>MacBook Pro 13\u2033 A1708 (Late 2016)<\/strong> <span class=\"aps-badge\">MacBookPro13.1<\/span><\/li>\n<\/ul>\n<\/section>\n<section class=\"aps-card\">\n<header class=\"aps-card__head\">\n<h2 class=\"aps-h\">Caract\u00e9ristiques techniques<\/h2>\n<p class=\"aps-sub\">D\u00e9tails du composant de remplacement.<\/p>\n<\/header>\n<div class=\"aps-specgrid\">\n<div class=\"aps-spec\">\n<div><span>Type de pi\u00e8ce<\/span><strong>C\u00e2ble de clavier (Keyboard Flex)<\/strong><\/div>\n<\/div>\n<div class=\"aps-spec\">\n<div><span>Part Number<\/span><strong>821-01046 \/ 821-00551<\/strong><\/div>\n<\/div>\n<div class=\"aps-spec\">\n<div><span>\u00c9tat<\/span><strong>Neuf<\/strong><\/div>\n<\/div><\/div>\n<\/section>\n<section class=\"aps-card aps-callout aps-callout--warn\">\n<header class=\"aps-card__head\">\n<h2 class=\"aps-h\">Installation et avertissements<\/h2>\n<p class=\"aps-sub\">Notes techniques pour un remplacement en toute s\u00e9curit\u00e9<\/p>\n<\/header>\n<p>\n      L\u2019installation de ce c\u00e2ble flex est une op\u00e9ration qui exige une grande pr\u00e9cision, car le connecteur doit \u00eatre ins\u00e9r\u00e9 parfaitement dans le logement ZIF de la carte logique. Il est souvent n\u00e9cessaire de retirer ou de soulever partiellement la carte m\u00e8re ainsi que d\u2019autres modules internes afin d\u2019acc\u00e9der au point de fixation. Nous vous conseillons d\u2019utiliser des outils en plastique antistatique et d\u2019\u00e9viter de plier excessivement le c\u00e2ble afin de pr\u00e9venir les micro-fractures des circuits internes. Il est imp\u00e9ratif de d\u00e9connecter la batterie en tout premier lieu. Compte tenu de la complexit\u00e9 et de la fragilit\u00e9 des connecteurs, l\u2019intervention d\u2019un technicien qualifi\u00e9 peut \u00eatre utile pour \u00e9viter tout dommage accidentel \u00e0 la carte logique ou au clavier lui-m\u00eame.\n    <\/p>\n<\/section>\n<section class=\"aps-card aps-callout aps-callout--info\">\n<header class=\"aps-card__head\">\n<h2 class=\"aps-h\">Vous avez un doute quant au bon choix du composant de remplacement ?<\/h2>\n<p class=\"aps-sub\">Contactez-nous pour obtenir de l\u2019aide dans le choix du composant de remplacement adapt\u00e9 \u00e0 votre appareil.<\/p>\n<\/header>\n<div class=\"aps-cta\">\n      <a class=\"aps-btn\" href=\"mailto:info@apfelspare.ch\">info@apfelspare.ch<\/a><br \/>\n      <span class=\"aps-cta__hint\">Envoyez-nous le num\u00e9ro de s\u00e9rie de votre MacBook Pro : nous v\u00e9rifierons rapidement la compatibilit\u00e9 exacte.<\/span>\n    <\/div>\n<\/section>\n<\/div>","protected":false},"excerpt":{"rendered":"<p>C\u00e2ble de clavier pour MacBook Pro 13\u2033 A1708 A2159 (2016-2019), r\u00e9f\u00e9rence 821-01046 \/ 821-00551. Livraison gratuite en Suisse<\/p>","protected":false},"featured_media":15892,"comment_status":"closed","ping_status":"closed","template":"","meta":{"_acf_changed":false,"_et_pb_use_builder":"","_et_pb_old_content":"","_et_gb_content_width":""},"product_brand":[],"product_cat":[184,187,17,72,81,80],"product_tag":[],"class_list":{"0":"post-15891","1":"product","2":"type-product","3":"status-publish","4":"has-post-thumbnail","6":"product_cat-tastiere-top-case","7":"product_cat-cavi-connettori","8":"product_cat-category-macbook-pro","9":"product_cat-macbook-pro-13-mid-2019-a2159","10":"product_cat-macbook-pro-13-mid-2017-a1708","11":"product_cat-macbook-pro-13-late-2016-a1708","13":"first","14":"onbackorder","15":"shipping-taxable","16":"purchasable","17":"product-type-simple"},"acf":[],"yoast_head":"<!-- This site is optimized with the Yoast SEO plugin v27.4 - https:\/\/yoast.com\/product\/yoast-seo-wordpress\/ -->\n<title>Cavo tastiera per MacBook Pro 13&quot; A1708 A2159 (Late 2016\u2013Mid 2019)<\/title>\n<meta name=\"description\" content=\"Cavo tastiera per MacBook Pro 13&quot; A1708 A2159 (2016\u20132019), part number 821-01046 \/ 821-00551. Spedizioni gratuite in Svizzera\" \/>\n<meta name=\"robots\" content=\"index, follow, max-snippet:-1, max-image-preview:large, max-video-preview:-1\" \/>\n<link rel=\"canonical\" href=\"https:\/\/tipicino.ch\/apfelspare\/fr\/produit\/cable-clavier-macbook-pro-13-a1708-a2159-late-2016-mid-2019\/\" \/>\n<meta property=\"og:locale\" content=\"fr_FR\" \/>\n<meta property=\"og:type\" content=\"article\" \/>\n<meta property=\"og:title\" content=\"Cavo tastiera per MacBook Pro 13&quot; A1708 A2159 (Late 2016\u2013Mid 2019)\" \/>\n<meta property=\"og:description\" content=\"Cavo tastiera per MacBook Pro 13&quot; A1708 A2159 (2016\u20132019), part number 821-01046 \/ 821-00551. Spedizioni gratuite in Svizzera\" \/>\n<meta property=\"og:url\" content=\"https:\/\/tipicino.ch\/apfelspare\/fr\/produit\/cable-clavier-macbook-pro-13-a1708-a2159-late-2016-mid-2019\/\" \/>\n<meta property=\"og:site_name\" content=\"Ricambi MacBook Pro, MacBook Air e iMac in Svizzera \u2013 Display, Tastiere, Batterie, Trackpad\" \/>\n<meta property=\"article:modified_time\" content=\"2026-03-15T06:44:30+00:00\" \/>\n<meta property=\"og:image\" content=\"https:\/\/tipicino.ch\/apfelspare\/wp-content\/uploads\/2025\/06\/cavo-tastiera-macbook-pro-13-a1708-a2159-2016-2019.png\" \/>\n\t<meta property=\"og:image:width\" content=\"1000\" \/>\n\t<meta property=\"og:image:height\" content=\"1000\" \/>\n\t<meta property=\"og:image:type\" content=\"image\/png\" \/>\n<meta name=\"twitter:card\" content=\"summary_large_image\" \/>\n<meta name=\"twitter:label1\" content=\"Dur\u00e9e de lecture estim\u00e9e\" \/>\n\t<meta name=\"twitter:data1\" content=\"3 minutes\" \/>\n<!-- \/ Yoast SEO plugin. -->","yoast_head_json":{"title":"C\u00e2ble de clavier pour MacBook Pro 13\" A1708 A2159 (Late 2016-Mid 2019)","description":"C\u00e2ble de clavier pour MacBook Pro 13\" A1708 A2159 (2016\u20132019), part number 821-01046 \/ 821-00551. Livraison gratuite en Suisse","robots":{"index":"index","follow":"follow","max-snippet":"max-snippet:-1","max-image-preview":"max-image-preview:large","max-video-preview":"max-video-preview:-1"},"canonical":"https:\/\/tipicino.ch\/apfelspare\/fr\/produit\/cable-clavier-macbook-pro-13-a1708-a2159-late-2016-mid-2019\/","og_locale":"fr_FR","og_type":"article","og_title":"Cavo tastiera per MacBook Pro 13\" A1708 A2159 (Late 2016\u2013Mid 2019)","og_description":"Cavo tastiera per MacBook Pro 13\" A1708 A2159 (2016\u20132019), part number 821-01046 \/ 821-00551. Spedizioni gratuite in Svizzera","og_url":"https:\/\/tipicino.ch\/apfelspare\/fr\/produit\/cable-clavier-macbook-pro-13-a1708-a2159-late-2016-mid-2019\/","og_site_name":"Ricambi MacBook Pro, MacBook Air e iMac in Svizzera \u2013 Display, Tastiere, Batterie, Trackpad","article_modified_time":"2026-03-15T06:44:30+00:00","og_image":[{"width":1000,"height":1000,"url":"https:\/\/tipicino.ch\/apfelspare\/wp-content\/uploads\/2025\/06\/cavo-tastiera-macbook-pro-13-a1708-a2159-2016-2019.png","type":"image\/png"}],"twitter_card":"summary_large_image","twitter_misc":{"Dur\u00e9e de lecture estim\u00e9e":"3 minutes"},"schema":{"@context":"https:\/\/schema.org","@graph":[{"@type":"WebPage","@id":"https:\/\/tipicino.ch\/apfelspare\/fr\/prodotto\/cavo-tastiera-macbook-pro-13-a1708-a2159-late-2016-mid-2019\/","url":"https:\/\/tipicino.ch\/apfelspare\/fr\/prodotto\/cavo-tastiera-macbook-pro-13-a1708-a2159-late-2016-mid-2019\/","name":"C\u00e2ble de clavier pour MacBook Pro 13\" A1708 A2159 (Late 2016-Mid 2019)","isPartOf":{"@id":"https:\/\/tipicino.ch\/apfelspare\/fr\/#website"},"primaryImageOfPage":{"@id":"https:\/\/tipicino.ch\/apfelspare\/fr\/prodotto\/cavo-tastiera-macbook-pro-13-a1708-a2159-late-2016-mid-2019\/#primaryimage"},"image":{"@id":"https:\/\/tipicino.ch\/apfelspare\/fr\/prodotto\/cavo-tastiera-macbook-pro-13-a1708-a2159-late-2016-mid-2019\/#primaryimage"},"thumbnailUrl":"https:\/\/tipicino.ch\/apfelspare\/wp-content\/uploads\/2025\/06\/cavo-tastiera-macbook-pro-13-a1708-a2159-2016-2019.png","datePublished":"2025-06-26T13:18:20+00:00","dateModified":"2026-03-15T06:44:30+00:00","description":"C\u00e2ble de clavier pour MacBook Pro 13\" A1708 A2159 (2016\u20132019), part number 821-01046 \/ 821-00551. Livraison gratuite en Suisse","breadcrumb":{"@id":"https:\/\/tipicino.ch\/apfelspare\/fr\/prodotto\/cavo-tastiera-macbook-pro-13-a1708-a2159-late-2016-mid-2019\/#breadcrumb"},"inLanguage":"fr-CH","potentialAction":[{"@type":"ReadAction","target":["https:\/\/tipicino.ch\/apfelspare\/fr\/prodotto\/cavo-tastiera-macbook-pro-13-a1708-a2159-late-2016-mid-2019\/"]}]},{"@type":"ImageObject","inLanguage":"fr-CH","@id":"https:\/\/tipicino.ch\/apfelspare\/fr\/prodotto\/cavo-tastiera-macbook-pro-13-a1708-a2159-late-2016-mid-2019\/#primaryimage","url":"https:\/\/tipicino.ch\/apfelspare\/wp-content\/uploads\/2025\/06\/cavo-tastiera-macbook-pro-13-a1708-a2159-2016-2019.png","contentUrl":"https:\/\/tipicino.ch\/apfelspare\/wp-content\/uploads\/2025\/06\/cavo-tastiera-macbook-pro-13-a1708-a2159-2016-2019.png","width":1000,"height":1000,"caption":"Cavo tastiera per MacBook Pro 13\" A1708 A2159 (Late 2016\u2013Mid 2019)"},{"@type":"BreadcrumbList","@id":"https:\/\/tipicino.ch\/apfelspare\/fr\/prodotto\/cavo-tastiera-macbook-pro-13-a1708-a2159-late-2016-mid-2019\/#breadcrumb","itemListElement":[{"@type":"ListItem","position":1,"name":"Home","item":"https:\/\/tipicino.ch\/apfelspare\/fr\/"},{"@type":"ListItem","position":2,"name":"Shop","item":"https:\/\/tipicino.ch\/apfelspare\/fr\/shop\/"},{"@type":"ListItem","position":3,"name":"Cavo tastiera per MacBook Pro 13&#8243; A1708 A2159 (Late 2016\u2013Mid 2019)"}]},{"@type":"WebSite","@id":"https:\/\/tipicino.ch\/apfelspare\/fr\/#website","url":"https:\/\/tipicino.ch\/apfelspare\/fr\/","name":"Pi\u00e8ces d\u00e9tach\u00e9es MacBook Pro, MacBook Air et iMac en Suisse \u2013 \u00c9crans, Claviers, Batteries, Trackpads","description":"","publisher":{"@id":"https:\/\/tipicino.ch\/apfelspare\/fr\/#organization"},"potentialAction":[{"@type":"SearchAction","target":{"@type":"EntryPoint","urlTemplate":"https:\/\/tipicino.ch\/apfelspare\/fr\/?s={search_term_string}"},"query-input":{"@type":"PropertyValueSpecification","valueRequired":true,"valueName":"search_term_string"}}],"inLanguage":"fr-CH"},{"@type":"Organization","@id":"https:\/\/tipicino.ch\/apfelspare\/fr\/#organization","name":"tipicino.ch\/apfelspare","url":"https:\/\/tipicino.ch\/apfelspare\/fr\/","logo":{"@type":"ImageObject","inLanguage":"fr-CH","@id":"https:\/\/tipicino.ch\/apfelspare\/fr\/#\/schema\/logo\/image\/","url":"https:\/\/tipicino.ch\/apfelspare\/wp-content\/uploads\/2025\/08\/cropped-FAVICON-tipicino.ch\/apfelspare_.png","contentUrl":"https:\/\/tipicino.ch\/apfelspare\/wp-content\/uploads\/2025\/08\/cropped-FAVICON-tipicino.ch\/apfelspare_.png","width":512,"height":512,"caption":"tipicino.ch\/apfelspare"},"image":{"@id":"https:\/\/tipicino.ch\/apfelspare\/fr\/#\/schema\/logo\/image\/"}}]}},"_links":{"self":[{"href":"https:\/\/tipicino.ch\/apfelspare\/fr\/wp-json\/wp\/v2\/product\/15891","targetHints":{"allow":["GET"]}}],"collection":[{"href":"https:\/\/tipicino.ch\/apfelspare\/fr\/wp-json\/wp\/v2\/product"}],"about":[{"href":"https:\/\/tipicino.ch\/apfelspare\/fr\/wp-json\/wp\/v2\/types\/product"}],"replies":[{"embeddable":true,"href":"https:\/\/tipicino.ch\/apfelspare\/fr\/wp-json\/wp\/v2\/comments?post=15891"}],"wp:featuredmedia":[{"embeddable":true,"href":"https:\/\/tipicino.ch\/apfelspare\/fr\/wp-json\/wp\/v2\/media\/15892"}],"wp:attachment":[{"href":"https:\/\/tipicino.ch\/apfelspare\/fr\/wp-json\/wp\/v2\/media?parent=15891"}],"wp:term":[{"taxonomy":"product_brand","embeddable":true,"href":"https:\/\/tipicino.ch\/apfelspare\/fr\/wp-json\/wp\/v2\/product_brand?post=15891"},{"taxonomy":"product_cat","embeddable":true,"href":"https:\/\/tipicino.ch\/apfelspare\/fr\/wp-json\/wp\/v2\/product_cat?post=15891"},{"taxonomy":"product_tag","embeddable":true,"href":"https:\/\/tipicino.ch\/apfelspare\/fr\/wp-json\/wp\/v2\/product_tag?post=15891"}],"curies":[{"name":"wp","href":"https:\/\/api.w.org\/{rel}","templated":true}]}}