{"id":15985,"date":"2025-07-01T21:38:20","date_gmt":"2025-07-01T21:38:20","guid":{"rendered":"https:\/\/tipicino.ch\/apfelspare\/?post_type=product&#038;p=15985"},"modified":"2026-03-19T15:15:18","modified_gmt":"2026-03-19T15:15:18","slug":"airport-card-wifi-bluetooth-imac-a1418-a1419-2012-2013-used","status":"publish","type":"product","link":"https:\/\/tipicino.ch\/apfelspare\/fr\/prodotto\/scheda-airport-wifi-bluetooth-imac-a1418-a1419-2012-2013-usato\/","title":{"rendered":"Carte Airport Wi-Fi + Bluetooth iMac 21.5\u2033 27\u2033 A1418 A1419 (Late 2012 - Early 2013) - RECONDITIONN\u00c9"},"content":{"rendered":"<div class=\"aps-pdp\">\n<section class=\"aps-card\">\n<header class=\"aps-card__head\">\n<h2 class=\"aps-h\">Carte AirPort Wi-Fi 802.11n et Bluetooth 4.0 BCM94331CD pour iMac (2012-2013)<\/h2>\n<p class=\"aps-sub\">Module de communication sans fil interne pour les mod\u00e8les fins (Slim) A1418 et A1419.<\/p>\n<\/header>\n<p>\n      Votre iMac de 2012 ou d\u00e9but 2013 a-t-il perdu la capacit\u00e9 de se connecter aux r\u00e9seaux sans fil ou le Bluetooth est-il indiqu\u00e9 comme \u00ab Non disponible \u00bb, emp\u00eachant l'utilisation de la Magic Mouse ? Ces probl\u00e8mes pourraient \u00eatre caus\u00e9s par une panne du module AirPort BCM94331CD. Cette carte est le composant qui g\u00e8re le signal Wi-Fi \u00e0 double bande et les connexions Bluetooth 4.0. En rempla\u00e7ant le module d'origine, les pleines fonctionnalit\u00e9s r\u00e9seau pourraient \u00eatre imm\u00e9diatement r\u00e9tablies, permettant au bureau de retrouver son \u00e9tat de fonctionnement normal.\n    <\/p>\n<div class=\"aps-note aps-note--warn\">\n      <span class=\"aps-note__ico\">!<\/span><br \/>\n      <span class=\"aps-note__txt\"><strong>AVERTISSEMENT TECHNIQUE :<\/strong> Les petits connecteurs pour les antennes pr\u00e9sents sur ce module sont extr\u00eamement fragiles. Nous vous recommandons de les aligner avec une extr\u00eame pr\u00e9cision avant d'exercer une l\u00e9g\u00e8re pression pour l'enclenchement : une insertion forc\u00e9e ou incorrecte pourrait endommager les broches dor\u00e9es, compromettant irr\u00e9m\u00e9diablement la qualit\u00e9 de la r\u00e9ception du signal.<\/span>\n    <\/div>\n<\/section>\n<section class=\"aps-card\">\n<header class=\"aps-card__head\">\n<h2 class=\"aps-h\">Mod\u00e8les pris en charge<\/h2>\n<p class=\"aps-sub\">V\u00e9rifiez che votre identifiant appara\u00eet dans la liste pour garantir la compatibilit\u00e9 mat\u00e9rielle.<\/p>\n<\/header>\n<ul class=\"aps-check\">\n<li><strong>iMac 27\u2033 A1419 (Late 2012)<\/strong> <span class=\"aps-badge\">iMac13.2<\/span><\/li>\n<li><strong>iMac 21.5\u2033 A1418 (Late 2012)<\/strong> <span class=\"aps-badge\">iMac13.1<\/span><\/li>\n<li><strong>iMac 21.5\u2033 A1418 (Early 2013)<\/strong> <span class=\"aps-badge\">iMac13.1<\/span><\/li>\n<\/ul>\n<\/section>\n<section class=\"aps-card\">\n<header class=\"aps-card__head\">\n<h2 class=\"aps-h\">Caract\u00e9ristiques techniques<\/h2>\n<p class=\"aps-sub\">Sp\u00e9cifications mat\u00e9rielles du module de communication sans fil.<\/p>\n<\/header>\n<div class=\"aps-specgrid\">\n<div class=\"aps-spec\">\n<div><span>Type de pi\u00e8ce<\/span><strong>Carte Airport<\/strong><\/div>\n<\/div>\n<div class=\"aps-spec\">\n<div><span>Mod\u00e8le<\/span><strong>BCM94331CD<\/strong><\/div>\n<\/div>\n<div class=\"aps-spec\">\n<div><span>Protocoles<\/span><strong>Wi-Fi 802.11n \/ Blueooth 4.0<\/strong><\/div>\n<\/div>\n<div class=\"aps-spec\">\n<div><span>\u00c9tat<\/span><strong>Reconditionn\u00e9<\/strong><\/div>\n<\/div><\/div>\n<\/section>\n<section class=\"aps-card aps-callout aps-callout--warn\">\n<header class=\"aps-card__head\">\n<h2 class=\"aps-h\">Guide d'installation et notes<\/h2>\n<p class=\"aps-sub\">Notes op\u00e9rationnelles per un remplacement s\u00fbr et professionnel.<\/p>\n<\/header>\n<p>\n      L\u2019installation du module n\u00e9cessite le d\u00e9collage de la dalle d'\u00e9cran \u00e0 l'aide d'outils \u00e0 molette sp\u00e9cifiques.\nIl est d'une importance fondamentale de d\u00e9brancher le c\u00e2ble d'alimentation et d'attendre que les condensateurs de l'alimentation se d\u00e9chargent avant d'intervenir sur les composants internes.\nUne fois la vitre retir\u00e9e, la carte AirPort est accessible sur la carte logique.\nNous vous sugg\u00e9rons de noter avec soin la position des c\u00e2bles d'antenne avant le d\u00e9branchement pour assurer un r\u00e9tablissement optimal du signal.\n\u00c9tant donn\u00e9 la complexit\u00e9 de l\u2019ouverture du ch\u00e2ssis et la d\u00e9licatesse des connecteurs d\u2019antenne, l\u2019intervention d'un technicien qualifi\u00e9 pourrait \u00eatre opportune.\n    <\/p>\n<\/section>\n<section class=\"aps-card aps-callout aps-callout--info\">\n<header class=\"aps-card__head\">\n<h2 class=\"aps-h\">Vous avez un doute quant au bon choix du composant de remplacement ?<\/h2>\n<p class=\"aps-sub\">Contactez-nous pour obtenir de l\u2019aide dans le choix du composant de remplacement adapt\u00e9 \u00e0 votre appareil.<\/p>\n<\/header>\n<div class=\"aps-cta\">\n      <a class=\"aps-btn\" href=\"mailto:info@apfelspare.ch\">info@apfelspare.ch<\/a><br \/>\n      <span class=\"aps-cta__hint\">Envoyez-nous le num\u00e9ro de s\u00e9rie de votre iMac (grav\u00e9 sous la base m\u00e9tallique du pied) : nous v\u00e9rifierons la compatibilit\u00e9 exacte pour vous en quelques minutes.<\/span>\n    <\/div>\n<\/section>\n<\/div>","protected":false},"excerpt":{"rendered":"<p>Carte Airport Wi-Fi + Bluetooth reconditionn\u00e9 pour iMac A1418 et A1419 (2012-2013), mod\u00e8le BCM94331CD. Livraison gratuite en Suisse<\/p>","protected":false},"featured_media":15986,"comment_status":"closed","ping_status":"closed","template":"","meta":{"_acf_changed":false,"_et_pb_use_builder":"","_et_pb_old_content":"","_et_gb_content_width":""},"product_brand":[],"product_cat":[190,187,22,19,151,144,150],"product_tag":[],"class_list":{"0":"post-15985","1":"product","2":"type-product","3":"status-publish","4":"has-post-thumbnail","6":"product_cat-wifi-antenne","7":"product_cat-cavi-connettori","8":"product_cat-category-imac","9":"product_cat-parti-ricambio-seconda-mano","10":"product_cat-imac-21-5-early-2013-a1418","11":"product_cat-imac-27-late-2012-a1419","12":"product_cat-imac-21-5-late-2012-a1418","14":"first","15":"instock","16":"shipping-taxable","17":"purchasable","18":"product-type-simple"},"acf":[],"yoast_head":"<!-- This site is optimized with the Yoast SEO plugin v27.4 - https:\/\/yoast.com\/product\/yoast-seo-wordpress\/ -->\n<title>Scheda Airport Wi-Fi + Bluetooth iMac A1418 A1419 (Late 2012 \u2013 Early 2013) \u2013 RICONDIZIONATO<\/title>\n<meta name=\"description\" content=\"Scheda Airport Wi-Fi + Bluetooth usata per iMac A1418 e A1419 (2012\u20132013). Spedizioni gratuite in Svizzera\" \/>\n<meta name=\"robots\" content=\"index, follow, max-snippet:-1, max-image-preview:large, max-video-preview:-1\" \/>\n<link rel=\"canonical\" href=\"https:\/\/tipicino.ch\/apfelspare\/fr\/produit\/airport-card-wifi-bluetooth-imac-a1418-a1419-2012-2013-used\/\" \/>\n<meta property=\"og:locale\" content=\"fr_FR\" \/>\n<meta property=\"og:type\" content=\"article\" \/>\n<meta property=\"og:title\" content=\"Scheda Airport Wi-Fi + Bluetooth iMac A1418 A1419 (Late 2012 \u2013 Early 2013) \u2013 RICONDIZIONATO\" \/>\n<meta property=\"og:description\" content=\"Scheda Airport Wi-Fi + Bluetooth usata per iMac A1418 e A1419 (2012\u20132013). Spedizioni gratuite in Svizzera\" \/>\n<meta property=\"og:url\" content=\"https:\/\/tipicino.ch\/apfelspare\/fr\/produit\/airport-card-wifi-bluetooth-imac-a1418-a1419-2012-2013-used\/\" \/>\n<meta property=\"og:site_name\" content=\"Ricambi MacBook Pro, MacBook Air e iMac in Svizzera \u2013 Display, Tastiere, Batterie, Trackpad\" \/>\n<meta property=\"article:modified_time\" content=\"2026-03-19T15:15:18+00:00\" \/>\n<meta property=\"og:image\" content=\"https:\/\/tipicino.ch\/apfelspare\/wp-content\/uploads\/2025\/07\/scheda-airport-wifi-bluetooth-imac-a1418-a1419-2012-2013-usato.png\" \/>\n\t<meta property=\"og:image:width\" content=\"1000\" \/>\n\t<meta property=\"og:image:height\" content=\"1000\" \/>\n\t<meta property=\"og:image:type\" content=\"image\/png\" \/>\n<meta name=\"twitter:card\" content=\"summary_large_image\" \/>\n<meta name=\"twitter:label1\" content=\"Dur\u00e9e de lecture estim\u00e9e\" \/>\n\t<meta name=\"twitter:data1\" content=\"3 minutes\" \/>\n<!-- \/ Yoast SEO plugin. -->","yoast_head_json":{"title":"Carte Airport Wi-Fi + Bluetooth iMac A1418 A1419 (Late 2012 - Early 2013) - RECONDITIONN\u00c9","description":"Carte Airport Wi-Fi + Blueooth pour iMac A1418 et A1419 (2012-2013). Livraison gratuite en Suisse","robots":{"index":"index","follow":"follow","max-snippet":"max-snippet:-1","max-image-preview":"max-image-preview:large","max-video-preview":"max-video-preview:-1"},"canonical":"https:\/\/tipicino.ch\/apfelspare\/fr\/produit\/airport-card-wifi-bluetooth-imac-a1418-a1419-2012-2013-used\/","og_locale":"fr_FR","og_type":"article","og_title":"Scheda Airport Wi-Fi + Bluetooth iMac A1418 A1419 (Late 2012 \u2013 Early 2013) \u2013 RICONDIZIONATO","og_description":"Scheda Airport Wi-Fi + Bluetooth usata per iMac A1418 e A1419 (2012\u20132013). Spedizioni gratuite in Svizzera","og_url":"https:\/\/tipicino.ch\/apfelspare\/fr\/produit\/airport-card-wifi-bluetooth-imac-a1418-a1419-2012-2013-used\/","og_site_name":"Ricambi MacBook Pro, MacBook Air e iMac in Svizzera \u2013 Display, Tastiere, Batterie, Trackpad","article_modified_time":"2026-03-19T15:15:18+00:00","og_image":[{"width":1000,"height":1000,"url":"https:\/\/tipicino.ch\/apfelspare\/wp-content\/uploads\/2025\/07\/scheda-airport-wifi-bluetooth-imac-a1418-a1419-2012-2013-usato.png","type":"image\/png"}],"twitter_card":"summary_large_image","twitter_misc":{"Dur\u00e9e de lecture estim\u00e9e":"3 minutes"},"schema":{"@context":"https:\/\/schema.org","@graph":[{"@type":"WebPage","@id":"https:\/\/tipicino.ch\/apfelspare\/fr\/prodotto\/scheda-airport-wifi-bluetooth-imac-a1418-a1419-2012-2013-usato\/","url":"https:\/\/tipicino.ch\/apfelspare\/fr\/prodotto\/scheda-airport-wifi-bluetooth-imac-a1418-a1419-2012-2013-usato\/","name":"Carte Airport Wi-Fi + Bluetooth iMac A1418 A1419 (Late 2012 - Early 2013) - RECONDITIONN\u00c9","isPartOf":{"@id":"https:\/\/tipicino.ch\/apfelspare\/fr\/#website"},"primaryImageOfPage":{"@id":"https:\/\/tipicino.ch\/apfelspare\/fr\/prodotto\/scheda-airport-wifi-bluetooth-imac-a1418-a1419-2012-2013-usato\/#primaryimage"},"image":{"@id":"https:\/\/tipicino.ch\/apfelspare\/fr\/prodotto\/scheda-airport-wifi-bluetooth-imac-a1418-a1419-2012-2013-usato\/#primaryimage"},"thumbnailUrl":"https:\/\/tipicino.ch\/apfelspare\/wp-content\/uploads\/2025\/07\/scheda-airport-wifi-bluetooth-imac-a1418-a1419-2012-2013-usato.png","datePublished":"2025-07-01T21:38:20+00:00","dateModified":"2026-03-19T15:15:18+00:00","description":"Carte Airport Wi-Fi + Blueooth pour iMac A1418 et A1419 (2012-2013). Livraison gratuite en Suisse","breadcrumb":{"@id":"https:\/\/tipicino.ch\/apfelspare\/fr\/prodotto\/scheda-airport-wifi-bluetooth-imac-a1418-a1419-2012-2013-usato\/#breadcrumb"},"inLanguage":"fr-CH","potentialAction":[{"@type":"ReadAction","target":["https:\/\/tipicino.ch\/apfelspare\/fr\/prodotto\/scheda-airport-wifi-bluetooth-imac-a1418-a1419-2012-2013-usato\/"]}]},{"@type":"ImageObject","inLanguage":"fr-CH","@id":"https:\/\/tipicino.ch\/apfelspare\/fr\/prodotto\/scheda-airport-wifi-bluetooth-imac-a1418-a1419-2012-2013-usato\/#primaryimage","url":"https:\/\/tipicino.ch\/apfelspare\/wp-content\/uploads\/2025\/07\/scheda-airport-wifi-bluetooth-imac-a1418-a1419-2012-2013-usato.png","contentUrl":"https:\/\/tipicino.ch\/apfelspare\/wp-content\/uploads\/2025\/07\/scheda-airport-wifi-bluetooth-imac-a1418-a1419-2012-2013-usato.png","width":1000,"height":1000,"caption":"Scheda Airport Wi-Fi + Bluetooth iMac A1418 A1419 (Late 2012 \u2013 Early 2013) \u2013 USATO"},{"@type":"BreadcrumbList","@id":"https:\/\/tipicino.ch\/apfelspare\/fr\/prodotto\/scheda-airport-wifi-bluetooth-imac-a1418-a1419-2012-2013-usato\/#breadcrumb","itemListElement":[{"@type":"ListItem","position":1,"name":"Home","item":"https:\/\/tipicino.ch\/apfelspare\/fr\/"},{"@type":"ListItem","position":2,"name":"Shop","item":"https:\/\/tipicino.ch\/apfelspare\/fr\/shop\/"},{"@type":"ListItem","position":3,"name":"Scheda Airport Wi-Fi + Bluetooth iMac 21.5&#8243; 27&#8243; A1418 A1419 (Late 2012 \u2013 Early 2013) \u2013 RICONDIZIONATO"}]},{"@type":"WebSite","@id":"https:\/\/tipicino.ch\/apfelspare\/fr\/#website","url":"https:\/\/tipicino.ch\/apfelspare\/fr\/","name":"Pi\u00e8ces d\u00e9tach\u00e9es MacBook Pro, MacBook Air et iMac en Suisse \u2013 \u00c9crans, Claviers, Batteries, Trackpads","description":"","publisher":{"@id":"https:\/\/tipicino.ch\/apfelspare\/fr\/#organization"},"potentialAction":[{"@type":"SearchAction","target":{"@type":"EntryPoint","urlTemplate":"https:\/\/tipicino.ch\/apfelspare\/fr\/?s={search_term_string}"},"query-input":{"@type":"PropertyValueSpecification","valueRequired":true,"valueName":"search_term_string"}}],"inLanguage":"fr-CH"},{"@type":"Organization","@id":"https:\/\/tipicino.ch\/apfelspare\/fr\/#organization","name":"tipicino.ch\/apfelspare","url":"https:\/\/tipicino.ch\/apfelspare\/fr\/","logo":{"@type":"ImageObject","inLanguage":"fr-CH","@id":"https:\/\/tipicino.ch\/apfelspare\/fr\/#\/schema\/logo\/image\/","url":"https:\/\/tipicino.ch\/apfelspare\/wp-content\/uploads\/2025\/08\/cropped-FAVICON-tipicino.ch\/apfelspare_.png","contentUrl":"https:\/\/tipicino.ch\/apfelspare\/wp-content\/uploads\/2025\/08\/cropped-FAVICON-tipicino.ch\/apfelspare_.png","width":512,"height":512,"caption":"tipicino.ch\/apfelspare"},"image":{"@id":"https:\/\/tipicino.ch\/apfelspare\/fr\/#\/schema\/logo\/image\/"}}]}},"_links":{"self":[{"href":"https:\/\/tipicino.ch\/apfelspare\/fr\/wp-json\/wp\/v2\/product\/15985","targetHints":{"allow":["GET"]}}],"collection":[{"href":"https:\/\/tipicino.ch\/apfelspare\/fr\/wp-json\/wp\/v2\/product"}],"about":[{"href":"https:\/\/tipicino.ch\/apfelspare\/fr\/wp-json\/wp\/v2\/types\/product"}],"replies":[{"embeddable":true,"href":"https:\/\/tipicino.ch\/apfelspare\/fr\/wp-json\/wp\/v2\/comments?post=15985"}],"wp:featuredmedia":[{"embeddable":true,"href":"https:\/\/tipicino.ch\/apfelspare\/fr\/wp-json\/wp\/v2\/media\/15986"}],"wp:attachment":[{"href":"https:\/\/tipicino.ch\/apfelspare\/fr\/wp-json\/wp\/v2\/media?parent=15985"}],"wp:term":[{"taxonomy":"product_brand","embeddable":true,"href":"https:\/\/tipicino.ch\/apfelspare\/fr\/wp-json\/wp\/v2\/product_brand?post=15985"},{"taxonomy":"product_cat","embeddable":true,"href":"https:\/\/tipicino.ch\/apfelspare\/fr\/wp-json\/wp\/v2\/product_cat?post=15985"},{"taxonomy":"product_tag","embeddable":true,"href":"https:\/\/tipicino.ch\/apfelspare\/fr\/wp-json\/wp\/v2\/product_tag?post=15985"}],"curies":[{"name":"wp","href":"https:\/\/api.w.org\/{rel}","templated":true}]}}