{"id":16379,"date":"2025-07-10T07:57:44","date_gmt":"2025-07-10T07:57:44","guid":{"rendered":"https:\/\/tipicino.ch\/apfelspare\/?post_type=product&#038;p=16379"},"modified":"2026-02-14T18:12:24","modified_gmt":"2026-02-14T18:12:24","slug":"carte-logique-imac-21-5-a1418-fin-2015-2k","status":"publish","type":"product","link":"https:\/\/tipicino.ch\/apfelspare\/fr\/prodotto\/scheda-logica-imac-21-5-a1418-late-2015-2k\/","title":{"rendered":"Carte Logique pour iMac 21,5\" A1418 (Late 2015 2K)"},"content":{"rendered":"<div class=\"aps-pdp\">\n<section class=\"aps-card\">\n<header class=\"aps-card__head\">\n<h2 class=\"aps-h\">Carte Logique pour iMac 21,5\" A1418 (Late 2015 2K)<\/h2>\n<p class=\"aps-sub\">Composant d'origine test\u00e9 avec CPU i5 2,8 GHz. Dissipateur exclus.<\/p>\n<\/header>\n<p>\n      Si votre iMac 21,5 pouces de 2015 (version 2K) devait pr\u00e9senter des sympt\u00f4mes tels que le blocage du syst\u00e8me au d\u00e9marrage, des erreurs sur la RAM int\u00e9gr\u00e9e ou s'il ne donnait plus aucun signe de vie, le remplacement de la carte m\u00e8re pourrait \u00eatre la solution appropri\u00e9e. Des pannes de ce type pourraient d\u00e9pendre d'une usure \u00e9lectrique ou de d\u00e9fauts des composants soud\u00e9s ; dans ces cas, l'installation d'une pi\u00e8ce de rechange d'origine d\u00e9j\u00e0 v\u00e9rifi\u00e9e sur banc d'essai devrait vous permettre de restaurer la pleine op\u00e9rationnalit\u00e9 de l'ordinateur. Ce choix pourrait \u00eatre id\u00e9al pour ne pas avoir \u00e0 mettre au rebut un ordinateur de bureau encore tr\u00e8s performant pour les activit\u00e9s quotidiennes.\n    <\/p>\n<p class=\"aps-note\">\n      <span class=\"aps-note__ico\">!<\/span><br \/>\n      <span class=\"aps-note__txt\"><strong>Attention:<\/strong> Cette carte est sp\u00e9cifique \u00e0 la variante 2K de l'identifiant iMac16,2. Elle ne serait pas compatible avec la version 4K (iMac16,2) ni avec le mod\u00e8le iMac16,1.<\/span>\n    <\/p>\n<\/section>\n<section class=\"aps-card\">\n<header class=\"aps-card__head\">\n<h2 class=\"aps-h\">Mod\u00e8le compatible<\/h2>\n<p class=\"aps-sub\">V\u00e9rifiez l'identifiant du mod\u00e8le avant l'achat.<\/p>\n<\/header>\n<ul class=\"aps-check\">\n<li><strong>iMac 21.5\" A1418 (Late 2015 2K)<\/strong> <span class=\"aps-badge\">iMac16.2<\/span><\/li>\n<\/ul>\n<\/section>\n<section class=\"aps-card\">\n<header class=\"aps-card__head\">\n<h2 class=\"aps-h\">Configuration technique<\/h2>\n<p class=\"aps-sub\">Sp\u00e9cifications du module logique et variantes disponibles.<\/p>\n<\/header>\n<div style=\"border: 1px solid #ddd; padding: 15px; border-radius: 8px;\">\n<p><strong>MK442LL\/A<\/strong><\/p>\n<div class=\"aps-specgrid\">\n<div class=\"aps-spec\">\n<div><span>Processeur<\/span><strong>Intel Core i5 2.8GHz<\/strong><\/div>\n<\/div>\n<div class=\"aps-spec\">\n<div><span>RAM<\/span><strong>8Go \/ 16Go (int\u00e9gr\u00e9)<\/strong><\/div>\n<\/div>\n<div class=\"aps-spec\">\n<div><span>Connecteur PCIe<\/span><strong>Absent<\/strong><\/div>\n<\/div>\n<div class=\"aps-spec\">\n<div><span>Part Number<\/span><strong>820-00431-A<\/strong><\/div>\n<\/div>\n<div class=\"aps-spec\">\n<div><span>\u00c9tat<\/span><strong>D\u2019reconditionn\u00e9 et test\u00e9e<\/strong><\/div>\n<\/div>\n<div class=\"aps-spec\">\n<div><span>Configuration<\/span><strong>Plusieurs variantes disponibles<\/strong><\/div>\n<\/div><\/div>\n<\/p><\/div>\n<p style=\"margin-top:15px; font-size: 0.85em; color: #555;\">\n      * Note : L\u2019unit\u00e9 de dissipation n'est pas incluse. Pi\u00e8ce de rechange compatible uniquement avec le ch\u00e2ssis A1418 et la configuration d'\u00e9cran 2K.\n    <\/p>\n<\/section>\n<section class=\"aps-card aps-callout aps-callout--warn\">\n<header class=\"aps-card__head\">\n<h2 class=\"aps-h\">Installation et avertissements<\/h2>\n<p class=\"aps-sub\">L\u2019intervention d\u2019un technicien qualifi\u00e9 est recommand\u00e9e.<\/p>\n<\/header>\n<p>\n      Le remplacement de la carte logique sur cet iMac impliquerait le d\u00e9collage de l'\u00e9cran et le retrait de composants internes tr\u00e8s fragiles. Pour ne pas risquer d'endommager l'\u00e9cran ou les connecteurs sensibles, il conviendrait que l'intervention soit effectu\u00e9e par un technicien exp\u00e9riment\u00e9. La pi\u00e8ce de rechange est fournie pr\u00eate pour l'installation.\n    <\/p>\n<\/section>\n<section class=\"aps-card aps-callout aps-callout--info\">\n<header class=\"aps-card__head\">\n<h2 class=\"aps-h\">Doutes sur la compatibilit\u00e9 ?<\/h2>\n<p class=\"aps-sub\">Nous vous aidons \u00e0 identifier la bonne carte.<\/p>\n<\/header>\n<div class=\"aps-cta\">\n      <a class=\"aps-btn\" href=\"mailto:info@apfelspare.ch\">info@apfelspare.ch<\/a><br \/>\n      <span class=\"aps-cta__hint\">Envoyez-nous le num\u00e9ro de s\u00e9rie de votre iMac pour une v\u00e9rification instantan\u00e9e.<\/span>\n    <\/div>\n<\/section>\n<\/div>","protected":false},"excerpt":{"rendered":"<p>Carte logique iMac 21,5 pouces A1418 (Late 2015 2K) avec i5 2,8 GHz et RAM int\u00e9gr\u00e9e. Dissipateur thermique non inclus. Non compatible avec la version 4K. Livraison gratuite en Suisse.<\/p>","protected":false},"featured_media":16378,"comment_status":"closed","ping_status":"closed","template":"","meta":{"_acf_changed":false,"_et_pb_use_builder":"","_et_pb_old_content":"","_et_gb_content_width":""},"product_brand":[],"product_cat":[181,154,22,19],"product_tag":[],"class_list":{"0":"post-16379","1":"product","2":"type-product","3":"status-publish","4":"has-post-thumbnail","6":"product_cat-schede-logiche","7":"product_cat-imac-21-5-late-2015-a1418","8":"product_cat-category-imac","9":"product_cat-parti-ricambio-seconda-mano","11":"first","12":"onbackorder","13":"shipping-taxable","14":"purchasable","15":"product-type-variable"},"acf":[],"yoast_head":"<!-- This site is optimized with the Yoast SEO plugin v27.4 - https:\/\/yoast.com\/product\/yoast-seo-wordpress\/ -->\n<title>Scheda logica i5 2.8GHz iMac 21.5&quot; A1418 (Late 2015 2K)<\/title>\n<meta name=\"description\" content=\"Scheda logica iMac 21.5&quot; A1418 (Late 2015 2K) con i5 2.8GHz e RAM integrata. Dissipatore non incluso. Spedizioni gratuite in Svizzera\" \/>\n<meta name=\"robots\" content=\"index, follow, max-snippet:-1, max-image-preview:large, max-video-preview:-1\" \/>\n<link rel=\"canonical\" href=\"https:\/\/tipicino.ch\/apfelspare\/fr\/produit\/carte-logique-imac-21-5-a1418-fin-2015-2k\/\" \/>\n<meta property=\"og:locale\" content=\"fr_FR\" \/>\n<meta property=\"og:type\" content=\"article\" \/>\n<meta property=\"og:title\" content=\"Scheda logica i5 2.8GHz iMac 21.5&quot; A1418 (Late 2015 2K)\" \/>\n<meta property=\"og:description\" content=\"Scheda logica iMac 21.5&quot; A1418 (Late 2015 2K) con i5 2.8GHz e RAM integrata. Dissipatore non incluso. Spedizioni gratuite in Svizzera\" \/>\n<meta property=\"og:url\" content=\"https:\/\/tipicino.ch\/apfelspare\/fr\/produit\/carte-logique-imac-21-5-a1418-fin-2015-2k\/\" \/>\n<meta property=\"og:site_name\" content=\"Ricambi MacBook Pro, MacBook Air e iMac in Svizzera \u2013 Display, Tastiere, Batterie, Trackpad\" \/>\n<meta property=\"article:modified_time\" content=\"2026-02-14T18:12:24+00:00\" \/>\n<meta property=\"og:image\" content=\"https:\/\/tipicino.ch\/apfelspare\/wp-content\/uploads\/2025\/07\/iMac-A1418-Late2015-2K.png\" \/>\n\t<meta property=\"og:image:width\" content=\"1000\" \/>\n\t<meta property=\"og:image:height\" content=\"1000\" \/>\n\t<meta property=\"og:image:type\" content=\"image\/png\" \/>\n<meta name=\"twitter:card\" content=\"summary_large_image\" \/>\n<meta name=\"twitter:label1\" content=\"Dur\u00e9e de lecture estim\u00e9e\" \/>\n\t<meta name=\"twitter:data1\" content=\"2 minutes\" \/>\n<!-- \/ Yoast SEO plugin. -->","yoast_head_json":{"title":"Carte Logique pour iMac 21,5\" A1418 (Late 2015 2K)","description":"Carte logique iMac 21,5\" A1418 (Late 2015 2K) avec i5 2,8 GHz et RAM int\u00e9gr\u00e9e. Dissipateur thermique non inclus. Livraison gratuite en Suisse.","robots":{"index":"index","follow":"follow","max-snippet":"max-snippet:-1","max-image-preview":"max-image-preview:large","max-video-preview":"max-video-preview:-1"},"canonical":"https:\/\/tipicino.ch\/apfelspare\/fr\/produit\/carte-logique-imac-21-5-a1418-fin-2015-2k\/","og_locale":"fr_FR","og_type":"article","og_title":"Scheda logica i5 2.8GHz iMac 21.5\" A1418 (Late 2015 2K)","og_description":"Scheda logica iMac 21.5\" A1418 (Late 2015 2K) con i5 2.8GHz e RAM integrata. Dissipatore non incluso. Spedizioni gratuite in Svizzera","og_url":"https:\/\/tipicino.ch\/apfelspare\/fr\/produit\/carte-logique-imac-21-5-a1418-fin-2015-2k\/","og_site_name":"Ricambi MacBook Pro, MacBook Air e iMac in Svizzera \u2013 Display, Tastiere, Batterie, Trackpad","article_modified_time":"2026-02-14T18:12:24+00:00","og_image":[{"width":1000,"height":1000,"url":"https:\/\/tipicino.ch\/apfelspare\/wp-content\/uploads\/2025\/07\/iMac-A1418-Late2015-2K.png","type":"image\/png"}],"twitter_card":"summary_large_image","twitter_misc":{"Dur\u00e9e de lecture estim\u00e9e":"2 minutes"},"schema":{"@context":"https:\/\/schema.org","@graph":[{"@type":"WebPage","@id":"https:\/\/tipicino.ch\/apfelspare\/fr\/prodotto\/scheda-logica-imac-21-5-a1418-late-2015-2k\/","url":"https:\/\/tipicino.ch\/apfelspare\/fr\/prodotto\/scheda-logica-imac-21-5-a1418-late-2015-2k\/","name":"Carte Logique pour iMac 21,5\" A1418 (Late 2015 2K)","isPartOf":{"@id":"https:\/\/tipicino.ch\/apfelspare\/fr\/#website"},"primaryImageOfPage":{"@id":"https:\/\/tipicino.ch\/apfelspare\/fr\/prodotto\/scheda-logica-imac-21-5-a1418-late-2015-2k\/#primaryimage"},"image":{"@id":"https:\/\/tipicino.ch\/apfelspare\/fr\/prodotto\/scheda-logica-imac-21-5-a1418-late-2015-2k\/#primaryimage"},"thumbnailUrl":"https:\/\/tipicino.ch\/apfelspare\/wp-content\/uploads\/2025\/07\/iMac-A1418-Late2015-2K.png","datePublished":"2025-07-10T07:57:44+00:00","dateModified":"2026-02-14T18:12:24+00:00","description":"Carte logique iMac 21,5\" A1418 (Late 2015 2K) avec i5 2,8 GHz et RAM int\u00e9gr\u00e9e. Dissipateur thermique non inclus. Livraison gratuite en Suisse.","breadcrumb":{"@id":"https:\/\/tipicino.ch\/apfelspare\/fr\/prodotto\/scheda-logica-imac-21-5-a1418-late-2015-2k\/#breadcrumb"},"inLanguage":"fr-CH","potentialAction":[{"@type":"ReadAction","target":["https:\/\/tipicino.ch\/apfelspare\/fr\/prodotto\/scheda-logica-imac-21-5-a1418-late-2015-2k\/"]}]},{"@type":"ImageObject","inLanguage":"fr-CH","@id":"https:\/\/tipicino.ch\/apfelspare\/fr\/prodotto\/scheda-logica-imac-21-5-a1418-late-2015-2k\/#primaryimage","url":"https:\/\/tipicino.ch\/apfelspare\/wp-content\/uploads\/2025\/07\/iMac-A1418-Late2015-2K.png","contentUrl":"https:\/\/tipicino.ch\/apfelspare\/wp-content\/uploads\/2025\/07\/iMac-A1418-Late2015-2K.png","width":1000,"height":1000,"caption":"iMac 21.5\" A1418 Late 2015 2K"},{"@type":"BreadcrumbList","@id":"https:\/\/tipicino.ch\/apfelspare\/fr\/prodotto\/scheda-logica-imac-21-5-a1418-late-2015-2k\/#breadcrumb","itemListElement":[{"@type":"ListItem","position":1,"name":"Home","item":"https:\/\/tipicino.ch\/apfelspare\/fr\/"},{"@type":"ListItem","position":2,"name":"Shop","item":"https:\/\/tipicino.ch\/apfelspare\/fr\/shop\/"},{"@type":"ListItem","position":3,"name":"Scheda logica per iMac 21.5&#8243; A1418 (Late 2015 2K)"}]},{"@type":"WebSite","@id":"https:\/\/tipicino.ch\/apfelspare\/fr\/#website","url":"https:\/\/tipicino.ch\/apfelspare\/fr\/","name":"Pi\u00e8ces d\u00e9tach\u00e9es MacBook Pro, MacBook Air et iMac en Suisse \u2013 \u00c9crans, Claviers, Batteries, Trackpads","description":"","publisher":{"@id":"https:\/\/tipicino.ch\/apfelspare\/fr\/#organization"},"potentialAction":[{"@type":"SearchAction","target":{"@type":"EntryPoint","urlTemplate":"https:\/\/tipicino.ch\/apfelspare\/fr\/?s={search_term_string}"},"query-input":{"@type":"PropertyValueSpecification","valueRequired":true,"valueName":"search_term_string"}}],"inLanguage":"fr-CH"},{"@type":"Organization","@id":"https:\/\/tipicino.ch\/apfelspare\/fr\/#organization","name":"tipicino.ch\/apfelspare","url":"https:\/\/tipicino.ch\/apfelspare\/fr\/","logo":{"@type":"ImageObject","inLanguage":"fr-CH","@id":"https:\/\/tipicino.ch\/apfelspare\/fr\/#\/schema\/logo\/image\/","url":"https:\/\/tipicino.ch\/apfelspare\/wp-content\/uploads\/2025\/08\/cropped-FAVICON-tipicino.ch\/apfelspare_.png","contentUrl":"https:\/\/tipicino.ch\/apfelspare\/wp-content\/uploads\/2025\/08\/cropped-FAVICON-tipicino.ch\/apfelspare_.png","width":512,"height":512,"caption":"tipicino.ch\/apfelspare"},"image":{"@id":"https:\/\/tipicino.ch\/apfelspare\/fr\/#\/schema\/logo\/image\/"}}]}},"_links":{"self":[{"href":"https:\/\/tipicino.ch\/apfelspare\/fr\/wp-json\/wp\/v2\/product\/16379","targetHints":{"allow":["GET"]}}],"collection":[{"href":"https:\/\/tipicino.ch\/apfelspare\/fr\/wp-json\/wp\/v2\/product"}],"about":[{"href":"https:\/\/tipicino.ch\/apfelspare\/fr\/wp-json\/wp\/v2\/types\/product"}],"replies":[{"embeddable":true,"href":"https:\/\/tipicino.ch\/apfelspare\/fr\/wp-json\/wp\/v2\/comments?post=16379"}],"wp:featuredmedia":[{"embeddable":true,"href":"https:\/\/tipicino.ch\/apfelspare\/fr\/wp-json\/wp\/v2\/media\/16378"}],"wp:attachment":[{"href":"https:\/\/tipicino.ch\/apfelspare\/fr\/wp-json\/wp\/v2\/media?parent=16379"}],"wp:term":[{"taxonomy":"product_brand","embeddable":true,"href":"https:\/\/tipicino.ch\/apfelspare\/fr\/wp-json\/wp\/v2\/product_brand?post=16379"},{"taxonomy":"product_cat","embeddable":true,"href":"https:\/\/tipicino.ch\/apfelspare\/fr\/wp-json\/wp\/v2\/product_cat?post=16379"},{"taxonomy":"product_tag","embeddable":true,"href":"https:\/\/tipicino.ch\/apfelspare\/fr\/wp-json\/wp\/v2\/product_tag?post=16379"}],"curies":[{"name":"wp","href":"https:\/\/api.w.org\/{rel}","templated":true}]}}