{"id":16380,"date":"2025-07-10T08:08:59","date_gmt":"2025-07-10T08:08:59","guid":{"rendered":"https:\/\/tipicino.ch\/apfelspare\/?post_type=product&#038;p=16380"},"modified":"2026-02-14T18:09:12","modified_gmt":"2026-02-14T18:09:12","slug":"carte-logique-i5-1-6ghz-8gb-imac-21-5-a1418-late-2015-2k-mk142ll-a","status":"publish","type":"product","link":"https:\/\/tipicino.ch\/apfelspare\/fr\/prodotto\/scheda-logica-i5-1-6ghz-8gb-imac-21-5-a1418-late-2015-2k-mk142ll-a\/","title":{"rendered":"Carte Logique i5 1.6GHz 8 Go pour iMac 21.5\u2033 A1418 (Late 2015 2K) - MK142LL\/A"},"content":{"rendered":"<div class=\"aps-pdp\">\n<section class=\"aps-card\">\n<header class=\"aps-card__head\">\n<h2 class=\"aps-h\">Carte Logique pour iMac 21,5\" A1418 (Late 2015 2K)<\/h2>\n<p class=\"aps-sub\">Composant d'origine avec CPU i5 et 8 Go de RAM int\u00e9gr\u00e9s. Dissipateur exclus.<\/p>\n<\/header>\n<p>\n      Au cas o\u00f9 votre iMac 2K de 2015 pr\u00e9senterait des signes d'instabilit\u00e9, des bips sonores au d\u00e9marrage (typiques de pannes de la RAM soud\u00e9e) ou s'il ne s'allumait plus du tout, le remplacement de la carte m\u00e8re pourrait \u00eatre la solution n\u00e9cessaire. Des probl\u00e8mes similaires pourraient d\u00e9couler de d\u00e9fauts des composants int\u00e9gr\u00e9s ou de surtensions \u00e9lectriques ; dans ces situations, le montage d'une pi\u00e8ce de rechange d\u00e9j\u00e0 v\u00e9rifi\u00e9e sur banc d'essai devrait vous permettre de restaurer le bon fonctionnement de l'appareil. Ce choix pourrait \u00eatre id\u00e9al pour redonner vie \u00e0 un ordinateur de bureau encore tr\u00e8s valable pour le bureau et les \u00e9tudes.\n    <\/p>\n<p class=\"aps-note\">\n      <span class=\"aps-note__ico\">!<\/span><br \/>\n      <span class=\"aps-note__txt\"><strong>Attention:<\/strong> Ceci est la version pour \u00e9cran 2K. Elle ne serait pas compatible avec les mod\u00e8les 4K (iMac16,2) ou avec d'autres variantes de l'identifiant iMac16,2.<\/span>\n    <\/p>\n<\/section>\n<section class=\"aps-card\">\n<header class=\"aps-card__head\">\n<h2 class=\"aps-h\">Mod\u00e8le compatible<\/h2>\n<p class=\"aps-sub\">V\u00e9rifiez l'identifiant du mod\u00e8le avant l'achat.<\/p>\n<\/header>\n<ul class=\"aps-check\">\n<li><strong>iMac 21.5\" A1418 (Late 2015 2K)<\/strong> <span class=\"aps-badge\">iMac16.1<\/span><\/li>\n<\/ul>\n<\/section>\n<section class=\"aps-card\">\n<header class=\"aps-card__head\">\n<h2 class=\"aps-h\">Configuration technique<\/h2>\n<p class=\"aps-sub\">D\u00e9tails sp\u00e9cifiques du module logique.<\/p>\n<\/header>\n<div style=\"border: 1px solid #ddd; padding: 15px; border-radius: 8px;\">\n<p><strong>MK142LL\/A<\/strong><\/p>\n<div class=\"aps-specgrid\">\n<div class=\"aps-spec\">\n<div><span>Processeur<\/span><strong>Intel Core i5 1,6 GHz<\/strong><\/div>\n<\/div>\n<div class=\"aps-spec\">\n<div><span>RAM<\/span><strong>8 Go (Int\u00e9gr\u00e9e)<\/strong><\/div>\n<\/div>\n<div class=\"aps-spec\">\n<div><span>Connecteur PCIe<\/span><strong>Absent<\/strong><\/div>\n<\/div>\n<div class=\"aps-spec\">\n<div><span>Part Number<\/span><strong>820-00430-A<\/strong><\/div>\n<\/div>\n<div class=\"aps-spec\">\n<div><span>\u00c9tat<\/span><strong>D\u2019reconditionn\u00e9 et test\u00e9e<\/strong><\/div>\n<\/div>\n<div class=\"aps-spec\">\n<div><span>Configuration<\/span><strong>Plusieurs variantes disponibles<\/strong><\/div>\n<\/div><\/div>\n<\/p><\/div>\n<p style=\"margin-top:15px; font-size: 0.85em; color: #555;\">\n      * Note : L\u2019unit\u00e9 de dissipation n'est pas incluse et doit \u00eatre r\u00e9cup\u00e9r\u00e9e sur l'ancienne carte m\u00e8re.\n    <\/p>\n<\/section>\n<section class=\"aps-card aps-callout aps-callout--warn\">\n<header class=\"aps-card__head\">\n<h2 class=\"aps-h\">Installation et avertissements<\/h2>\n<p class=\"aps-sub\">L\u2019intervention d\u2019un technicien qualifi\u00e9 est recommand\u00e9e.<\/p>\n<\/header>\n<p>\n      Le remplacement de la carte logique sur cet iMac impliquerait le d\u00e9collage du panneau frontal et la manipulation de c\u00e2bles de capteurs extr\u00eamement fragiles. Pour ne pas risquer d'endommager l'\u00e9cran ou la nouvelle carte lors du montage, il conviendrait que le travail soit effectu\u00e9 par un personnel expert. La pi\u00e8ce de rechange est fournie pr\u00eate pour l'installation.\n    <\/p>\n<\/section>\n<section class=\"aps-card aps-callout aps-callout--info\">\n<header class=\"aps-card__head\">\n<h2 class=\"aps-h\">Doutes sur la compatibilit\u00e9 ?<\/h2>\n<p class=\"aps-sub\">Nous vous aidons \u00e0 v\u00e9rifier le mod\u00e8le correct.<\/p>\n<\/header>\n<div class=\"aps-cta\">\n      <a class=\"aps-btn\" href=\"mailto:info@apfelspare.ch\">info@apfelspare.ch<\/a><br \/>\n      <span class=\"aps-cta__hint\">Envoyez-nous le num\u00e9ro de s\u00e9rie de votre iMac pour une confirmation imm\u00e9diate.<\/span>\n    <\/div>\n<\/section>\n<\/div>","protected":false},"excerpt":{"rendered":"<p>Carte Logique iMac 21.5\u2033 A1418 (Late 2015 2K) avec i5 1.6GHz et 8 Go RAM int\u00e9gr\u00e9. Non compatible avec les versions iMac 16.2 4K et 2K. Livraison gratuite en Suisse.<\/p>","protected":false},"featured_media":16381,"comment_status":"closed","ping_status":"closed","template":"","meta":{"_acf_changed":false,"_et_pb_use_builder":"","_et_pb_old_content":"","_et_gb_content_width":""},"product_brand":[],"product_cat":[181,154,22,19],"product_tag":[],"class_list":{"0":"post-16380","1":"product","2":"type-product","3":"status-publish","4":"has-post-thumbnail","6":"product_cat-schede-logiche","7":"product_cat-imac-21-5-late-2015-a1418","8":"product_cat-category-imac","9":"product_cat-parti-ricambio-seconda-mano","11":"first","12":"onbackorder","13":"shipping-taxable","14":"purchasable","15":"product-type-simple"},"acf":[],"yoast_head":"<!-- This site is optimized with the Yoast SEO plugin v27.4 - https:\/\/yoast.com\/product\/yoast-seo-wordpress\/ -->\n<title>Scheda logica i5 1.6GHz 8GB iMac 21.5&quot; A1418 (Late 2015 2K) \u2013 MK142LL\/A<\/title>\n<meta name=\"description\" content=\"Scheda logica iMac 21.5&quot; A1418 (Late 2015 2K) con i5 1.6GHz e 8GB RAM integrata. Non compatibile con versioni 4K e 2K iMac16.2. Spedizioni gratuite in Svizzera\" \/>\n<meta name=\"robots\" content=\"index, follow, max-snippet:-1, max-image-preview:large, max-video-preview:-1\" \/>\n<link rel=\"canonical\" href=\"https:\/\/tipicino.ch\/apfelspare\/fr\/produit\/carte-logique-i5-1-6ghz-8gb-imac-21-5-a1418-late-2015-2k-mk142ll-a\/\" \/>\n<meta property=\"og:locale\" content=\"fr_FR\" \/>\n<meta property=\"og:type\" content=\"article\" \/>\n<meta property=\"og:title\" content=\"Scheda logica i5 1.6GHz 8GB iMac 21.5&quot; A1418 (Late 2015 2K) \u2013 MK142LL\/A\" \/>\n<meta property=\"og:description\" content=\"Scheda logica iMac 21.5&quot; A1418 (Late 2015 2K) con i5 1.6GHz e 8GB RAM integrata. Non compatibile con versioni 4K e 2K iMac16.2. Spedizioni gratuite in Svizzera\" \/>\n<meta property=\"og:url\" content=\"https:\/\/tipicino.ch\/apfelspare\/fr\/produit\/carte-logique-i5-1-6ghz-8gb-imac-21-5-a1418-late-2015-2k-mk142ll-a\/\" \/>\n<meta property=\"og:site_name\" content=\"Ricambi MacBook Pro, MacBook Air e iMac in Svizzera \u2013 Display, Tastiere, Batterie, Trackpad\" \/>\n<meta property=\"article:modified_time\" content=\"2026-02-14T18:09:12+00:00\" \/>\n<meta property=\"og:image\" content=\"https:\/\/tipicino.ch\/apfelspare\/wp-content\/uploads\/2025\/07\/iMac-A1418-Late2015-2K-16.1.png\" \/>\n\t<meta property=\"og:image:width\" content=\"1000\" \/>\n\t<meta property=\"og:image:height\" content=\"1000\" \/>\n\t<meta property=\"og:image:type\" content=\"image\/png\" \/>\n<meta name=\"twitter:card\" content=\"summary_large_image\" \/>\n<meta name=\"twitter:label1\" content=\"Dur\u00e9e de lecture estim\u00e9e\" \/>\n\t<meta name=\"twitter:data1\" content=\"2 minutes\" \/>\n<!-- \/ Yoast SEO plugin. -->","yoast_head_json":{"title":"Carte Logique i5 1.6GHz 8 Go pour iMac 21.5\u2033 A1418 (Late 2015 2K) - MK142LL\/A","description":"Carte Logique iMac 21.5\" A1418 (Late 2015 2K) avec i5 1.6GHz et 8 Go RAM int\u00e9gr\u00e9. Non compatible avec les versions 4K et 2K de l'iMac 16.2. Livraison gratuite en Suisse.","robots":{"index":"index","follow":"follow","max-snippet":"max-snippet:-1","max-image-preview":"max-image-preview:large","max-video-preview":"max-video-preview:-1"},"canonical":"https:\/\/tipicino.ch\/apfelspare\/fr\/produit\/carte-logique-i5-1-6ghz-8gb-imac-21-5-a1418-late-2015-2k-mk142ll-a\/","og_locale":"fr_FR","og_type":"article","og_title":"Scheda logica i5 1.6GHz 8GB iMac 21.5\" A1418 (Late 2015 2K) \u2013 MK142LL\/A","og_description":"Scheda logica iMac 21.5\" A1418 (Late 2015 2K) con i5 1.6GHz e 8GB RAM integrata. Non compatibile con versioni 4K e 2K iMac16.2. Spedizioni gratuite in Svizzera","og_url":"https:\/\/tipicino.ch\/apfelspare\/fr\/produit\/carte-logique-i5-1-6ghz-8gb-imac-21-5-a1418-late-2015-2k-mk142ll-a\/","og_site_name":"Ricambi MacBook Pro, MacBook Air e iMac in Svizzera \u2013 Display, Tastiere, Batterie, Trackpad","article_modified_time":"2026-02-14T18:09:12+00:00","og_image":[{"width":1000,"height":1000,"url":"https:\/\/tipicino.ch\/apfelspare\/wp-content\/uploads\/2025\/07\/iMac-A1418-Late2015-2K-16.1.png","type":"image\/png"}],"twitter_card":"summary_large_image","twitter_misc":{"Dur\u00e9e de lecture estim\u00e9e":"2 minutes"},"schema":{"@context":"https:\/\/schema.org","@graph":[{"@type":"WebPage","@id":"https:\/\/tipicino.ch\/apfelspare\/fr\/prodotto\/scheda-logica-i5-1-6ghz-8gb-imac-21-5-a1418-late-2015-2k-mk142ll-a\/","url":"https:\/\/tipicino.ch\/apfelspare\/fr\/prodotto\/scheda-logica-i5-1-6ghz-8gb-imac-21-5-a1418-late-2015-2k-mk142ll-a\/","name":"Carte Logique i5 1.6GHz 8 Go pour iMac 21.5\u2033 A1418 (Late 2015 2K) - MK142LL\/A","isPartOf":{"@id":"https:\/\/tipicino.ch\/apfelspare\/fr\/#website"},"primaryImageOfPage":{"@id":"https:\/\/tipicino.ch\/apfelspare\/fr\/prodotto\/scheda-logica-i5-1-6ghz-8gb-imac-21-5-a1418-late-2015-2k-mk142ll-a\/#primaryimage"},"image":{"@id":"https:\/\/tipicino.ch\/apfelspare\/fr\/prodotto\/scheda-logica-i5-1-6ghz-8gb-imac-21-5-a1418-late-2015-2k-mk142ll-a\/#primaryimage"},"thumbnailUrl":"https:\/\/tipicino.ch\/apfelspare\/wp-content\/uploads\/2025\/07\/iMac-A1418-Late2015-2K-16.1.png","datePublished":"2025-07-10T08:08:59+00:00","dateModified":"2026-02-14T18:09:12+00:00","description":"Carte Logique iMac 21.5\" A1418 (Late 2015 2K) avec i5 1.6GHz et 8 Go RAM int\u00e9gr\u00e9. Non compatible avec les versions 4K et 2K de l'iMac 16.2. Livraison gratuite en Suisse.","breadcrumb":{"@id":"https:\/\/tipicino.ch\/apfelspare\/fr\/prodotto\/scheda-logica-i5-1-6ghz-8gb-imac-21-5-a1418-late-2015-2k-mk142ll-a\/#breadcrumb"},"inLanguage":"fr-CH","potentialAction":[{"@type":"ReadAction","target":["https:\/\/tipicino.ch\/apfelspare\/fr\/prodotto\/scheda-logica-i5-1-6ghz-8gb-imac-21-5-a1418-late-2015-2k-mk142ll-a\/"]}]},{"@type":"ImageObject","inLanguage":"fr-CH","@id":"https:\/\/tipicino.ch\/apfelspare\/fr\/prodotto\/scheda-logica-i5-1-6ghz-8gb-imac-21-5-a1418-late-2015-2k-mk142ll-a\/#primaryimage","url":"https:\/\/tipicino.ch\/apfelspare\/wp-content\/uploads\/2025\/07\/iMac-A1418-Late2015-2K-16.1.png","contentUrl":"https:\/\/tipicino.ch\/apfelspare\/wp-content\/uploads\/2025\/07\/iMac-A1418-Late2015-2K-16.1.png","width":1000,"height":1000,"caption":"iMac 21.5\" A1418 Late 2015 2K - 16.1"},{"@type":"BreadcrumbList","@id":"https:\/\/tipicino.ch\/apfelspare\/fr\/prodotto\/scheda-logica-i5-1-6ghz-8gb-imac-21-5-a1418-late-2015-2k-mk142ll-a\/#breadcrumb","itemListElement":[{"@type":"ListItem","position":1,"name":"Home","item":"https:\/\/tipicino.ch\/apfelspare\/fr\/"},{"@type":"ListItem","position":2,"name":"Shop","item":"https:\/\/tipicino.ch\/apfelspare\/fr\/shop\/"},{"@type":"ListItem","position":3,"name":"Scheda logica i5 1.6GHz 8GB per iMac 21.5&#8243; A1418 (Late 2015 2K) \u2013 MK142LL\/A"}]},{"@type":"WebSite","@id":"https:\/\/tipicino.ch\/apfelspare\/fr\/#website","url":"https:\/\/tipicino.ch\/apfelspare\/fr\/","name":"Pi\u00e8ces d\u00e9tach\u00e9es MacBook Pro, MacBook Air et iMac en Suisse \u2013 \u00c9crans, Claviers, Batteries, Trackpads","description":"","publisher":{"@id":"https:\/\/tipicino.ch\/apfelspare\/fr\/#organization"},"potentialAction":[{"@type":"SearchAction","target":{"@type":"EntryPoint","urlTemplate":"https:\/\/tipicino.ch\/apfelspare\/fr\/?s={search_term_string}"},"query-input":{"@type":"PropertyValueSpecification","valueRequired":true,"valueName":"search_term_string"}}],"inLanguage":"fr-CH"},{"@type":"Organization","@id":"https:\/\/tipicino.ch\/apfelspare\/fr\/#organization","name":"tipicino.ch\/apfelspare","url":"https:\/\/tipicino.ch\/apfelspare\/fr\/","logo":{"@type":"ImageObject","inLanguage":"fr-CH","@id":"https:\/\/tipicino.ch\/apfelspare\/fr\/#\/schema\/logo\/image\/","url":"https:\/\/tipicino.ch\/apfelspare\/wp-content\/uploads\/2025\/08\/cropped-FAVICON-tipicino.ch\/apfelspare_.png","contentUrl":"https:\/\/tipicino.ch\/apfelspare\/wp-content\/uploads\/2025\/08\/cropped-FAVICON-tipicino.ch\/apfelspare_.png","width":512,"height":512,"caption":"tipicino.ch\/apfelspare"},"image":{"@id":"https:\/\/tipicino.ch\/apfelspare\/fr\/#\/schema\/logo\/image\/"}}]}},"_links":{"self":[{"href":"https:\/\/tipicino.ch\/apfelspare\/fr\/wp-json\/wp\/v2\/product\/16380","targetHints":{"allow":["GET"]}}],"collection":[{"href":"https:\/\/tipicino.ch\/apfelspare\/fr\/wp-json\/wp\/v2\/product"}],"about":[{"href":"https:\/\/tipicino.ch\/apfelspare\/fr\/wp-json\/wp\/v2\/types\/product"}],"replies":[{"embeddable":true,"href":"https:\/\/tipicino.ch\/apfelspare\/fr\/wp-json\/wp\/v2\/comments?post=16380"}],"wp:featuredmedia":[{"embeddable":true,"href":"https:\/\/tipicino.ch\/apfelspare\/fr\/wp-json\/wp\/v2\/media\/16381"}],"wp:attachment":[{"href":"https:\/\/tipicino.ch\/apfelspare\/fr\/wp-json\/wp\/v2\/media?parent=16380"}],"wp:term":[{"taxonomy":"product_brand","embeddable":true,"href":"https:\/\/tipicino.ch\/apfelspare\/fr\/wp-json\/wp\/v2\/product_brand?post=16380"},{"taxonomy":"product_cat","embeddable":true,"href":"https:\/\/tipicino.ch\/apfelspare\/fr\/wp-json\/wp\/v2\/product_cat?post=16380"},{"taxonomy":"product_tag","embeddable":true,"href":"https:\/\/tipicino.ch\/apfelspare\/fr\/wp-json\/wp\/v2\/product_tag?post=16380"}],"curies":[{"name":"wp","href":"https:\/\/api.w.org\/{rel}","templated":true}]}}