{"id":16541,"date":"2025-07-11T21:06:01","date_gmt":"2025-07-11T21:06:01","guid":{"rendered":"https:\/\/tipicino.ch\/apfelspare\/?post_type=product&#038;p=16541"},"modified":"2026-03-15T07:04:34","modified_gmt":"2026-03-15T07:04:34","slug":"top-case-pour-macbook-pro-13-a1708-late-2016-mid-2017-space-gray","status":"publish","type":"product","link":"https:\/\/tipicino.ch\/apfelspare\/fr\/prodotto\/top-case-per-macbook-pro-13-a1708-late-2016-mid-2017-space-gray\/","title":{"rendered":"TopCase Clavier pour MacBook Pro 13\u2033 A1708 (Late 2016 - Mid 2017) Space Gray"},"content":{"rendered":"<div class=\"aps-pdp\">\n<section class=\"aps-card\">\n<header class=\"aps-card__head\">\n<h2 class=\"aps-h\">Clavier TopCase pour MacBook Pro 13\" A1708 (Late 2016 - Mid 2017) Space Gray<\/h2>\n<p class=\"aps-sub\">Pi\u00e8ce neuve avec clavier layout CH et r\u00e9tro\u00e9clairage pr\u00e9install\u00e9.<\/p>\n<\/header>\n<p>\n      Sur les MacBook Pro 13\" sans Touch Bar, la qualit\u00e9 de la frappe est \u00e9troitement li\u00e9e \u00e0 la stabilit\u00e9 du TopCase et \u00e0 la r\u00e9ponse uniforme de l\u2019ensemble du groupe clavier. Avec le temps ou \u00e0 la suite de sollicitations, des touches au comportement incoh\u00e9rent peuvent appara\u00eetre, la course peut devenir moins pr\u00e9cise ou la surface sup\u00e9rieure ne plus transmettre une sensation de solidit\u00e9 \u00e0 l\u2019usage. Dans ces situations, le remplacement du TopCase complet permet de r\u00e9tablir un \u00e9quilibre correct entre structure, confort et fonctionnalit\u00e9. Cette Tastiera TopCase pour MacBook Pro 13\" A1708 (Late 2016 \u2013 Mid 2017), en coloris Space Gray, inclut un clavier suisse (layout CH) avec r\u00e9tro\u00e9clairage d\u00e9j\u00e0 install\u00e9 et est con\u00e7ue pour restaurer une exp\u00e9rience de frappe fiable et coh\u00e9rente. Le remplacement est destin\u00e9 exclusivement aux mod\u00e8les indiqu\u00e9s.\n    <\/p>\n<p class=\"aps-note\">\n      <span class=\"aps-note__ico\">!<\/span><br \/>\n      <span class=\"aps-note__txt\"><strong>Attention:<\/strong> Compatible uniquement avec les mod\u00e8les indiqu\u00e9s. Veuillez toujours v\u00e9rifier le mod\u00e8le et l\u2019identifiant de votre Mac avant l\u2019achat.<\/span>\n    <\/p>\n<\/section>\n<section class=\"aps-card\">\n<header class=\"aps-card__head\">\n<h2 class=\"aps-h\">Mod\u00e8les compatibles<\/h2>\n<p class=\"aps-sub\">V\u00e9rifiez l'identifiant du mod\u00e8le avant l'achat.<\/p>\n<\/header>\n<ul class=\"aps-check\">\n<li><strong>MacBook Pro 13\" A1708 (Late 2016)<\/strong> <span class=\"aps-badge\">MacBookPro13.1<\/span><\/li>\n<li><strong>MacBook Pro 13\" A1708 (Mid 2017)<\/strong> <span class=\"aps-badge\">MacBookPro14.1<\/span><\/li>\n<\/ul>\n<\/section>\n<section class=\"aps-card\">\n<header class=\"aps-card__head\">\n<h2 class=\"aps-h\">Caract\u00e9ristiques techniques<\/h2>\n<p class=\"aps-sub\">Donn\u00e9es principales de la pi\u00e8ce de rechange.<\/p>\n<\/header>\n<div class=\"aps-specgrid\">\n<div class=\"aps-spec\">\n<div><span>Type de pi\u00e8ce<\/span><strong>TopCase avec clavier<\/strong><\/div>\n<\/div>\n<div class=\"aps-spec\">\n<div><span>Disposition du clavier<\/span><strong>CH (Suisse)<\/strong><\/div>\n<\/div>\n<div class=\"aps-spec\">\n<div><span>Couleur<\/span><strong>Space Gray<\/strong><\/div>\n<\/div>\n<div class=\"aps-spec\">\n<div><span>R\u00e9tro\u00e9clairage<\/span><strong>Pr\u00e9install\u00e9e<\/strong><\/div>\n<\/div>\n<div class=\"aps-spec\">\n<div><span>\u00c9tat<\/span><strong>Neuf<\/strong><\/div>\n<\/div>\n<div class=\"aps-spec\">\n<div>\n          <span>\u00c9l\u00e9ments non inclus<\/span><br \/>\n          <strong>Batterie, haut-parleurs, trackpad, microphone, prise jack, ports USB, c\u00e2bles divers<\/strong>\n        <\/div>\n<\/p><\/div>\n<\/p><\/div>\n<\/section>\n<section class=\"aps-card aps-callout aps-callout--warn\">\n<header class=\"aps-card__head\">\n<h2 class=\"aps-h\">Installation et avertissements<\/h2>\n<p class=\"aps-sub\">L\u2019intervention d\u2019un technicien qualifi\u00e9 est recommand\u00e9e.<\/p>\n<\/header>\n<p>\n      L\u2019installation du TopCase n\u00e9cessite l\u2019ouverture compl\u00e8te de l\u2019appareil ainsi que le d\u00e9montage des composants internes reli\u00e9s au ch\u00e2ssis sup\u00e9rieur. Il est recommand\u00e9 de confier l\u2019intervention \u00e0 un technicien qualifi\u00e9 afin d\u2019\u00e9viter tout dommage \u00e0 la carte logique ou \u00e0 d\u2019autres \u00e9l\u00e9ments sensibles. Le remplacement est pr\u00eat pour l\u2019installation.\n    <\/p>\n<\/section>\n<section class=\"aps-card aps-callout aps-callout--info\">\n<header class=\"aps-card__head\">\n<h2 class=\"aps-h\">Des doutes sur la compatibilit\u00e9 de la pi\u00e8ce ?<\/h2>\n<p class=\"aps-sub\">Nous vous aidons \u00e0 v\u00e9rifier la compatibilit\u00e9 et la version.<\/p>\n<\/header>\n<div class=\"aps-cta\">\n      <a class=\"aps-btn\" href=\"mailto:info@apfelspare.ch\">info@apfelspare.ch<\/a><br \/>\n      <span class=\"aps-cta__hint\">Indiquez le mod\u00e8le Axxxx et l\u2019identifiant (par ex. MacBookPro13,1 \/ MacBookPro14,1).<\/span>\n    <\/div>\n<\/section>\n<\/div>","protected":false},"excerpt":{"rendered":"<p>Top Case MacBook Pro 13\u2033 A1708 (Late 2016 - Mid 2017) Space Gray avec clavier CH. Livraison gratuite en Suisse<\/p>","protected":false},"featured_media":16542,"comment_status":"closed","ping_status":"closed","template":"","meta":{"_acf_changed":false,"_et_pb_use_builder":"","_et_pb_old_content":"","_et_gb_content_width":""},"product_brand":[],"product_cat":[184,17,81,80],"product_tag":[],"class_list":{"0":"post-16541","1":"product","2":"type-product","3":"status-publish","4":"has-post-thumbnail","6":"product_cat-tastiere-top-case","7":"product_cat-category-macbook-pro","8":"product_cat-macbook-pro-13-mid-2017-a1708","9":"product_cat-macbook-pro-13-late-2016-a1708","11":"first","12":"onbackorder","13":"shipping-taxable","14":"purchasable","15":"product-type-simple"},"acf":[],"yoast_head":"<!-- This site is optimized with the Yoast SEO plugin v27.4 - https:\/\/yoast.com\/product\/yoast-seo-wordpress\/ -->\n<title>Tastiera TopCase MacBook Pro 13&quot; A1708 (Late 2016 \u2013 Mid 2017) Space Gray \u2013 Tastiera CH<\/title>\n<meta name=\"description\" content=\"TopCase con tastiera MacBook Pro 13&quot; A1708 (Late 2016 \u2013 Mid 2017) Space Gray con tastiera CH. Layout svizzero retroilluminato. Spedizioni gratuite in Svizzera\" \/>\n<meta name=\"robots\" content=\"index, follow, max-snippet:-1, max-image-preview:large, max-video-preview:-1\" \/>\n<link rel=\"canonical\" href=\"https:\/\/tipicino.ch\/apfelspare\/fr\/produit\/top-case-pour-macbook-pro-13-a1708-late-2016-mid-2017-space-gray\/\" \/>\n<meta property=\"og:locale\" content=\"fr_FR\" \/>\n<meta property=\"og:type\" content=\"article\" \/>\n<meta property=\"og:title\" content=\"Tastiera TopCase MacBook Pro 13&quot; A1708 (Late 2016 \u2013 Mid 2017) Space Gray \u2013 Tastiera CH\" \/>\n<meta property=\"og:description\" content=\"TopCase con tastiera MacBook Pro 13&quot; A1708 (Late 2016 \u2013 Mid 2017) Space Gray con tastiera CH. Layout svizzero retroilluminato. Spedizioni gratuite in Svizzera\" \/>\n<meta property=\"og:url\" content=\"https:\/\/tipicino.ch\/apfelspare\/fr\/produit\/top-case-pour-macbook-pro-13-a1708-late-2016-mid-2017-space-gray\/\" \/>\n<meta property=\"og:site_name\" content=\"Ricambi MacBook Pro, MacBook Air e iMac in Svizzera \u2013 Display, Tastiere, Batterie, Trackpad\" \/>\n<meta property=\"article:modified_time\" content=\"2026-03-15T07:04:34+00:00\" \/>\n<meta property=\"og:image\" content=\"https:\/\/tipicino.ch\/apfelspare\/wp-content\/uploads\/2025\/07\/top-case-macbook-pro-a1708-late2016-mid2017-space-gray.png\" \/>\n\t<meta property=\"og:image:width\" content=\"1000\" \/>\n\t<meta property=\"og:image:height\" content=\"1000\" \/>\n\t<meta property=\"og:image:type\" content=\"image\/png\" \/>\n<meta name=\"twitter:card\" content=\"summary_large_image\" \/>\n<meta name=\"twitter:label1\" content=\"Dur\u00e9e de lecture estim\u00e9e\" \/>\n\t<meta name=\"twitter:data1\" content=\"2 minutes\" \/>\n<!-- \/ Yoast SEO plugin. -->","yoast_head_json":{"title":"TopCase MacBook Pro 13\" A1708 (Late 2016 - Mid 2017) Space Gray Keyboard CH","description":"TopCase avec clavier CH pour MacBook Pro 13\" A1708 (Late 2016 \u2013 Mid 2017) Space Gray. Layout suisse avec r\u00e9tro\u00e9clairage. Livraison gratuite en Suisse","robots":{"index":"index","follow":"follow","max-snippet":"max-snippet:-1","max-image-preview":"max-image-preview:large","max-video-preview":"max-video-preview:-1"},"canonical":"https:\/\/tipicino.ch\/apfelspare\/fr\/produit\/top-case-pour-macbook-pro-13-a1708-late-2016-mid-2017-space-gray\/","og_locale":"fr_FR","og_type":"article","og_title":"Tastiera TopCase MacBook Pro 13\" A1708 (Late 2016 \u2013 Mid 2017) Space Gray \u2013 Tastiera CH","og_description":"TopCase con tastiera MacBook Pro 13\" A1708 (Late 2016 \u2013 Mid 2017) Space Gray con tastiera CH. Layout svizzero retroilluminato. Spedizioni gratuite in Svizzera","og_url":"https:\/\/tipicino.ch\/apfelspare\/fr\/produit\/top-case-pour-macbook-pro-13-a1708-late-2016-mid-2017-space-gray\/","og_site_name":"Ricambi MacBook Pro, MacBook Air e iMac in Svizzera \u2013 Display, Tastiere, Batterie, Trackpad","article_modified_time":"2026-03-15T07:04:34+00:00","og_image":[{"width":1000,"height":1000,"url":"https:\/\/tipicino.ch\/apfelspare\/wp-content\/uploads\/2025\/07\/top-case-macbook-pro-a1708-late2016-mid2017-space-gray.png","type":"image\/png"}],"twitter_card":"summary_large_image","twitter_misc":{"Dur\u00e9e de lecture estim\u00e9e":"2 minutes"},"schema":{"@context":"https:\/\/schema.org","@graph":[{"@type":"WebPage","@id":"https:\/\/tipicino.ch\/apfelspare\/fr\/prodotto\/top-case-per-macbook-pro-13-a1708-late-2016-mid-2017-space-gray\/","url":"https:\/\/tipicino.ch\/apfelspare\/fr\/prodotto\/top-case-per-macbook-pro-13-a1708-late-2016-mid-2017-space-gray\/","name":"TopCase MacBook Pro 13\" A1708 (Late 2016 - Mid 2017) Space Gray Keyboard CH","isPartOf":{"@id":"https:\/\/tipicino.ch\/apfelspare\/fr\/#website"},"primaryImageOfPage":{"@id":"https:\/\/tipicino.ch\/apfelspare\/fr\/prodotto\/top-case-per-macbook-pro-13-a1708-late-2016-mid-2017-space-gray\/#primaryimage"},"image":{"@id":"https:\/\/tipicino.ch\/apfelspare\/fr\/prodotto\/top-case-per-macbook-pro-13-a1708-late-2016-mid-2017-space-gray\/#primaryimage"},"thumbnailUrl":"https:\/\/tipicino.ch\/apfelspare\/wp-content\/uploads\/2025\/07\/top-case-macbook-pro-a1708-late2016-mid2017-space-gray.png","datePublished":"2025-07-11T21:06:01+00:00","dateModified":"2026-03-15T07:04:34+00:00","description":"TopCase avec clavier CH pour MacBook Pro 13\" A1708 (Late 2016 \u2013 Mid 2017) Space Gray. Layout suisse avec r\u00e9tro\u00e9clairage. Livraison gratuite en Suisse","breadcrumb":{"@id":"https:\/\/tipicino.ch\/apfelspare\/fr\/prodotto\/top-case-per-macbook-pro-13-a1708-late-2016-mid-2017-space-gray\/#breadcrumb"},"inLanguage":"fr-CH","potentialAction":[{"@type":"ReadAction","target":["https:\/\/tipicino.ch\/apfelspare\/fr\/prodotto\/top-case-per-macbook-pro-13-a1708-late-2016-mid-2017-space-gray\/"]}]},{"@type":"ImageObject","inLanguage":"fr-CH","@id":"https:\/\/tipicino.ch\/apfelspare\/fr\/prodotto\/top-case-per-macbook-pro-13-a1708-late-2016-mid-2017-space-gray\/#primaryimage","url":"https:\/\/tipicino.ch\/apfelspare\/wp-content\/uploads\/2025\/07\/top-case-macbook-pro-a1708-late2016-mid2017-space-gray.png","contentUrl":"https:\/\/tipicino.ch\/apfelspare\/wp-content\/uploads\/2025\/07\/top-case-macbook-pro-a1708-late2016-mid2017-space-gray.png","width":1000,"height":1000,"caption":"top case macbook pro a1708 late 2016 mid 2017 Space Gray"},{"@type":"BreadcrumbList","@id":"https:\/\/tipicino.ch\/apfelspare\/fr\/prodotto\/top-case-per-macbook-pro-13-a1708-late-2016-mid-2017-space-gray\/#breadcrumb","itemListElement":[{"@type":"ListItem","position":1,"name":"Home","item":"https:\/\/tipicino.ch\/apfelspare\/fr\/"},{"@type":"ListItem","position":2,"name":"Shop","item":"https:\/\/tipicino.ch\/apfelspare\/fr\/shop\/"},{"@type":"ListItem","position":3,"name":"Tastiera TopCase per MacBook Pro 13&#8243; A1708 (Late 2016 \u2013 Mid 2017) Space Gray"}]},{"@type":"WebSite","@id":"https:\/\/tipicino.ch\/apfelspare\/fr\/#website","url":"https:\/\/tipicino.ch\/apfelspare\/fr\/","name":"Pi\u00e8ces d\u00e9tach\u00e9es MacBook Pro, MacBook Air et iMac en Suisse \u2013 \u00c9crans, Claviers, Batteries, Trackpads","description":"","publisher":{"@id":"https:\/\/tipicino.ch\/apfelspare\/fr\/#organization"},"potentialAction":[{"@type":"SearchAction","target":{"@type":"EntryPoint","urlTemplate":"https:\/\/tipicino.ch\/apfelspare\/fr\/?s={search_term_string}"},"query-input":{"@type":"PropertyValueSpecification","valueRequired":true,"valueName":"search_term_string"}}],"inLanguage":"fr-CH"},{"@type":"Organization","@id":"https:\/\/tipicino.ch\/apfelspare\/fr\/#organization","name":"tipicino.ch\/apfelspare","url":"https:\/\/tipicino.ch\/apfelspare\/fr\/","logo":{"@type":"ImageObject","inLanguage":"fr-CH","@id":"https:\/\/tipicino.ch\/apfelspare\/fr\/#\/schema\/logo\/image\/","url":"https:\/\/tipicino.ch\/apfelspare\/wp-content\/uploads\/2025\/08\/cropped-FAVICON-tipicino.ch\/apfelspare_.png","contentUrl":"https:\/\/tipicino.ch\/apfelspare\/wp-content\/uploads\/2025\/08\/cropped-FAVICON-tipicino.ch\/apfelspare_.png","width":512,"height":512,"caption":"tipicino.ch\/apfelspare"},"image":{"@id":"https:\/\/tipicino.ch\/apfelspare\/fr\/#\/schema\/logo\/image\/"}}]}},"_links":{"self":[{"href":"https:\/\/tipicino.ch\/apfelspare\/fr\/wp-json\/wp\/v2\/product\/16541","targetHints":{"allow":["GET"]}}],"collection":[{"href":"https:\/\/tipicino.ch\/apfelspare\/fr\/wp-json\/wp\/v2\/product"}],"about":[{"href":"https:\/\/tipicino.ch\/apfelspare\/fr\/wp-json\/wp\/v2\/types\/product"}],"replies":[{"embeddable":true,"href":"https:\/\/tipicino.ch\/apfelspare\/fr\/wp-json\/wp\/v2\/comments?post=16541"}],"wp:featuredmedia":[{"embeddable":true,"href":"https:\/\/tipicino.ch\/apfelspare\/fr\/wp-json\/wp\/v2\/media\/16542"}],"wp:attachment":[{"href":"https:\/\/tipicino.ch\/apfelspare\/fr\/wp-json\/wp\/v2\/media?parent=16541"}],"wp:term":[{"taxonomy":"product_brand","embeddable":true,"href":"https:\/\/tipicino.ch\/apfelspare\/fr\/wp-json\/wp\/v2\/product_brand?post=16541"},{"taxonomy":"product_cat","embeddable":true,"href":"https:\/\/tipicino.ch\/apfelspare\/fr\/wp-json\/wp\/v2\/product_cat?post=16541"},{"taxonomy":"product_tag","embeddable":true,"href":"https:\/\/tipicino.ch\/apfelspare\/fr\/wp-json\/wp\/v2\/product_tag?post=16541"}],"curies":[{"name":"wp","href":"https:\/\/api.w.org\/{rel}","templated":true}]}}