{"id":16589,"date":"2025-07-12T08:00:34","date_gmt":"2025-07-12T08:00:34","guid":{"rendered":"https:\/\/tipicino.ch\/apfelspare\/?post_type=product&#038;p=16589"},"modified":"2026-03-15T00:30:56","modified_gmt":"2026-03-15T00:30:56","slug":"top-case-pour-macbook-pro-13-a1989-mid-2018-mid-2019-space-gray","status":"publish","type":"product","link":"https:\/\/tipicino.ch\/apfelspare\/fr\/prodotto\/top-case-per-macbook-pro-13-a1989-mid-2018-mid-2019-space-gray\/","title":{"rendered":"TopCase Clavier pour MacBook Pro 13\u2033 A1989 (Mid 2018 - Mid 2019) Space Gray"},"content":{"rendered":"<div class=\"aps-pdp\">\n<section class=\"aps-card\">\n<header class=\"aps-card__head\">\n<h2 class=\"aps-h\">TopCase avec clavier pour MacBook Pro 13\" A1989 (Mid 2018 - Mid 2019) Space Gray<\/h2>\n<p class=\"aps-sub\">Remplacement complet avec clavier layout CH, r\u00e9tro\u00e9clairage et Touch Bar incluse.<\/p>\n<\/header>\n<p>\n  Ce TopCase avec clavier pour MacBook Pro 13\" A1989 (Mid 2018 \u2013 Mid 2019), en coloris Space Gray, est con\u00e7u pour les situations o\u00f9 l\u2019ensemble sup\u00e9rieur ne garantit plus pr\u00e9cision et continuit\u00e9 dans l\u2019utilisation quotidienne. Le remplacement est indiqu\u00e9 lorsque la frappe devient peu fiable, que l\u2019interaction avec le clavier perd en uniformit\u00e9 ou que la structure sup\u00e9rieure pr\u00e9sente des affaissements dus \u00e0 l\u2019usure, \u00e0 des chocs ou \u00e0 des infiltrations alt\u00e9rant son alignement. Le remplacement comprend un clavier suisse (layout CH) avec r\u00e9tro\u00e9clairage d\u00e9j\u00e0 install\u00e9 ainsi qu\u2019une Touch Bar incluse et est destin\u00e9 exclusivement aux mod\u00e8les indiqu\u00e9s.\n<\/p>\n<p class=\"aps-note\">\n      <span class=\"aps-note__ico\">!<\/span><br \/>\n      <span class=\"aps-note__txt\"><strong>Attention:<\/strong> compatible uniquement avec les mod\u00e8les indiqu\u00e9s. V\u00e9rifiez toujours l\u2019identifiant de votre Mac avant l\u2019achat.<\/span>\n    <\/p>\n<\/section>\n<section class=\"aps-card\">\n<header class=\"aps-card__head\">\n<h2 class=\"aps-h\">Mod\u00e8les compatibles<\/h2>\n<p class=\"aps-sub\">V\u00e9rifiez l'identifiant du mod\u00e8le avant l'achat.<\/p>\n<\/header>\n<ul class=\"aps-check\">\n<li><strong>MacBook Pro 13\" A1989 (Mid 2018)<\/strong> <span class=\"aps-badge\">MacBookPro15.2<\/span><\/li>\n<li><strong>MacBook Pro 13\" A1989 (Mid 2019)<\/strong> <span class=\"aps-badge\">MacBookPro15.2<\/span><\/li>\n<\/ul>\n<\/section>\n<section class=\"aps-card\">\n<header class=\"aps-card__head\">\n<h2 class=\"aps-h\">Caract\u00e9ristiques techniques<\/h2>\n<p class=\"aps-sub\">Donn\u00e9es principales de la pi\u00e8ce de rechange.<\/p>\n<\/header>\n<div class=\"aps-specgrid\">\n<div class=\"aps-spec\">\n<div><span>Type de pi\u00e8ce<\/span><strong>TopCase avec clavier<\/strong><\/div>\n<\/div>\n<div class=\"aps-spec\">\n<div><span>Couleur<\/span><strong>Space Gray<\/strong><\/div>\n<\/div>\n<div class=\"aps-spec\">\n<div><span>Disposition du clavier<\/span><strong>CH (Suisse)<\/strong><\/div>\n<\/div>\n<div class=\"aps-spec\">\n<div><span>R\u00e9tro\u00e9clairage<\/span><strong>Pr\u00e9install\u00e9e<\/strong><\/div>\n<\/div>\n<div class=\"aps-spec\">\n<div><span>Touch Bar<\/span><strong>Inclus<\/strong><\/div>\n<\/div>\n<div class=\"aps-spec\">\n<div><span>\u00c9tat<\/span><strong>Neuf<\/strong><\/div>\n<\/div>\n<div class=\"aps-spec\">\n<div><span>\u00c9l\u00e9ments non inclus<\/span><strong>Batterie, haut-parleurs, trackpad, microphone, prise jack, ports USB, c\u00e2bles divers, Touch ID<\/strong><\/div>\n<\/div><\/div>\n<\/section>\n<section class=\"aps-card aps-callout aps-callout--warn\">\n<header class=\"aps-card__head\">\n<h2 class=\"aps-h\">Installation et avertissements<\/h2>\n<p class=\"aps-sub\">L\u2019intervention d\u2019un technicien qualifi\u00e9 est recommand\u00e9e.<\/p>\n<\/header>\n<p>\n      L\u2019installation du TopCase n\u00e9cessite l\u2019ouverture compl\u00e8te de l\u2019appareil ainsi que le d\u00e9montage des composants internes reli\u00e9s au bo\u00eetier sup\u00e9rieur. Il est recommand\u00e9 de confier l\u2019intervention \u00e0 un technicien qualifi\u00e9 afin d\u2019\u00e9viter tout dommage \u00e0 la carte logique ou \u00e0 d\u2019autres \u00e9l\u00e9ments sensibles. La pi\u00e8ce de rechange est pr\u00eate \u00e0 \u00eatre install\u00e9e.\n    <\/p>\n<\/section>\n<section class=\"aps-card aps-callout aps-callout--info\">\n<header class=\"aps-card__head\">\n<h2 class=\"aps-h\">Des doutes sur la compatibilit\u00e9 de la pi\u00e8ce ?<\/h2>\n<p class=\"aps-sub\">Nous vous aidons \u00e0 v\u00e9rifier la compatibilit\u00e9 et la version.<\/p>\n<\/header>\n<div class=\"aps-cta\">\n      <a class=\"aps-btn\" href=\"mailto:info@apfelspare.ch\">info@apfelspare.ch<\/a><br \/>\n      <span class=\"aps-cta__hint\">Indiquez le mod\u00e8le Axxxx et l\u2019identifiant (p. ex. MacBookPro15,x).<\/span>\n    <\/div>\n<\/section>\n<\/div>","protected":false},"excerpt":{"rendered":"<p>Top Case avec clavier CH pour MacBook Pro 13\u2033 A1989 (Mid 2018 - Mid 2019) Space Gray. Touch Bar inclus, Touch ID exclu. Livraison gratuite en Suisse<\/p>","protected":false},"featured_media":16590,"comment_status":"closed","ping_status":"closed","template":"","meta":{"_acf_changed":false,"_et_pb_use_builder":"","_et_pb_old_content":"","_et_gb_content_width":""},"product_brand":[],"product_cat":[184,17,75,333],"product_tag":[],"class_list":{"0":"post-16589","1":"product","2":"type-product","3":"status-publish","4":"has-post-thumbnail","6":"product_cat-tastiere-top-case","7":"product_cat-category-macbook-pro","8":"product_cat-macbook-pro-13-mid-2019-a1989","9":"product_cat-macbook-pro-13-mid-2018-a1989","11":"first","12":"outofstock","13":"shipping-taxable","14":"purchasable","15":"product-type-simple"},"acf":[],"yoast_head":"<!-- This site is optimized with the Yoast SEO plugin v27.4 - https:\/\/yoast.com\/product\/yoast-seo-wordpress\/ -->\n<title>Tastiera TopCase per MacBook Pro 13&quot; A1989 (Mid 2018 \u2013 Mid 2019) Space Gray<\/title>\n<meta name=\"description\" content=\"TopCase con tastiera CH per MacBook Pro 13&quot; A1989 (Mid 2018 \u2013 Mid 2019) Space Gray. Touch Bar compresa, Touch ID escluso. Spedizioni gratuite in Svizzera\" \/>\n<meta name=\"robots\" content=\"index, follow, max-snippet:-1, max-image-preview:large, max-video-preview:-1\" \/>\n<link rel=\"canonical\" href=\"https:\/\/tipicino.ch\/apfelspare\/fr\/produit\/top-case-pour-macbook-pro-13-a1989-mid-2018-mid-2019-space-gray\/\" \/>\n<meta property=\"og:locale\" content=\"fr_FR\" \/>\n<meta property=\"og:type\" content=\"article\" \/>\n<meta property=\"og:title\" content=\"Tastiera TopCase per MacBook Pro 13&quot; A1989 (Mid 2018 \u2013 Mid 2019) Space Gray\" \/>\n<meta property=\"og:description\" content=\"TopCase con tastiera CH per MacBook Pro 13&quot; A1989 (Mid 2018 \u2013 Mid 2019) Space Gray. Touch Bar compresa, Touch ID escluso. Spedizioni gratuite in Svizzera\" \/>\n<meta property=\"og:url\" content=\"https:\/\/tipicino.ch\/apfelspare\/fr\/produit\/top-case-pour-macbook-pro-13-a1989-mid-2018-mid-2019-space-gray\/\" \/>\n<meta property=\"og:site_name\" content=\"Ricambi MacBook Pro, MacBook Air e iMac in Svizzera \u2013 Display, Tastiere, Batterie, Trackpad\" \/>\n<meta property=\"article:modified_time\" content=\"2026-03-15T00:30:56+00:00\" \/>\n<meta property=\"og:image\" content=\"https:\/\/tipicino.ch\/apfelspare\/wp-content\/uploads\/2025\/07\/top-case-macbook-pro-a1989-mid-2018-mid-2019-space-gray.png\" \/>\n\t<meta property=\"og:image:width\" content=\"1000\" \/>\n\t<meta property=\"og:image:height\" content=\"1000\" \/>\n\t<meta property=\"og:image:type\" content=\"image\/png\" \/>\n<meta name=\"twitter:card\" content=\"summary_large_image\" \/>\n<meta name=\"twitter:label1\" content=\"Dur\u00e9e de lecture estim\u00e9e\" \/>\n\t<meta name=\"twitter:data1\" content=\"2 minutes\" \/>\n<!-- \/ Yoast SEO plugin. -->","yoast_head_json":{"title":"Clavier TopCase pour MacBook Pro 13\" A1989 (Mid 2018 - Mid 2019) Space Gray","description":"TopCase avec clavier CH pour MacBook Pro 13\" A1989 (Mid 2018 \u2013 Mid 2019) Space Gray. Touch Bar incluse, Touch ID non inclus. Livraison gratuite en Suisse","robots":{"index":"index","follow":"follow","max-snippet":"max-snippet:-1","max-image-preview":"max-image-preview:large","max-video-preview":"max-video-preview:-1"},"canonical":"https:\/\/tipicino.ch\/apfelspare\/fr\/produit\/top-case-pour-macbook-pro-13-a1989-mid-2018-mid-2019-space-gray\/","og_locale":"fr_FR","og_type":"article","og_title":"Tastiera TopCase per MacBook Pro 13\" A1989 (Mid 2018 \u2013 Mid 2019) Space Gray","og_description":"TopCase con tastiera CH per MacBook Pro 13\" A1989 (Mid 2018 \u2013 Mid 2019) Space Gray. Touch Bar compresa, Touch ID escluso. Spedizioni gratuite in Svizzera","og_url":"https:\/\/tipicino.ch\/apfelspare\/fr\/produit\/top-case-pour-macbook-pro-13-a1989-mid-2018-mid-2019-space-gray\/","og_site_name":"Ricambi MacBook Pro, MacBook Air e iMac in Svizzera \u2013 Display, Tastiere, Batterie, Trackpad","article_modified_time":"2026-03-15T00:30:56+00:00","og_image":[{"width":1000,"height":1000,"url":"https:\/\/tipicino.ch\/apfelspare\/wp-content\/uploads\/2025\/07\/top-case-macbook-pro-a1989-mid-2018-mid-2019-space-gray.png","type":"image\/png"}],"twitter_card":"summary_large_image","twitter_misc":{"Dur\u00e9e de lecture estim\u00e9e":"2 minutes"},"schema":{"@context":"https:\/\/schema.org","@graph":[{"@type":"WebPage","@id":"https:\/\/tipicino.ch\/apfelspare\/fr\/prodotto\/top-case-per-macbook-pro-13-a1989-mid-2018-mid-2019-space-gray\/","url":"https:\/\/tipicino.ch\/apfelspare\/fr\/prodotto\/top-case-per-macbook-pro-13-a1989-mid-2018-mid-2019-space-gray\/","name":"Clavier TopCase pour MacBook Pro 13\" A1989 (Mid 2018 - Mid 2019) Space Gray","isPartOf":{"@id":"https:\/\/tipicino.ch\/apfelspare\/fr\/#website"},"primaryImageOfPage":{"@id":"https:\/\/tipicino.ch\/apfelspare\/fr\/prodotto\/top-case-per-macbook-pro-13-a1989-mid-2018-mid-2019-space-gray\/#primaryimage"},"image":{"@id":"https:\/\/tipicino.ch\/apfelspare\/fr\/prodotto\/top-case-per-macbook-pro-13-a1989-mid-2018-mid-2019-space-gray\/#primaryimage"},"thumbnailUrl":"https:\/\/tipicino.ch\/apfelspare\/wp-content\/uploads\/2025\/07\/top-case-macbook-pro-a1989-mid-2018-mid-2019-space-gray.png","datePublished":"2025-07-12T08:00:34+00:00","dateModified":"2026-03-15T00:30:56+00:00","description":"TopCase avec clavier CH pour MacBook Pro 13\" A1989 (Mid 2018 \u2013 Mid 2019) Space Gray. Touch Bar incluse, Touch ID non inclus. Livraison gratuite en Suisse","breadcrumb":{"@id":"https:\/\/tipicino.ch\/apfelspare\/fr\/prodotto\/top-case-per-macbook-pro-13-a1989-mid-2018-mid-2019-space-gray\/#breadcrumb"},"inLanguage":"fr-CH","potentialAction":[{"@type":"ReadAction","target":["https:\/\/tipicino.ch\/apfelspare\/fr\/prodotto\/top-case-per-macbook-pro-13-a1989-mid-2018-mid-2019-space-gray\/"]}]},{"@type":"ImageObject","inLanguage":"fr-CH","@id":"https:\/\/tipicino.ch\/apfelspare\/fr\/prodotto\/top-case-per-macbook-pro-13-a1989-mid-2018-mid-2019-space-gray\/#primaryimage","url":"https:\/\/tipicino.ch\/apfelspare\/wp-content\/uploads\/2025\/07\/top-case-macbook-pro-a1989-mid-2018-mid-2019-space-gray.png","contentUrl":"https:\/\/tipicino.ch\/apfelspare\/wp-content\/uploads\/2025\/07\/top-case-macbook-pro-a1989-mid-2018-mid-2019-space-gray.png","width":1000,"height":1000,"caption":"top case macbook pro a1989 mid 2018 mid 2019 space gray"},{"@type":"BreadcrumbList","@id":"https:\/\/tipicino.ch\/apfelspare\/fr\/prodotto\/top-case-per-macbook-pro-13-a1989-mid-2018-mid-2019-space-gray\/#breadcrumb","itemListElement":[{"@type":"ListItem","position":1,"name":"Home","item":"https:\/\/tipicino.ch\/apfelspare\/fr\/"},{"@type":"ListItem","position":2,"name":"Shop","item":"https:\/\/tipicino.ch\/apfelspare\/fr\/shop\/"},{"@type":"ListItem","position":3,"name":"Tastiera TopCase per MacBook Pro 13&#8243; A1989 (Mid 2018 \u2013 Mid 2019) Space Gray"}]},{"@type":"WebSite","@id":"https:\/\/tipicino.ch\/apfelspare\/fr\/#website","url":"https:\/\/tipicino.ch\/apfelspare\/fr\/","name":"Pi\u00e8ces d\u00e9tach\u00e9es MacBook Pro, MacBook Air et iMac en Suisse \u2013 \u00c9crans, Claviers, Batteries, Trackpads","description":"","publisher":{"@id":"https:\/\/tipicino.ch\/apfelspare\/fr\/#organization"},"potentialAction":[{"@type":"SearchAction","target":{"@type":"EntryPoint","urlTemplate":"https:\/\/tipicino.ch\/apfelspare\/fr\/?s={search_term_string}"},"query-input":{"@type":"PropertyValueSpecification","valueRequired":true,"valueName":"search_term_string"}}],"inLanguage":"fr-CH"},{"@type":"Organization","@id":"https:\/\/tipicino.ch\/apfelspare\/fr\/#organization","name":"tipicino.ch\/apfelspare","url":"https:\/\/tipicino.ch\/apfelspare\/fr\/","logo":{"@type":"ImageObject","inLanguage":"fr-CH","@id":"https:\/\/tipicino.ch\/apfelspare\/fr\/#\/schema\/logo\/image\/","url":"https:\/\/tipicino.ch\/apfelspare\/wp-content\/uploads\/2025\/08\/cropped-FAVICON-tipicino.ch\/apfelspare_.png","contentUrl":"https:\/\/tipicino.ch\/apfelspare\/wp-content\/uploads\/2025\/08\/cropped-FAVICON-tipicino.ch\/apfelspare_.png","width":512,"height":512,"caption":"tipicino.ch\/apfelspare"},"image":{"@id":"https:\/\/tipicino.ch\/apfelspare\/fr\/#\/schema\/logo\/image\/"}}]}},"_links":{"self":[{"href":"https:\/\/tipicino.ch\/apfelspare\/fr\/wp-json\/wp\/v2\/product\/16589","targetHints":{"allow":["GET"]}}],"collection":[{"href":"https:\/\/tipicino.ch\/apfelspare\/fr\/wp-json\/wp\/v2\/product"}],"about":[{"href":"https:\/\/tipicino.ch\/apfelspare\/fr\/wp-json\/wp\/v2\/types\/product"}],"replies":[{"embeddable":true,"href":"https:\/\/tipicino.ch\/apfelspare\/fr\/wp-json\/wp\/v2\/comments?post=16589"}],"wp:featuredmedia":[{"embeddable":true,"href":"https:\/\/tipicino.ch\/apfelspare\/fr\/wp-json\/wp\/v2\/media\/16590"}],"wp:attachment":[{"href":"https:\/\/tipicino.ch\/apfelspare\/fr\/wp-json\/wp\/v2\/media?parent=16589"}],"wp:term":[{"taxonomy":"product_brand","embeddable":true,"href":"https:\/\/tipicino.ch\/apfelspare\/fr\/wp-json\/wp\/v2\/product_brand?post=16589"},{"taxonomy":"product_cat","embeddable":true,"href":"https:\/\/tipicino.ch\/apfelspare\/fr\/wp-json\/wp\/v2\/product_cat?post=16589"},{"taxonomy":"product_tag","embeddable":true,"href":"https:\/\/tipicino.ch\/apfelspare\/fr\/wp-json\/wp\/v2\/product_tag?post=16589"}],"curies":[{"name":"wp","href":"https:\/\/api.w.org\/{rel}","templated":true}]}}