{"id":16689,"date":"2025-07-14T16:18:51","date_gmt":"2025-07-14T16:18:51","guid":{"rendered":"https:\/\/tipicino.ch\/apfelspare\/?post_type=product&#038;p=16689"},"modified":"2026-03-13T14:11:28","modified_gmt":"2026-03-13T14:11:28","slug":"power-button-touch-id-macbook-air-13-a2337-a2179-early-2020-late-2020","status":"publish","type":"product","link":"https:\/\/tipicino.ch\/apfelspare\/fr\/prodotto\/pulsante-accensione-touch-id-macbook-air-13-a2337-a2179-early-2020-late-2020\/","title":{"rendered":"Bouton d'alimentation Touch ID pour MacBook Air 13\u2033 A2337 A2179 (Early 2020 - Late 2020)"},"content":{"rendered":"<div class=\"aps-pdp\">\n<section class=\"aps-card\">\n<header class=\"aps-card__head\">\n<h2 class=\"aps-h\">Bouton d'alimentation Touch ID pour MacBook Air 13\" A2179 A2337 (Early 2020 - Late 2020)<\/h2>\n<p class=\"aps-sub\">Pi\u00e8ce de rechange pour le remplacement du bouton d\u2019alimentation.<\/p>\n<\/header>\n<p>\n      Ce bouton d\u2019alimentation est un composant de remplacement pour MacBook Air 13\" A2179 et A2337 (Early 2020 \u2013 Late 2020). Il est indiqu\u00e9 lorsque le bouton Power ne r\u00e9pond plus de mani\u00e8re constante ou que le d\u00e9marrage de l\u2019appareil devient probl\u00e9matique. Le remplacement est recommand\u00e9 en cas de pression non d\u00e9tect\u00e9e, de n\u00e9cessit\u00e9 de r\u00e9p\u00e9ter l\u2019action \u00e0 plusieurs reprises, de d\u00e9marrage intermittent ou apr\u00e8s une usure, des chocs ou un contact avec des liquides susceptibles de compromettre le module. Le composant int\u00e8gre physiquement le capteur Touch ID, mais est utilis\u00e9 exclusivement pour r\u00e9tablir la fonction d\u2019alimentation et est compatible uniquement avec les mod\u00e8les indiqu\u00e9s.\n    <\/p>\n<p class=\"aps-note\">\n      <span class=\"aps-note__ico\">!<\/span><br \/>\n      <span class=\"aps-note__txt\"><strong>Attention:<\/strong> le capteur Touch ID <strong>ne sera pas fonctionnel<\/strong>, car il est associ\u00e9 \u00e0 la carte logique d\u2019origine du Mac. Le bouton fonctionnera uniquement comme bouton d\u2019alimentation.<\/span>\n    <\/p>\n<\/section>\n<section class=\"aps-card\">\n<header class=\"aps-card__head\">\n<h2 class=\"aps-h\">Mod\u00e8les compatibles<\/h2>\n<p class=\"aps-sub\">V\u00e9rifiez l'identifiant du mod\u00e8le avant l'achat.<\/p>\n<\/header>\n<ul class=\"aps-check\">\n<li><strong>MacBook Air 13\" A2179 (Early 2020)<\/strong> <span class=\"aps-badge\">MacBookAir9.1<\/span><\/li>\n<li><strong>MacBook Air 13\" A2337 (Late 2020)<\/strong> <span class=\"aps-badge\">MacBookAir10.1<\/span><\/li>\n<\/ul>\n<\/section>\n<section class=\"aps-card\">\n<header class=\"aps-card__head\">\n<h2 class=\"aps-h\">Caract\u00e9ristiques techniques<\/h2>\n<p class=\"aps-sub\">Donn\u00e9es principales de la pi\u00e8ce de rechange.<\/p>\n<\/header>\n<div class=\"aps-specgrid\">\n<div class=\"aps-spec\">\n<div><span>Type de pi\u00e8ce<\/span><strong>Bouton d\u2019alimentation Touch ID<\/strong><\/div>\n<\/div>\n<div class=\"aps-spec\">\n<div><span>Fonction d\u2019allumage<\/span><strong>Active<\/strong><\/div>\n<\/div>\n<div class=\"aps-spec\">\n<div><span>Fonction Touch ID<\/span><strong>Non active<\/strong><\/div>\n<\/div>\n<div class=\"aps-spec\">\n<div><span>\u00c9tat<\/span><strong>Neuf<\/strong><\/div>\n<\/div><\/div>\n<\/section>\n<section class=\"aps-card aps-callout aps-callout--warn\">\n<header class=\"aps-card__head\">\n<h2 class=\"aps-h\">Installation et avertissements<\/h2>\n<p class=\"aps-sub\">L\u2019intervention d\u2019un technicien qualifi\u00e9 est recommand\u00e9e.<\/p>\n<\/header>\n<p>\n      L\u2019installation du bouton n\u00e9cessite l\u2019ouverture de l\u2019appareil. Il est recommand\u00e9 de confier l\u2019intervention \u00e0 un technicien qualifi\u00e9 afin d\u2019\u00e9viter tout dommage \u00e0 la carte m\u00e8re ou \u00e0 d\u2019autres composants. La pi\u00e8ce est pr\u00eate \u00e0 \u00eatre install\u00e9e.\n    <\/p>\n<\/section>\n<section class=\"aps-card aps-callout aps-callout--info\">\n<header class=\"aps-card__head\">\n<h2 class=\"aps-h\">Des doutes sur la compatibilit\u00e9 de la pi\u00e8ce ?<\/h2>\n<p class=\"aps-sub\">Nous vous aidons \u00e0 v\u00e9rifier la compatibilit\u00e9 et la version.<\/p>\n<\/header>\n<div class=\"aps-cta\">\n      <a class=\"aps-btn\" href=\"mailto:info@apfelspare.ch\">info@apfelspare.ch<\/a><br \/>\n      <span class=\"aps-cta__hint\">Indiquez le mod\u00e8le Axxxx et l\u2019identifiant (p. ex. MacBookAir10,x).<\/span>\n    <\/div>\n<\/section>\n<\/div>","protected":false},"excerpt":{"rendered":"<p>Bouton d'alimentation pour MacBook Air 13\u2033 A2337 A2179 Early 2020 Late 2020. Touch ID d\u00e9sactiv\u00e9, fonction d'alimentation uniquement. Livraison gratuite en Suisse<\/p>","protected":false},"featured_media":16690,"comment_status":"closed","ping_status":"closed","template":"","meta":{"_acf_changed":false,"_et_pb_use_builder":"","_et_pb_old_content":"","_et_gb_content_width":""},"product_brand":[],"product_cat":[115,114,187,20],"product_tag":[],"class_list":{"0":"post-16689","1":"product","2":"type-product","3":"status-publish","4":"has-post-thumbnail","6":"product_cat-macbook-air-13-early-2020-a2179","7":"product_cat-macbook-air-13-late-2020-a2337","8":"product_cat-cavi-connettori","9":"product_cat-category-macbook-air","10":"product_shipping_class-14-giorni","12":"first","13":"onbackorder","14":"shipping-taxable","15":"purchasable","16":"product-type-simple"},"acf":[],"yoast_head":"<!-- This site is optimized with the Yoast SEO plugin v27.4 - https:\/\/yoast.com\/product\/yoast-seo-wordpress\/ -->\n<title>Pulsante accensione Touch ID per MacBook Air 13&quot; A2337 A2179 (Early 2020 \u2013 Late 2020)<\/title>\n<meta name=\"description\" content=\"Pulsante accensione per MacBook Air 13&quot; A2337 A2179 Early 2020 Late 2020. Touch ID disattivato, solo funzione accensione. Spedizioni gratuite in Svizzera\" \/>\n<meta name=\"robots\" content=\"index, follow, max-snippet:-1, max-image-preview:large, max-video-preview:-1\" \/>\n<link rel=\"canonical\" href=\"https:\/\/tipicino.ch\/apfelspare\/fr\/produit\/power-button-touch-id-macbook-air-13-a2337-a2179-early-2020-late-2020\/\" \/>\n<meta property=\"og:locale\" content=\"fr_FR\" \/>\n<meta property=\"og:type\" content=\"article\" \/>\n<meta property=\"og:title\" content=\"Pulsante accensione Touch ID per MacBook Air 13&quot; A2337 A2179 (Early 2020 \u2013 Late 2020)\" \/>\n<meta property=\"og:description\" content=\"Pulsante accensione per MacBook Air 13&quot; A2337 A2179 Early 2020 Late 2020. Touch ID disattivato, solo funzione accensione. Spedizioni gratuite in Svizzera\" \/>\n<meta property=\"og:url\" content=\"https:\/\/tipicino.ch\/apfelspare\/fr\/produit\/power-button-touch-id-macbook-air-13-a2337-a2179-early-2020-late-2020\/\" \/>\n<meta property=\"og:site_name\" content=\"Ricambi MacBook Pro, MacBook Air e iMac in Svizzera \u2013 Display, Tastiere, Batterie, Trackpad\" \/>\n<meta property=\"article:modified_time\" content=\"2026-03-13T14:11:28+00:00\" \/>\n<meta property=\"og:image\" content=\"https:\/\/tipicino.ch\/apfelspare\/wp-content\/uploads\/2025\/07\/pulsante-accensione-touch-id-macbook-air-13-a2337-a2179-early-2020-late-2020.png\" \/>\n\t<meta property=\"og:image:width\" content=\"1000\" \/>\n\t<meta property=\"og:image:height\" content=\"1000\" \/>\n\t<meta property=\"og:image:type\" content=\"image\/png\" \/>\n<meta name=\"twitter:card\" content=\"summary_large_image\" \/>\n<meta name=\"twitter:label1\" content=\"Dur\u00e9e de lecture estim\u00e9e\" \/>\n\t<meta name=\"twitter:data1\" content=\"2 minutes\" \/>\n<!-- \/ Yoast SEO plugin. -->","yoast_head_json":{"title":"Bouton d'alimentation Touch ID pour MacBook Air 13\" A2337 A2179 (Early 2020 - Late 2020)","description":"Bouton d'alimentation pour MacBook Air 13\" A2337 A2179 Early 2020 Late 2020. Touch ID d\u00e9sactiv\u00e9, fonction de mise sous tension uniquement. Livraison gratuite en Suisse","robots":{"index":"index","follow":"follow","max-snippet":"max-snippet:-1","max-image-preview":"max-image-preview:large","max-video-preview":"max-video-preview:-1"},"canonical":"https:\/\/tipicino.ch\/apfelspare\/fr\/produit\/power-button-touch-id-macbook-air-13-a2337-a2179-early-2020-late-2020\/","og_locale":"fr_FR","og_type":"article","og_title":"Pulsante accensione Touch ID per MacBook Air 13\" A2337 A2179 (Early 2020 \u2013 Late 2020)","og_description":"Pulsante accensione per MacBook Air 13\" A2337 A2179 Early 2020 Late 2020. Touch ID disattivato, solo funzione accensione. Spedizioni gratuite in Svizzera","og_url":"https:\/\/tipicino.ch\/apfelspare\/fr\/produit\/power-button-touch-id-macbook-air-13-a2337-a2179-early-2020-late-2020\/","og_site_name":"Ricambi MacBook Pro, MacBook Air e iMac in Svizzera \u2013 Display, Tastiere, Batterie, Trackpad","article_modified_time":"2026-03-13T14:11:28+00:00","og_image":[{"width":1000,"height":1000,"url":"https:\/\/tipicino.ch\/apfelspare\/wp-content\/uploads\/2025\/07\/pulsante-accensione-touch-id-macbook-air-13-a2337-a2179-early-2020-late-2020.png","type":"image\/png"}],"twitter_card":"summary_large_image","twitter_misc":{"Dur\u00e9e de lecture estim\u00e9e":"2 minutes"},"schema":{"@context":"https:\/\/schema.org","@graph":[{"@type":"WebPage","@id":"https:\/\/tipicino.ch\/apfelspare\/fr\/prodotto\/pulsante-accensione-touch-id-macbook-air-13-a2337-a2179-early-2020-late-2020\/","url":"https:\/\/tipicino.ch\/apfelspare\/fr\/prodotto\/pulsante-accensione-touch-id-macbook-air-13-a2337-a2179-early-2020-late-2020\/","name":"Bouton d'alimentation Touch ID pour MacBook Air 13\" A2337 A2179 (Early 2020 - Late 2020)","isPartOf":{"@id":"https:\/\/tipicino.ch\/apfelspare\/fr\/#website"},"primaryImageOfPage":{"@id":"https:\/\/tipicino.ch\/apfelspare\/fr\/prodotto\/pulsante-accensione-touch-id-macbook-air-13-a2337-a2179-early-2020-late-2020\/#primaryimage"},"image":{"@id":"https:\/\/tipicino.ch\/apfelspare\/fr\/prodotto\/pulsante-accensione-touch-id-macbook-air-13-a2337-a2179-early-2020-late-2020\/#primaryimage"},"thumbnailUrl":"https:\/\/tipicino.ch\/apfelspare\/wp-content\/uploads\/2025\/07\/pulsante-accensione-touch-id-macbook-air-13-a2337-a2179-early-2020-late-2020.png","datePublished":"2025-07-14T16:18:51+00:00","dateModified":"2026-03-13T14:11:28+00:00","description":"Bouton d'alimentation pour MacBook Air 13\" A2337 A2179 Early 2020 Late 2020. Touch ID d\u00e9sactiv\u00e9, fonction de mise sous tension uniquement. Livraison gratuite en Suisse","breadcrumb":{"@id":"https:\/\/tipicino.ch\/apfelspare\/fr\/prodotto\/pulsante-accensione-touch-id-macbook-air-13-a2337-a2179-early-2020-late-2020\/#breadcrumb"},"inLanguage":"fr-CH","potentialAction":[{"@type":"ReadAction","target":["https:\/\/tipicino.ch\/apfelspare\/fr\/prodotto\/pulsante-accensione-touch-id-macbook-air-13-a2337-a2179-early-2020-late-2020\/"]}]},{"@type":"ImageObject","inLanguage":"fr-CH","@id":"https:\/\/tipicino.ch\/apfelspare\/fr\/prodotto\/pulsante-accensione-touch-id-macbook-air-13-a2337-a2179-early-2020-late-2020\/#primaryimage","url":"https:\/\/tipicino.ch\/apfelspare\/wp-content\/uploads\/2025\/07\/pulsante-accensione-touch-id-macbook-air-13-a2337-a2179-early-2020-late-2020.png","contentUrl":"https:\/\/tipicino.ch\/apfelspare\/wp-content\/uploads\/2025\/07\/pulsante-accensione-touch-id-macbook-air-13-a2337-a2179-early-2020-late-2020.png","width":1000,"height":1000,"caption":"pulsante accensione touch id macbook air 13 a2337 a2179 early 2020 late 2020"},{"@type":"BreadcrumbList","@id":"https:\/\/tipicino.ch\/apfelspare\/fr\/prodotto\/pulsante-accensione-touch-id-macbook-air-13-a2337-a2179-early-2020-late-2020\/#breadcrumb","itemListElement":[{"@type":"ListItem","position":1,"name":"Home","item":"https:\/\/tipicino.ch\/apfelspare\/fr\/"},{"@type":"ListItem","position":2,"name":"Shop","item":"https:\/\/tipicino.ch\/apfelspare\/fr\/shop\/"},{"@type":"ListItem","position":3,"name":"Pulsante accensione Touch ID per MacBook Air 13&#8243; A2337 A2179 (Early 2020 \u2013 Late 2020)"}]},{"@type":"WebSite","@id":"https:\/\/tipicino.ch\/apfelspare\/fr\/#website","url":"https:\/\/tipicino.ch\/apfelspare\/fr\/","name":"Pi\u00e8ces d\u00e9tach\u00e9es MacBook Pro, MacBook Air et iMac en Suisse \u2013 \u00c9crans, Claviers, Batteries, Trackpads","description":"","publisher":{"@id":"https:\/\/tipicino.ch\/apfelspare\/fr\/#organization"},"potentialAction":[{"@type":"SearchAction","target":{"@type":"EntryPoint","urlTemplate":"https:\/\/tipicino.ch\/apfelspare\/fr\/?s={search_term_string}"},"query-input":{"@type":"PropertyValueSpecification","valueRequired":true,"valueName":"search_term_string"}}],"inLanguage":"fr-CH"},{"@type":"Organization","@id":"https:\/\/tipicino.ch\/apfelspare\/fr\/#organization","name":"tipicino.ch\/apfelspare","url":"https:\/\/tipicino.ch\/apfelspare\/fr\/","logo":{"@type":"ImageObject","inLanguage":"fr-CH","@id":"https:\/\/tipicino.ch\/apfelspare\/fr\/#\/schema\/logo\/image\/","url":"https:\/\/tipicino.ch\/apfelspare\/wp-content\/uploads\/2025\/08\/cropped-FAVICON-tipicino.ch\/apfelspare_.png","contentUrl":"https:\/\/tipicino.ch\/apfelspare\/wp-content\/uploads\/2025\/08\/cropped-FAVICON-tipicino.ch\/apfelspare_.png","width":512,"height":512,"caption":"tipicino.ch\/apfelspare"},"image":{"@id":"https:\/\/tipicino.ch\/apfelspare\/fr\/#\/schema\/logo\/image\/"}}]}},"_links":{"self":[{"href":"https:\/\/tipicino.ch\/apfelspare\/fr\/wp-json\/wp\/v2\/product\/16689","targetHints":{"allow":["GET"]}}],"collection":[{"href":"https:\/\/tipicino.ch\/apfelspare\/fr\/wp-json\/wp\/v2\/product"}],"about":[{"href":"https:\/\/tipicino.ch\/apfelspare\/fr\/wp-json\/wp\/v2\/types\/product"}],"replies":[{"embeddable":true,"href":"https:\/\/tipicino.ch\/apfelspare\/fr\/wp-json\/wp\/v2\/comments?post=16689"}],"wp:featuredmedia":[{"embeddable":true,"href":"https:\/\/tipicino.ch\/apfelspare\/fr\/wp-json\/wp\/v2\/media\/16690"}],"wp:attachment":[{"href":"https:\/\/tipicino.ch\/apfelspare\/fr\/wp-json\/wp\/v2\/media?parent=16689"}],"wp:term":[{"taxonomy":"product_brand","embeddable":true,"href":"https:\/\/tipicino.ch\/apfelspare\/fr\/wp-json\/wp\/v2\/product_brand?post=16689"},{"taxonomy":"product_cat","embeddable":true,"href":"https:\/\/tipicino.ch\/apfelspare\/fr\/wp-json\/wp\/v2\/product_cat?post=16689"},{"taxonomy":"product_tag","embeddable":true,"href":"https:\/\/tipicino.ch\/apfelspare\/fr\/wp-json\/wp\/v2\/product_tag?post=16689"}],"curies":[{"name":"wp","href":"https:\/\/api.w.org\/{rel}","templated":true}]}}