{"id":16695,"date":"2025-07-14T16:34:05","date_gmt":"2025-07-14T16:34:05","guid":{"rendered":"https:\/\/tipicino.ch\/apfelspare\/?post_type=product&#038;p=16695"},"modified":"2026-03-19T12:01:05","modified_gmt":"2026-03-19T12:01:05","slug":"power-button-touch-id-macbook-pro-13-a2159-a1989-a1706-late-2016-mid-2019","status":"publish","type":"product","link":"https:\/\/tipicino.ch\/apfelspare\/fr\/prodotto\/pulsante-accensione-touch-id-macbook-pro-13-a2159-a1989-a1706-late-2016-mid-2019\/","title":{"rendered":"Bouton d'alimentation Touch ID pour MacBook Pro 13\u2033 A2159 A1989 A1706 (Late 2016 - Mid 2019)"},"content":{"rendered":"<div class=\"aps-pdp\">\n<section class=\"aps-card\">\n<header class=\"aps-card__head\">\n<h2 class=\"aps-h\">Bouton d'alimentation Touch ID pour MacBook Pro 13\" A1706 A1989 A2159 (Late 2016 - Mid 2019)<\/h2>\n<p class=\"aps-sub\">Pi\u00e8ce de rechange pour le remplacement du bouton d\u2019alimentation.<\/p>\n<\/header>\n<p>\n      Ce bouton d\u2019alimentation est un composant de remplacement pour MacBook Pro 13\" A1706, A1989 et A2159 (Late 2016 \u2013 Mid 2019). Il est utile lorsque le d\u00e9marrage devient peu fiable ou que le bouton Power cesse de fonctionner correctement. Le remplacement est indiqu\u00e9 si le bouton ne r\u00e9pond pas \u00e0 la pression, n\u00e9cessite plusieurs tentatives pour allumer le Mac, pr\u00e9sente un contact intermittent ou apr\u00e8s des dommages physiques, une usure ou un contact avec des liquides susceptibles de compromettre le module. Le composant int\u00e8gre physiquement le capteur Touch ID, mais est exclusivement destin\u00e9 \u00e0 r\u00e9tablir la fonction d\u2019alimentation de l\u2019appareil et est compatible uniquement avec les mod\u00e8les indiqu\u00e9s.\n    <\/p>\n<p class=\"aps-note\">\n      <span class=\"aps-note__ico\">!<\/span><br \/>\n      <span class=\"aps-note__txt\"><strong>Attention:<\/strong> le capteur Touch ID <strong>ne sera pas fonctionnel<\/strong>, car il est associ\u00e9 \u00e0 la carte logique d\u2019origine du Mac. Le bouton fonctionnera uniquement comme bouton d\u2019alimentation.<\/span>\n    <\/p>\n<\/section>\n<section class=\"aps-card\">\n<header class=\"aps-card__head\">\n<h2 class=\"aps-h\">Mod\u00e8les compatibles<\/h2>\n<p class=\"aps-sub\">V\u00e9rifiez l'identifiant du mod\u00e8le avant l'achat.<\/p>\n<\/header>\n<ul class=\"aps-check\">\n<li><strong>MacBook Pro 13\" A1706 (Late 2016)<\/strong> <span class=\"aps-badge\">MacBookPro13.2<\/span><\/li>\n<li><strong>MacBook Pro 13\" A1706 (Mid 2017)<\/strong> <span class=\"aps-badge\">MacBookPro14.2<\/span><\/li>\n<li><strong>MacBook Pro 13\" A1989 (Mid 2018)<\/strong> <span class=\"aps-badge\">MacBookPro15.2<\/span><\/li>\n<li><strong>MacBook Pro 13\" A1989 (Mid 2019)<\/strong> <span class=\"aps-badge\">MacBookPro15.2<\/span><\/li>\n<li><strong>MacBook Pro 13\" A2159 (Mid 2019)<\/strong> <span class=\"aps-badge\">MacBookPro15.4<\/span><\/li>\n<\/ul>\n<\/section>\n<section class=\"aps-card\">\n<header class=\"aps-card__head\">\n<h2 class=\"aps-h\">Caract\u00e9ristiques techniques<\/h2>\n<p class=\"aps-sub\">Donn\u00e9es principales de la pi\u00e8ce de rechange.<\/p>\n<\/header>\n<div class=\"aps-specgrid\">\n<div class=\"aps-spec\">\n<div><span>Type de pi\u00e8ce<\/span><strong>Bouton d\u2019alimentation Touch ID<\/strong><\/div>\n<\/div>\n<div class=\"aps-spec\">\n<div><span>Fonction d\u2019allumage<\/span><strong>Active<\/strong><\/div>\n<\/div>\n<div class=\"aps-spec\">\n<div><span>Fonction Touch ID<\/span><strong>Non active<\/strong><\/div>\n<\/div>\n<div class=\"aps-spec\">\n<div><span>\u00c9tat<\/span><strong>Neuf<\/strong><\/div>\n<\/div><\/div>\n<\/section>\n<section class=\"aps-card aps-callout aps-callout--warn\">\n<header class=\"aps-card__head\">\n<h2 class=\"aps-h\">Installation et avertissements<\/h2>\n<p class=\"aps-sub\">L\u2019intervention d\u2019un technicien qualifi\u00e9 est recommand\u00e9e.<\/p>\n<\/header>\n<p>\n      L\u2019installation du bouton n\u00e9cessite l\u2019ouverture de l\u2019appareil. Il est recommand\u00e9 de confier l\u2019intervention \u00e0 un technicien qualifi\u00e9 afin d\u2019\u00e9viter tout dommage \u00e0 la carte m\u00e8re ou \u00e0 d\u2019autres composants. La pi\u00e8ce est pr\u00eate \u00e0 \u00eatre install\u00e9e.\n    <\/p>\n<\/section>\n<section class=\"aps-card aps-callout aps-callout--info\">\n<header class=\"aps-card__head\">\n<h2 class=\"aps-h\">Des doutes sur la compatibilit\u00e9 de la pi\u00e8ce ?<\/h2>\n<p class=\"aps-sub\">Nous vous aidons \u00e0 v\u00e9rifier la compatibilit\u00e9 et la version.<\/p>\n<\/header>\n<div class=\"aps-cta\">\n      <a class=\"aps-btn\" href=\"mailto:info@apfelspare.ch\">info@apfelspare.ch<\/a><br \/>\n      <span class=\"aps-cta__hint\">Indiquez le mod\u00e8le Axxxx et l\u2019identifiant (p. ex. MacBookPro15,x).<\/span>\n    <\/div>\n<\/section>\n<\/div>","protected":false},"excerpt":{"rendered":"<p>Bouton d'alimentation pour MacBook Pro 13\u2033 A2159 A1989 A1706 Late 2016 Mid 2019. Touch ID d\u00e9sactiv\u00e9, fonction d'alimentation uniquement. Livraison gratuite en Suisse<\/p>","protected":false},"featured_media":16697,"comment_status":"closed","ping_status":"closed","template":"","meta":{"_acf_changed":false,"_et_pb_use_builder":"","_et_pb_old_content":"","_et_gb_content_width":""},"product_brand":[],"product_cat":[187,17,75,72,333,79,78],"product_tag":[],"class_list":{"0":"post-16695","1":"product","2":"type-product","3":"status-publish","4":"has-post-thumbnail","6":"product_cat-cavi-connettori","7":"product_cat-category-macbook-pro","8":"product_cat-macbook-pro-13-mid-2019-a1989","9":"product_cat-macbook-pro-13-mid-2019-a2159","10":"product_cat-macbook-pro-13-mid-2018-a1989","11":"product_cat-macbook-pro-13-mid-2017-a1706","12":"product_cat-macbook-pro-13-late-2016-a1706","13":"product_shipping_class-1-2-disponibili","15":"first","16":"instock","17":"shipping-taxable","18":"purchasable","19":"product-type-simple"},"acf":[],"yoast_head":"<!-- This site is optimized with the Yoast SEO plugin v27.4 - https:\/\/yoast.com\/product\/yoast-seo-wordpress\/ -->\n<title>Pulsante accensione Touch ID per MacBook Pro 13&quot; A2159 A1989 A1706 (Late 2016 \u2013 Mid 2019)<\/title>\n<meta name=\"description\" content=\"Pulsante accensione per MacBook Pro 13&quot; A2159 A1989 A1706 Late 2016 Mid 2019. Touch ID disattivato, solo funzione accensione. Spedizioni gratuite in Svizzera\" \/>\n<meta name=\"robots\" content=\"index, follow, max-snippet:-1, max-image-preview:large, max-video-preview:-1\" \/>\n<link rel=\"canonical\" href=\"https:\/\/tipicino.ch\/apfelspare\/fr\/produit\/power-button-touch-id-macbook-pro-13-a2159-a1989-a1706-late-2016-mid-2019\/\" \/>\n<meta property=\"og:locale\" content=\"fr_FR\" \/>\n<meta property=\"og:type\" content=\"article\" \/>\n<meta property=\"og:title\" content=\"Pulsante accensione Touch ID per MacBook Pro 13&quot; A2159 A1989 A1706 (Late 2016 \u2013 Mid 2019)\" \/>\n<meta property=\"og:description\" content=\"Pulsante accensione per MacBook Pro 13&quot; A2159 A1989 A1706 Late 2016 Mid 2019. Touch ID disattivato, solo funzione accensione. Spedizioni gratuite in Svizzera\" \/>\n<meta property=\"og:url\" content=\"https:\/\/tipicino.ch\/apfelspare\/fr\/produit\/power-button-touch-id-macbook-pro-13-a2159-a1989-a1706-late-2016-mid-2019\/\" \/>\n<meta property=\"og:site_name\" content=\"Ricambi MacBook Pro, MacBook Air e iMac in Svizzera \u2013 Display, Tastiere, Batterie, Trackpad\" \/>\n<meta property=\"article:modified_time\" content=\"2026-03-19T12:01:05+00:00\" \/>\n<meta property=\"og:image\" content=\"https:\/\/tipicino.ch\/apfelspare\/wp-content\/uploads\/2025\/07\/pulsante-accensione-touch-id-macbook-pro-13-a2159-a1989-a1706-late-2016-mid-2019.png\" \/>\n\t<meta property=\"og:image:width\" content=\"1000\" \/>\n\t<meta property=\"og:image:height\" content=\"1000\" \/>\n\t<meta property=\"og:image:type\" content=\"image\/png\" \/>\n<meta name=\"twitter:card\" content=\"summary_large_image\" \/>\n<meta name=\"twitter:label1\" content=\"Dur\u00e9e de lecture estim\u00e9e\" \/>\n\t<meta name=\"twitter:data1\" content=\"2 minutes\" \/>\n<!-- \/ Yoast SEO plugin. -->","yoast_head_json":{"title":"Bouton d'alimentation Touch ID pour MacBook Pro 13\" A2159 A1989 A1706 (Late 2016 - Mid 2019)","description":"Bouton d'alimentation pour MacBook Pro 13\" A2159 A1989 A1706 Late 2016 Mid 2019. Touch ID d\u00e9sactiv\u00e9, fonction d'alimentation uniquement. Livraison gratuite en Suisse","robots":{"index":"index","follow":"follow","max-snippet":"max-snippet:-1","max-image-preview":"max-image-preview:large","max-video-preview":"max-video-preview:-1"},"canonical":"https:\/\/tipicino.ch\/apfelspare\/fr\/produit\/power-button-touch-id-macbook-pro-13-a2159-a1989-a1706-late-2016-mid-2019\/","og_locale":"fr_FR","og_type":"article","og_title":"Pulsante accensione Touch ID per MacBook Pro 13\" A2159 A1989 A1706 (Late 2016 \u2013 Mid 2019)","og_description":"Pulsante accensione per MacBook Pro 13\" A2159 A1989 A1706 Late 2016 Mid 2019. Touch ID disattivato, solo funzione accensione. Spedizioni gratuite in Svizzera","og_url":"https:\/\/tipicino.ch\/apfelspare\/fr\/produit\/power-button-touch-id-macbook-pro-13-a2159-a1989-a1706-late-2016-mid-2019\/","og_site_name":"Ricambi MacBook Pro, MacBook Air e iMac in Svizzera \u2013 Display, Tastiere, Batterie, Trackpad","article_modified_time":"2026-03-19T12:01:05+00:00","og_image":[{"width":1000,"height":1000,"url":"https:\/\/tipicino.ch\/apfelspare\/wp-content\/uploads\/2025\/07\/pulsante-accensione-touch-id-macbook-pro-13-a2159-a1989-a1706-late-2016-mid-2019.png","type":"image\/png"}],"twitter_card":"summary_large_image","twitter_misc":{"Dur\u00e9e de lecture estim\u00e9e":"2 minutes"},"schema":{"@context":"https:\/\/schema.org","@graph":[{"@type":"WebPage","@id":"https:\/\/tipicino.ch\/apfelspare\/fr\/prodotto\/pulsante-accensione-touch-id-macbook-pro-13-a2159-a1989-a1706-late-2016-mid-2019\/","url":"https:\/\/tipicino.ch\/apfelspare\/fr\/prodotto\/pulsante-accensione-touch-id-macbook-pro-13-a2159-a1989-a1706-late-2016-mid-2019\/","name":"Bouton d'alimentation Touch ID pour MacBook Pro 13\" A2159 A1989 A1706 (Late 2016 - Mid 2019)","isPartOf":{"@id":"https:\/\/tipicino.ch\/apfelspare\/fr\/#website"},"primaryImageOfPage":{"@id":"https:\/\/tipicino.ch\/apfelspare\/fr\/prodotto\/pulsante-accensione-touch-id-macbook-pro-13-a2159-a1989-a1706-late-2016-mid-2019\/#primaryimage"},"image":{"@id":"https:\/\/tipicino.ch\/apfelspare\/fr\/prodotto\/pulsante-accensione-touch-id-macbook-pro-13-a2159-a1989-a1706-late-2016-mid-2019\/#primaryimage"},"thumbnailUrl":"https:\/\/tipicino.ch\/apfelspare\/wp-content\/uploads\/2025\/07\/pulsante-accensione-touch-id-macbook-pro-13-a2159-a1989-a1706-late-2016-mid-2019.png","datePublished":"2025-07-14T16:34:05+00:00","dateModified":"2026-03-19T12:01:05+00:00","description":"Bouton d'alimentation pour MacBook Pro 13\" A2159 A1989 A1706 Late 2016 Mid 2019. Touch ID d\u00e9sactiv\u00e9, fonction d'alimentation uniquement. Livraison gratuite en Suisse","breadcrumb":{"@id":"https:\/\/tipicino.ch\/apfelspare\/fr\/prodotto\/pulsante-accensione-touch-id-macbook-pro-13-a2159-a1989-a1706-late-2016-mid-2019\/#breadcrumb"},"inLanguage":"fr-CH","potentialAction":[{"@type":"ReadAction","target":["https:\/\/tipicino.ch\/apfelspare\/fr\/prodotto\/pulsante-accensione-touch-id-macbook-pro-13-a2159-a1989-a1706-late-2016-mid-2019\/"]}]},{"@type":"ImageObject","inLanguage":"fr-CH","@id":"https:\/\/tipicino.ch\/apfelspare\/fr\/prodotto\/pulsante-accensione-touch-id-macbook-pro-13-a2159-a1989-a1706-late-2016-mid-2019\/#primaryimage","url":"https:\/\/tipicino.ch\/apfelspare\/wp-content\/uploads\/2025\/07\/pulsante-accensione-touch-id-macbook-pro-13-a2159-a1989-a1706-late-2016-mid-2019.png","contentUrl":"https:\/\/tipicino.ch\/apfelspare\/wp-content\/uploads\/2025\/07\/pulsante-accensione-touch-id-macbook-pro-13-a2159-a1989-a1706-late-2016-mid-2019.png","width":1000,"height":1000,"caption":"pulsante accensione touch id macbook pro 13 a2159 a1989 a1706 late 2016 mid 2019"},{"@type":"BreadcrumbList","@id":"https:\/\/tipicino.ch\/apfelspare\/fr\/prodotto\/pulsante-accensione-touch-id-macbook-pro-13-a2159-a1989-a1706-late-2016-mid-2019\/#breadcrumb","itemListElement":[{"@type":"ListItem","position":1,"name":"Home","item":"https:\/\/tipicino.ch\/apfelspare\/fr\/"},{"@type":"ListItem","position":2,"name":"Shop","item":"https:\/\/tipicino.ch\/apfelspare\/fr\/shop\/"},{"@type":"ListItem","position":3,"name":"Pulsante accensione Touch ID per MacBook Pro 13&#8243; A2159 A1989 A1706 (Late 2016 \u2013 Mid 2019)"}]},{"@type":"WebSite","@id":"https:\/\/tipicino.ch\/apfelspare\/fr\/#website","url":"https:\/\/tipicino.ch\/apfelspare\/fr\/","name":"Pi\u00e8ces d\u00e9tach\u00e9es MacBook Pro, MacBook Air et iMac en Suisse \u2013 \u00c9crans, Claviers, Batteries, Trackpads","description":"","publisher":{"@id":"https:\/\/tipicino.ch\/apfelspare\/fr\/#organization"},"potentialAction":[{"@type":"SearchAction","target":{"@type":"EntryPoint","urlTemplate":"https:\/\/tipicino.ch\/apfelspare\/fr\/?s={search_term_string}"},"query-input":{"@type":"PropertyValueSpecification","valueRequired":true,"valueName":"search_term_string"}}],"inLanguage":"fr-CH"},{"@type":"Organization","@id":"https:\/\/tipicino.ch\/apfelspare\/fr\/#organization","name":"tipicino.ch\/apfelspare","url":"https:\/\/tipicino.ch\/apfelspare\/fr\/","logo":{"@type":"ImageObject","inLanguage":"fr-CH","@id":"https:\/\/tipicino.ch\/apfelspare\/fr\/#\/schema\/logo\/image\/","url":"https:\/\/tipicino.ch\/apfelspare\/wp-content\/uploads\/2025\/08\/cropped-FAVICON-tipicino.ch\/apfelspare_.png","contentUrl":"https:\/\/tipicino.ch\/apfelspare\/wp-content\/uploads\/2025\/08\/cropped-FAVICON-tipicino.ch\/apfelspare_.png","width":512,"height":512,"caption":"tipicino.ch\/apfelspare"},"image":{"@id":"https:\/\/tipicino.ch\/apfelspare\/fr\/#\/schema\/logo\/image\/"}}]}},"_links":{"self":[{"href":"https:\/\/tipicino.ch\/apfelspare\/fr\/wp-json\/wp\/v2\/product\/16695","targetHints":{"allow":["GET"]}}],"collection":[{"href":"https:\/\/tipicino.ch\/apfelspare\/fr\/wp-json\/wp\/v2\/product"}],"about":[{"href":"https:\/\/tipicino.ch\/apfelspare\/fr\/wp-json\/wp\/v2\/types\/product"}],"replies":[{"embeddable":true,"href":"https:\/\/tipicino.ch\/apfelspare\/fr\/wp-json\/wp\/v2\/comments?post=16695"}],"wp:featuredmedia":[{"embeddable":true,"href":"https:\/\/tipicino.ch\/apfelspare\/fr\/wp-json\/wp\/v2\/media\/16697"}],"wp:attachment":[{"href":"https:\/\/tipicino.ch\/apfelspare\/fr\/wp-json\/wp\/v2\/media?parent=16695"}],"wp:term":[{"taxonomy":"product_brand","embeddable":true,"href":"https:\/\/tipicino.ch\/apfelspare\/fr\/wp-json\/wp\/v2\/product_brand?post=16695"},{"taxonomy":"product_cat","embeddable":true,"href":"https:\/\/tipicino.ch\/apfelspare\/fr\/wp-json\/wp\/v2\/product_cat?post=16695"},{"taxonomy":"product_tag","embeddable":true,"href":"https:\/\/tipicino.ch\/apfelspare\/fr\/wp-json\/wp\/v2\/product_tag?post=16695"}],"curies":[{"name":"wp","href":"https:\/\/api.w.org\/{rel}","templated":true}]}}