{"id":22529,"date":"2025-10-24T14:21:27","date_gmt":"2025-10-24T14:21:27","guid":{"rendered":"https:\/\/tipicino.ch\/apfelspare\/?post_type=product&#038;p=22529"},"modified":"2026-04-07T17:11:32","modified_gmt":"2026-04-07T17:11:32","slug":"adattatore-ssd-per-macbook-pro-air-13%e2%80%b3-15-mid-2013-early-2017","status":"publish","type":"product","link":"https:\/\/tipicino.ch\/apfelspare\/it\/prodotto\/adattatore-ssd-per-macbook-pro-air-13%e2%80%b3-15-mid-2013-early-2017\/","title":{"rendered":"Adattatore SSD per MacBook Pro Air 13\u2033 15&#8243; (Mid 2013 \u2013 Early 2017)"},"content":{"rendered":"<div class=\"aps-pdp\">\n<section class=\"aps-card\">\n<header class=\"aps-card__head\">\n<h2 class=\"aps-h\">Adattatore SSD per MacBook Pro e MacBook Air 13&quot; e 15&quot; (Mid 2013 \u2013 Early 2017)<\/h2>\n<p class=\"aps-sub\">Adattatore interno per installare SSD M.2 in sostituzione del modulo Apple.<\/p>\n<\/header>\n<p>\n      Questo adattatore SSD \u00e8 un ricambio nuovo pensato per MacBook Pro e MacBook Air da 13&quot; e 15&quot; (Mid 2013 \u2013 Early 2017) e permette di installare un SSD M.2 al posto del modulo SSD Apple, cos\u00ec da aumentare la capacit\u00e0 di archiviazione in modo pratico. \u00c8 particolarmente utile quando si desidera effettuare un upgrade dello spazio disponibile oppure quando l\u2019SSD originale non \u00e8 pi\u00f9 affidabile, presenta errori, rallentamenti, blocchi durante l\u2019avvio o problemi di lettura\/scrittura. L\u2019adattatore consente di utilizzare moduli M.2 compatibili, mantenendo l\u2019installazione interna pulita e ordinata.\n    <\/p>\n<p class=\"aps-note\">\n      <span class=\"aps-note__ico\">!<\/span><br \/>\n      <span class=\"aps-note__txt\"><strong>Nota:<\/strong> Compatibile solo con i modelli elencati sotto. Verifica attentamente modello Axxxx e identificativo prima dell\u2019acquisto.<\/span>\n    <\/p>\n<\/section>\n<section class=\"aps-card\">\n<header class=\"aps-card__head\">\n<h2 class=\"aps-h\">Modelli Supportati<\/h2>\n<p class=\"aps-sub\">Verifica l\u2019identificativo del modello prima dell\u2019acquisto.<\/p>\n<\/header>\n<ul class=\"aps-check\">\n<li><strong>MacBook Pro 15&quot; A1398 (Late 2013)<\/strong> <span class=\"aps-badge\">MacBookPro11,2<\/span><\/li>\n<li><strong>MacBook Pro 15&quot; A1398 (Late 2013)<\/strong> <span class=\"aps-badge\">MacBookPro11,3<\/span><\/li>\n<li><strong>MacBook Pro 15&quot; A1398 (Mid 2014)<\/strong> <span class=\"aps-badge\">MacBookPro11,2<\/span><\/li>\n<li><strong>MacBook Pro 15&quot; A1398 (Mid 2014)<\/strong> <span class=\"aps-badge\">MacBookPro11,3<\/span><\/li>\n<li><strong>MacBook Pro 15&quot; A1398 (Mid 2015)<\/strong> <span class=\"aps-badge\">MacBookPro11,4<\/span><\/li>\n<li><strong>MacBook Pro 15&quot; A1398 (Mid 2015)<\/strong> <span class=\"aps-badge\">MacBookPro11,5<\/span><\/li>\n<li><strong>MacBook Pro 13&quot; A1502 (Late 2013)<\/strong> <span class=\"aps-badge\">MacBookPro11,1<\/span><\/li>\n<li><strong>MacBook Pro 13&quot; A1502 (Mid 2014)<\/strong> <span class=\"aps-badge\">MacBookPro11,1<\/span><\/li>\n<li><strong>MacBook Pro 13&quot; A1502 (Early 2015)<\/strong> <span class=\"aps-badge\">MacBookPro12,1<\/span><\/li>\n<li><strong>MacBook Air 13&quot; A1466 (Mid 2013)<\/strong> <span class=\"aps-badge\">MacBookAir6,2<\/span><\/li>\n<li><strong>MacBook Air 13&quot; A1466 (Early 2014)<\/strong> <span class=\"aps-badge\">MacBookAir6,2<\/span><\/li>\n<li><strong>MacBook Air 13&quot; A1466 (Early 2015)<\/strong> <span class=\"aps-badge\">MacBookAir7,2<\/span><\/li>\n<li><strong>MacBook Air 13&quot; A1466 (Mid 2017)<\/strong> <span class=\"aps-badge\">MacBookAir7,2<\/span><\/li>\n<li><strong>MacBook Air 11&quot; A1465 (Mid 2013)<\/strong> <span class=\"aps-badge\">MacBookAir6,1<\/span><\/li>\n<li><strong>MacBook Air 11&quot; A1465 (Early 2014)<\/strong> <span class=\"aps-badge\">MacBookAir6,1<\/span><\/li>\n<li><strong>MacBook Air 11&quot; A1465 (Early 2015)<\/strong> <span class=\"aps-badge\">MacBookAir7,1<\/span><\/li>\n<\/ul>\n<\/section>\n<section class=\"aps-card\">\n<header class=\"aps-card__head\">\n<h2 class=\"aps-h\">Caratteristiche Tecniche<\/h2>\n<p class=\"aps-sub\">Dati principali del ricambio.<\/p>\n<\/header>\n<div class=\"aps-specgrid\">\n<div class=\"aps-spec\">\n<div><span>Tipo ricambio<\/span><strong>Adattatore SSD<\/strong><\/div>\n<\/div>\n<div class=\"aps-spec\">\n<div><span>Condizione<\/span><strong>Nuovo<\/strong><\/div>\n<\/div>\n<div class=\"aps-spec\">\n<div><span>Slot adattatore<\/span><strong>M.2 (formati 2230, 2242, 2260, 2280)<\/strong><\/div>\n<\/div>\n<div class=\"aps-spec\">\n<div><span>Compatibilit\u00e0<\/span><strong>Moduli PCIe NVMe con chiave M<\/strong><\/div>\n<\/div>\n<div class=\"aps-spec\">\n<div><span>Protocollo<\/span><strong>Supporto NVM Express<\/strong><\/div>\n<\/div><\/div>\n<\/section>\n<section class=\"aps-card aps-callout aps-callout--warn\">\n<header class=\"aps-card__head\">\n<h2 class=\"aps-h\">Installazione e Avvertenze<\/h2>\n<p class=\"aps-sub\">Si consiglia l\u2019intervento di un tecnico qualificato.<\/p>\n<\/header>\n<p>\n      L\u2019uso dell\u2019adattatore richiede l\u2019apertura del dispositivo e l\u2019installazione di un\u2019unit\u00e0 SSD M.2 compatibile. \u00c8 consigliata l\u2019assistenza di un tecnico qualificato per garantire un montaggio corretto e sicuro. Si consiglia di aggiornare il sistema operativo prima della sostituzione, utilizzando l\u2019SSD originale, cos\u00ec da installare un firmware recente in grado di riconoscere correttamente le memorie NVMe.\n    <\/p>\n<\/section>\n<section class=\"aps-card aps-callout aps-callout--info\">\n<header class=\"aps-card__head\">\n<h2 class=\"aps-h\">Dubbi se il ricambio \u00e8 corretto?<\/h2>\n<p class=\"aps-sub\">Ti aiutiamo a verificare compatibilit\u00e0 e versione.<\/p>\n<\/header>\n<div class=\"aps-cta\">\n      <a class=\"aps-btn\" href=\"mailto:info@apfelspare.ch\">info@apfelspare.ch<\/a><br \/>\n      <span class=\"aps-cta__hint\">Indica il modello Axxxx e l\u2019identificativo (es. Mac15,x).<\/span>\n    <\/div>\n<\/section>\n<\/div>\n","protected":false},"excerpt":{"rendered":"<p>Adattatore interno per SSD NVMe\/M.2 compatibile con MacBook Pro 13\/15 e Air 11\/13 Mid 2013 \u2013 Early 2017, supporto 2230\/2242\/2260\/2280<\/p>\n","protected":false},"featured_media":22531,"comment_status":"closed","ping_status":"closed","template":"","meta":{"_acf_changed":false,"_et_pb_use_builder":"","_et_pb_old_content":"","_et_gb_content_width":""},"product_brand":[],"product_cat":[187,122,121,126,120,229,125,119,17,20,124,87,90,86,89,85,88],"product_tag":[],"class_list":{"0":"post-22529","1":"product","2":"type-product","3":"status-publish","4":"has-post-thumbnail","6":"product_cat-cavi-connettori","7":"product_cat-macbook-air-13-mid-2017-a1466","8":"product_cat-macbook-air-13-early-2015-a1466","9":"product_cat-macbook-air-11-early-2015-a1465","10":"product_cat-macbook-air-13-early-2014-a1466","11":"product_cat-dischi-ssd","12":"product_cat-macbook-air-11-early-2014-a1465","13":"product_cat-macbook-air-13-mid-2013-a1466","14":"product_cat-category-macbook-pro","15":"product_cat-category-macbook-air","16":"product_cat-macbook-air-11-mid-2013-a1465","17":"product_cat-macbook-pro-15-mid-2015-a1398","18":"product_cat-macbook-pro-13-early-2015-a1502","19":"product_cat-macbook-pro-15-mid-2014-a1398","20":"product_cat-macbook-pro-13-mid-2014-a1502","21":"product_cat-macbook-pro-15-late-2013-a1398","22":"product_cat-macbook-pro-13-late-2013-a1502","23":"product_shipping_class-1-2-disponibili","25":"first","26":"instock","27":"shipping-taxable","28":"purchasable","29":"product-type-simple"},"acf":[],"yoast_head":"<!-- This site is optimized with the Yoast SEO plugin v27.4 - https:\/\/yoast.com\/product\/yoast-seo-wordpress\/ -->\n<title>Adattatore SSD per MacBook Pro Air 13\u2033 15&quot; (Mid 2013 \u2013 Early 2017)<\/title>\n<meta name=\"description\" content=\"Adattatore SSD NVMe M.2 per MacBook Pro\/Air Mid 2013 \u2013 Early 2017, supporto formati 2230\/2242\/2260\/2280 (A1398, A1502, A1466, A1465). Spedizioni gratuite in Svizzera\" \/>\n<meta name=\"robots\" content=\"index, follow, max-snippet:-1, max-image-preview:large, max-video-preview:-1\" \/>\n<link rel=\"canonical\" href=\"https:\/\/tipicino.ch\/apfelspare\/it\/prodotto\/adattatore-ssd-per-macbook-pro-air-13\u2033-15-mid-2013-early-2017\/\" \/>\n<meta property=\"og:locale\" content=\"it_IT\" \/>\n<meta property=\"og:type\" content=\"article\" \/>\n<meta property=\"og:title\" content=\"Adattatore SSD per MacBook Pro Air 13\u2033 15&quot; (Mid 2013 \u2013 Early 2017)\" \/>\n<meta property=\"og:description\" content=\"Adattatore SSD NVMe M.2 per MacBook Pro\/Air Mid 2013 \u2013 Early 2017, supporto formati 2230\/2242\/2260\/2280 (A1398, A1502, A1466, A1465). Spedizioni gratuite in Svizzera\" \/>\n<meta property=\"og:url\" content=\"https:\/\/tipicino.ch\/apfelspare\/it\/prodotto\/adattatore-ssd-per-macbook-pro-air-13\u2033-15-mid-2013-early-2017\/\" \/>\n<meta property=\"og:site_name\" content=\"Ricambi MacBook Pro, MacBook Air e iMac in Svizzera \u2013 Display, Tastiere, Batterie, Trackpad\" \/>\n<meta property=\"article:modified_time\" content=\"2026-04-07T17:11:32+00:00\" \/>\n<meta property=\"og:image\" content=\"https:\/\/tipicino.ch\/apfelspare\/wp-content\/uploads\/2025\/10\/macbook-pro-air-mid-2013-early-2017-.webp\" \/>\n\t<meta property=\"og:image:width\" content=\"1200\" \/>\n\t<meta property=\"og:image:height\" content=\"1200\" \/>\n\t<meta property=\"og:image:type\" content=\"image\/webp\" \/>\n<meta name=\"twitter:card\" content=\"summary_large_image\" \/>\n<meta name=\"twitter:label1\" content=\"Tempo di lettura stimato\" \/>\n\t<meta name=\"twitter:data1\" content=\"3 minuti\" \/>\n<!-- \/ Yoast SEO plugin. -->","yoast_head_json":{"title":"Adattatore SSD per MacBook Pro Air 13\u2033 15\" (Mid 2013 \u2013 Early 2017)","description":"Adattatore SSD NVMe M.2 per MacBook Pro\/Air Mid 2013 \u2013 Early 2017, supporto formati 2230\/2242\/2260\/2280 (A1398, A1502, A1466, A1465). Spedizioni gratuite in Svizzera","robots":{"index":"index","follow":"follow","max-snippet":"max-snippet:-1","max-image-preview":"max-image-preview:large","max-video-preview":"max-video-preview:-1"},"canonical":"https:\/\/tipicino.ch\/apfelspare\/it\/prodotto\/adattatore-ssd-per-macbook-pro-air-13\u2033-15-mid-2013-early-2017\/","og_locale":"it_IT","og_type":"article","og_title":"Adattatore SSD per MacBook Pro Air 13\u2033 15\" (Mid 2013 \u2013 Early 2017)","og_description":"Adattatore SSD NVMe M.2 per MacBook Pro\/Air Mid 2013 \u2013 Early 2017, supporto formati 2230\/2242\/2260\/2280 (A1398, A1502, A1466, A1465). Spedizioni gratuite in Svizzera","og_url":"https:\/\/tipicino.ch\/apfelspare\/it\/prodotto\/adattatore-ssd-per-macbook-pro-air-13\u2033-15-mid-2013-early-2017\/","og_site_name":"Ricambi MacBook Pro, MacBook Air e iMac in Svizzera \u2013 Display, Tastiere, Batterie, Trackpad","article_modified_time":"2026-04-07T17:11:32+00:00","og_image":[{"width":1200,"height":1200,"url":"https:\/\/tipicino.ch\/apfelspare\/wp-content\/uploads\/2025\/10\/macbook-pro-air-mid-2013-early-2017-.webp","type":"image\/webp"}],"twitter_card":"summary_large_image","twitter_misc":{"Tempo di lettura stimato":"3 minuti"},"schema":{"@context":"https:\/\/schema.org","@graph":[{"@type":"WebPage","@id":"https:\/\/tipicino.ch\/apfelspare\/it\/prodotto\/adattatore-ssd-per-macbook-pro-air-13%e2%80%b3-15-mid-2013-early-2017\/","url":"https:\/\/tipicino.ch\/apfelspare\/it\/prodotto\/adattatore-ssd-per-macbook-pro-air-13%e2%80%b3-15-mid-2013-early-2017\/","name":"Adattatore SSD per MacBook Pro Air 13\u2033 15\" (Mid 2013 \u2013 Early 2017)","isPartOf":{"@id":"https:\/\/tipicino.ch\/apfelspare\/it\/#website"},"primaryImageOfPage":{"@id":"https:\/\/tipicino.ch\/apfelspare\/it\/prodotto\/adattatore-ssd-per-macbook-pro-air-13%e2%80%b3-15-mid-2013-early-2017\/#primaryimage"},"image":{"@id":"https:\/\/tipicino.ch\/apfelspare\/it\/prodotto\/adattatore-ssd-per-macbook-pro-air-13%e2%80%b3-15-mid-2013-early-2017\/#primaryimage"},"thumbnailUrl":"https:\/\/tipicino.ch\/apfelspare\/wp-content\/uploads\/2025\/10\/macbook-pro-air-mid-2013-early-2017-.webp","datePublished":"2025-10-24T14:21:27+00:00","dateModified":"2026-04-07T17:11:32+00:00","description":"Adattatore SSD NVMe M.2 per MacBook Pro\/Air Mid 2013 \u2013 Early 2017, supporto formati 2230\/2242\/2260\/2280 (A1398, A1502, A1466, A1465). Spedizioni gratuite in Svizzera","breadcrumb":{"@id":"https:\/\/tipicino.ch\/apfelspare\/it\/prodotto\/adattatore-ssd-per-macbook-pro-air-13%e2%80%b3-15-mid-2013-early-2017\/#breadcrumb"},"inLanguage":"it-CH","potentialAction":[{"@type":"ReadAction","target":["https:\/\/tipicino.ch\/apfelspare\/it\/prodotto\/adattatore-ssd-per-macbook-pro-air-13%e2%80%b3-15-mid-2013-early-2017\/"]}]},{"@type":"ImageObject","inLanguage":"it-CH","@id":"https:\/\/tipicino.ch\/apfelspare\/it\/prodotto\/adattatore-ssd-per-macbook-pro-air-13%e2%80%b3-15-mid-2013-early-2017\/#primaryimage","url":"https:\/\/tipicino.ch\/apfelspare\/wp-content\/uploads\/2025\/10\/macbook-pro-air-mid-2013-early-2017-.webp","contentUrl":"https:\/\/tipicino.ch\/apfelspare\/wp-content\/uploads\/2025\/10\/macbook-pro-air-mid-2013-early-2017-.webp","width":1200,"height":1200,"caption":"Adattatore interno SSD NVMe\/M.2 56 pin per MacBook Pro 13\/15 e MacBook Air 11\/13, compatibile con modelli Mid 2013 \u2013 Early 2017"},{"@type":"BreadcrumbList","@id":"https:\/\/tipicino.ch\/apfelspare\/it\/prodotto\/adattatore-ssd-per-macbook-pro-air-13%e2%80%b3-15-mid-2013-early-2017\/#breadcrumb","itemListElement":[{"@type":"ListItem","position":1,"name":"Home","item":"https:\/\/tipicino.ch\/apfelspare\/it\/"},{"@type":"ListItem","position":2,"name":"Shop","item":"https:\/\/tipicino.ch\/apfelspare\/it\/shop\/"},{"@type":"ListItem","position":3,"name":"Adattatore SSD per MacBook Pro Air 13\u2033 15&#8243; (Mid 2013 \u2013 Early 2017)"}]},{"@type":"WebSite","@id":"https:\/\/tipicino.ch\/apfelspare\/it\/#website","url":"https:\/\/tipicino.ch\/apfelspare\/it\/","name":"Ricambi MacBook Pro, MacBook Air e iMac in Svizzera \u2013 Display, Tastiere, Batterie, Trackpad","description":"","publisher":{"@id":"https:\/\/tipicino.ch\/apfelspare\/it\/#organization"},"potentialAction":[{"@type":"SearchAction","target":{"@type":"EntryPoint","urlTemplate":"https:\/\/tipicino.ch\/apfelspare\/it\/?s={search_term_string}"},"query-input":{"@type":"PropertyValueSpecification","valueRequired":true,"valueName":"search_term_string"}}],"inLanguage":"it-CH"},{"@type":"Organization","@id":"https:\/\/tipicino.ch\/apfelspare\/it\/#organization","name":"tipicino.ch\/apfelspare","url":"https:\/\/tipicino.ch\/apfelspare\/it\/","logo":{"@type":"ImageObject","inLanguage":"it-CH","@id":"https:\/\/tipicino.ch\/apfelspare\/it\/#\/schema\/logo\/image\/","url":"https:\/\/tipicino.ch\/apfelspare\/wp-content\/uploads\/2025\/08\/cropped-FAVICON-tipicino.ch\/apfelspare_.png","contentUrl":"https:\/\/tipicino.ch\/apfelspare\/wp-content\/uploads\/2025\/08\/cropped-FAVICON-tipicino.ch\/apfelspare_.png","width":512,"height":512,"caption":"tipicino.ch\/apfelspare"},"image":{"@id":"https:\/\/tipicino.ch\/apfelspare\/it\/#\/schema\/logo\/image\/"}}]}},"_links":{"self":[{"href":"https:\/\/tipicino.ch\/apfelspare\/it\/wp-json\/wp\/v2\/product\/22529","targetHints":{"allow":["GET"]}}],"collection":[{"href":"https:\/\/tipicino.ch\/apfelspare\/it\/wp-json\/wp\/v2\/product"}],"about":[{"href":"https:\/\/tipicino.ch\/apfelspare\/it\/wp-json\/wp\/v2\/types\/product"}],"replies":[{"embeddable":true,"href":"https:\/\/tipicino.ch\/apfelspare\/it\/wp-json\/wp\/v2\/comments?post=22529"}],"wp:featuredmedia":[{"embeddable":true,"href":"https:\/\/tipicino.ch\/apfelspare\/it\/wp-json\/wp\/v2\/media\/22531"}],"wp:attachment":[{"href":"https:\/\/tipicino.ch\/apfelspare\/it\/wp-json\/wp\/v2\/media?parent=22529"}],"wp:term":[{"taxonomy":"product_brand","embeddable":true,"href":"https:\/\/tipicino.ch\/apfelspare\/it\/wp-json\/wp\/v2\/product_brand?post=22529"},{"taxonomy":"product_cat","embeddable":true,"href":"https:\/\/tipicino.ch\/apfelspare\/it\/wp-json\/wp\/v2\/product_cat?post=22529"},{"taxonomy":"product_tag","embeddable":true,"href":"https:\/\/tipicino.ch\/apfelspare\/it\/wp-json\/wp\/v2\/product_tag?post=22529"}],"curies":[{"name":"wp","href":"https:\/\/api.w.org\/{rel}","templated":true}]}}